{"id":16054,"date":"2022-06-01T13:20:19","date_gmt":"2022-06-01T17:20:19","guid":{"rendered":"https:\/\/www.med.unc.edu\/anesthesiology\/?page_id=16054"},"modified":"2022-06-01T14:33:03","modified_gmt":"2022-06-01T18:33:03","slug":"pediatric-sedation-patient-instructions","status":"publish","type":"page","link":"https:\/\/www.med.unc.edu\/anesthesiology\/pediatric-sedation-patient-instructions\/","title":{"rendered":"Pediatric Sedation &#8211; Patient Instructions"},"content":{"rendered":"<p><a href=\"#espanol\">Instrucciones en Espa\u00f1ol<\/a><\/p>\n<hr>\n<p><img decoding=\"async\" class=\"inline\" style=\"margin-bottom:1em\" src=\"https:\/\/www.med.unc.edu\/anesthesiology\/wp-content\/uploads\/sites\/470\/2022\/06\/unch_childrens_v_pos_clr_rgb_200814_sml.png\" \/><\/p>\n<div style=\"line-height:1.75\">\n<p>The address for UNC Hospitals is:<\/p>\n<p>101 Manning Drive<br \/>\nChapel Hill, NC 27514<\/p>\n<p><a href=\"https:\/\/www.google.com\/maps\/place\/101+Manning+Dr,+Chapel+Hill,+NC+27514\/@35.9042063,-79.0550667,17z\/data=!3m1!4b1!4m5!3m4!1s0x89ace82295c25855:0xe21574d8c646a61d!8m2!3d35.904202!4d-79.052878\" target=\"_blank\" rel=\"noopener\">Click here for a map<\/a><\/p>\n<p>Things to remember:<\/p>\n<ul>\n<li style=\"margin-bottom:0.25em\"><u>Stop giving food at midnight<\/u> prior to the day of the test.<\/li>\n<li style=\"margin-bottom:0.25em\">Stop giving milk or formula 6 hours prior to arrival time.<\/li>\n<li style=\"margin-bottom:0.25em\">Stop giving breast milk 4 hours prior to arrival time.<\/li>\n<li style=\"margin-bottom:0.25em\">Your child can have clear liquids until <u>2 hours<\/u> before your check in time.\n<ul>\n<li>Clear liquids include: water, Pedialyte, apple juice, Gatorade, Sprite, and Ginger Ale.<\/li>\n<\/ul>\n<\/li>\n<li>Only two adults are able to come with the patient. No siblings can come at this time.<\/li>\n<\/ul>\n<p><b>If your child has a cough, runny nose, fever or you have questions about this test, please call the Pediatric Specialty Care Team at (984) 974-6732 or at (984) 974-8080.<\/b><\/p>\n<p>Please check out our website for more info: <a href=\"https:\/\/unc.live\/2PUwVrA\" target=\"_blank\" rel=\"noopener\">https:\/\/unc.live\/2PUwVrA<\/a><\/p>\n<\/div>\n<p>&nbsp;<\/p>\n<hr>\n<p>&nbsp;<\/p>\n<div id=\"espanol\">\n<img decoding=\"async\" class=\"inline\" style=\"margin-bottom:1em\" src=\"https:\/\/www.med.unc.edu\/anesthesiology\/wp-content\/uploads\/sites\/470\/2022\/06\/unch_childrens_v_pos_clr_rgb_200814_sml.png\" \/><\/p>\n<div style=\"line-height:1.75\">\n<p>Direcci\u00f3n de UNC Hospitals:<\/p>\n<p>101 Manning Drive<br \/>\nChapel Hill, NC 27514<\/p>\n<p><a href=\"https:\/\/www.google.com\/maps\/place\/101+Manning+Dr,+Chapel+Hill,+NC+27514\/@35.9042063,-79.0550667,17z\/data=!3m1!4b1!4m5!3m4!1s0x89ace82295c25855:0xe21574d8c646a61d!8m2!3d35.904202!4d-79.052878\" target=\"_blank\" rel=\"noopener\">Haga clic aqu\u00ed para ver el mapa<\/a><\/p>\n<p>Debe recordar:<\/p>\n<ul>\n<li style=\"margin-bottom:0.25em\"><u>No le d\u00e9 ning\u00fan alimento desde la medianoche<\/u> anterior al d\u00eda del estudio.<\/li>\n<li style=\"margin-bottom:0.25em\">No le d\u00e9 leche ni f\u00f3rmula 6 horas antes de la hora de llegada.<\/li>\n<li style=\"margin-bottom:0.25em\">No lo amamante 4 horas antes de la hora de llegada.<\/li>\n<li style=\"margin-bottom:0.25em\">Su ni\u00f1o(a) puede beber l\u00edquidos claros hasta <u>2 horas<\/u> antes de la hora de registro.\n<ul>\n<li>Estos l\u00edquidos claros pueden ser, entre otros: agua, Pedialyte, jugo de manzana, Gatorade, Sprite y Ginger Ale.<\/li>\n<\/ul>\n<\/li>\n<li>Solo dos adultos pueden acompa\u00f1ar al paciente. Por el momento no pueden venir los hermanos(as). <\/li>\n<\/ul>\n<p><b>Si su ni\u00f1o(a) tiene tos, secreci\u00f3n nasal, fiebre o si tiene preguntas sobre esta prueba, llame al Equipo de Atenci\u00f3n Especializada Pedi\u00e1trica al (984) 974-6732 o al (984) 974-8080.<\/b><\/p>\n<p>Visite nuestro sitio web para obtener m\u00e1s informaci\u00f3n: <a href=\"https:\/\/unc.live\/2PUwVrA\" target=\"_blank\" rel=\"noopener\">https:\/\/unc.live\/2PUwVrA<\/a><\/p>\n<\/div>\n<\/div>\n<p>&nbsp;<\/p>\n","protected":false},"excerpt":{"rendered":"<p>Instrucciones en Espa\u00f1ol The address for UNC Hospitals is: 101 Manning Drive Chapel Hill, NC 27514 Click here for a map Things to remember: Stop giving food at midnight prior to the day of the test. Stop giving milk or formula 6 hours prior to arrival time. Stop giving breast milk 4 hours prior to &hellip; <a href=\"https:\/\/www.med.unc.edu\/anesthesiology\/pediatric-sedation-patient-instructions\/\" aria-label=\"Read more about Pediatric Sedation &#8211; Patient Instructions\">Read more<\/a><\/p>\n","protected":false},"author":85578,"featured_media":0,"parent":0,"menu_order":0,"comment_status":"closed","ping_status":"closed","template":"","meta":{"_acf_changed":false,"layout":"","cellInformation":"","apiCallInformation":"","footnotes":"","_links_to":"","_links_to_target":""},"featured-item":[],"class_list":["post-16054","page","type-page","status-publish","hentry","odd"],"acf":[],"yoast_head":"<!-- This site is optimized with the Yoast SEO plugin v26.8 - https:\/\/yoast.com\/product\/yoast-seo-wordpress\/ -->\n<title>Pediatric Sedation - Patient Instructions | Department of Anesthesiology<\/title>\n<meta name=\"robots\" content=\"index, follow, max-snippet:-1, max-image-preview:large, max-video-preview:-1\" \/>\n<link rel=\"canonical\" href=\"https:\/\/www.med.unc.edu\/anesthesiology\/pediatric-sedation-patient-instructions\/\" \/>\n<meta property=\"og:locale\" content=\"en_US\" \/>\n<meta property=\"og:type\" content=\"article\" \/>\n<meta property=\"og:title\" content=\"Pediatric Sedation - Patient Instructions | Department of Anesthesiology\" \/>\n<meta property=\"og:description\" content=\"Instrucciones en Espa\u00f1ol The address for UNC Hospitals is: 101 Manning Drive Chapel Hill, NC 27514 Click here for a map Things to remember: Stop giving food at midnight prior to the day of the test. Stop giving milk or formula 6 hours prior to arrival time. Stop giving breast milk 4 hours prior to &hellip; Read more\" \/>\n<meta property=\"og:url\" content=\"https:\/\/www.med.unc.edu\/anesthesiology\/pediatric-sedation-patient-instructions\/\" \/>\n<meta property=\"og:site_name\" content=\"Department of Anesthesiology\" \/>\n<meta property=\"article:publisher\" content=\"https:\/\/www.facebook.com\/UNCAnesthesia\/\" \/>\n<meta property=\"article:modified_time\" content=\"2022-06-01T18:33:03+00:00\" \/>\n<meta property=\"og:image\" content=\"https:\/\/www.med.unc.edu\/anesthesiology\/wp-content\/uploads\/sites\/470\/2022\/06\/unch_childrens_v_pos_clr_rgb_200814_sml.png\" \/>\n<meta name=\"twitter:card\" content=\"summary_large_image\" \/>\n<meta name=\"twitter:site\" content=\"@UNC_Anesthesia\" \/>\n<meta name=\"twitter:label1\" content=\"Est. reading time\" \/>\n\t<meta name=\"twitter:data1\" content=\"1 minute\" \/>\n<script type=\"application\/ld+json\" class=\"yoast-schema-graph\">{\"@context\":\"https:\/\/schema.org\",\"@graph\":[{\"@type\":\"WebPage\",\"@id\":\"https:\/\/www.med.unc.edu\/anesthesiology\/pediatric-sedation-patient-instructions\/\",\"url\":\"https:\/\/www.med.unc.edu\/anesthesiology\/pediatric-sedation-patient-instructions\/\",\"name\":\"Pediatric Sedation - Patient Instructions | Department of Anesthesiology\",\"isPartOf\":{\"@id\":\"https:\/\/www.med.unc.edu\/anesthesiology\/#website\"},\"primaryImageOfPage\":{\"@id\":\"https:\/\/www.med.unc.edu\/anesthesiology\/pediatric-sedation-patient-instructions\/#primaryimage\"},\"image\":{\"@id\":\"https:\/\/www.med.unc.edu\/anesthesiology\/pediatric-sedation-patient-instructions\/#primaryimage\"},\"thumbnailUrl\":\"https:\/\/www.med.unc.edu\/anesthesiology\/wp-content\/uploads\/sites\/470\/2022\/06\/unch_childrens_v_pos_clr_rgb_200814_sml.png\",\"datePublished\":\"2022-06-01T17:20:19+00:00\",\"dateModified\":\"2022-06-01T18:33:03+00:00\",\"breadcrumb\":{\"@id\":\"https:\/\/www.med.unc.edu\/anesthesiology\/pediatric-sedation-patient-instructions\/#breadcrumb\"},\"inLanguage\":\"en-US\",\"potentialAction\":[{\"@type\":\"ReadAction\",\"target\":[\"https:\/\/www.med.unc.edu\/anesthesiology\/pediatric-sedation-patient-instructions\/\"]}]},{\"@type\":\"ImageObject\",\"inLanguage\":\"en-US\",\"@id\":\"https:\/\/www.med.unc.edu\/anesthesiology\/pediatric-sedation-patient-instructions\/#primaryimage\",\"url\":\"https:\/\/www.med.unc.edu\/anesthesiology\/wp-content\/uploads\/sites\/470\/2022\/06\/unch_childrens_v_pos_clr_rgb_200814_sml.png\",\"contentUrl\":\"https:\/\/www.med.unc.edu\/anesthesiology\/wp-content\/uploads\/sites\/470\/2022\/06\/unch_childrens_v_pos_clr_rgb_200814_sml.png\",\"width\":175,\"height\":143},{\"@type\":\"BreadcrumbList\",\"@id\":\"https:\/\/www.med.unc.edu\/anesthesiology\/pediatric-sedation-patient-instructions\/#breadcrumb\",\"itemListElement\":[{\"@type\":\"ListItem\",\"position\":1,\"name\":\"Home\",\"item\":\"https:\/\/www.med.unc.edu\/anesthesiology\/\"},{\"@type\":\"ListItem\",\"position\":2,\"name\":\"Pediatric Sedation &#8211; Patient Instructions\"}]},{\"@type\":\"WebSite\",\"@id\":\"https:\/\/www.med.unc.edu\/anesthesiology\/#website\",\"url\":\"https:\/\/www.med.unc.edu\/anesthesiology\/\",\"name\":\"Department of Anesthesiology\",\"description\":\"\",\"potentialAction\":[{\"@type\":\"SearchAction\",\"target\":{\"@type\":\"EntryPoint\",\"urlTemplate\":\"https:\/\/www.med.unc.edu\/anesthesiology\/?s={search_term_string}\"},\"query-input\":{\"@type\":\"PropertyValueSpecification\",\"valueRequired\":true,\"valueName\":\"search_term_string\"}}],\"inLanguage\":\"en-US\"}]}<\/script>\n<!-- \/ Yoast SEO plugin. -->","yoast_head_json":{"title":"Pediatric Sedation - Patient Instructions | Department of Anesthesiology","robots":{"index":"index","follow":"follow","max-snippet":"max-snippet:-1","max-image-preview":"max-image-preview:large","max-video-preview":"max-video-preview:-1"},"canonical":"https:\/\/www.med.unc.edu\/anesthesiology\/pediatric-sedation-patient-instructions\/","og_locale":"en_US","og_type":"article","og_title":"Pediatric Sedation - Patient Instructions | Department of Anesthesiology","og_description":"Instrucciones en Espa\u00f1ol The address for UNC Hospitals is: 101 Manning Drive Chapel Hill, NC 27514 Click here for a map Things to remember: Stop giving food at midnight prior to the day of the test. Stop giving milk or formula 6 hours prior to arrival time. Stop giving breast milk 4 hours prior to &hellip; Read more","og_url":"https:\/\/www.med.unc.edu\/anesthesiology\/pediatric-sedation-patient-instructions\/","og_site_name":"Department of Anesthesiology","article_publisher":"https:\/\/www.facebook.com\/UNCAnesthesia\/","article_modified_time":"2022-06-01T18:33:03+00:00","og_image":[{"url":"https:\/\/www.med.unc.edu\/anesthesiology\/wp-content\/uploads\/sites\/470\/2022\/06\/unch_childrens_v_pos_clr_rgb_200814_sml.png","type":"","width":"","height":""}],"twitter_card":"summary_large_image","twitter_site":"@UNC_Anesthesia","twitter_misc":{"Est. reading time":"1 minute"},"schema":{"@context":"https:\/\/schema.org","@graph":[{"@type":"WebPage","@id":"https:\/\/www.med.unc.edu\/anesthesiology\/pediatric-sedation-patient-instructions\/","url":"https:\/\/www.med.unc.edu\/anesthesiology\/pediatric-sedation-patient-instructions\/","name":"Pediatric Sedation - Patient Instructions | Department of Anesthesiology","isPartOf":{"@id":"https:\/\/www.med.unc.edu\/anesthesiology\/#website"},"primaryImageOfPage":{"@id":"https:\/\/www.med.unc.edu\/anesthesiology\/pediatric-sedation-patient-instructions\/#primaryimage"},"image":{"@id":"https:\/\/www.med.unc.edu\/anesthesiology\/pediatric-sedation-patient-instructions\/#primaryimage"},"thumbnailUrl":"https:\/\/www.med.unc.edu\/anesthesiology\/wp-content\/uploads\/sites\/470\/2022\/06\/unch_childrens_v_pos_clr_rgb_200814_sml.png","datePublished":"2022-06-01T17:20:19+00:00","dateModified":"2022-06-01T18:33:03+00:00","breadcrumb":{"@id":"https:\/\/www.med.unc.edu\/anesthesiology\/pediatric-sedation-patient-instructions\/#breadcrumb"},"inLanguage":"en-US","potentialAction":[{"@type":"ReadAction","target":["https:\/\/www.med.unc.edu\/anesthesiology\/pediatric-sedation-patient-instructions\/"]}]},{"@type":"ImageObject","inLanguage":"en-US","@id":"https:\/\/www.med.unc.edu\/anesthesiology\/pediatric-sedation-patient-instructions\/#primaryimage","url":"https:\/\/www.med.unc.edu\/anesthesiology\/wp-content\/uploads\/sites\/470\/2022\/06\/unch_childrens_v_pos_clr_rgb_200814_sml.png","contentUrl":"https:\/\/www.med.unc.edu\/anesthesiology\/wp-content\/uploads\/sites\/470\/2022\/06\/unch_childrens_v_pos_clr_rgb_200814_sml.png","width":175,"height":143},{"@type":"BreadcrumbList","@id":"https:\/\/www.med.unc.edu\/anesthesiology\/pediatric-sedation-patient-instructions\/#breadcrumb","itemListElement":[{"@type":"ListItem","position":1,"name":"Home","item":"https:\/\/www.med.unc.edu\/anesthesiology\/"},{"@type":"ListItem","position":2,"name":"Pediatric Sedation &#8211; Patient Instructions"}]},{"@type":"WebSite","@id":"https:\/\/www.med.unc.edu\/anesthesiology\/#website","url":"https:\/\/www.med.unc.edu\/anesthesiology\/","name":"Department of Anesthesiology","description":"","potentialAction":[{"@type":"SearchAction","target":{"@type":"EntryPoint","urlTemplate":"https:\/\/www.med.unc.edu\/anesthesiology\/?s={search_term_string}"},"query-input":{"@type":"PropertyValueSpecification","valueRequired":true,"valueName":"search_term_string"}}],"inLanguage":"en-US"}]}},"_links_to":[],"_links_to_target":[],"_links":{"self":[{"href":"https:\/\/www.med.unc.edu\/anesthesiology\/wp-json\/wp\/v2\/pages\/16054","targetHints":{"allow":["GET"]}}],"collection":[{"href":"https:\/\/www.med.unc.edu\/anesthesiology\/wp-json\/wp\/v2\/pages"}],"about":[{"href":"https:\/\/www.med.unc.edu\/anesthesiology\/wp-json\/wp\/v2\/types\/page"}],"author":[{"embeddable":true,"href":"https:\/\/www.med.unc.edu\/anesthesiology\/wp-json\/wp\/v2\/users\/85578"}],"replies":[{"embeddable":true,"href":"https:\/\/www.med.unc.edu\/anesthesiology\/wp-json\/wp\/v2\/comments?post=16054"}],"version-history":[{"count":0,"href":"https:\/\/www.med.unc.edu\/anesthesiology\/wp-json\/wp\/v2\/pages\/16054\/revisions"}],"wp:attachment":[{"href":"https:\/\/www.med.unc.edu\/anesthesiology\/wp-json\/wp\/v2\/media?parent=16054"}],"wp:term":[{"taxonomy":"featured-item","embeddable":true,"href":"https:\/\/www.med.unc.edu\/anesthesiology\/wp-json\/wp\/v2\/featured-item?post=16054"}],"curies":[{"name":"wp","href":"https:\/\/api.w.org\/{rel}","templated":true}]}}