{"id":2382,"date":"2009-02-24T18:25:00","date_gmt":"2009-02-24T23:25:00","guid":{"rendered":"https:\/\/med-anesthesiology.sites.unc.edu\/patients\/what-to-do\/"},"modified":"2024-10-21T13:23:55","modified_gmt":"2024-10-21T17:23:55","slug":"what-to-do","status":"publish","type":"page","link":"https:\/\/www.med.unc.edu\/anesthesiology\/patients\/what-to-do\/","title":{"rendered":"What to do"},"content":{"rendered":"<p><!-- portlet_header --><\/p>\n<p><!-- portlet_above --><\/p>\n<p><!-- description --><\/p>\n<h3>Para leer en espa\u00f1ol, vea m\u00e1s adelante<\/h3>\n<p>We ask that you follow a few guidelines the night before and day of your procedure. These guidelines are for your safety, and <span style=\"text-decoration: underline\"><b>not following them could result in your case being cancelled or postponed.<\/b><\/span><\/p>\n<ol>\n<li><b>Eating<\/b>: You may not eat anything after midnight before your procedure. We do, however,\u00a0encourage you to drink clear liquids up to 2 hours <span style=\"text-decoration: underline\">before your scheduled arrival time at the hospital<\/span>. Clear liquids may be thought of as anything you can read a newspaper through. Specifically, this does not include milk\/dairy or juice with pulp. A few examples are:<br \/>\n<table style=\"width: 368px;height: 356px\" border=\"0\" cellspacing=\"0\" cellpadding=\"0\">\n<tbody>\n<tr>\n<td><b>Clear Liquids ALLOWED<\/b>:<br \/>\nWater<br \/>\nBlack coffee (without Milk)<br \/>\nApple juice<br \/>\nSodas (Sprite, Coke, etc.)<br \/>\nPedialyte<br \/>\nGatorade<\/p>\n<p><b>Liquids NOT ALLOWED<\/b>:<br \/>\nMilk<br \/>\nThickened Liquids<br \/>\nJello<br \/>\nChicken Broth<br \/>\nAlcohol<br \/>\nHoney<br \/>\nCoffee with cream<br \/>\nOrange juice<br \/>\nProtein shakes\/smoothies<\/td>\n<\/tr>\n<\/tbody>\n<\/table>\n<\/li>\n<li><b>Medication<\/b>: Most medications that you would normally take each morning should still be taken as scheduled the morning of your procedure. This is especially important with cardiac\/blood pressure medications, except as noted below.<span style=\"text-decoration: underline\">You should NOT take the following medications the morning of your procedure unless you are specifically told to do so:<\/span>\n<ul>\n<li>Any diuretics (fluid pills). This includes, but is not limited to: furosemide (Lasix), HCTZ (HydroDIURIL), triamterene (Dyrenium), torsemide (Demadex), spironolactone (Aldactone), acetazolamide (Diamoz).<\/li>\n<li>Any angiotensin-converting enzyme (ACEI) inhibitor or angiotensin receptor blocker (ARB).<\/li>\n<li>Any oral diabetic medication. This includes, but is not limited to: pioglitazone (Actos), glimepiride (Amaryl), rosiglitazone (Avandia), chlorpropamide (Diabinese), glyburide (DiaBeta), meformin (Glucophage), glipizide (Glucotrol), miglitol (Glyset), tolbutamide (Orinase), repaglinide (Prandin), acarbose (Precose), nateglinide (Starlix), tolazamide (Tolinase).<\/li>\n<li>Any medication that has to be taken with food or milk.<\/li>\n<\/ul>\n<\/li>\n<li><b><span style=\"text-decoration: underline\">Special considerations for the pediatric patient:<\/span><\/b> If the patient having the procedure is a child and is breastfeeding, he\/she may breastfeed (but not have formula) up to four hours before the scheduled arrival time.If the patient having the procedure is a child and is formula-feeding, he or she may have formula up to six hours before the scheduled arrival time. <span data-olk-copy-source=\"MessageBody\">Infants and children are encouraged to drink clear liquids such as water or Pedialyte up to 2 hours before your scheduled arrival time at the hospital.<\/span><\/li>\n<\/ol>\n<h2><b>Qu\u00e9 hacer antes de ir al hospital<\/b><\/h2>\n<p>Le pedimos que siga algunas pautas la noche anterior y el d\u00eda de su procedimiento. Estas directrices son para su seguridad, <b><span style=\"text-decoration: underline\">el no seguirlas podr\u00eda resultar en que su caso se cancele o se posponga.<\/span><\/b><\/p>\n<ol>\n<li><b>Comida<\/b>: No puede comer nada despu\u00e9s de la medianoche antes del procedimiento. Usted puede, sin embargo, beber l\u00edquidos claros hasta 2 horas <span style=\"text-decoration: underline\">antes de la hora programada para llegar al hospital<\/span>. Se consideran l\u00edquidos claros aquellos que le permiten leer un peri\u00f3dico a trav\u00e9s de ellos. En concreto, esto no incluye la leche \/ productos l\u00e1cteos o jugo con pulpa. Algunos ejemplos son:<br \/>\n<table style=\"width: 368px;height: 356px\" border=\"0\" cellspacing=\"0\" cellpadding=\"0\">\n<tbody>\n<tr>\n<td><b>L\u00edquidos claros PERMITIDOS:<\/b><br \/>\nAgua<br \/>\nCaf\u00e9 negro (sin leche)<br \/>\nJugo de manzana<br \/>\nSodas (por ejemplo: Sprite, Coke, etc.)<br \/>\nPedialyte<br \/>\nGatorade<\/p>\n<p><b>L\u00edquidos NO PERMITIDOS:<\/b><br \/>\nLeche<br \/>\nL\u00edquidos espesos<br \/>\nGelatina<br \/>\nCaldo de pollo<br \/>\nAlcohol<br \/>\nMiel<br \/>\nCaf\u00e9 con crema<br \/>\nJugos de naranja<br \/>\nBatidos de prote\u00ednas\/batidos<\/td>\n<\/tr>\n<\/tbody>\n<\/table>\n<\/li>\n<li><b>Medicamentos<\/b>: La mayor\u00eda de los medicamentos que normalmente toma cada ma\u00f1ana debe tom\u00e1rselos como est\u00e1 previsto la ma\u00f1ana del procedimiento. Esto es especialmente importante con los medicamentos para el coraz\u00f3n\/presi\u00f3n sangu\u00ednea, con excepci\u00f3n de los abajo indicados.<span style=\"text-decoration: underline\">NO debe tomar los siguientes medicamentos la ma\u00f1ana de su procedimiento, a menos que se lo indiquen as\u00ed en forma espec\u00edfica:<\/span>\n<ul>\n<li>Cualquier diur\u00e9tico (p\u00edldoras de l\u00edquidos). Esto incluye, pero no se limita a: furosemide (Lasix), HCTZ (HydroDiuril), triamterene (Dyrenium), torsemide (Demadex), espironolactone (Aldactone), acetazolamide (Diamoz).<\/li>\n<li>Cualquier Inhibidor de la enzima convertidora de angiotensina (ACEI, por sus siglas en ingl\u00e9s) o Bloqueador del receptor de la angiotensina (ARB, por sus siglas en ingl\u00e9s).<\/li>\n<li>Cualquier medicamento oral para la diabetes. Esto incluye, pero no se limita a: pioglitazone (Actos), glimepiride (Amaryl), rosiglitazone (Avandia), chlorpropamide (Diabinese), glyburide (DiaBeta), metformin (Glucophage), glipizide (Glucotrol), miglitol ( Glyset), tolbutamide (Orinase), repaglinide (Prandin), acarbose (Precose), nateglinide (Starlix), tolazamide (Tolinase).<\/li>\n<li>Cualquier medicamento que debe tomarse con alimentos o con leche.<\/li>\n<\/ul>\n<\/li>\n<li><b><span style=\"text-decoration: underline\">Consideraciones especiales para los pacientes pedi\u00e1tricos:<\/span><\/b>Si el paciente que va a someterse al procedimiento es un ni\u00f1o que se alimenta del pecho, puede tomar leche materna (pero no puede tomar f\u00f3rmula) hasta cuatro horas antes de la hora de llegada programada.Si el paciente es un ni\u00f1o y se alimenta con f\u00f3rmula, la puede tomar hasta seis horas antes de la hora de llegada programada.<\/li>\n<\/ol>\n","protected":false},"excerpt":{"rendered":"<p>Para leer en espa\u00f1ol, vea m\u00e1s adelante We ask that you follow a few guidelines the night before and day of your procedure. These guidelines are for your safety, and not following them could result in your case being cancelled or postponed. Eating: You may not eat anything after midnight before your procedure. We do, &hellip; <a href=\"https:\/\/www.med.unc.edu\/anesthesiology\/patients\/what-to-do\/\" aria-label=\"Read more about What to do\">Read more<\/a><\/p>\n","protected":false},"author":188,"featured_media":0,"parent":2374,"menu_order":22,"comment_status":"closed","ping_status":"closed","template":"","meta":{"_acf_changed":false,"layout":"","cellInformation":"","apiCallInformation":"","footnotes":"","_links_to":"","_links_to_target":""},"featured-item":[],"class_list":["post-2382","page","type-page","status-publish","hentry","odd"],"acf":[],"yoast_head":"<!-- This site is optimized with the Yoast SEO plugin v26.8 - https:\/\/yoast.com\/product\/yoast-seo-wordpress\/ -->\n<title>What to do | Department of Anesthesiology<\/title>\n<meta name=\"robots\" content=\"index, follow, max-snippet:-1, max-image-preview:large, max-video-preview:-1\" \/>\n<link rel=\"canonical\" href=\"https:\/\/www.med.unc.edu\/anesthesiology\/patients\/what-to-do\/\" \/>\n<meta property=\"og:locale\" content=\"en_US\" \/>\n<meta property=\"og:type\" content=\"article\" \/>\n<meta property=\"og:title\" content=\"What to do | Department of Anesthesiology\" \/>\n<meta property=\"og:description\" content=\"Para leer en espa\u00f1ol, vea m\u00e1s adelante We ask that you follow a few guidelines the night before and day of your procedure. These guidelines are for your safety, and not following them could result in your case being cancelled or postponed. Eating: You may not eat anything after midnight before your procedure. We do, &hellip; Read more\" \/>\n<meta property=\"og:url\" content=\"https:\/\/www.med.unc.edu\/anesthesiology\/patients\/what-to-do\/\" \/>\n<meta property=\"og:site_name\" content=\"Department of Anesthesiology\" \/>\n<meta property=\"article:publisher\" content=\"https:\/\/www.facebook.com\/UNCAnesthesia\/\" \/>\n<meta property=\"article:modified_time\" content=\"2024-10-21T17:23:55+00:00\" \/>\n<meta name=\"twitter:card\" content=\"summary_large_image\" \/>\n<meta name=\"twitter:site\" content=\"@UNC_Anesthesia\" \/>\n<meta name=\"twitter:label1\" content=\"Est. reading time\" \/>\n\t<meta name=\"twitter:data1\" content=\"4 minutes\" \/>\n<script type=\"application\/ld+json\" class=\"yoast-schema-graph\">{\"@context\":\"https:\/\/schema.org\",\"@graph\":[{\"@type\":\"WebPage\",\"@id\":\"https:\/\/www.med.unc.edu\/anesthesiology\/patients\/what-to-do\/\",\"url\":\"https:\/\/www.med.unc.edu\/anesthesiology\/patients\/what-to-do\/\",\"name\":\"What to do | Department of Anesthesiology\",\"isPartOf\":{\"@id\":\"https:\/\/www.med.unc.edu\/anesthesiology\/#website\"},\"datePublished\":\"2009-02-24T23:25:00+00:00\",\"dateModified\":\"2024-10-21T17:23:55+00:00\",\"breadcrumb\":{\"@id\":\"https:\/\/www.med.unc.edu\/anesthesiology\/patients\/what-to-do\/#breadcrumb\"},\"inLanguage\":\"en-US\",\"potentialAction\":[{\"@type\":\"ReadAction\",\"target\":[\"https:\/\/www.med.unc.edu\/anesthesiology\/patients\/what-to-do\/\"]}]},{\"@type\":\"BreadcrumbList\",\"@id\":\"https:\/\/www.med.unc.edu\/anesthesiology\/patients\/what-to-do\/#breadcrumb\",\"itemListElement\":[{\"@type\":\"ListItem\",\"position\":1,\"name\":\"Home\",\"item\":\"https:\/\/www.med.unc.edu\/anesthesiology\/\"},{\"@type\":\"ListItem\",\"position\":2,\"name\":\"Patient Info\",\"item\":\"https:\/\/www.med.unc.edu\/anesthesiology\/patients\/\"},{\"@type\":\"ListItem\",\"position\":3,\"name\":\"What to do\"}]},{\"@type\":\"WebSite\",\"@id\":\"https:\/\/www.med.unc.edu\/anesthesiology\/#website\",\"url\":\"https:\/\/www.med.unc.edu\/anesthesiology\/\",\"name\":\"Department of Anesthesiology\",\"description\":\"\",\"potentialAction\":[{\"@type\":\"SearchAction\",\"target\":{\"@type\":\"EntryPoint\",\"urlTemplate\":\"https:\/\/www.med.unc.edu\/anesthesiology\/?s={search_term_string}\"},\"query-input\":{\"@type\":\"PropertyValueSpecification\",\"valueRequired\":true,\"valueName\":\"search_term_string\"}}],\"inLanguage\":\"en-US\"}]}<\/script>\n<!-- \/ Yoast SEO plugin. -->","yoast_head_json":{"title":"What to do | Department of Anesthesiology","robots":{"index":"index","follow":"follow","max-snippet":"max-snippet:-1","max-image-preview":"max-image-preview:large","max-video-preview":"max-video-preview:-1"},"canonical":"https:\/\/www.med.unc.edu\/anesthesiology\/patients\/what-to-do\/","og_locale":"en_US","og_type":"article","og_title":"What to do | Department of Anesthesiology","og_description":"Para leer en espa\u00f1ol, vea m\u00e1s adelante We ask that you follow a few guidelines the night before and day of your procedure. These guidelines are for your safety, and not following them could result in your case being cancelled or postponed. Eating: You may not eat anything after midnight before your procedure. We do, &hellip; Read more","og_url":"https:\/\/www.med.unc.edu\/anesthesiology\/patients\/what-to-do\/","og_site_name":"Department of Anesthesiology","article_publisher":"https:\/\/www.facebook.com\/UNCAnesthesia\/","article_modified_time":"2024-10-21T17:23:55+00:00","twitter_card":"summary_large_image","twitter_site":"@UNC_Anesthesia","twitter_misc":{"Est. reading time":"4 minutes"},"schema":{"@context":"https:\/\/schema.org","@graph":[{"@type":"WebPage","@id":"https:\/\/www.med.unc.edu\/anesthesiology\/patients\/what-to-do\/","url":"https:\/\/www.med.unc.edu\/anesthesiology\/patients\/what-to-do\/","name":"What to do | Department of Anesthesiology","isPartOf":{"@id":"https:\/\/www.med.unc.edu\/anesthesiology\/#website"},"datePublished":"2009-02-24T23:25:00+00:00","dateModified":"2024-10-21T17:23:55+00:00","breadcrumb":{"@id":"https:\/\/www.med.unc.edu\/anesthesiology\/patients\/what-to-do\/#breadcrumb"},"inLanguage":"en-US","potentialAction":[{"@type":"ReadAction","target":["https:\/\/www.med.unc.edu\/anesthesiology\/patients\/what-to-do\/"]}]},{"@type":"BreadcrumbList","@id":"https:\/\/www.med.unc.edu\/anesthesiology\/patients\/what-to-do\/#breadcrumb","itemListElement":[{"@type":"ListItem","position":1,"name":"Home","item":"https:\/\/www.med.unc.edu\/anesthesiology\/"},{"@type":"ListItem","position":2,"name":"Patient Info","item":"https:\/\/www.med.unc.edu\/anesthesiology\/patients\/"},{"@type":"ListItem","position":3,"name":"What to do"}]},{"@type":"WebSite","@id":"https:\/\/www.med.unc.edu\/anesthesiology\/#website","url":"https:\/\/www.med.unc.edu\/anesthesiology\/","name":"Department of Anesthesiology","description":"","potentialAction":[{"@type":"SearchAction","target":{"@type":"EntryPoint","urlTemplate":"https:\/\/www.med.unc.edu\/anesthesiology\/?s={search_term_string}"},"query-input":{"@type":"PropertyValueSpecification","valueRequired":true,"valueName":"search_term_string"}}],"inLanguage":"en-US"}]}},"_links_to":[],"_links_to_target":[],"_links":{"self":[{"href":"https:\/\/www.med.unc.edu\/anesthesiology\/wp-json\/wp\/v2\/pages\/2382","targetHints":{"allow":["GET"]}}],"collection":[{"href":"https:\/\/www.med.unc.edu\/anesthesiology\/wp-json\/wp\/v2\/pages"}],"about":[{"href":"https:\/\/www.med.unc.edu\/anesthesiology\/wp-json\/wp\/v2\/types\/page"}],"author":[{"embeddable":true,"href":"https:\/\/www.med.unc.edu\/anesthesiology\/wp-json\/wp\/v2\/users\/188"}],"replies":[{"embeddable":true,"href":"https:\/\/www.med.unc.edu\/anesthesiology\/wp-json\/wp\/v2\/comments?post=2382"}],"version-history":[{"count":0,"href":"https:\/\/www.med.unc.edu\/anesthesiology\/wp-json\/wp\/v2\/pages\/2382\/revisions"}],"up":[{"embeddable":true,"href":"https:\/\/www.med.unc.edu\/anesthesiology\/wp-json\/wp\/v2\/pages\/2374"}],"wp:attachment":[{"href":"https:\/\/www.med.unc.edu\/anesthesiology\/wp-json\/wp\/v2\/media?parent=2382"}],"wp:term":[{"taxonomy":"featured-item","embeddable":true,"href":"https:\/\/www.med.unc.edu\/anesthesiology\/wp-json\/wp\/v2\/featured-item?post=2382"}],"curies":[{"name":"wp","href":"https:\/\/api.w.org\/{rel}","templated":true}]}}