{"id":2215,"date":"2013-08-20T21:15:00","date_gmt":"2013-08-21T01:15:00","guid":{"rendered":"https:\/\/med.sites.unc.edu\/beacon\/el-programa-beacon\/"},"modified":"2021-03-01T15:06:45","modified_gmt":"2021-03-01T20:06:45","slug":"el-programa-beacon","status":"publish","type":"page","link":"https:\/\/www.med.unc.edu\/beacon\/el-programa-beacon\/","title":{"rendered":"En Espa\u00f1ol"},"content":{"rendered":"<p><!-- portlet_header --><\/p>\n<p><!-- portlet_above --><\/p>\n<p><!-- description --><\/p>\n<ul>\n<li><a href=\"https:\/\/www.med.unc.edu\/beacon\/wp-content\/uploads\/sites\/598\/2018\/03\/Spanish-Beacon-Services-and-Healthy-Relationships.pdf\">El Programa Beacon\/Caracteristicas de Una Relacion Enfermiza<\/a><\/li>\n<li><a title=\"\" href=\"https:\/\/www.med.unc.edu\/beacon\/wp-content\/uploads\/sites\/598\/2018\/03\/beacon-dv-brochure-spanish-2015.pdf\" target=\"_blank\" rel=\"noopener noreferrer\">El Programa Beacon \u2013 Una Programa de Intervenction contra la Violencia Domestica<\/a><\/li>\n<li><a title=\"\" href=\"https:\/\/www.med.unc.edu\/beacon\/wp-content\/uploads\/sites\/598\/2018\/03\/como-usas-la-orden-de-proteccion.pdf\" target=\"_self\" rel=\"noopener noreferrer\">\u00bfC\u00f3mo usas la orden de protecci\u00f3n?<\/a><\/li>\n<li><a href=\"https:\/\/www.med.unc.edu\/beacon\/wp-content\/uploads\/sites\/598\/2013\/08\/Programa-Beacon-Para-Ninos-y-familias-Programa-de-Intervention-por-Abuso-y-Negligencia.pdf\">Programa Beacon Para Ninos y familias-Programa de Intervention por Abuso y Negligencia<\/a><\/li>\n<li><a title=\"\" href=\"https:\/\/www.med.unc.edu\/beacon\/wp-content\/uploads\/sites\/598\/2018\/03\/beacon-elder-abuse-brochure-spanish-2015.pdf\" target=\"_self\" rel=\"noopener noreferrer\">Programa Beacon \u2013 Programa de Intervencion en el Abuso y Descuido de Ancianos<\/a><\/li>\n<li><a href=\"https:\/\/www.med.unc.edu\/beacon\/wp-content\/uploads\/sites\/598\/2018\/03\/dss-5143sp-ia.pdf\">Consentimiento para Evaluaci\u00f3n M\u00e9dica de Ni\u00f1os -Autorizaci\u00f3n para Divulgaci\u00f3n de la Evaluaci\u00f3n<\/a><\/li>\n<li><a href=\"https:\/\/www.med.unc.edu\/beacon\/wp-content\/uploads\/sites\/598\/2018\/03\/LawEnforcementConsentFormS.doc\" target=\"_blank\" rel=\"noopener noreferrer\">Consentimiento para la Evaluaci\u00f3n M\u00e9dica de Ni\u00f1os-Agencia de Orden P\u00fablico Autorizaci\u00f3n para Divulgaci\u00f3n de la Evaluaci\u00f3n<\/a><\/li>\n<\/ul>\n<p style=\"text-align: center\"><img decoding=\"async\" class=\"image-inline\" title=\"Espanol.jpg\" src=\"https:\/\/www.med.unc.edu\/beacon\/wp-content\/uploads\/sites\/598\/2018\/03\/Espanol.jpg\" alt=\"Espanol.jpg\" \/><\/p>\n","protected":false},"excerpt":{"rendered":"<p>El Programa Beacon\/Caracteristicas de Una Relacion Enfermiza El Programa Beacon \u2013 Una Programa de Intervenction contra la Violencia Domestica \u00bfC\u00f3mo usas la orden de protecci\u00f3n? Programa Beacon Para Ninos y familias-Programa de Intervention por Abuso y Negligencia Programa Beacon \u2013 Programa de Intervencion en el Abuso y Descuido de Ancianos Consentimiento para Evaluaci\u00f3n M\u00e9dica de &hellip; <a href=\"https:\/\/www.med.unc.edu\/beacon\/el-programa-beacon\/\" aria-label=\"Read more about En Espa\u00f1ol\">Read more<\/a><\/p>\n","protected":false},"author":3206,"featured_media":0,"parent":0,"menu_order":0,"comment_status":"closed","ping_status":"closed","template":"","meta":{"_acf_changed":false,"footnotes":"","_links_to":"","_links_to_target":""},"class_list":["post-2215","page","type-page","status-publish","hentry","odd"],"acf":[],"yoast_head":"<!-- This site is optimized with the Yoast SEO plugin v26.8 - https:\/\/yoast.com\/product\/yoast-seo-wordpress\/ -->\n<title>En Espa\u00f1ol | UNC Hospital&#039;s Beacon Program<\/title>\n<meta name=\"robots\" content=\"index, follow, max-snippet:-1, max-image-preview:large, max-video-preview:-1\" \/>\n<link rel=\"canonical\" href=\"https:\/\/www.med.unc.edu\/beacon\/el-programa-beacon\/\" \/>\n<meta property=\"og:locale\" content=\"en_US\" \/>\n<meta property=\"og:type\" content=\"article\" \/>\n<meta property=\"og:title\" content=\"En Espa\u00f1ol | UNC Hospital&#039;s Beacon Program\" \/>\n<meta property=\"og:description\" content=\"El Programa Beacon\/Caracteristicas de Una Relacion Enfermiza El Programa Beacon \u2013 Una Programa de Intervenction contra la Violencia Domestica \u00bfC\u00f3mo usas la orden de protecci\u00f3n? Programa Beacon Para Ninos y familias-Programa de Intervention por Abuso y Negligencia Programa Beacon \u2013 Programa de Intervencion en el Abuso y Descuido de Ancianos Consentimiento para Evaluaci\u00f3n M\u00e9dica de &hellip; Read more\" \/>\n<meta property=\"og:url\" content=\"https:\/\/www.med.unc.edu\/beacon\/el-programa-beacon\/\" \/>\n<meta property=\"og:site_name\" content=\"UNC Hospital&#039;s Beacon Program\" \/>\n<meta property=\"article:modified_time\" content=\"2021-03-01T20:06:45+00:00\" \/>\n<meta property=\"og:image\" content=\"https:\/\/www.med.unc.edu\/beacon\/wp-content\/uploads\/sites\/598\/2018\/03\/Espanol.jpg\" \/>\n<meta name=\"twitter:card\" content=\"summary_large_image\" \/>\n<script type=\"application\/ld+json\" class=\"yoast-schema-graph\">{\"@context\":\"https:\/\/schema.org\",\"@graph\":[{\"@type\":\"WebPage\",\"@id\":\"https:\/\/www.med.unc.edu\/beacon\/el-programa-beacon\/\",\"url\":\"https:\/\/www.med.unc.edu\/beacon\/el-programa-beacon\/\",\"name\":\"En Espa\u00f1ol | UNC Hospital&#039;s Beacon Program\",\"isPartOf\":{\"@id\":\"https:\/\/www.med.unc.edu\/beacon\/#website\"},\"primaryImageOfPage\":{\"@id\":\"https:\/\/www.med.unc.edu\/beacon\/el-programa-beacon\/#primaryimage\"},\"image\":{\"@id\":\"https:\/\/www.med.unc.edu\/beacon\/el-programa-beacon\/#primaryimage\"},\"thumbnailUrl\":\"https:\/\/www.med.unc.edu\/beacon\/wp-content\/uploads\/sites\/598\/2018\/03\/Espanol.jpg\",\"datePublished\":\"2013-08-21T01:15:00+00:00\",\"dateModified\":\"2021-03-01T20:06:45+00:00\",\"breadcrumb\":{\"@id\":\"https:\/\/www.med.unc.edu\/beacon\/el-programa-beacon\/#breadcrumb\"},\"inLanguage\":\"en-US\",\"potentialAction\":[{\"@type\":\"ReadAction\",\"target\":[\"https:\/\/www.med.unc.edu\/beacon\/el-programa-beacon\/\"]}]},{\"@type\":\"ImageObject\",\"inLanguage\":\"en-US\",\"@id\":\"https:\/\/www.med.unc.edu\/beacon\/el-programa-beacon\/#primaryimage\",\"url\":\"https:\/\/www.med.unc.edu\/beacon\/wp-content\/uploads\/sites\/598\/2018\/03\/Espanol.jpg\",\"contentUrl\":\"https:\/\/www.med.unc.edu\/beacon\/wp-content\/uploads\/sites\/598\/2018\/03\/Espanol.jpg\",\"width\":294,\"height\":178},{\"@type\":\"BreadcrumbList\",\"@id\":\"https:\/\/www.med.unc.edu\/beacon\/el-programa-beacon\/#breadcrumb\",\"itemListElement\":[{\"@type\":\"ListItem\",\"position\":1,\"name\":\"Home\",\"item\":\"https:\/\/www.med.unc.edu\/beacon\/\"},{\"@type\":\"ListItem\",\"position\":2,\"name\":\"En Espa\u00f1ol\"}]},{\"@type\":\"WebSite\",\"@id\":\"https:\/\/www.med.unc.edu\/beacon\/#website\",\"url\":\"https:\/\/www.med.unc.edu\/beacon\/\",\"name\":\"UNC Hospital's Beacon Program\",\"description\":\"\",\"potentialAction\":[{\"@type\":\"SearchAction\",\"target\":{\"@type\":\"EntryPoint\",\"urlTemplate\":\"https:\/\/www.med.unc.edu\/beacon\/?s={search_term_string}\"},\"query-input\":{\"@type\":\"PropertyValueSpecification\",\"valueRequired\":true,\"valueName\":\"search_term_string\"}}],\"inLanguage\":\"en-US\"}]}<\/script>\n<!-- \/ Yoast SEO plugin. -->","yoast_head_json":{"title":"En Espa\u00f1ol | UNC Hospital&#039;s Beacon Program","robots":{"index":"index","follow":"follow","max-snippet":"max-snippet:-1","max-image-preview":"max-image-preview:large","max-video-preview":"max-video-preview:-1"},"canonical":"https:\/\/www.med.unc.edu\/beacon\/el-programa-beacon\/","og_locale":"en_US","og_type":"article","og_title":"En Espa\u00f1ol | UNC Hospital&#039;s Beacon Program","og_description":"El Programa Beacon\/Caracteristicas de Una Relacion Enfermiza El Programa Beacon \u2013 Una Programa de Intervenction contra la Violencia Domestica \u00bfC\u00f3mo usas la orden de protecci\u00f3n? Programa Beacon Para Ninos y familias-Programa de Intervention por Abuso y Negligencia Programa Beacon \u2013 Programa de Intervencion en el Abuso y Descuido de Ancianos Consentimiento para Evaluaci\u00f3n M\u00e9dica de &hellip; Read more","og_url":"https:\/\/www.med.unc.edu\/beacon\/el-programa-beacon\/","og_site_name":"UNC Hospital&#039;s Beacon Program","article_modified_time":"2021-03-01T20:06:45+00:00","og_image":[{"url":"https:\/\/www.med.unc.edu\/beacon\/wp-content\/uploads\/sites\/598\/2018\/03\/Espanol.jpg","type":"","width":"","height":""}],"twitter_card":"summary_large_image","schema":{"@context":"https:\/\/schema.org","@graph":[{"@type":"WebPage","@id":"https:\/\/www.med.unc.edu\/beacon\/el-programa-beacon\/","url":"https:\/\/www.med.unc.edu\/beacon\/el-programa-beacon\/","name":"En Espa\u00f1ol | UNC Hospital&#039;s Beacon Program","isPartOf":{"@id":"https:\/\/www.med.unc.edu\/beacon\/#website"},"primaryImageOfPage":{"@id":"https:\/\/www.med.unc.edu\/beacon\/el-programa-beacon\/#primaryimage"},"image":{"@id":"https:\/\/www.med.unc.edu\/beacon\/el-programa-beacon\/#primaryimage"},"thumbnailUrl":"https:\/\/www.med.unc.edu\/beacon\/wp-content\/uploads\/sites\/598\/2018\/03\/Espanol.jpg","datePublished":"2013-08-21T01:15:00+00:00","dateModified":"2021-03-01T20:06:45+00:00","breadcrumb":{"@id":"https:\/\/www.med.unc.edu\/beacon\/el-programa-beacon\/#breadcrumb"},"inLanguage":"en-US","potentialAction":[{"@type":"ReadAction","target":["https:\/\/www.med.unc.edu\/beacon\/el-programa-beacon\/"]}]},{"@type":"ImageObject","inLanguage":"en-US","@id":"https:\/\/www.med.unc.edu\/beacon\/el-programa-beacon\/#primaryimage","url":"https:\/\/www.med.unc.edu\/beacon\/wp-content\/uploads\/sites\/598\/2018\/03\/Espanol.jpg","contentUrl":"https:\/\/www.med.unc.edu\/beacon\/wp-content\/uploads\/sites\/598\/2018\/03\/Espanol.jpg","width":294,"height":178},{"@type":"BreadcrumbList","@id":"https:\/\/www.med.unc.edu\/beacon\/el-programa-beacon\/#breadcrumb","itemListElement":[{"@type":"ListItem","position":1,"name":"Home","item":"https:\/\/www.med.unc.edu\/beacon\/"},{"@type":"ListItem","position":2,"name":"En Espa\u00f1ol"}]},{"@type":"WebSite","@id":"https:\/\/www.med.unc.edu\/beacon\/#website","url":"https:\/\/www.med.unc.edu\/beacon\/","name":"UNC Hospital's Beacon Program","description":"","potentialAction":[{"@type":"SearchAction","target":{"@type":"EntryPoint","urlTemplate":"https:\/\/www.med.unc.edu\/beacon\/?s={search_term_string}"},"query-input":{"@type":"PropertyValueSpecification","valueRequired":true,"valueName":"search_term_string"}}],"inLanguage":"en-US"}]}},"_links_to":[],"_links_to_target":[],"_links":{"self":[{"href":"https:\/\/www.med.unc.edu\/beacon\/wp-json\/wp\/v2\/pages\/2215","targetHints":{"allow":["GET"]}}],"collection":[{"href":"https:\/\/www.med.unc.edu\/beacon\/wp-json\/wp\/v2\/pages"}],"about":[{"href":"https:\/\/www.med.unc.edu\/beacon\/wp-json\/wp\/v2\/types\/page"}],"author":[{"embeddable":true,"href":"https:\/\/www.med.unc.edu\/beacon\/wp-json\/wp\/v2\/users\/3206"}],"replies":[{"embeddable":true,"href":"https:\/\/www.med.unc.edu\/beacon\/wp-json\/wp\/v2\/comments?post=2215"}],"version-history":[{"count":0,"href":"https:\/\/www.med.unc.edu\/beacon\/wp-json\/wp\/v2\/pages\/2215\/revisions"}],"wp:attachment":[{"href":"https:\/\/www.med.unc.edu\/beacon\/wp-json\/wp\/v2\/media?parent=2215"}],"curies":[{"name":"wp","href":"https:\/\/api.w.org\/{rel}","templated":true}]}}