{"id":12,"date":"2024-01-24T09:19:48","date_gmt":"2024-01-24T14:19:48","guid":{"rendered":"https:\/\/www.med.unc.edu\/cidd\/en-espanol\/"},"modified":"2025-07-15T16:47:22","modified_gmt":"2025-07-15T20:47:22","slug":"en-espanol","status":"publish","type":"page","link":"https:\/\/www.med.unc.edu\/cidd\/en-espanol\/","title":{"rendered":"Bienvenido al Instituto Carolina para las discapacidades del desarrollo"},"content":{"rendered":"<h2 class=\"www-somHeader\">Servicios de cl\u00ednica<\/h2>\n<p>El Instituto Carolina para discapacidades del desarrollo (CIDD) ofrece servicios de cl\u00ednica ambulatoria a personas de todas las edades cuando hay preocupaciones sobre su desarrollo, como la posibilidad de una discapacidad del desarrollo. Ejemplos de servicios de cl\u00ednica ofrecidos a trav\u00e9s del CIDD incluyen evaluaciones diagn\u00f3sticas, evaluaciones del desarrollo y servicios de consulta para ayudar a individuos y familias con preocupaciones conductuales, necesidades educativas, preguntas sobre tratamiento m\u00e9dico y\/o planificaci\u00f3n de intervenciones.<\/p>\n<a class=\"btn btn-primary btn-lg  oscitas-bootstrap-container\" target=\"_self\" href=\"https:\/\/www.med.unc.edu\/cidd\/en-espanol\/servicios-de-clinica\/\">Aprenda m\u00e1s sobre los servicios de cl\u00ednica<\/a>\n<hr \/>\n<h2 class=\"www-somHeader\">Serie de conversaciones con la comunidad<\/h2>\n<p><span class=\"NormalTextRun SCXW185401275 BCX0\" data-ccp-charstyle=\"normaltextrun\">La serie de conversaciones comunitarias del CIDD es parte de nuestro alcance comunitario y universitario. CTS presenta oradores y grupos que hablan sobre desarrollos y proyectos recientes en la comunidad de personas con discapacidades. Las conversaciones se llevan a cabo mensualmente, los mi\u00e9rcoles de 6:30 a 8pm. Para algunas conversaciones, los int\u00e9rpretes proporcionan traducciones al espa\u00f1ol en vivo.<\/span><\/p>\n<p><span class=\"NormalTextRun SCXW185401275 BCX0\" data-ccp-charstyle=\"normaltextrun\"><a class=\"btn btn-primary btn-lg  oscitas-bootstrap-container\" target=\"_self\" href=\"https:\/\/www.med.unc.edu\/cidd\/en-espanol\/serie-de-conversaciones-con-la-comunidad\/\">Pr\u00f3ximas charlas<\/a>\n<hr \/>\n<h2 class=\"www-somHeader\">Oportunidades para participar en un estudio<\/h2>\n<p>\u00bfEst\u00e1 interesado en ayudarnos a aprender m\u00e1s sobre discapacidades del desarrollo? \u00a1Sus experiencias y perspectivas son importantes! Al participar en estudios de investigaci\u00f3n, nos est\u00e1 ayudando a crear futuras intervenciones y sistemas de apoyo para personas con condiciones del desarrollo, para que las familias y los ni\u00f1os puedan tener un futuro mejor. Haga clic aqu\u00ed para obtener m\u00e1s informaci\u00f3n sobre lo que significa participar en un estudio.<\/p>\n<p style=\"text-align: left\"><a class=\"btn btn-primary btn-lg  oscitas-bootstrap-container\" target=\"_self\" href=\"https:\/\/www.med.unc.edu\/cidd\/en-espanol\/oportunidades-para-participar-en-un-estudio\/\">Aprenda m\u00e1s sobre oportunidades para participar<\/a>\n<hr \/>\n<h2 class=\"www-somHeader\">Noticias en espa\u00f1ol de CIDD<\/h2>\n<p><span data-contrast=\"auto\">\u00bfEst\u00e1 interesado en noticias y actualizaciones del CIDD?<\/span><\/p>\n<a class=\"btn btn-primary btn-lg  oscitas-bootstrap-container\" target=\"_self\" href=\"https:\/\/www.med.unc.edu\/cidd\/en-espanol\/noticias-en-espanol\/\">Explora m\u00e1s sobre las noticias del CIDD<\/a>\n<h2 class=\"www-somHeader\">Pr\u00f3ximamente: Recursos gratuitos para padres en espa\u00f1ol<\/h2>\n<p><span data-contrast=\"none\">Nuestro equipo est\u00e1 creando una serie de recursos educativos en espa\u00f1ol para padres de ni\u00f1os peque\u00f1os. Cuando est\u00e9n listos, podr\u00e1 acceder a ellos gratis aqu\u00ed.\u00a0<\/span><span data-ccp-props=\"{&quot;134233117&quot;:false,&quot;134233118&quot;:false,&quot;201341983&quot;:0,&quot;335559739&quot;:0,&quot;335559740&quot;:259}\">\u00a0<\/span><\/p>\n<ul>\n<li data-leveltext=\"\uf0b7\" data-font=\"Symbol\" data-listid=\"6\" data-list-defn-props=\"{&quot;335552541&quot;:1,&quot;335559685&quot;:720,&quot;335559991&quot;:360,&quot;469769226&quot;:&quot;Symbol&quot;,&quot;469769242&quot;:[8226],&quot;469777803&quot;:&quot;left&quot;,&quot;469777804&quot;:&quot;\uf0b7&quot;,&quot;469777815&quot;:&quot;hybridMultilevel&quot;}\" data-aria-posinset=\"1\" data-aria-level=\"1\"><b><span data-contrast=\"none\">\u00bfPreguntas? \u00bfComentarios? <\/span><\/b><span data-contrast=\"none\">Si desea obtener m\u00e1s informaci\u00f3n sobre estos recursos o tiene sugerencias sobre qu\u00e9 informaci\u00f3n le gustar\u00eda que incluyamos, por favor cont\u00e1ctenos en <\/span><a href=\"mailto:jessica.kinard@cidd.unc.edu\"><span data-contrast=\"none\">jessica.kinard@cidd.unc.edu<\/span><\/a><span data-contrast=\"none\">.<\/span><span data-ccp-props=\"{&quot;134233117&quot;:false,&quot;134233118&quot;:false,&quot;201341983&quot;:0,&quot;335559739&quot;:0,&quot;335559740&quot;:259}\">\u00a0<\/span><\/li>\n<\/ul>\n","protected":false},"excerpt":{"rendered":"<p>El Instituto Carolina para discapacidades del desarrollo (CIDD) ofrece servicios de cl\u00ednica ambulatoria a personas de todas las edades cuando hay preocupaciones sobre su desarrollo, como la posibilidad de una discapacidad del desarrollo. Ejemplos de servicios de cl\u00ednica ofrecidos a trav\u00e9s del CIDD incluyen evaluaciones diagn\u00f3sticas, evaluaciones del desarrollo y servicios de consulta para ayudar &hellip; <a href=\"https:\/\/www.med.unc.edu\/cidd\/en-espanol\/\" aria-label=\"Read more about Bienvenido al Instituto Carolina para las discapacidades del desarrollo\">Read more<\/a><\/p>\n","protected":false},"author":79967,"featured_media":0,"parent":0,"menu_order":4,"comment_status":"closed","ping_status":"closed","template":"templates\/front-page.php","meta":{"_acf_changed":false,"layout":"","cellInformation":"","apiCallInformation":"","footnotes":"","_links_to":"","_links_to_target":""},"class_list":["post-12","page","type-page","status-publish","hentry","odd"],"acf":[],"_links_to":[],"_links_to_target":[],"_links":{"self":[{"href":"https:\/\/www.med.unc.edu\/cidd\/wp-json\/wp\/v2\/pages\/12","targetHints":{"allow":["GET"]}}],"collection":[{"href":"https:\/\/www.med.unc.edu\/cidd\/wp-json\/wp\/v2\/pages"}],"about":[{"href":"https:\/\/www.med.unc.edu\/cidd\/wp-json\/wp\/v2\/types\/page"}],"author":[{"embeddable":true,"href":"https:\/\/www.med.unc.edu\/cidd\/wp-json\/wp\/v2\/users\/79967"}],"replies":[{"embeddable":true,"href":"https:\/\/www.med.unc.edu\/cidd\/wp-json\/wp\/v2\/comments?post=12"}],"version-history":[{"count":2,"href":"https:\/\/www.med.unc.edu\/cidd\/wp-json\/wp\/v2\/pages\/12\/revisions"}],"predecessor-version":[{"id":1806,"href":"https:\/\/www.med.unc.edu\/cidd\/wp-json\/wp\/v2\/pages\/12\/revisions\/1806"}],"wp:attachment":[{"href":"https:\/\/www.med.unc.edu\/cidd\/wp-json\/wp\/v2\/media?parent=12"}],"curies":[{"name":"wp","href":"https:\/\/api.w.org\/{rel}","templated":true}]}}