{"id":330,"date":"2024-04-16T16:08:59","date_gmt":"2024-04-16T20:08:59","guid":{"rendered":"https:\/\/www.med.unc.edu\/cidd\/?page_id=330"},"modified":"2024-08-27T13:33:25","modified_gmt":"2024-08-27T17:33:25","slug":"oportunidades-para-participar-en-un-estudio","status":"publish","type":"page","link":"https:\/\/www.med.unc.edu\/cidd\/en-espanol\/oportunidades-para-participar-en-un-estudio\/","title":{"rendered":"Oportunidades para participar en un estudio"},"content":{"rendered":"<p style=\"text-align: left\"><h2 class=\"www-somHeader\">Instituto Carolina para las discapacidades del desarrollo<\/h2>\n<p><strong>\u00bfTiene un hijo(a) menor de 18 a\u00f1os?<\/strong><\/p>\n<p><strong>\u00a1Quiz\u00e1s le interese inscribirse en el registro de estudios sobre desarrollo infantil!<\/strong><\/p>\n<p>El registro de estudios del desarrollo infantil es una base de datos confidencial de padres que desean ser contactados sobre estudios para sus hijos(a)s (menores de 18 a\u00f1os). Si se une al registro de estudios del desarrollo infantil, se le contactar\u00e1 acerca de los estudios en los que podr\u00eda estar interesado en participar. Tambi\u00e9n recibir\u00e1 actualizaciones sobre los \u00faltimos avances en estudios en el Instituto Carolina para las discapacidades del desarrollo (CIDD por sus siglas en ingles).<\/p>\n<p><strong>Explore a continuaci\u00f3n para obtener m\u00e1s informaci\u00f3n sobre el registro de estudios del desarrollo infantil.<\/strong><\/p>\n<div role=\"tablist\" class=\"panel-group spanishfaq oscitas-bootstrap-container\" id=\"unc-accordion-0\">\n\n<div class=\"panel panel-default oscitas-bootstrap-container\">\n\n    <div id=\"panel-heading-details-0-0\" class=\"panel-heading oscitas-bootstrap-container\" role=\"tab\">\n\n        <h2 class=\"panel-title oscitas-bootstrap-container\">\n\n            <button class=\"accordion-toggle oscitas-bootstrap-container collapsed\" \n                id = \"button-details-0-0\"\n                data-toggle=\"collapse\"\n                data-parent=\"#unc-accordion-0\"    \n                aria-controls=\"#details-0-0\"  \n                aria-expanded=\"false\" \n                href=\"#details-0-0\">\n                \u00bfQu\u00e9 es el registro de estudios del desarrollo infantil?            <\/button>\n\n        <\/h2>\n\n    <\/div>\n\n    <div id=\"details-0-0\" class=\"panel-collapse collapse out oscitas-bootstrap-container\">\n\n        <div class=\"panel-body oscitas-bootstrap-container\"><span data-contrast=\"none\">El registro de estudios del desarrollo infantil vincula a las familias con investigadores que est\u00e1n llevando a cabo proyectos sobre el desarrollo infantil en UNC. Los padres en la regi\u00f3n del Tri\u00e1ngulo de Carolina del Norte (condados de Wake, Durham, Chatham, Orange y Alamance) est\u00e1n invitados a inscribir a sus beb\u00e9s y ni\u00f1os con desarrollo t\u00edpico en este registro. <\/div>\n\n    <\/div>\n        \n<\/div>\n\n<div class=\"panel panel-default oscitas-bootstrap-container\">\n\n    <div id=\"panel-heading-details-0-1\" class=\"panel-heading oscitas-bootstrap-container\" role=\"tab\">\n\n        <h2 class=\"panel-title oscitas-bootstrap-container\">\n\n            <button class=\"accordion-toggle oscitas-bootstrap-container collapsed\" \n                id = \"button-details-0-1\"\n                data-toggle=\"collapse\"\n                data-parent=\"#unc-accordion-0\"    \n                aria-controls=\"#details-0-1\"  \n                aria-expanded=\"false\" \n                href=\"#details-0-1\">\n                \u00bfQu\u00e9 tipos de proyectos de estudios est\u00e1n disponibles?            <\/button>\n\n        <\/h2>\n\n    <\/div>\n\n    <div id=\"details-0-1\" class=\"panel-collapse collapse  oscitas-bootstrap-container\">\n\n        <div class=\"panel-body oscitas-bootstrap-container\">Hay muchos tipos de proyectos disponibles. La participaci\u00f3n podr\u00eda involucrar una entrevista telef\u00f3nica, completar cuestionarios, una visita a su hogar o viajar a una oficina del desarrollo infantil en o cerca de Chapel Hill. Las entrevistas y los cuestionarios podr\u00edan abordar aspectos de la personalidad, la salud y el comportamiento de su ni\u00f1o(a).<\/div>\n\n    <\/div>\n        \n<\/div>\n\n<div class=\"panel panel-default oscitas-bootstrap-container\">\n\n    <div id=\"panel-heading-details-0-2\" class=\"panel-heading oscitas-bootstrap-container\" role=\"tab\">\n\n        <h2 class=\"panel-title oscitas-bootstrap-container\">\n\n            <button class=\"accordion-toggle oscitas-bootstrap-container collapsed\" \n                id = \"button-details-0-2\"\n                data-toggle=\"collapse\"\n                data-parent=\"#unc-accordion-0\"    \n                aria-controls=\"#details-0-2\"  \n                aria-expanded=\"false\" \n                href=\"#details-0-2\">\n                \u00bfQu\u00e9 podr\u00eda hacer mi hija(o) mientras participa en un estudio?            <\/button>\n\n        <\/h2>\n\n    <\/div>\n\n    <div id=\"details-0-2\" class=\"panel-collapse collapse  oscitas-bootstrap-container\">\n\n        <div class=\"panel-body oscitas-bootstrap-container\">Las visitas al estudio o a la oficina, generalmente implican actividades divertidas como hacer que su hijo(a) mire im\u00e1genes, resuelva problemas simples o juegue con juguetes u otros ni\u00f1os. A los padres siempre se les proporciona una descripci\u00f3n completa del prop\u00f3sito de cada estudio, los requisitos de participaci\u00f3n y el beneficio o compensaci\u00f3n (si se ofrece). Cuando el estudio se complete, se les proporcionar\u00e1 a los padres un resumen de los hallazgos.<\/div>\n\n    <\/div>\n        \n<\/div>\n\n<div class=\"panel panel-default oscitas-bootstrap-container\">\n\n    <div id=\"panel-heading-details-0-3\" class=\"panel-heading oscitas-bootstrap-container\" role=\"tab\">\n\n        <h2 class=\"panel-title oscitas-bootstrap-container\">\n\n            <button class=\"accordion-toggle oscitas-bootstrap-container collapsed\" \n                id = \"button-details-0-3\"\n                data-toggle=\"collapse\"\n                data-parent=\"#unc-accordion-0\"    \n                aria-controls=\"#details-0-3\"  \n                aria-expanded=\"false\" \n                href=\"#details-0-3\">\n                \u00bfQu\u00e9 pasa cuando termina el estudio?            <\/button>\n\n        <\/h2>\n\n    <\/div>\n\n    <div id=\"details-0-3\" class=\"panel-collapse collapse  oscitas-bootstrap-container\">\n\n        <div class=\"panel-body oscitas-bootstrap-container\">Los datos que recopilamos nos permitir\u00e1n responder a preguntas importantes sobre el desarrollo temprano. Estos datos se utilizar\u00e1n solo para prop\u00f3sitos del estudio y nunca identificar\u00e1n a usted ni a su hija(o). Nuestros hallazgos han sido publicados en revistas y en la prensa popular y han tenido un impacto en las teor\u00edas del desarrollo infantil, los consejos que los profesionales ofrecen a los padres y las pol\u00edticas p\u00fablicas que afectan a los ni\u00f1os. El \u00e9xito de este trabajo depende de su disposici\u00f3n para participar.<\/div>\n\n    <\/div>\n        \n<\/div>\n\n<div class=\"panel panel-default oscitas-bootstrap-container\">\n\n    <div id=\"panel-heading-details-0-4\" class=\"panel-heading oscitas-bootstrap-container\" role=\"tab\">\n\n        <h2 class=\"panel-title oscitas-bootstrap-container\">\n\n            <button class=\"accordion-toggle oscitas-bootstrap-container collapsed\" \n                id = \"button-details-0-4\"\n                data-toggle=\"collapse\"\n                data-parent=\"#unc-accordion-0\"    \n                aria-controls=\"#details-0-4\"  \n                aria-expanded=\"false\" \n                href=\"#details-0-4\">\n                \u00bfCu\u00e1les son nuestros derechos como participantes del registro? \u00bfC\u00f3mo proteger\u00e1 nuestra privacidad?            <\/button>\n\n        <\/h2>\n\n    <\/div>\n\n    <div id=\"details-0-4\" class=\"panel-collapse collapse  oscitas-bootstrap-container\">\n\n        <div class=\"panel-body oscitas-bootstrap-container\">\n<p>Los padres <strong>no est\u00e1n obligados<\/strong> a inscribirse en ninguno de nuestros estudios y pueden retirarse del registro en cualquier momento. Esto no afectar\u00e1 su participaci\u00f3n en programas o servicios afiliados a UNC.<\/p>\n<p>Si desea obtener m\u00e1s informaci\u00f3n, tambi\u00e9n puede llamar a la oficina del registro de estudios a nuestra l\u00ednea gratuita: 1-866-744-7879.<\/p>\n<p>Toda los estudios en voluntarios humanos es revisada por un comit\u00e9 que se ocupa de proteger sus derechos y bienestar. Si tiene preguntas o inquietudes sobre sus derechos como participante en el estudio, puede comunicarse, de forma an\u00f3nima si lo desea, con el Comit\u00e9 de Revisi\u00f3n Institucional llamando al 919-966-3113 o por correo electr\u00f3nico a\u202f<a href=\"mailto:IRB_subjects@unc.edu\"><span data-contrast=\"none\">IRB_subjects@unc.edu.<\/span><\/a><\/p>\n<p>Los estudios son una parte importante de la misi\u00f3n de la Universidad de Carolina del Norte en Chapel Hill. Gracias por considerar apoyar nuestros esfuerzos uni\u00e9ndose al Registro de Estudios del Desarrollo Infantil. Con su ayuda, podemos continuar nuestros esfuerzos para comprender el mundo del ni\u00f1o y desarrollar intervenciones para ayudar a los ni\u00f1os a prosperar.<\/p>\n<\/div>\n\n    <\/div>\n        \n<\/div>\n\n<div class=\"panel panel-default oscitas-bootstrap-container\">\n\n    <div id=\"panel-heading-details-0-5\" class=\"panel-heading oscitas-bootstrap-container\" role=\"tab\">\n\n        <h2 class=\"panel-title oscitas-bootstrap-container\">\n\n            <button class=\"accordion-toggle oscitas-bootstrap-container collapsed\" \n                id = \"button-details-0-5\"\n                data-toggle=\"collapse\"\n                data-parent=\"#unc-accordion-0\"    \n                aria-controls=\"#details-0-5\"  \n                aria-expanded=\"false\" \n                href=\"#details-0-5\">\n                \u00bfC\u00f3mo me inscribo en el registro de estudios del desarrollo infantil?            <\/button>\n\n        <\/h2>\n\n    <\/div>\n\n    <div id=\"details-0-5\" class=\"panel-collapse collapse  oscitas-bootstrap-container\">\n\n        <div class=\"panel-body oscitas-bootstrap-container\">\n<p><a href=\"https:\/\/unc.az1.qualtrics.com\/jfe\/form\/SV_1LB0nXBqXGBiqfs\">Inscr\u00edbase en l\u00ednea<\/a><\/p>\n<p>Un(a) especialista lo llamar\u00e1 si su(s) ni\u00f1o(s) tiene(n) la edad apropiada para un estudio.<\/p>\n<\/div>\n\n    <\/div>\n        \n<\/div>\n<\/div>\n<p style=\"text-align: center\">\n<hr \/>\n<h2 class=\"www-somHeader\">Cont\u00e1ctenos<\/h2>\n<p><strong>\u00bfPreguntas? Cont\u00e1ctenos a continuaci\u00f3n:<\/strong><\/p>\n<p>Coordinadora de reclutamiento: <a href=\"mailto:kelly.real@cidd.unc.edu\">Kelly Real<\/a><\/p>\n<p>Tel\u00e9fono gratuito: (866) 744-7879<\/p>\n","protected":false},"excerpt":{"rendered":"<p>\u00bfTiene un hijo(a) menor de 18 a\u00f1os? \u00a1Quiz\u00e1s le interese inscribirse en el registro de estudios sobre desarrollo infantil! El registro de estudios del desarrollo infantil es una base de datos confidencial de padres que desean ser contactados sobre estudios para sus hijos(a)s (menores de 18 a\u00f1os). Si se une al registro de estudios del &hellip; <a href=\"https:\/\/www.med.unc.edu\/cidd\/en-espanol\/oportunidades-para-participar-en-un-estudio\/\" aria-label=\"Read more about Oportunidades para participar en un estudio\">Read more<\/a><\/p>\n","protected":false},"author":85500,"featured_media":0,"parent":12,"menu_order":2,"comment_status":"closed","ping_status":"closed","template":"templates\/front-page.php","meta":{"_acf_changed":false,"layout":"","cellInformation":"","apiCallInformation":"","footnotes":"","_links_to":"","_links_to_target":""},"class_list":["post-330","page","type-page","status-publish","hentry","odd"],"acf":[],"_links_to":[],"_links_to_target":[],"_links":{"self":[{"href":"https:\/\/www.med.unc.edu\/cidd\/wp-json\/wp\/v2\/pages\/330","targetHints":{"allow":["GET"]}}],"collection":[{"href":"https:\/\/www.med.unc.edu\/cidd\/wp-json\/wp\/v2\/pages"}],"about":[{"href":"https:\/\/www.med.unc.edu\/cidd\/wp-json\/wp\/v2\/types\/page"}],"author":[{"embeddable":true,"href":"https:\/\/www.med.unc.edu\/cidd\/wp-json\/wp\/v2\/users\/85500"}],"replies":[{"embeddable":true,"href":"https:\/\/www.med.unc.edu\/cidd\/wp-json\/wp\/v2\/comments?post=330"}],"version-history":[{"count":0,"href":"https:\/\/www.med.unc.edu\/cidd\/wp-json\/wp\/v2\/pages\/330\/revisions"}],"up":[{"embeddable":true,"href":"https:\/\/www.med.unc.edu\/cidd\/wp-json\/wp\/v2\/pages\/12"}],"wp:attachment":[{"href":"https:\/\/www.med.unc.edu\/cidd\/wp-json\/wp\/v2\/media?parent=330"}],"curies":[{"name":"wp","href":"https:\/\/api.w.org\/{rel}","templated":true}]}}