{"id":332,"date":"2024-04-16T16:11:20","date_gmt":"2024-04-16T20:11:20","guid":{"rendered":"https:\/\/www.med.unc.edu\/cidd\/?page_id=332"},"modified":"2024-07-29T15:24:29","modified_gmt":"2024-07-29T19:24:29","slug":"noticias-en-espanol","status":"publish","type":"page","link":"https:\/\/www.med.unc.edu\/cidd\/en-espanol\/noticias-en-espanol\/","title":{"rendered":"Noticias en espa\u00f1ol"},"content":{"rendered":"<p>El Instituto Carolina para las discapacidades del desarrollo (CIDD por sus siglas en ingl\u00e9s) es parte de la Facultad de Medicina de la UNC y es un centro especializado que se dedica a la investigaci\u00f3n innovadora, ofrece oportunidades de capacitaci\u00f3n en atenci\u00f3n cl\u00ednica e investigaci\u00f3n, y brinda servicios cl\u00ednicos para apoyar a las personas con discapacidades del desarrollo en Carolina del Norte.<\/p>\n<h2 class=\"www-somHeader\">Lea a continuaci\u00f3n para ver noticias sobre el Instituto Carolina:<\/h2>\n<som-cell cell-info=\"{&quot;ID&quot;:636,&quot;post_author&quot;:&quot;112631&quot;,&quot;post_date&quot;:&quot;2024-05-13 12:30:03&quot;,&quot;post_date_gmt&quot;:&quot;2024-05-13 16:30:03&quot;,&quot;post_content&quot;:&quot;&quot;,&quot;post_title&quot;:&quot;Noticias en espa\\u00f1ol \\u2013 News Syndication: Vertical&quot;,&quot;post_excerpt&quot;:&quot;&quot;,&quot;post_status&quot;:&quot;publish&quot;,&quot;comment_status&quot;:&quot;open&quot;,&quot;ping_status&quot;:&quot;closed&quot;,&quot;post_password&quot;:&quot;&quot;,&quot;post_name&quot;:&quot;noticias-en-espanol-news-syndication-vertical&quot;,&quot;to_ping&quot;:&quot;&quot;,&quot;pinged&quot;:&quot;&quot;,&quot;post_modified&quot;:&quot;2024-07-29 16:17:10&quot;,&quot;post_modified_gmt&quot;:&quot;2024-07-29 20:17:10&quot;,&quot;post_content_filtered&quot;:&quot;&quot;,&quot;post_parent&quot;:0,&quot;guid&quot;:&quot;https:\\\/\\\/www.med.unc.edu\\\/cidd\\\/cell\\\/noticias-en-espanol-news-syndication-vertical\\\/&quot;,&quot;menu_order&quot;:0,&quot;post_type&quot;:&quot;somcell&quot;,&quot;post_mime_type&quot;:&quot;&quot;,&quot;comment_count&quot;:&quot;0&quot;,&quot;filter&quot;:&quot;raw&quot;}\" cell-meta=\"{&quot;_wpv_contains_gutenberg_views&quot;:[&quot;&quot;],&quot;_upd_sortorder&quot;:[&quot;1&quot;],&quot;layout&quot;:[&quot;Syndication&quot;],&quot;cellInformation&quot;:[&quot;{}&quot;],&quot;apiCallInformation&quot;:[&quot;{\\&quot;throttle\\&quot;:10,\\&quot;displayAmount\\&quot;:10,\\&quot;itemsPerPage\\&quot;:10,\\&quot;synMode\\&quot;:1,\\&quot;postType\\&quot;:\\&quot;posts\\&quot;,\\&quot;listType\\&quot;:\\&quot;vertical\\&quot;,\\&quot;sites\\&quot;:[{\\&quot;slug\\&quot;:\\&quot;self\\&quot;,\\&quot;categories\\&quot;:\\&quot;8\\&quot;,\\&quot;useAndLogicWithin\\&quot;:\\&quot;false\\&quot;,\\&quot;useOrLogicBetween\\&quot;:\\&quot;false\\&quot;,\\&quot;tags\\&quot;:\\&quot;\\&quot;,\\&quot;apiUrl\\&quot;:\\&quot;https:\\\/\\\/www.med.unc.edu\\\/cidd\\\/wp-json\\\/wp\\\/v2\\\/posts\\&quot;,\\&quot;query\\&quot;:\\&quot;?categories=8&amp;per_page=100&amp;_fields=id,title,date,link,excerpt,categories,tags,featured_image,featured_image_medium,featured_image_alt,category_details,tag_details\\&quot;,\\&quot;taxUrls\\&quot;:{\\&quot;categories\\&quot;:\\&quot;https:\\\/\\\/www.med.unc.edu\\\/cidd\\\/wp-json\\\/wp\\\/v2\\\/categories?per_page=100&amp;_fields=id,count,name,description,parent\\&quot;,\\&quot;tags\\&quot;:\\&quot;https:\\\/\\\/www.med.unc.edu\\\/cidd\\\/wp-json\\\/wp\\\/v2\\\/tags?per_page=100&amp;_fields=id,name,description\\&quot;}}],\\&quot;searchEnabled\\&quot;:false,\\&quot;readMoreOption\\&quot;:0,\\&quot;includeImage\\&quot;:0,\\&quot;includeDate\\&quot;:1,\\&quot;titleLines\\&quot;:\\&quot;4\\&quot;,\\&quot;includeExcerpt\\&quot;:1,\\&quot;includeCategories\\&quot;:0,\\&quot;includeTags\\&quot;:0,\\&quot;imageAspectRatio\\&quot;:\\&quot;3\\\/2\\&quot;,\\&quot;excerptLines\\&quot;:\\&quot;8\\&quot;}&quot;]}\"><\/som-cell>\n","protected":false},"excerpt":{"rendered":"<p>El Instituto Carolina para las discapacidades del desarrollo (CIDD por sus siglas en ingl\u00e9s) es parte de la Facultad de Medicina de la UNC y es un centro especializado que se dedica a la investigaci\u00f3n innovadora, ofrece oportunidades de capacitaci\u00f3n en atenci\u00f3n cl\u00ednica e investigaci\u00f3n, y brinda servicios cl\u00ednicos para apoyar a las personas con &hellip; <a href=\"https:\/\/www.med.unc.edu\/cidd\/en-espanol\/noticias-en-espanol\/\" aria-label=\"Read more about Noticias en espa\u00f1ol\">Read more<\/a><\/p>\n","protected":false},"author":85500,"featured_media":0,"parent":12,"menu_order":3,"comment_status":"closed","ping_status":"closed","template":"","meta":{"_acf_changed":false,"layout":"","cellInformation":"","apiCallInformation":"","footnotes":"","_links_to":"","_links_to_target":""},"class_list":["post-332","page","type-page","status-publish","hentry","odd"],"acf":[],"yoast_head":"<!-- This site is optimized with the Yoast SEO plugin v26.8 - https:\/\/yoast.com\/product\/yoast-seo-wordpress\/ -->\n<title>Noticias en espa\u00f1ol - The Carolina Institute for Developmental Disabilities<\/title>\n<meta name=\"robots\" content=\"index, follow, max-snippet:-1, max-image-preview:large, max-video-preview:-1\" \/>\n<link rel=\"canonical\" href=\"https:\/\/www.med.unc.edu\/cidd\/en-espanol\/noticias-en-espanol\/\" \/>\n<meta property=\"og:locale\" content=\"en_US\" \/>\n<meta property=\"og:type\" content=\"article\" \/>\n<meta property=\"og:title\" content=\"Noticias en espa\u00f1ol - The Carolina Institute for Developmental Disabilities\" \/>\n<meta property=\"og:description\" content=\"El Instituto Carolina para las discapacidades del desarrollo (CIDD por sus siglas en ingl\u00e9s) es parte de la Facultad de Medicina de la UNC y es un centro especializado que se dedica a la investigaci\u00f3n innovadora, ofrece oportunidades de capacitaci\u00f3n en atenci\u00f3n cl\u00ednica e investigaci\u00f3n, y brinda servicios cl\u00ednicos para apoyar a las personas con &hellip; Read more\" \/>\n<meta property=\"og:url\" content=\"https:\/\/www.med.unc.edu\/cidd\/en-espanol\/noticias-en-espanol\/\" \/>\n<meta property=\"og:site_name\" content=\"The Carolina Institute for Developmental Disabilities\" \/>\n<meta property=\"article:modified_time\" content=\"2024-07-29T19:24:29+00:00\" \/>\n<meta name=\"twitter:card\" content=\"summary_large_image\" \/>\n<script type=\"application\/ld+json\" class=\"yoast-schema-graph\">{\"@context\":\"https:\/\/schema.org\",\"@graph\":[{\"@type\":\"WebPage\",\"@id\":\"https:\/\/www.med.unc.edu\/cidd\/en-espanol\/noticias-en-espanol\/\",\"url\":\"https:\/\/www.med.unc.edu\/cidd\/en-espanol\/noticias-en-espanol\/\",\"name\":\"Noticias en espa\u00f1ol - The Carolina Institute for Developmental Disabilities\",\"isPartOf\":{\"@id\":\"https:\/\/www.med.unc.edu\/cidd\/#website\"},\"datePublished\":\"2024-04-16T20:11:20+00:00\",\"dateModified\":\"2024-07-29T19:24:29+00:00\",\"breadcrumb\":{\"@id\":\"https:\/\/www.med.unc.edu\/cidd\/en-espanol\/noticias-en-espanol\/#breadcrumb\"},\"inLanguage\":\"en-US\",\"potentialAction\":[{\"@type\":\"ReadAction\",\"target\":[\"https:\/\/www.med.unc.edu\/cidd\/en-espanol\/noticias-en-espanol\/\"]}]},{\"@type\":\"BreadcrumbList\",\"@id\":\"https:\/\/www.med.unc.edu\/cidd\/en-espanol\/noticias-en-espanol\/#breadcrumb\",\"itemListElement\":[{\"@type\":\"ListItem\",\"position\":1,\"name\":\"Home\",\"item\":\"https:\/\/www.med.unc.edu\/cidd\/\"},{\"@type\":\"ListItem\",\"position\":2,\"name\":\"Bienvenido al Instituto Carolina para las discapacidades del desarrollo\",\"item\":\"https:\/\/www.med.unc.edu\/cidd\/en-espanol\/\"},{\"@type\":\"ListItem\",\"position\":3,\"name\":\"Noticias en espa\u00f1ol\"}]},{\"@type\":\"WebSite\",\"@id\":\"https:\/\/www.med.unc.edu\/cidd\/#website\",\"url\":\"https:\/\/www.med.unc.edu\/cidd\/\",\"name\":\"The Carolina Institute for Developmental Disabilities\",\"description\":\"\",\"potentialAction\":[{\"@type\":\"SearchAction\",\"target\":{\"@type\":\"EntryPoint\",\"urlTemplate\":\"https:\/\/www.med.unc.edu\/cidd\/?s={search_term_string}\"},\"query-input\":{\"@type\":\"PropertyValueSpecification\",\"valueRequired\":true,\"valueName\":\"search_term_string\"}}],\"inLanguage\":\"en-US\"}]}<\/script>\n<!-- \/ Yoast SEO plugin. -->","yoast_head_json":{"title":"Noticias en espa\u00f1ol - The Carolina Institute for Developmental Disabilities","robots":{"index":"index","follow":"follow","max-snippet":"max-snippet:-1","max-image-preview":"max-image-preview:large","max-video-preview":"max-video-preview:-1"},"canonical":"https:\/\/www.med.unc.edu\/cidd\/en-espanol\/noticias-en-espanol\/","og_locale":"en_US","og_type":"article","og_title":"Noticias en espa\u00f1ol - The Carolina Institute for Developmental Disabilities","og_description":"El Instituto Carolina para las discapacidades del desarrollo (CIDD por sus siglas en ingl\u00e9s) es parte de la Facultad de Medicina de la UNC y es un centro especializado que se dedica a la investigaci\u00f3n innovadora, ofrece oportunidades de capacitaci\u00f3n en atenci\u00f3n cl\u00ednica e investigaci\u00f3n, y brinda servicios cl\u00ednicos para apoyar a las personas con &hellip; Read more","og_url":"https:\/\/www.med.unc.edu\/cidd\/en-espanol\/noticias-en-espanol\/","og_site_name":"The Carolina Institute for Developmental Disabilities","article_modified_time":"2024-07-29T19:24:29+00:00","twitter_card":"summary_large_image","schema":{"@context":"https:\/\/schema.org","@graph":[{"@type":"WebPage","@id":"https:\/\/www.med.unc.edu\/cidd\/en-espanol\/noticias-en-espanol\/","url":"https:\/\/www.med.unc.edu\/cidd\/en-espanol\/noticias-en-espanol\/","name":"Noticias en espa\u00f1ol - The Carolina Institute for Developmental Disabilities","isPartOf":{"@id":"https:\/\/www.med.unc.edu\/cidd\/#website"},"datePublished":"2024-04-16T20:11:20+00:00","dateModified":"2024-07-29T19:24:29+00:00","breadcrumb":{"@id":"https:\/\/www.med.unc.edu\/cidd\/en-espanol\/noticias-en-espanol\/#breadcrumb"},"inLanguage":"en-US","potentialAction":[{"@type":"ReadAction","target":["https:\/\/www.med.unc.edu\/cidd\/en-espanol\/noticias-en-espanol\/"]}]},{"@type":"BreadcrumbList","@id":"https:\/\/www.med.unc.edu\/cidd\/en-espanol\/noticias-en-espanol\/#breadcrumb","itemListElement":[{"@type":"ListItem","position":1,"name":"Home","item":"https:\/\/www.med.unc.edu\/cidd\/"},{"@type":"ListItem","position":2,"name":"Bienvenido al Instituto Carolina para las discapacidades del desarrollo","item":"https:\/\/www.med.unc.edu\/cidd\/en-espanol\/"},{"@type":"ListItem","position":3,"name":"Noticias en espa\u00f1ol"}]},{"@type":"WebSite","@id":"https:\/\/www.med.unc.edu\/cidd\/#website","url":"https:\/\/www.med.unc.edu\/cidd\/","name":"The Carolina Institute for Developmental Disabilities","description":"","potentialAction":[{"@type":"SearchAction","target":{"@type":"EntryPoint","urlTemplate":"https:\/\/www.med.unc.edu\/cidd\/?s={search_term_string}"},"query-input":{"@type":"PropertyValueSpecification","valueRequired":true,"valueName":"search_term_string"}}],"inLanguage":"en-US"}]}},"_links_to":[],"_links_to_target":[],"_links":{"self":[{"href":"https:\/\/www.med.unc.edu\/cidd\/wp-json\/wp\/v2\/pages\/332","targetHints":{"allow":["GET"]}}],"collection":[{"href":"https:\/\/www.med.unc.edu\/cidd\/wp-json\/wp\/v2\/pages"}],"about":[{"href":"https:\/\/www.med.unc.edu\/cidd\/wp-json\/wp\/v2\/types\/page"}],"author":[{"embeddable":true,"href":"https:\/\/www.med.unc.edu\/cidd\/wp-json\/wp\/v2\/users\/85500"}],"replies":[{"embeddable":true,"href":"https:\/\/www.med.unc.edu\/cidd\/wp-json\/wp\/v2\/comments?post=332"}],"version-history":[{"count":0,"href":"https:\/\/www.med.unc.edu\/cidd\/wp-json\/wp\/v2\/pages\/332\/revisions"}],"up":[{"embeddable":true,"href":"https:\/\/www.med.unc.edu\/cidd\/wp-json\/wp\/v2\/pages\/12"}],"wp:attachment":[{"href":"https:\/\/www.med.unc.edu\/cidd\/wp-json\/wp\/v2\/media?parent=332"}],"curies":[{"name":"wp","href":"https:\/\/api.w.org\/{rel}","templated":true}]}}