{"id":334,"date":"2024-04-16T16:13:26","date_gmt":"2024-04-16T20:13:26","guid":{"rendered":"https:\/\/www.med.unc.edu\/cidd\/?page_id=334"},"modified":"2026-03-06T11:48:41","modified_gmt":"2026-03-06T16:48:41","slug":"serie-de-conversaciones-con-la-comunidad","status":"publish","type":"page","link":"https:\/\/www.med.unc.edu\/cidd\/en-espanol\/serie-de-conversaciones-con-la-comunidad\/","title":{"rendered":"Serie de conversaciones con la comunidad"},"content":{"rendered":"<h2 class=\"www-somHeader\">\u00danase a nosotros para conocer los avances recientes en discapacidades del desarrollo<\/h2>\n<p>El Instituto Carolina para las discapacidades del desarrollo (CIDD por sus siglas en ingl\u00e9s) presenta una serie de conversaciones para compartir informaci\u00f3n sobre los avances recientes en discapacidades del desarrollo. Estas sesiones son una excelente oportunidad para padres, maestros, profesionales y otros interesados en aprender m\u00e1s sobre temas espec\u00edficos en discapacidades del desarrollo. Todas las conversaciones son gratuitas y todos son bienvenidos. Para algunas conversaciones, los int\u00e9rpretes proporcionan traducciones al espa\u00f1ol en vivo.<\/p>\n<ul>\n<li data-leveltext=\"\uf0b7\" data-font=\"Symbol\" data-listid=\"6\" data-list-defn-props=\"{&quot;335552541&quot;:1,&quot;335559685&quot;:720,&quot;335559991&quot;:360,&quot;469769226&quot;:&quot;Symbol&quot;,&quot;469769242&quot;:[8226],&quot;469777803&quot;:&quot;left&quot;,&quot;469777804&quot;:&quot;\uf0b7&quot;,&quot;469777815&quot;:&quot;hybridMultilevel&quot;}\" data-aria-posinset=\"1\" data-aria-level=\"1\"><b><span data-contrast=\"none\">\u00bfPreguntas? \u00bfComentarios?\u00a0<\/span><\/b><span data-contrast=\"none\">Si desea obtener m\u00e1s informaci\u00f3n sobre la serie de conversaciones con la comunidad, por favor cont\u00e1ctenos en <\/span><a href=\"mailto:anna.ward@cidd.unc.edu\"><span data-contrast=\"none\">anna.ward@cidd.unc.edu<\/span><\/a><span data-contrast=\"none\">.<\/span><span data-ccp-props=\"{&quot;134233117&quot;:false,&quot;134233118&quot;:false,&quot;201341983&quot;:0,&quot;335559739&quot;:0,&quot;335559740&quot;:259}\">\u00a0<\/span><\/li>\n<\/ul>\n<p><a href=\"https:\/\/www.med.unc.edu\/cidd\/wp-content\/uploads\/sites\/1401\/2026\/03\/Spanish-Community-Talk-Series-Spring-2026.pdf\">\u00danese a la serie de conversaciones con la comunidad CIDD primavera 2026<\/a><\/p>\n","protected":false},"excerpt":{"rendered":"<p>El Instituto Carolina para las discapacidades del desarrollo (CIDD por sus siglas en ingl\u00e9s) presenta una serie de conversaciones para compartir informaci\u00f3n sobre los avances recientes en discapacidades del desarrollo. Estas sesiones son una excelente oportunidad para padres, maestros, profesionales y otros interesados en aprender m\u00e1s sobre temas espec\u00edficos en discapacidades del desarrollo. Todas las &hellip; <a href=\"https:\/\/www.med.unc.edu\/cidd\/en-espanol\/serie-de-conversaciones-con-la-comunidad\/\" aria-label=\"Read more about Serie de conversaciones con la comunidad\">Read more<\/a><\/p>\n","protected":false},"author":85500,"featured_media":0,"parent":12,"menu_order":1,"comment_status":"closed","ping_status":"closed","template":"","meta":{"_acf_changed":false,"layout":"","cellInformation":"","apiCallInformation":"","footnotes":"","_links_to":"","_links_to_target":""},"class_list":["post-334","page","type-page","status-publish","hentry","odd"],"acf":[],"yoast_head":"<!-- This site is optimized with the Yoast SEO plugin v26.8 - https:\/\/yoast.com\/product\/yoast-seo-wordpress\/ -->\n<title>Serie de conversaciones con la comunidad - The Carolina Institute for Developmental Disabilities<\/title>\n<meta name=\"robots\" content=\"index, follow, max-snippet:-1, max-image-preview:large, max-video-preview:-1\" \/>\n<link rel=\"canonical\" href=\"https:\/\/www.med.unc.edu\/cidd\/en-espanol\/serie-de-conversaciones-con-la-comunidad\/\" \/>\n<meta property=\"og:locale\" content=\"en_US\" \/>\n<meta property=\"og:type\" content=\"article\" \/>\n<meta property=\"og:title\" content=\"Serie de conversaciones con la comunidad - The Carolina Institute for Developmental Disabilities\" \/>\n<meta property=\"og:description\" content=\"El Instituto Carolina para las discapacidades del desarrollo (CIDD por sus siglas en ingl\u00e9s) presenta una serie de conversaciones para compartir informaci\u00f3n sobre los avances recientes en discapacidades del desarrollo. Estas sesiones son una excelente oportunidad para padres, maestros, profesionales y otros interesados en aprender m\u00e1s sobre temas espec\u00edficos en discapacidades del desarrollo. Todas las &hellip; Read more\" \/>\n<meta property=\"og:url\" content=\"https:\/\/www.med.unc.edu\/cidd\/en-espanol\/serie-de-conversaciones-con-la-comunidad\/\" \/>\n<meta property=\"og:site_name\" content=\"The Carolina Institute for Developmental Disabilities\" \/>\n<meta property=\"article:modified_time\" content=\"2026-03-06T16:48:41+00:00\" \/>\n<meta name=\"twitter:card\" content=\"summary_large_image\" \/>\n<meta name=\"twitter:label1\" content=\"Est. reading time\" \/>\n\t<meta name=\"twitter:data1\" content=\"1 minute\" \/>\n<script type=\"application\/ld+json\" class=\"yoast-schema-graph\">{\"@context\":\"https:\/\/schema.org\",\"@graph\":[{\"@type\":\"WebPage\",\"@id\":\"https:\/\/www.med.unc.edu\/cidd\/en-espanol\/serie-de-conversaciones-con-la-comunidad\/\",\"url\":\"https:\/\/www.med.unc.edu\/cidd\/en-espanol\/serie-de-conversaciones-con-la-comunidad\/\",\"name\":\"Serie de conversaciones con la comunidad - The Carolina Institute for Developmental Disabilities\",\"isPartOf\":{\"@id\":\"https:\/\/www.med.unc.edu\/cidd\/#website\"},\"datePublished\":\"2024-04-16T20:13:26+00:00\",\"dateModified\":\"2026-03-06T16:48:41+00:00\",\"breadcrumb\":{\"@id\":\"https:\/\/www.med.unc.edu\/cidd\/en-espanol\/serie-de-conversaciones-con-la-comunidad\/#breadcrumb\"},\"inLanguage\":\"en-US\",\"potentialAction\":[{\"@type\":\"ReadAction\",\"target\":[\"https:\/\/www.med.unc.edu\/cidd\/en-espanol\/serie-de-conversaciones-con-la-comunidad\/\"]}]},{\"@type\":\"BreadcrumbList\",\"@id\":\"https:\/\/www.med.unc.edu\/cidd\/en-espanol\/serie-de-conversaciones-con-la-comunidad\/#breadcrumb\",\"itemListElement\":[{\"@type\":\"ListItem\",\"position\":1,\"name\":\"Home\",\"item\":\"https:\/\/www.med.unc.edu\/cidd\/\"},{\"@type\":\"ListItem\",\"position\":2,\"name\":\"Bienvenido al Instituto Carolina para las discapacidades del desarrollo\",\"item\":\"https:\/\/www.med.unc.edu\/cidd\/en-espanol\/\"},{\"@type\":\"ListItem\",\"position\":3,\"name\":\"Serie de conversaciones con la comunidad\"}]},{\"@type\":\"WebSite\",\"@id\":\"https:\/\/www.med.unc.edu\/cidd\/#website\",\"url\":\"https:\/\/www.med.unc.edu\/cidd\/\",\"name\":\"The Carolina Institute for Developmental Disabilities\",\"description\":\"\",\"potentialAction\":[{\"@type\":\"SearchAction\",\"target\":{\"@type\":\"EntryPoint\",\"urlTemplate\":\"https:\/\/www.med.unc.edu\/cidd\/?s={search_term_string}\"},\"query-input\":{\"@type\":\"PropertyValueSpecification\",\"valueRequired\":true,\"valueName\":\"search_term_string\"}}],\"inLanguage\":\"en-US\"}]}<\/script>\n<!-- \/ Yoast SEO plugin. -->","yoast_head_json":{"title":"Serie de conversaciones con la comunidad - The Carolina Institute for Developmental Disabilities","robots":{"index":"index","follow":"follow","max-snippet":"max-snippet:-1","max-image-preview":"max-image-preview:large","max-video-preview":"max-video-preview:-1"},"canonical":"https:\/\/www.med.unc.edu\/cidd\/en-espanol\/serie-de-conversaciones-con-la-comunidad\/","og_locale":"en_US","og_type":"article","og_title":"Serie de conversaciones con la comunidad - The Carolina Institute for Developmental Disabilities","og_description":"El Instituto Carolina para las discapacidades del desarrollo (CIDD por sus siglas en ingl\u00e9s) presenta una serie de conversaciones para compartir informaci\u00f3n sobre los avances recientes en discapacidades del desarrollo. Estas sesiones son una excelente oportunidad para padres, maestros, profesionales y otros interesados en aprender m\u00e1s sobre temas espec\u00edficos en discapacidades del desarrollo. Todas las &hellip; Read more","og_url":"https:\/\/www.med.unc.edu\/cidd\/en-espanol\/serie-de-conversaciones-con-la-comunidad\/","og_site_name":"The Carolina Institute for Developmental Disabilities","article_modified_time":"2026-03-06T16:48:41+00:00","twitter_card":"summary_large_image","twitter_misc":{"Est. reading time":"1 minute"},"schema":{"@context":"https:\/\/schema.org","@graph":[{"@type":"WebPage","@id":"https:\/\/www.med.unc.edu\/cidd\/en-espanol\/serie-de-conversaciones-con-la-comunidad\/","url":"https:\/\/www.med.unc.edu\/cidd\/en-espanol\/serie-de-conversaciones-con-la-comunidad\/","name":"Serie de conversaciones con la comunidad - The Carolina Institute for Developmental Disabilities","isPartOf":{"@id":"https:\/\/www.med.unc.edu\/cidd\/#website"},"datePublished":"2024-04-16T20:13:26+00:00","dateModified":"2026-03-06T16:48:41+00:00","breadcrumb":{"@id":"https:\/\/www.med.unc.edu\/cidd\/en-espanol\/serie-de-conversaciones-con-la-comunidad\/#breadcrumb"},"inLanguage":"en-US","potentialAction":[{"@type":"ReadAction","target":["https:\/\/www.med.unc.edu\/cidd\/en-espanol\/serie-de-conversaciones-con-la-comunidad\/"]}]},{"@type":"BreadcrumbList","@id":"https:\/\/www.med.unc.edu\/cidd\/en-espanol\/serie-de-conversaciones-con-la-comunidad\/#breadcrumb","itemListElement":[{"@type":"ListItem","position":1,"name":"Home","item":"https:\/\/www.med.unc.edu\/cidd\/"},{"@type":"ListItem","position":2,"name":"Bienvenido al Instituto Carolina para las discapacidades del desarrollo","item":"https:\/\/www.med.unc.edu\/cidd\/en-espanol\/"},{"@type":"ListItem","position":3,"name":"Serie de conversaciones con la comunidad"}]},{"@type":"WebSite","@id":"https:\/\/www.med.unc.edu\/cidd\/#website","url":"https:\/\/www.med.unc.edu\/cidd\/","name":"The Carolina Institute for Developmental Disabilities","description":"","potentialAction":[{"@type":"SearchAction","target":{"@type":"EntryPoint","urlTemplate":"https:\/\/www.med.unc.edu\/cidd\/?s={search_term_string}"},"query-input":{"@type":"PropertyValueSpecification","valueRequired":true,"valueName":"search_term_string"}}],"inLanguage":"en-US"}]}},"_links_to":[],"_links_to_target":[],"_links":{"self":[{"href":"https:\/\/www.med.unc.edu\/cidd\/wp-json\/wp\/v2\/pages\/334","targetHints":{"allow":["GET"]}}],"collection":[{"href":"https:\/\/www.med.unc.edu\/cidd\/wp-json\/wp\/v2\/pages"}],"about":[{"href":"https:\/\/www.med.unc.edu\/cidd\/wp-json\/wp\/v2\/types\/page"}],"author":[{"embeddable":true,"href":"https:\/\/www.med.unc.edu\/cidd\/wp-json\/wp\/v2\/users\/85500"}],"replies":[{"embeddable":true,"href":"https:\/\/www.med.unc.edu\/cidd\/wp-json\/wp\/v2\/comments?post=334"}],"version-history":[{"count":2,"href":"https:\/\/www.med.unc.edu\/cidd\/wp-json\/wp\/v2\/pages\/334\/revisions"}],"predecessor-version":[{"id":2199,"href":"https:\/\/www.med.unc.edu\/cidd\/wp-json\/wp\/v2\/pages\/334\/revisions\/2199"}],"up":[{"embeddable":true,"href":"https:\/\/www.med.unc.edu\/cidd\/wp-json\/wp\/v2\/pages\/12"}],"wp:attachment":[{"href":"https:\/\/www.med.unc.edu\/cidd\/wp-json\/wp\/v2\/media?parent=334"}],"curies":[{"name":"wp","href":"https:\/\/api.w.org\/{rel}","templated":true}]}}