{"id":2798,"date":"2018-02-06T09:13:07","date_gmt":"2018-02-06T14:13:07","guid":{"rendered":"https:\/\/www.med.unc.edu\/fammed\/weightmanagement\/?page_id=2798"},"modified":"2018-02-06T09:25:20","modified_gmt":"2018-02-06T14:25:20","slug":"para-pacientes-del-centro-de-medicina-familiar","status":"publish","type":"page","link":"https:\/\/www.med.unc.edu\/fammed\/weightmanagement\/para-pacientes-del-centro-de-medicina-familiar\/","title":{"rendered":"Para Pacientes del Centro de Medicina Familiar"},"content":{"rendered":"<p class=\"lead\">El Centro de Medicina Familiar de la UNC ofrece un programa para ayudar a los pacientes de Medicina Familiar a perder peso, llevar vidas m\u00e1s saludables y maximizar su bienestar. Los participantes del programa se re\u00fanen peri\u00f3dicamente con un consejero individualmente y\/o en un grupo para discutir sus objetivos de p\u00e9rdida de peso y desarrollar un plan de p\u00e9rdida de peso individualizado. Los pacientes tambi\u00e9n pueden recibir referencias a especialistas tales como dietistas o cirujanos bari\u00e1tricos para obtener m\u00e1s ayuda como sea necesario. Si est\u00e1 interesado en ser referido al programa, \u00a1hable con su proveedor!<\/p>\n<h2>\u00bfQui\u00e9n califica para el Programa del Control de Peso?<\/h2>\n<p>El programa del control de peso est\u00e1 abierto a todos los pacientes calificados en el Centro de Medicina Familiar. Hable con su proveedor de cuidado primario (PCP) para obtener una referencia.<\/p>\n<h3><em>Criterio general:<\/em><\/h3>\n<ul class=\"orange-bullet-closed\">\n<li>\u00cdndice de masa corporal (IMC) de 30 o m\u00e1s<\/li>\n<li>Paciente de Medicina Familiar establecido<\/li>\n<li>Disposici\u00f3n para comprometerse con el programa completo<\/li>\n<li>Mayor de 18 a\u00f1os de edad<\/li>\n<\/ul>\n<h2>\u00bfQu\u00e9 est\u00e1 incluido en el Programa del Control de Peso?<\/h2>\n<p>Se espera que los pacientes se re\u00fanan con su consejero regularmente durante seis a doce meses, seg\u00fan las metas del paciente y el progreso. Los pacientes primero tienen una cita inicial de orientaci\u00f3n grupal de 90 minutos; las visitas de seguimiento son de 30 minutos. Con el fin de garantizar el \u00e9xito del programa, los pacientes asisten a sesiones semanales durante el primer mes del programa, y luego a sesiones bisemanales a partir de entonces.<\/p>\n<h2>\u00bfCu\u00e1ndo puedo presentarme para el Programa del Control de Peso?<\/h2>\n<p>Los horarios de las citas var\u00edan. Por el momento, los pacientes pueden ver a su consejero los lunes, martes o jueves. Debe obtener una referencia de su proveedor para inscribirse en el programa.<\/p>\n<h2>\u00bfCu\u00e1l es el costo del Programa del Control de Peso? \u00bfEst\u00e1 cubierto por el seguro m\u00e9dico?<\/h2>\n<p>Los pacientes pueden esperar pagar un copago por la consulta inicial (copago t\u00edpico de PCP), luego las siguientes visitas son gratuitas. Todos los pacientes son vistos independientemente del estatus del seguro m\u00e9dico o del tipo de seguro.<\/p>\n<h2>Cont\u00e1ctenos:<\/h2>\n<p>590 Manning Drive<br \/>\nChapel Hill, NC 27599<br \/>\nEl Centro de Medicina Familiar de UNC en Chapel Hill (para pacientes)<br \/>\nTel\u00e9fono: (984) 974-0210<\/p>\n","protected":false},"excerpt":{"rendered":"<p>El Centro de Medicina Familiar de la UNC ofrece un programa para ayudar a los pacientes de Medicina Familiar a perder peso, llevar vidas m\u00e1s saludables y maximizar su bienestar. Los participantes del programa se re\u00fanen peri\u00f3dicamente con un consejero individualmente y\/o en un grupo para discutir sus objetivos de p\u00e9rdida de peso y desarrollar &hellip; <a href=\"https:\/\/www.med.unc.edu\/fammed\/weightmanagement\/para-pacientes-del-centro-de-medicina-familiar\/\" aria-label=\"Read more about Para Pacientes del Centro de Medicina Familiar\">Read more<\/a><\/p>\n","protected":false},"author":31342,"featured_media":2664,"parent":0,"menu_order":4,"comment_status":"closed","ping_status":"closed","template":"","meta":{"_acf_changed":false,"footnotes":"","_links_to":"","_links_to_target":""},"class_list":["post-2798","page","type-page","status-publish","has-post-thumbnail","hentry","odd"],"acf":[],"yoast_head":"<!-- This site is optimized with the Yoast SEO plugin v26.8 - https:\/\/yoast.com\/product\/yoast-seo-wordpress\/ -->\n<title>Para Pacientes del Centro de Medicina Familiar - UNC Weight Management Program<\/title>\n<meta name=\"robots\" content=\"index, follow, max-snippet:-1, max-image-preview:large, max-video-preview:-1\" \/>\n<link rel=\"canonical\" href=\"https:\/\/www.med.unc.edu\/fammed\/weightmanagement\/para-pacientes-del-centro-de-medicina-familiar\/\" \/>\n<meta property=\"og:locale\" content=\"en_US\" \/>\n<meta property=\"og:type\" content=\"article\" \/>\n<meta property=\"og:title\" content=\"Para Pacientes del Centro de Medicina Familiar - UNC Weight Management Program\" \/>\n<meta property=\"og:description\" content=\"El Centro de Medicina Familiar de la UNC ofrece un programa para ayudar a los pacientes de Medicina Familiar a perder peso, llevar vidas m\u00e1s saludables y maximizar su bienestar. Los participantes del programa se re\u00fanen peri\u00f3dicamente con un consejero individualmente y\/o en un grupo para discutir sus objetivos de p\u00e9rdida de peso y desarrollar &hellip; Read more\" \/>\n<meta property=\"og:url\" content=\"https:\/\/www.med.unc.edu\/fammed\/weightmanagement\/para-pacientes-del-centro-de-medicina-familiar\/\" \/>\n<meta property=\"og:site_name\" content=\"UNC Weight Management Program\" \/>\n<meta property=\"article:modified_time\" content=\"2018-02-06T14:25:20+00:00\" \/>\n<meta property=\"og:image\" content=\"https:\/\/www.med.unc.edu\/fammed\/weightmanagement\/wp-content\/uploads\/sites\/497\/2018\/01\/WMP-banner-for-FMC-patients.jpg\" \/>\n\t<meta property=\"og:image:width\" content=\"1600\" \/>\n\t<meta property=\"og:image:height\" content=\"400\" \/>\n\t<meta property=\"og:image:type\" content=\"image\/jpeg\" \/>\n<meta name=\"twitter:card\" content=\"summary_large_image\" \/>\n<meta name=\"twitter:label1\" content=\"Est. reading time\" \/>\n\t<meta name=\"twitter:data1\" content=\"2 minutes\" \/>\n<script type=\"application\/ld+json\" class=\"yoast-schema-graph\">{\"@context\":\"https:\/\/schema.org\",\"@graph\":[{\"@type\":\"WebPage\",\"@id\":\"https:\/\/www.med.unc.edu\/fammed\/weightmanagement\/para-pacientes-del-centro-de-medicina-familiar\/\",\"url\":\"https:\/\/www.med.unc.edu\/fammed\/weightmanagement\/para-pacientes-del-centro-de-medicina-familiar\/\",\"name\":\"Para Pacientes del Centro de Medicina Familiar - UNC Weight Management Program\",\"isPartOf\":{\"@id\":\"https:\/\/www.med.unc.edu\/fammed\/weightmanagement\/#website\"},\"primaryImageOfPage\":{\"@id\":\"https:\/\/www.med.unc.edu\/fammed\/weightmanagement\/para-pacientes-del-centro-de-medicina-familiar\/#primaryimage\"},\"image\":{\"@id\":\"https:\/\/www.med.unc.edu\/fammed\/weightmanagement\/para-pacientes-del-centro-de-medicina-familiar\/#primaryimage\"},\"thumbnailUrl\":\"https:\/\/www.med.unc.edu\/fammed\/weightmanagement\/wp-content\/uploads\/sites\/497\/2018\/01\/WMP-banner-for-FMC-patients.jpg\",\"datePublished\":\"2018-02-06T14:13:07+00:00\",\"dateModified\":\"2018-02-06T14:25:20+00:00\",\"breadcrumb\":{\"@id\":\"https:\/\/www.med.unc.edu\/fammed\/weightmanagement\/para-pacientes-del-centro-de-medicina-familiar\/#breadcrumb\"},\"inLanguage\":\"en-US\",\"potentialAction\":[{\"@type\":\"ReadAction\",\"target\":[\"https:\/\/www.med.unc.edu\/fammed\/weightmanagement\/para-pacientes-del-centro-de-medicina-familiar\/\"]}]},{\"@type\":\"ImageObject\",\"inLanguage\":\"en-US\",\"@id\":\"https:\/\/www.med.unc.edu\/fammed\/weightmanagement\/para-pacientes-del-centro-de-medicina-familiar\/#primaryimage\",\"url\":\"https:\/\/www.med.unc.edu\/fammed\/weightmanagement\/wp-content\/uploads\/sites\/497\/2018\/01\/WMP-banner-for-FMC-patients.jpg\",\"contentUrl\":\"https:\/\/www.med.unc.edu\/fammed\/weightmanagement\/wp-content\/uploads\/sites\/497\/2018\/01\/WMP-banner-for-FMC-patients.jpg\",\"width\":1600,\"height\":400},{\"@type\":\"BreadcrumbList\",\"@id\":\"https:\/\/www.med.unc.edu\/fammed\/weightmanagement\/para-pacientes-del-centro-de-medicina-familiar\/#breadcrumb\",\"itemListElement\":[{\"@type\":\"ListItem\",\"position\":1,\"name\":\"Home\",\"item\":\"https:\/\/www.med.unc.edu\/fammed\/weightmanagement\/\"},{\"@type\":\"ListItem\",\"position\":2,\"name\":\"Para Pacientes del Centro de Medicina Familiar\"}]},{\"@type\":\"WebSite\",\"@id\":\"https:\/\/www.med.unc.edu\/fammed\/weightmanagement\/#website\",\"url\":\"https:\/\/www.med.unc.edu\/fammed\/weightmanagement\/\",\"name\":\"UNC Weight Management Program\",\"description\":\"Department of Family Medicine\",\"potentialAction\":[{\"@type\":\"SearchAction\",\"target\":{\"@type\":\"EntryPoint\",\"urlTemplate\":\"https:\/\/www.med.unc.edu\/fammed\/weightmanagement\/?s={search_term_string}\"},\"query-input\":{\"@type\":\"PropertyValueSpecification\",\"valueRequired\":true,\"valueName\":\"search_term_string\"}}],\"inLanguage\":\"en-US\"}]}<\/script>\n<!-- \/ Yoast SEO plugin. -->","yoast_head_json":{"title":"Para Pacientes del Centro de Medicina Familiar - UNC Weight Management Program","robots":{"index":"index","follow":"follow","max-snippet":"max-snippet:-1","max-image-preview":"max-image-preview:large","max-video-preview":"max-video-preview:-1"},"canonical":"https:\/\/www.med.unc.edu\/fammed\/weightmanagement\/para-pacientes-del-centro-de-medicina-familiar\/","og_locale":"en_US","og_type":"article","og_title":"Para Pacientes del Centro de Medicina Familiar - UNC Weight Management Program","og_description":"El Centro de Medicina Familiar de la UNC ofrece un programa para ayudar a los pacientes de Medicina Familiar a perder peso, llevar vidas m\u00e1s saludables y maximizar su bienestar. Los participantes del programa se re\u00fanen peri\u00f3dicamente con un consejero individualmente y\/o en un grupo para discutir sus objetivos de p\u00e9rdida de peso y desarrollar &hellip; Read more","og_url":"https:\/\/www.med.unc.edu\/fammed\/weightmanagement\/para-pacientes-del-centro-de-medicina-familiar\/","og_site_name":"UNC Weight Management Program","article_modified_time":"2018-02-06T14:25:20+00:00","og_image":[{"width":1600,"height":400,"url":"https:\/\/www.med.unc.edu\/fammed\/weightmanagement\/wp-content\/uploads\/sites\/497\/2018\/01\/WMP-banner-for-FMC-patients.jpg","type":"image\/jpeg"}],"twitter_card":"summary_large_image","twitter_misc":{"Est. reading time":"2 minutes"},"schema":{"@context":"https:\/\/schema.org","@graph":[{"@type":"WebPage","@id":"https:\/\/www.med.unc.edu\/fammed\/weightmanagement\/para-pacientes-del-centro-de-medicina-familiar\/","url":"https:\/\/www.med.unc.edu\/fammed\/weightmanagement\/para-pacientes-del-centro-de-medicina-familiar\/","name":"Para Pacientes del Centro de Medicina Familiar - UNC Weight Management Program","isPartOf":{"@id":"https:\/\/www.med.unc.edu\/fammed\/weightmanagement\/#website"},"primaryImageOfPage":{"@id":"https:\/\/www.med.unc.edu\/fammed\/weightmanagement\/para-pacientes-del-centro-de-medicina-familiar\/#primaryimage"},"image":{"@id":"https:\/\/www.med.unc.edu\/fammed\/weightmanagement\/para-pacientes-del-centro-de-medicina-familiar\/#primaryimage"},"thumbnailUrl":"https:\/\/www.med.unc.edu\/fammed\/weightmanagement\/wp-content\/uploads\/sites\/497\/2018\/01\/WMP-banner-for-FMC-patients.jpg","datePublished":"2018-02-06T14:13:07+00:00","dateModified":"2018-02-06T14:25:20+00:00","breadcrumb":{"@id":"https:\/\/www.med.unc.edu\/fammed\/weightmanagement\/para-pacientes-del-centro-de-medicina-familiar\/#breadcrumb"},"inLanguage":"en-US","potentialAction":[{"@type":"ReadAction","target":["https:\/\/www.med.unc.edu\/fammed\/weightmanagement\/para-pacientes-del-centro-de-medicina-familiar\/"]}]},{"@type":"ImageObject","inLanguage":"en-US","@id":"https:\/\/www.med.unc.edu\/fammed\/weightmanagement\/para-pacientes-del-centro-de-medicina-familiar\/#primaryimage","url":"https:\/\/www.med.unc.edu\/fammed\/weightmanagement\/wp-content\/uploads\/sites\/497\/2018\/01\/WMP-banner-for-FMC-patients.jpg","contentUrl":"https:\/\/www.med.unc.edu\/fammed\/weightmanagement\/wp-content\/uploads\/sites\/497\/2018\/01\/WMP-banner-for-FMC-patients.jpg","width":1600,"height":400},{"@type":"BreadcrumbList","@id":"https:\/\/www.med.unc.edu\/fammed\/weightmanagement\/para-pacientes-del-centro-de-medicina-familiar\/#breadcrumb","itemListElement":[{"@type":"ListItem","position":1,"name":"Home","item":"https:\/\/www.med.unc.edu\/fammed\/weightmanagement\/"},{"@type":"ListItem","position":2,"name":"Para Pacientes del Centro de Medicina Familiar"}]},{"@type":"WebSite","@id":"https:\/\/www.med.unc.edu\/fammed\/weightmanagement\/#website","url":"https:\/\/www.med.unc.edu\/fammed\/weightmanagement\/","name":"UNC Weight Management Program","description":"Department of Family Medicine","potentialAction":[{"@type":"SearchAction","target":{"@type":"EntryPoint","urlTemplate":"https:\/\/www.med.unc.edu\/fammed\/weightmanagement\/?s={search_term_string}"},"query-input":{"@type":"PropertyValueSpecification","valueRequired":true,"valueName":"search_term_string"}}],"inLanguage":"en-US"}]}},"_links_to":[],"_links_to_target":[],"_links":{"self":[{"href":"https:\/\/www.med.unc.edu\/fammed\/weightmanagement\/wp-json\/wp\/v2\/pages\/2798","targetHints":{"allow":["GET"]}}],"collection":[{"href":"https:\/\/www.med.unc.edu\/fammed\/weightmanagement\/wp-json\/wp\/v2\/pages"}],"about":[{"href":"https:\/\/www.med.unc.edu\/fammed\/weightmanagement\/wp-json\/wp\/v2\/types\/page"}],"author":[{"embeddable":true,"href":"https:\/\/www.med.unc.edu\/fammed\/weightmanagement\/wp-json\/wp\/v2\/users\/31342"}],"replies":[{"embeddable":true,"href":"https:\/\/www.med.unc.edu\/fammed\/weightmanagement\/wp-json\/wp\/v2\/comments?post=2798"}],"version-history":[{"count":0,"href":"https:\/\/www.med.unc.edu\/fammed\/weightmanagement\/wp-json\/wp\/v2\/pages\/2798\/revisions"}],"wp:featuredmedia":[{"embeddable":true,"href":"https:\/\/www.med.unc.edu\/fammed\/weightmanagement\/wp-json\/wp\/v2\/media\/2664"}],"wp:attachment":[{"href":"https:\/\/www.med.unc.edu\/fammed\/weightmanagement\/wp-json\/wp\/v2\/media?parent=2798"}],"curies":[{"name":"wp","href":"https:\/\/api.w.org\/{rel}","templated":true}]}}