{"id":3038,"date":"2018-09-06T09:02:59","date_gmt":"2018-09-06T13:02:59","guid":{"rendered":"https:\/\/www.med.unc.edu\/fammed\/weightmanagement\/?page_id=3038"},"modified":"2020-09-02T16:55:27","modified_gmt":"2020-09-02T20:55:27","slug":"our-programs-new-2","status":"publish","type":"page","link":"https:\/\/www.med.unc.edu\/fammed\/weightmanagement\/our-programs-new-2\/","title":{"rendered":"Nuestros Programas"},"content":{"rendered":"<div class=\"department-intro\"><div class=\"wc-theme-box\"><h1>Nuestros Programas\n             <\/h1>\n<div class=\"row  oscitas-bootstrap-container\"><\/div>\n<div class=\"col-lg-8 col-md-8 col-xs-12 col-sm-12 oscitas-bootstrap-container\">\n<div class=\"soliloquy-outer-container\" data-soliloquy-loaded=\"0\"><div aria-live=\"polite\" id=\"soliloquy-container-2927\" class=\"soliloquy-container soliloquy-transition-fade soliloquy-fade soliloquy-controls-active soliloquy-arrows-active soliloquy-containersoliloquy-next background-color6495ED soliloquy-theme-karisma no-js\" style=\"max-width:768px;margin:0 auto 20px;\"><ul id=\"soliloquy-2927\" class=\"soliloquy-slider soliloquy-slides soliloquy-wrap soliloquy-clear\"><li aria-hidden=\"true\" class=\"soliloquy-item soliloquy-item-1 soliloquy-id-2928 soliloquy-image-slide\" draggable=\"false\" style=\"list-style:none;\"><img decoding=\"async\" loading=\"lazy\" id=\"soliloquy-image-2928\" class=\"soliloquy-image soliloquy-image-1\" src=\"https:\/\/www.med.unc.edu\/fammed\/weightmanagement\/wp-content\/uploads\/sites\/497\/2018\/08\/women-walking-2-768x513.jpg\" alt=\"Two senior black women walking for exercise\" \/><\/li><li aria-hidden=\"true\" class=\"soliloquy-item soliloquy-item-2 soliloquy-id-2985 soliloquy-image-slide\" draggable=\"false\" style=\"list-style:none;\"><img decoding=\"async\" loading=\"lazy\" id=\"soliloquy-image-2985\" class=\"soliloquy-image soliloquy-image-2 soliloquy-preload\" src=\"https:\/\/www.med.unc.edu\/fammed\/weightmanagement\/wp-content\/plugins\/soliloquy\/assets\/css\/images\/holder.gif\" data-soliloquy-src=\"https:\/\/www.med.unc.edu\/fammed\/weightmanagement\/wp-content\/uploads\/sites\/497\/2018\/08\/abundance-apples-blur-349730-1-768x509.jpg\" alt=\"abundance-apples-blur-349730\" \/><\/li><li aria-hidden=\"true\" class=\"soliloquy-item soliloquy-item-3 soliloquy-id-2938 soliloquy-image-slide\" draggable=\"false\" style=\"list-style:none;\"><img decoding=\"async\" loading=\"lazy\" id=\"soliloquy-image-2938\" class=\"soliloquy-image soliloquy-image-3 soliloquy-preload\" src=\"https:\/\/www.med.unc.edu\/fammed\/weightmanagement\/wp-content\/plugins\/soliloquy\/assets\/css\/images\/holder.gif\" data-soliloquy-src=\"https:\/\/www.med.unc.edu\/fammed\/weightmanagement\/wp-content\/uploads\/sites\/497\/2018\/08\/feet-in-fall-768x512.jpg\" alt=\"feet in fall\" \/><\/li><\/ul><\/div><noscript><div class=\"soliloquy-no-js\" style=\"display:none;visibility:hidden;height:0;line-height:0;opacity:0;\"><img decoding=\"async\" class=\"soliloquy-image soliloquy-no-js-image skip-lazy\" loading=\"lazy\" src=\"https:\/\/www.med.unc.edu\/fammed\/weightmanagement\/wp-content\/uploads\/sites\/497\/2018\/08\/women-walking-2-768x513.jpg\" alt=\"Two senior black women walking for exercise\" \/><img decoding=\"async\" class=\"soliloquy-image soliloquy-no-js-image skip-lazy\" loading=\"lazy\" src=\"https:\/\/www.med.unc.edu\/fammed\/weightmanagement\/wp-content\/uploads\/sites\/497\/2018\/08\/abundance-apples-blur-349730-1-768x509.jpg\" alt=\"abundance-apples-blur-349730\" \/><img decoding=\"async\" class=\"soliloquy-image soliloquy-no-js-image skip-lazy\" loading=\"lazy\" src=\"https:\/\/www.med.unc.edu\/fammed\/weightmanagement\/wp-content\/uploads\/sites\/497\/2018\/08\/feet-in-fall-768x512.jpg\" alt=\"feet in fall\" \/><\/div><\/noscript><\/div>\n<\/div>\n<div class=\"col-lg-4 col-md-4 col-xs-12 col-sm-12 oscitas-bootstrap-container\"><\/div>\n<p>El Centro de Medicina Familiar de la UNC ofrece un programa para ayudar a las personas con mayor riesgo de problemas de salud relacionados con el peso a perder peso, llevar vidas m\u00e1s saludables y maximizar su bienestar. Los participantes del programa se re\u00fanen peri\u00f3dicamente con un consejero individualmente y\/o en un grupo para discutir sus objetivos de p\u00e9rdida de peso y desarrollar un plan de p\u00e9rdida de peso individualizado. Los pacientes tambi\u00e9n pueden recibir referencias a especialistas tales como dietistas o cirujanos bari\u00e1tricos para obtener m\u00e1s ayuda como sea necesario. Si est\u00e1 interesado en ser referido al programa, \u00a1hable con su proveedor!<\/p>\n<\/div><\/div>\n<h4><\/h4>\n<h2 class=\"icon fa-user\">\u00bfQUI\u00c9N CUALIFICA PARA NUESTRO PROGRAMA PARA EL MANEJO DE PESO?<\/h2>\n<p><!--[fa-section id=\"user\"]\u00bfQUI\u00c9N CUALIFICA PARA NUESTRO PROGRAMA PARA EL MANEJO DE PESO?[\/fa-section] --><br \/>\n<strong>El Programa del Manejo de Peso de UNC est\u00e1 abierto para todos los participantes que cualifiquen.<\/strong><\/p>\n<p><strong>Criterio General:<\/strong><\/p>\n<ul>\n<li>M\u00e1s de 18 a\u00f1os de edad<\/li>\n<li>\u00cdndice de Masa Corporal (IMC) de 30 o m\u00e1s. Haga clic <a href=\"https:\/\/www.nhlbi.nih.gov\/health\/educational\/lose_wt\/BMI\/bmicalc.htm?source=quickfitnesssolutions\">aqu\u00ed<\/a> para calcular su IMC.<\/li>\n<li>IMC de 25 o m\u00e1s Y un diagnosis de presi\u00f3n alta, diabetes de tipo 2, osteoartritis, apnea obstructiva del sue\u00f1o, reflujo gastroesof\u00e1gico, s\u00edndrome de ovario poliqu\u00edstico, y\/o enfermedad del h\u00edgado relacionada con el peso.<\/li>\n<li>Disposici\u00f3n a comprometerse al programa completo (m\u00ednimo de 6 meses)<\/li>\n<\/ul>\n<h2 class=\"icon fa-question-circle\">\u00bfQu\u00e9 est\u00e1 incluido?<\/h2>\n<p><!--[fa-section id=\"star\"]\u00bfQu\u00e9 est\u00e1 incluido?[\/fa-section]--><\/p>\n<ul>\n<li>Se espera que los participantes se re\u00fanan con su consejero regularmente durante 6 a 12 meses, seg\u00fan sus metas y su progreso.<\/li>\n<li>Los participantes primero asisten a una orientaci\u00f3n inicial; las siguientes citas de seguimiento son citas individuales de 30 minutos.<\/li>\n<li>Los participantes que asisten citas 2 veces por mes durante los primeros 6 meses tienen mayor chance de alcanzar sus metas.<\/li>\n<\/ul>\n<h2 class=\"icon fa-clock-o\">\u00bfCU\u00c1NDO PUEDO CONSULTAR A UN M\u00c9DICO?<\/h2>\n<p><!--[fa-section id=\"clock-o\"]\u00bfCU\u00c1NDO PUEDO VENIR?[\/fa-section]--><br \/>\nLas horas de las citas var\u00edan:<\/p>\n<ul>\n<li>Citas individuales est\u00e1n disponibles los lunes, los martes por la tarde y los jueves.<\/li>\n<li>La consejer\u00eda grupal sucede los jueves desde las 4-5 de la tarde<\/li>\n<\/ul>\n<h2 class=\"icon fa-credit-card\">\u00bfCU\u00c1NTO CUESTA? \u00bfESTA CUBIERTO POR SEGURO?<\/h2>\n<p><!--[fa-section id=\"star\"]\u00bfCU\u00c1NTO CUESTA? \u00bfESTA CUBIERTO POR SEGURO?[\/fa-section]--><br \/>\nEste programa est\u00e1 asociado con dos cuotas.<\/p>\n<ul>\n<li>Fracturamos el seguro despu\u00e9s de cada visita. Si no puede pagar esta fractura, por favor llame al 984-974-0210 y pregunte a hablar con un consejero financiero. Si recibe m\u00e1s fracturas, favor de dejar a saber a uno de los consejeros del programa.<\/li>\n<\/ul>\n<p><em>*Si usted es un empleado de <a href=\"https:\/\/www.med.unc.edu\/fammed\/weightmanagement\/for-unc-healthcare-employees-2\/\">UNC Healthcare<\/a> (no de UNCPN o de Rex Healthcare) o parte de la Cl\u00ednica de Transiciones de Fibrilaci\u00f3n Auricular, su cuota de inscripci\u00f3n ser\u00e1 subvencionado por su empleador o por una beca que pacientes pueden esperar a pagar un copago para la consulta inicial (copago t\u00edpico para su doctor de cabecera).<\/em><\/p>\n<p><strong>***Todos los pacientes est\u00e1n bienvenidos a pesar del estatus de seguro m\u00e9dico o tipo de seguro.***<\/strong><\/p>\n<p>&nbsp;<\/p>\n","protected":false},"excerpt":{"rendered":"<p>\u00bfQUI\u00c9N CUALIFICA PARA NUESTRO PROGRAMA PARA EL MANEJO DE PESO? El Programa del Manejo de Peso de UNC est\u00e1 abierto para todos los participantes que cualifiquen. Criterio General: M\u00e1s de 18 a\u00f1os de edad \u00cdndice de Masa Corporal (IMC) de 30 o m\u00e1s. Haga clic aqu\u00ed para calcular su IMC. IMC de 25 o m\u00e1s &hellip; <a href=\"https:\/\/www.med.unc.edu\/fammed\/weightmanagement\/our-programs-new-2\/\" aria-label=\"Read more about Nuestros Programas\">Read more<\/a><\/p>\n","protected":false},"author":31342,"featured_media":0,"parent":0,"menu_order":4,"comment_status":"closed","ping_status":"closed","template":"templates\/front-page.php","meta":{"_acf_changed":false,"footnotes":"","_links_to":"","_links_to_target":""},"class_list":["post-3038","page","type-page","status-publish","hentry","odd"],"acf":[],"yoast_head":"<!-- This site is optimized with the Yoast SEO plugin v26.8 - https:\/\/yoast.com\/product\/yoast-seo-wordpress\/ -->\n<title>Nuestros Programas - UNC Weight Management Program<\/title>\n<meta name=\"robots\" content=\"index, follow, max-snippet:-1, max-image-preview:large, max-video-preview:-1\" \/>\n<link rel=\"canonical\" href=\"https:\/\/www.med.unc.edu\/fammed\/weightmanagement\/our-programs-new-2\/\" \/>\n<meta property=\"og:locale\" content=\"en_US\" \/>\n<meta property=\"og:type\" content=\"article\" \/>\n<meta property=\"og:title\" content=\"Nuestros Programas - UNC Weight Management Program\" \/>\n<meta property=\"og:description\" content=\"\u00bfQUI\u00c9N CUALIFICA PARA NUESTRO PROGRAMA PARA EL MANEJO DE PESO? El Programa del Manejo de Peso de UNC est\u00e1 abierto para todos los participantes que cualifiquen. Criterio General: M\u00e1s de 18 a\u00f1os de edad \u00cdndice de Masa Corporal (IMC) de 30 o m\u00e1s. Haga clic aqu\u00ed para calcular su IMC. IMC de 25 o m\u00e1s &hellip; Read more\" \/>\n<meta property=\"og:url\" content=\"https:\/\/www.med.unc.edu\/fammed\/weightmanagement\/our-programs-new-2\/\" \/>\n<meta property=\"og:site_name\" content=\"UNC Weight Management Program\" \/>\n<meta property=\"article:modified_time\" content=\"2020-09-02T20:55:27+00:00\" \/>\n<meta name=\"twitter:card\" content=\"summary_large_image\" \/>\n<meta name=\"twitter:label1\" content=\"Est. reading time\" \/>\n\t<meta name=\"twitter:data1\" content=\"2 minutes\" \/>\n<script type=\"application\/ld+json\" class=\"yoast-schema-graph\">{\"@context\":\"https:\/\/schema.org\",\"@graph\":[{\"@type\":\"WebPage\",\"@id\":\"https:\/\/www.med.unc.edu\/fammed\/weightmanagement\/our-programs-new-2\/\",\"url\":\"https:\/\/www.med.unc.edu\/fammed\/weightmanagement\/our-programs-new-2\/\",\"name\":\"Nuestros Programas - UNC Weight Management Program\",\"isPartOf\":{\"@id\":\"https:\/\/www.med.unc.edu\/fammed\/weightmanagement\/#website\"},\"datePublished\":\"2018-09-06T13:02:59+00:00\",\"dateModified\":\"2020-09-02T20:55:27+00:00\",\"breadcrumb\":{\"@id\":\"https:\/\/www.med.unc.edu\/fammed\/weightmanagement\/our-programs-new-2\/#breadcrumb\"},\"inLanguage\":\"en-US\",\"potentialAction\":[{\"@type\":\"ReadAction\",\"target\":[\"https:\/\/www.med.unc.edu\/fammed\/weightmanagement\/our-programs-new-2\/\"]}]},{\"@type\":\"BreadcrumbList\",\"@id\":\"https:\/\/www.med.unc.edu\/fammed\/weightmanagement\/our-programs-new-2\/#breadcrumb\",\"itemListElement\":[{\"@type\":\"ListItem\",\"position\":1,\"name\":\"Home\",\"item\":\"https:\/\/www.med.unc.edu\/fammed\/weightmanagement\/\"},{\"@type\":\"ListItem\",\"position\":2,\"name\":\"Nuestros Programas\"}]},{\"@type\":\"WebSite\",\"@id\":\"https:\/\/www.med.unc.edu\/fammed\/weightmanagement\/#website\",\"url\":\"https:\/\/www.med.unc.edu\/fammed\/weightmanagement\/\",\"name\":\"UNC Weight Management Program\",\"description\":\"Department of Family Medicine\",\"potentialAction\":[{\"@type\":\"SearchAction\",\"target\":{\"@type\":\"EntryPoint\",\"urlTemplate\":\"https:\/\/www.med.unc.edu\/fammed\/weightmanagement\/?s={search_term_string}\"},\"query-input\":{\"@type\":\"PropertyValueSpecification\",\"valueRequired\":true,\"valueName\":\"search_term_string\"}}],\"inLanguage\":\"en-US\"}]}<\/script>\n<!-- \/ Yoast SEO plugin. -->","yoast_head_json":{"title":"Nuestros Programas - UNC Weight Management Program","robots":{"index":"index","follow":"follow","max-snippet":"max-snippet:-1","max-image-preview":"max-image-preview:large","max-video-preview":"max-video-preview:-1"},"canonical":"https:\/\/www.med.unc.edu\/fammed\/weightmanagement\/our-programs-new-2\/","og_locale":"en_US","og_type":"article","og_title":"Nuestros Programas - UNC Weight Management Program","og_description":"\u00bfQUI\u00c9N CUALIFICA PARA NUESTRO PROGRAMA PARA EL MANEJO DE PESO? El Programa del Manejo de Peso de UNC est\u00e1 abierto para todos los participantes que cualifiquen. Criterio General: M\u00e1s de 18 a\u00f1os de edad \u00cdndice de Masa Corporal (IMC) de 30 o m\u00e1s. Haga clic aqu\u00ed para calcular su IMC. IMC de 25 o m\u00e1s &hellip; Read more","og_url":"https:\/\/www.med.unc.edu\/fammed\/weightmanagement\/our-programs-new-2\/","og_site_name":"UNC Weight Management Program","article_modified_time":"2020-09-02T20:55:27+00:00","twitter_card":"summary_large_image","twitter_misc":{"Est. reading time":"2 minutes"},"schema":{"@context":"https:\/\/schema.org","@graph":[{"@type":"WebPage","@id":"https:\/\/www.med.unc.edu\/fammed\/weightmanagement\/our-programs-new-2\/","url":"https:\/\/www.med.unc.edu\/fammed\/weightmanagement\/our-programs-new-2\/","name":"Nuestros Programas - UNC Weight Management Program","isPartOf":{"@id":"https:\/\/www.med.unc.edu\/fammed\/weightmanagement\/#website"},"datePublished":"2018-09-06T13:02:59+00:00","dateModified":"2020-09-02T20:55:27+00:00","breadcrumb":{"@id":"https:\/\/www.med.unc.edu\/fammed\/weightmanagement\/our-programs-new-2\/#breadcrumb"},"inLanguage":"en-US","potentialAction":[{"@type":"ReadAction","target":["https:\/\/www.med.unc.edu\/fammed\/weightmanagement\/our-programs-new-2\/"]}]},{"@type":"BreadcrumbList","@id":"https:\/\/www.med.unc.edu\/fammed\/weightmanagement\/our-programs-new-2\/#breadcrumb","itemListElement":[{"@type":"ListItem","position":1,"name":"Home","item":"https:\/\/www.med.unc.edu\/fammed\/weightmanagement\/"},{"@type":"ListItem","position":2,"name":"Nuestros Programas"}]},{"@type":"WebSite","@id":"https:\/\/www.med.unc.edu\/fammed\/weightmanagement\/#website","url":"https:\/\/www.med.unc.edu\/fammed\/weightmanagement\/","name":"UNC Weight Management Program","description":"Department of Family Medicine","potentialAction":[{"@type":"SearchAction","target":{"@type":"EntryPoint","urlTemplate":"https:\/\/www.med.unc.edu\/fammed\/weightmanagement\/?s={search_term_string}"},"query-input":{"@type":"PropertyValueSpecification","valueRequired":true,"valueName":"search_term_string"}}],"inLanguage":"en-US"}]}},"_links_to":[],"_links_to_target":[],"_links":{"self":[{"href":"https:\/\/www.med.unc.edu\/fammed\/weightmanagement\/wp-json\/wp\/v2\/pages\/3038","targetHints":{"allow":["GET"]}}],"collection":[{"href":"https:\/\/www.med.unc.edu\/fammed\/weightmanagement\/wp-json\/wp\/v2\/pages"}],"about":[{"href":"https:\/\/www.med.unc.edu\/fammed\/weightmanagement\/wp-json\/wp\/v2\/types\/page"}],"author":[{"embeddable":true,"href":"https:\/\/www.med.unc.edu\/fammed\/weightmanagement\/wp-json\/wp\/v2\/users\/31342"}],"replies":[{"embeddable":true,"href":"https:\/\/www.med.unc.edu\/fammed\/weightmanagement\/wp-json\/wp\/v2\/comments?post=3038"}],"version-history":[{"count":0,"href":"https:\/\/www.med.unc.edu\/fammed\/weightmanagement\/wp-json\/wp\/v2\/pages\/3038\/revisions"}],"wp:attachment":[{"href":"https:\/\/www.med.unc.edu\/fammed\/weightmanagement\/wp-json\/wp\/v2\/media?parent=3038"}],"curies":[{"name":"wp","href":"https:\/\/api.w.org\/{rel}","templated":true}]}}