{"id":16760,"date":"2022-10-16T16:22:11","date_gmt":"2022-10-16T20:22:11","guid":{"rendered":"https:\/\/www.med.unc.edu\/fammed\/?page_id=16760"},"modified":"2022-10-16T16:23:34","modified_gmt":"2022-10-16T20:23:34","slug":"norovirus-infection-in-young-nicaraguan-children-induces-durable-and-genotype-specific-antibody-immunity","status":"publish","type":"page","link":"https:\/\/www.med.unc.edu\/fammed\/research\/publications-2\/norovirus-infection-in-young-nicaraguan-children-induces-durable-and-genotype-specific-antibody-immunity\/","title":{"rendered":"Norovirus Infection in Young Nicaraguan Children Induces Durable and Genotype-Specific Antibody Immunity"},"content":{"rendered":"<p><span style=\"font-size: 18pt;color: #333399\">Authors<\/span><\/p>\n<p>Paul D Brewer-Jensen,\u00a0Yaoska Reyes,\u00a0<strong>Sylvia Becker-Dreps<\/strong>,\u00a0Fredman Gonz\u00e1lez,\u00a0Michael L Mallory,\u00a0Lester Guti\u00e9rrez,\u00a0Omar Zepeda,\u00a0Edwing Centeno,\u00a0<strong>Nadja Vielot<\/strong>,\u00a0Marta Diez-Valcarce,\u00a0Jan Vinj\u00e9,\u00a0Ralph Baric,\u00a0Lisa C Lindesmith,\u00a0Filemon Bucardo<\/p>\n<p><span style=\"font-size: 18pt;color: #333399\">Abstract<\/span><\/p>\n<p>There are significant challenges to the development of a pediatric norovirus vaccine, mainly due to the antigenic diversity among strains infecting young children. Characterizing human norovirus serotypes and understanding norovirus immunity in na\u00efve children would provide key information for designing rational vaccine platforms. In this study, 26 Nicaraguan children experiencing their first norovirus acute gastroenteritis (AGE) episode during the first 18 months of life were investigated. We used a surrogate neutralization assay that measured antibodies blocking the binding of 13 different norovirus virus-like particles (VLPs) to histo-blood group antigens (HBGAs) in pre- and post-infection sera. To assess for asymptomatic norovirus infections, stools from asymptomatic children were collected monthly, screened for norovirus by RT-qPCR and genotyped by sequencing. Seroconversion of an HBGA-blocking antibody matched the infecting genotype in 25 (96%) of the 26 children. A subset of 13 (50%) and 4 (15%) of the 26 children experienced monotypic GII and GI seroconversion, respectively, strongly suggesting a type-specific response in na\u00efve children, and 9 (35%) showed multitypic seroconversion. The most frequent pairing in multitypic seroconversion (8\/12) were GII.4 Sydney and GII.12 noroviruses, both co-circulating at the time. Blocking antibody titers to these two genotypes did not correlate with each other, suggesting multiple exposure rather than cross-reactivity between genotypes. In addition, GII titers remained consistent for at least 19 months post-infection, demonstrating durable immunity. In conclusion, the first natural norovirus gastroenteritis episodes in these young children were dominated by a limited number of genotypes and induced responses of antibodies blocking binding of norovirus VLPs in a genotype-specific manner, suggesting that an effective pediatric norovirus vaccine likely needs to be multivalent and include globally dominant genotypes. The duration of protection from natural infections provides optimism for pediatric norovirus vaccines administered early in life.<\/p>\n<p><span style=\"font-size: 18pt;color: #333399\">Citation<\/span><\/p>\n<p>Brewer-Jensen PD, Reyes Y, Becker-Dreps S, Gonz\u00e1lez F, Mallory ML, Guti\u00e9rrez L, Zepeda O, Centeno E, Vielot N, Diez-Valcarce M, Vinj\u00e9 J, Baric R, Lindesmith LC, Bucardo F. Norovirus Infection in Young Nicaraguan Children Induces Durable and Genotype-Specific Antibody Immunity. Viruses. 2022 Sep 16;14(9):2053. doi: 10.3390\/v14092053. PMID: 36146859; PMCID: PMC9501366.<\/p>\n<p><span style=\"font-size: 18pt;color: #333399\">Publication Link<\/span><\/p>\n<p><a href=\"https:\/\/www.mdpi.com\/1999-4915\/14\/9\/2053\/htm\"><span style=\"font-size: 14pt\">Full Text<\/span><\/a><\/p>\n<p>&nbsp;<\/p>\n","protected":false},"excerpt":{"rendered":"<p>Authors Paul D Brewer-Jensen,\u00a0Yaoska Reyes,\u00a0Sylvia Becker-Dreps,\u00a0Fredman Gonz\u00e1lez,\u00a0Michael L Mallory,\u00a0Lester Guti\u00e9rrez,\u00a0Omar Zepeda,\u00a0Edwing Centeno,\u00a0Nadja Vielot,\u00a0Marta Diez-Valcarce,\u00a0Jan Vinj\u00e9,\u00a0Ralph Baric,\u00a0Lisa C Lindesmith,\u00a0Filemon Bucardo Abstract There are significant challenges to the development of a pediatric norovirus vaccine, mainly due to the antigenic diversity among strains infecting young children. Characterizing human norovirus serotypes and understanding norovirus immunity in na\u00efve children would &hellip; <a href=\"https:\/\/www.med.unc.edu\/fammed\/research\/publications-2\/norovirus-infection-in-young-nicaraguan-children-induces-durable-and-genotype-specific-antibody-immunity\/\" aria-label=\"Read more about Norovirus Infection in Young Nicaraguan Children Induces Durable and Genotype-Specific Antibody Immunity\">Read more<\/a><\/p>\n","protected":false},"author":63861,"featured_media":0,"parent":413,"menu_order":0,"comment_status":"closed","ping_status":"closed","template":"","meta":{"_acf_changed":false,"layout":"","cellInformation":"","apiCallInformation":"","footnotes":"","_links_to":"","_links_to_target":""},"categories":[1],"class_list":["post-16760","page","type-page","status-publish","hentry","category-news","odd"],"pp_force_visibility":null,"pp_subpost_visibility":null,"pp_inherited_force_visibility":null,"pp_inherited_subpost_visibility":null,"acf":[],"yoast_head":"<!-- This site is optimized with the Yoast SEO plugin v26.8 - https:\/\/yoast.com\/product\/yoast-seo-wordpress\/ -->\n<title>Norovirus Infection in Young Nicaraguan Children Induces Durable and Genotype-Specific Antibody Immunity - Department of Family Medicine<\/title>\n<meta name=\"robots\" content=\"index, follow, max-snippet:-1, max-image-preview:large, max-video-preview:-1\" \/>\n<link rel=\"canonical\" href=\"https:\/\/www.med.unc.edu\/fammed\/research\/publications-2\/norovirus-infection-in-young-nicaraguan-children-induces-durable-and-genotype-specific-antibody-immunity\/\" \/>\n<meta property=\"og:locale\" content=\"en_US\" \/>\n<meta property=\"og:type\" content=\"article\" \/>\n<meta property=\"og:title\" content=\"Norovirus Infection in Young Nicaraguan Children Induces Durable and Genotype-Specific Antibody Immunity - Department of Family Medicine\" \/>\n<meta property=\"og:description\" content=\"Authors Paul D Brewer-Jensen,\u00a0Yaoska Reyes,\u00a0Sylvia Becker-Dreps,\u00a0Fredman Gonz\u00e1lez,\u00a0Michael L Mallory,\u00a0Lester Guti\u00e9rrez,\u00a0Omar Zepeda,\u00a0Edwing Centeno,\u00a0Nadja Vielot,\u00a0Marta Diez-Valcarce,\u00a0Jan Vinj\u00e9,\u00a0Ralph Baric,\u00a0Lisa C Lindesmith,\u00a0Filemon Bucardo Abstract There are significant challenges to the development of a pediatric norovirus vaccine, mainly due to the antigenic diversity among strains infecting young children. Characterizing human norovirus serotypes and understanding norovirus immunity in na\u00efve children would &hellip; Read more\" \/>\n<meta property=\"og:url\" content=\"https:\/\/www.med.unc.edu\/fammed\/research\/publications-2\/norovirus-infection-in-young-nicaraguan-children-induces-durable-and-genotype-specific-antibody-immunity\/\" \/>\n<meta property=\"og:site_name\" content=\"Department of Family Medicine\" \/>\n<meta property=\"article:publisher\" content=\"http:\/\/facebook.com\/uncfammed\" \/>\n<meta property=\"article:modified_time\" content=\"2022-10-16T20:23:34+00:00\" \/>\n<meta name=\"twitter:card\" content=\"summary_large_image\" \/>\n<meta name=\"twitter:site\" content=\"@uncfammed\" \/>\n<meta name=\"twitter:label1\" content=\"Est. reading time\" \/>\n\t<meta name=\"twitter:data1\" content=\"2 minutes\" \/>\n<script type=\"application\/ld+json\" class=\"yoast-schema-graph\">{\"@context\":\"https:\/\/schema.org\",\"@graph\":[{\"@type\":\"WebPage\",\"@id\":\"https:\/\/www.med.unc.edu\/fammed\/research\/publications-2\/norovirus-infection-in-young-nicaraguan-children-induces-durable-and-genotype-specific-antibody-immunity\/\",\"url\":\"https:\/\/www.med.unc.edu\/fammed\/research\/publications-2\/norovirus-infection-in-young-nicaraguan-children-induces-durable-and-genotype-specific-antibody-immunity\/\",\"name\":\"Norovirus Infection in Young Nicaraguan Children Induces Durable and Genotype-Specific Antibody Immunity - Department of Family Medicine\",\"isPartOf\":{\"@id\":\"https:\/\/www.med.unc.edu\/fammed\/#website\"},\"datePublished\":\"2022-10-16T20:22:11+00:00\",\"dateModified\":\"2022-10-16T20:23:34+00:00\",\"breadcrumb\":{\"@id\":\"https:\/\/www.med.unc.edu\/fammed\/research\/publications-2\/norovirus-infection-in-young-nicaraguan-children-induces-durable-and-genotype-specific-antibody-immunity\/#breadcrumb\"},\"inLanguage\":\"en-US\",\"potentialAction\":[{\"@type\":\"ReadAction\",\"target\":[\"https:\/\/www.med.unc.edu\/fammed\/research\/publications-2\/norovirus-infection-in-young-nicaraguan-children-induces-durable-and-genotype-specific-antibody-immunity\/\"]}]},{\"@type\":\"BreadcrumbList\",\"@id\":\"https:\/\/www.med.unc.edu\/fammed\/research\/publications-2\/norovirus-infection-in-young-nicaraguan-children-induces-durable-and-genotype-specific-antibody-immunity\/#breadcrumb\",\"itemListElement\":[{\"@type\":\"ListItem\",\"position\":1,\"name\":\"Home\",\"item\":\"https:\/\/www.med.unc.edu\/fammed\/\"},{\"@type\":\"ListItem\",\"position\":2,\"name\":\"Research\",\"item\":\"https:\/\/www.med.unc.edu\/fammed\/research\/\"},{\"@type\":\"ListItem\",\"position\":3,\"name\":\"Research Articles &amp; Papers\",\"item\":\"https:\/\/www.med.unc.edu\/fammed\/research\/publications-2\/\"},{\"@type\":\"ListItem\",\"position\":4,\"name\":\"Norovirus Infection in Young Nicaraguan Children Induces Durable and Genotype-Specific Antibody Immunity\"}]},{\"@type\":\"WebSite\",\"@id\":\"https:\/\/www.med.unc.edu\/fammed\/#website\",\"url\":\"https:\/\/www.med.unc.edu\/fammed\/\",\"name\":\"Department of Family Medicine\",\"description\":\"\",\"publisher\":{\"@id\":\"https:\/\/www.med.unc.edu\/fammed\/#organization\"},\"potentialAction\":[{\"@type\":\"SearchAction\",\"target\":{\"@type\":\"EntryPoint\",\"urlTemplate\":\"https:\/\/www.med.unc.edu\/fammed\/?s={search_term_string}\"},\"query-input\":{\"@type\":\"PropertyValueSpecification\",\"valueRequired\":true,\"valueName\":\"search_term_string\"}}],\"inLanguage\":\"en-US\"},{\"@type\":\"Organization\",\"@id\":\"https:\/\/www.med.unc.edu\/fammed\/#organization\",\"name\":\"UNC Family Medicine\",\"url\":\"https:\/\/www.med.unc.edu\/fammed\/\",\"logo\":{\"@type\":\"ImageObject\",\"inLanguage\":\"en-US\",\"@id\":\"https:\/\/www.med.unc.edu\/fammed\/#\/schema\/logo\/image\/\",\"url\":\"https:\/\/www.med.unc.edu\/fammed\/wp-content\/uploads\/sites\/454\/2017\/11\/FamilyMedicine_logo_rgb_v.png\",\"contentUrl\":\"https:\/\/www.med.unc.edu\/fammed\/wp-content\/uploads\/sites\/454\/2017\/11\/FamilyMedicine_logo_rgb_v.png\",\"width\":488,\"height\":329,\"caption\":\"UNC Family Medicine\"},\"image\":{\"@id\":\"https:\/\/www.med.unc.edu\/fammed\/#\/schema\/logo\/image\/\"},\"sameAs\":[\"http:\/\/facebook.com\/uncfammed\",\"https:\/\/x.com\/uncfammed\",\"http:\/\/instagram.com\/uncfammed\",\"https:\/\/www.linkedin.com\/company\/unc-family-medicine\/\"]}]}<\/script>\n<!-- \/ Yoast SEO plugin. -->","yoast_head_json":{"title":"Norovirus Infection in Young Nicaraguan Children Induces Durable and Genotype-Specific Antibody Immunity - Department of Family Medicine","robots":{"index":"index","follow":"follow","max-snippet":"max-snippet:-1","max-image-preview":"max-image-preview:large","max-video-preview":"max-video-preview:-1"},"canonical":"https:\/\/www.med.unc.edu\/fammed\/research\/publications-2\/norovirus-infection-in-young-nicaraguan-children-induces-durable-and-genotype-specific-antibody-immunity\/","og_locale":"en_US","og_type":"article","og_title":"Norovirus Infection in Young Nicaraguan Children Induces Durable and Genotype-Specific Antibody Immunity - Department of Family Medicine","og_description":"Authors Paul D Brewer-Jensen,\u00a0Yaoska Reyes,\u00a0Sylvia Becker-Dreps,\u00a0Fredman Gonz\u00e1lez,\u00a0Michael L Mallory,\u00a0Lester Guti\u00e9rrez,\u00a0Omar Zepeda,\u00a0Edwing Centeno,\u00a0Nadja Vielot,\u00a0Marta Diez-Valcarce,\u00a0Jan Vinj\u00e9,\u00a0Ralph Baric,\u00a0Lisa C Lindesmith,\u00a0Filemon Bucardo Abstract There are significant challenges to the development of a pediatric norovirus vaccine, mainly due to the antigenic diversity among strains infecting young children. Characterizing human norovirus serotypes and understanding norovirus immunity in na\u00efve children would &hellip; Read more","og_url":"https:\/\/www.med.unc.edu\/fammed\/research\/publications-2\/norovirus-infection-in-young-nicaraguan-children-induces-durable-and-genotype-specific-antibody-immunity\/","og_site_name":"Department of Family Medicine","article_publisher":"http:\/\/facebook.com\/uncfammed","article_modified_time":"2022-10-16T20:23:34+00:00","twitter_card":"summary_large_image","twitter_site":"@uncfammed","twitter_misc":{"Est. reading time":"2 minutes"},"schema":{"@context":"https:\/\/schema.org","@graph":[{"@type":"WebPage","@id":"https:\/\/www.med.unc.edu\/fammed\/research\/publications-2\/norovirus-infection-in-young-nicaraguan-children-induces-durable-and-genotype-specific-antibody-immunity\/","url":"https:\/\/www.med.unc.edu\/fammed\/research\/publications-2\/norovirus-infection-in-young-nicaraguan-children-induces-durable-and-genotype-specific-antibody-immunity\/","name":"Norovirus Infection in Young Nicaraguan Children Induces Durable and Genotype-Specific Antibody Immunity - Department of Family Medicine","isPartOf":{"@id":"https:\/\/www.med.unc.edu\/fammed\/#website"},"datePublished":"2022-10-16T20:22:11+00:00","dateModified":"2022-10-16T20:23:34+00:00","breadcrumb":{"@id":"https:\/\/www.med.unc.edu\/fammed\/research\/publications-2\/norovirus-infection-in-young-nicaraguan-children-induces-durable-and-genotype-specific-antibody-immunity\/#breadcrumb"},"inLanguage":"en-US","potentialAction":[{"@type":"ReadAction","target":["https:\/\/www.med.unc.edu\/fammed\/research\/publications-2\/norovirus-infection-in-young-nicaraguan-children-induces-durable-and-genotype-specific-antibody-immunity\/"]}]},{"@type":"BreadcrumbList","@id":"https:\/\/www.med.unc.edu\/fammed\/research\/publications-2\/norovirus-infection-in-young-nicaraguan-children-induces-durable-and-genotype-specific-antibody-immunity\/#breadcrumb","itemListElement":[{"@type":"ListItem","position":1,"name":"Home","item":"https:\/\/www.med.unc.edu\/fammed\/"},{"@type":"ListItem","position":2,"name":"Research","item":"https:\/\/www.med.unc.edu\/fammed\/research\/"},{"@type":"ListItem","position":3,"name":"Research Articles &amp; Papers","item":"https:\/\/www.med.unc.edu\/fammed\/research\/publications-2\/"},{"@type":"ListItem","position":4,"name":"Norovirus Infection in Young Nicaraguan Children Induces Durable and Genotype-Specific Antibody Immunity"}]},{"@type":"WebSite","@id":"https:\/\/www.med.unc.edu\/fammed\/#website","url":"https:\/\/www.med.unc.edu\/fammed\/","name":"Department of Family Medicine","description":"","publisher":{"@id":"https:\/\/www.med.unc.edu\/fammed\/#organization"},"potentialAction":[{"@type":"SearchAction","target":{"@type":"EntryPoint","urlTemplate":"https:\/\/www.med.unc.edu\/fammed\/?s={search_term_string}"},"query-input":{"@type":"PropertyValueSpecification","valueRequired":true,"valueName":"search_term_string"}}],"inLanguage":"en-US"},{"@type":"Organization","@id":"https:\/\/www.med.unc.edu\/fammed\/#organization","name":"UNC Family Medicine","url":"https:\/\/www.med.unc.edu\/fammed\/","logo":{"@type":"ImageObject","inLanguage":"en-US","@id":"https:\/\/www.med.unc.edu\/fammed\/#\/schema\/logo\/image\/","url":"https:\/\/www.med.unc.edu\/fammed\/wp-content\/uploads\/sites\/454\/2017\/11\/FamilyMedicine_logo_rgb_v.png","contentUrl":"https:\/\/www.med.unc.edu\/fammed\/wp-content\/uploads\/sites\/454\/2017\/11\/FamilyMedicine_logo_rgb_v.png","width":488,"height":329,"caption":"UNC Family Medicine"},"image":{"@id":"https:\/\/www.med.unc.edu\/fammed\/#\/schema\/logo\/image\/"},"sameAs":["http:\/\/facebook.com\/uncfammed","https:\/\/x.com\/uncfammed","http:\/\/instagram.com\/uncfammed","https:\/\/www.linkedin.com\/company\/unc-family-medicine\/"]}]}},"_links_to":[],"_links_to_target":[],"_links":{"self":[{"href":"https:\/\/www.med.unc.edu\/fammed\/wp-json\/wp\/v2\/pages\/16760","targetHints":{"allow":["GET"]}}],"collection":[{"href":"https:\/\/www.med.unc.edu\/fammed\/wp-json\/wp\/v2\/pages"}],"about":[{"href":"https:\/\/www.med.unc.edu\/fammed\/wp-json\/wp\/v2\/types\/page"}],"author":[{"embeddable":true,"href":"https:\/\/www.med.unc.edu\/fammed\/wp-json\/wp\/v2\/users\/63861"}],"replies":[{"embeddable":true,"href":"https:\/\/www.med.unc.edu\/fammed\/wp-json\/wp\/v2\/comments?post=16760"}],"version-history":[{"count":0,"href":"https:\/\/www.med.unc.edu\/fammed\/wp-json\/wp\/v2\/pages\/16760\/revisions"}],"up":[{"embeddable":true,"href":"https:\/\/www.med.unc.edu\/fammed\/wp-json\/wp\/v2\/pages\/413"}],"wp:attachment":[{"href":"https:\/\/www.med.unc.edu\/fammed\/wp-json\/wp\/v2\/media?parent=16760"}],"wp:term":[{"taxonomy":"category","embeddable":true,"href":"https:\/\/www.med.unc.edu\/fammed\/wp-json\/wp\/v2\/categories?post=16760"}],"curies":[{"name":"wp","href":"https:\/\/api.w.org\/{rel}","templated":true}]}}