{"id":17091,"date":"2022-11-16T12:26:32","date_gmt":"2022-11-16T17:26:32","guid":{"rendered":"https:\/\/www.med.unc.edu\/fammed\/?page_id=17091"},"modified":"2022-11-16T12:26:32","modified_gmt":"2022-11-16T17:26:32","slug":"association-between-breastfeeding-host-genetic-factors-and-calicivirus-gastroenteritis-in-a-nicaraguan-birth-cohort","status":"publish","type":"page","link":"https:\/\/www.med.unc.edu\/fammed\/research\/publications-2\/association-between-breastfeeding-host-genetic-factors-and-calicivirus-gastroenteritis-in-a-nicaraguan-birth-cohort\/","title":{"rendered":"Association between breastfeeding, host genetic factors, and calicivirus gastroenteritis in a Nicaraguan birth cohort"},"content":{"rendered":"<p><span style=\"font-size: 18pt;color: #333399\">Authors<\/span><\/p>\n<p><strong>Vielot NA<\/strong>, Fran\u00e7ois R, Huseynova E, Gonz\u00e1lez F, Reyes Y, Gutierrez L, Nordgren J, Toval-Ruiz C, Vilchez S, Vinj\u00e9 J, <strong>Becker-Dreps S<\/strong>, Bucardo F.<\/p>\n<p><span style=\"font-size: 18pt;color: #333399\">Abstract<\/span><\/p>\n<p><strong class=\"sub-title\">Background:\u00a0<\/strong>Norovirus and sapovirus are important causes of childhood acute gastroenteritis (AGE). Breastfeeding prevents AGE generally; however, it is unknown if breastfeeding prevents AGE caused specifically by norovirus and sapovirus. <strong class=\"sub-title\">Methods:\u00a0<\/strong>We investigated the association between breastfeeding and norovirus or sapovirus AGE episodes in a birth cohort. Weekly data on breastfeeding and AGE episodes were captured during the first year of life. Stools were collected from children with AGE and tested by RT-qPCR for norovirus and sapovirus. Time-dependent Cox models estimated associations between weekly breastfeeding and time to first norovirus or sapovirus AGE. <strong class=\"sub-title\">Findings:\u00a0<\/strong>From June 2017 to July 2018, 444 newborns were enrolled in the study. In the first year of life, 69 and 34 children experienced a norovirus and a sapovirus episode, respectively. Exclusive breastfeeding lasted a median of 2 weeks, and any breastfeeding lasted a median of 43 weeks. Breastfeeding in the last week did not prevent norovirus (HR: 1.09, 95% CI: 0.62, 1.92) or sapovirus (HR: 1.00, 95% CI: 0.82, 1.21) AGE in a given week, adjusting for household sanitation, consumption of high-risk foods, and mother&#8217;s and child&#8217;s histo-blood group phenotypes. Maternal secretor-positive phenotype was protective against norovirus AGE, whereas child&#8217;s secretor-positive phenotype was a risk factor for norovirus AGE. <strong class=\"sub-title\">Interpretation:\u00a0<\/strong>Exclusive breastfeeding in this population was short-lived, and no conclusions could be drawn about its potential to prevent norovirus or sapovirus AGE. Non-exclusive breastfeeding did not prevent norovirus or sapovirus AGE in the first year of life. However, maternal secretor-positive phenotype was associated with a reduced hazard of norovirus AGE.<\/p>\n<p><span style=\"font-size: 18pt;color: #333399\">Citation<\/span><\/p>\n<p><strong>Vielot NA<\/strong>, Fran\u00e7ois R, Huseynova E, Gonz\u00e1lez F, Reyes Y, Gutierrez L, Nordgren J, Toval-Ruiz C, Vilchez S, Vinj\u00e9 J, <strong>Becker-Dreps S<\/strong>, Bucardo F. Association between breastfeeding, host genetic factors, and calicivirus gastroenteritis in a Nicaraguan birth cohort. PLoS One. 2022 Oct 14;17(10):e0267689. doi: 10.1371\/journal.pone.0267689. PMID: 36240197; PMCID: PMC9565698.<\/p>\n<p><span style=\"font-size: 18pt;color: #333399\">Publication Link<\/span><\/p>\n<p><a href=\"https:\/\/journals.plos.org\/plosone\/article?id=10.1371\/journal.pone.0267689\"><span style=\"font-size: 14pt\">Full Text<\/span><\/a><\/p>\n","protected":false},"excerpt":{"rendered":"<p>Authors Vielot NA, Fran\u00e7ois R, Huseynova E, Gonz\u00e1lez F, Reyes Y, Gutierrez L, Nordgren J, Toval-Ruiz C, Vilchez S, Vinj\u00e9 J, Becker-Dreps S, Bucardo F. Abstract Background:\u00a0Norovirus and sapovirus are important causes of childhood acute gastroenteritis (AGE). Breastfeeding prevents AGE generally; however, it is unknown if breastfeeding prevents AGE caused specifically by norovirus and sapovirus. &hellip; <a href=\"https:\/\/www.med.unc.edu\/fammed\/research\/publications-2\/association-between-breastfeeding-host-genetic-factors-and-calicivirus-gastroenteritis-in-a-nicaraguan-birth-cohort\/\" aria-label=\"Read more about Association between breastfeeding, host genetic factors, and calicivirus gastroenteritis in a Nicaraguan birth cohort\">Read more<\/a><\/p>\n","protected":false},"author":63861,"featured_media":0,"parent":413,"menu_order":0,"comment_status":"closed","ping_status":"closed","template":"","meta":{"_acf_changed":false,"layout":"","cellInformation":"","apiCallInformation":"","footnotes":"","_links_to":"","_links_to_target":""},"categories":[1],"class_list":["post-17091","page","type-page","status-publish","hentry","category-news","odd"],"pp_force_visibility":null,"pp_subpost_visibility":null,"pp_inherited_force_visibility":null,"pp_inherited_subpost_visibility":null,"acf":[],"yoast_head":"<!-- This site is optimized with the Yoast SEO plugin v26.8 - https:\/\/yoast.com\/product\/yoast-seo-wordpress\/ -->\n<title>Association between breastfeeding, host genetic factors, and calicivirus gastroenteritis in a Nicaraguan birth cohort - Department of Family Medicine<\/title>\n<meta name=\"robots\" content=\"index, follow, max-snippet:-1, max-image-preview:large, max-video-preview:-1\" \/>\n<link rel=\"canonical\" href=\"https:\/\/www.med.unc.edu\/fammed\/research\/publications-2\/association-between-breastfeeding-host-genetic-factors-and-calicivirus-gastroenteritis-in-a-nicaraguan-birth-cohort\/\" \/>\n<meta property=\"og:locale\" content=\"en_US\" \/>\n<meta property=\"og:type\" content=\"article\" \/>\n<meta property=\"og:title\" content=\"Association between breastfeeding, host genetic factors, and calicivirus gastroenteritis in a Nicaraguan birth cohort - Department of Family Medicine\" \/>\n<meta property=\"og:description\" content=\"Authors Vielot NA, Fran\u00e7ois R, Huseynova E, Gonz\u00e1lez F, Reyes Y, Gutierrez L, Nordgren J, Toval-Ruiz C, Vilchez S, Vinj\u00e9 J, Becker-Dreps S, Bucardo F. Abstract Background:\u00a0Norovirus and sapovirus are important causes of childhood acute gastroenteritis (AGE). Breastfeeding prevents AGE generally; however, it is unknown if breastfeeding prevents AGE caused specifically by norovirus and sapovirus. &hellip; Read more\" \/>\n<meta property=\"og:url\" content=\"https:\/\/www.med.unc.edu\/fammed\/research\/publications-2\/association-between-breastfeeding-host-genetic-factors-and-calicivirus-gastroenteritis-in-a-nicaraguan-birth-cohort\/\" \/>\n<meta property=\"og:site_name\" content=\"Department of Family Medicine\" \/>\n<meta property=\"article:publisher\" content=\"http:\/\/facebook.com\/uncfammed\" \/>\n<meta name=\"twitter:card\" content=\"summary_large_image\" \/>\n<meta name=\"twitter:site\" content=\"@uncfammed\" \/>\n<meta name=\"twitter:label1\" content=\"Est. reading time\" \/>\n\t<meta name=\"twitter:data1\" content=\"2 minutes\" \/>\n<script type=\"application\/ld+json\" class=\"yoast-schema-graph\">{\"@context\":\"https:\/\/schema.org\",\"@graph\":[{\"@type\":\"WebPage\",\"@id\":\"https:\/\/www.med.unc.edu\/fammed\/research\/publications-2\/association-between-breastfeeding-host-genetic-factors-and-calicivirus-gastroenteritis-in-a-nicaraguan-birth-cohort\/\",\"url\":\"https:\/\/www.med.unc.edu\/fammed\/research\/publications-2\/association-between-breastfeeding-host-genetic-factors-and-calicivirus-gastroenteritis-in-a-nicaraguan-birth-cohort\/\",\"name\":\"Association between breastfeeding, host genetic factors, and calicivirus gastroenteritis in a Nicaraguan birth cohort - Department of Family Medicine\",\"isPartOf\":{\"@id\":\"https:\/\/www.med.unc.edu\/fammed\/#website\"},\"datePublished\":\"2022-11-16T17:26:32+00:00\",\"breadcrumb\":{\"@id\":\"https:\/\/www.med.unc.edu\/fammed\/research\/publications-2\/association-between-breastfeeding-host-genetic-factors-and-calicivirus-gastroenteritis-in-a-nicaraguan-birth-cohort\/#breadcrumb\"},\"inLanguage\":\"en-US\",\"potentialAction\":[{\"@type\":\"ReadAction\",\"target\":[\"https:\/\/www.med.unc.edu\/fammed\/research\/publications-2\/association-between-breastfeeding-host-genetic-factors-and-calicivirus-gastroenteritis-in-a-nicaraguan-birth-cohort\/\"]}]},{\"@type\":\"BreadcrumbList\",\"@id\":\"https:\/\/www.med.unc.edu\/fammed\/research\/publications-2\/association-between-breastfeeding-host-genetic-factors-and-calicivirus-gastroenteritis-in-a-nicaraguan-birth-cohort\/#breadcrumb\",\"itemListElement\":[{\"@type\":\"ListItem\",\"position\":1,\"name\":\"Home\",\"item\":\"https:\/\/www.med.unc.edu\/fammed\/\"},{\"@type\":\"ListItem\",\"position\":2,\"name\":\"Research\",\"item\":\"https:\/\/www.med.unc.edu\/fammed\/research\/\"},{\"@type\":\"ListItem\",\"position\":3,\"name\":\"Research Articles &amp; Papers\",\"item\":\"https:\/\/www.med.unc.edu\/fammed\/research\/publications-2\/\"},{\"@type\":\"ListItem\",\"position\":4,\"name\":\"Association between breastfeeding, host genetic factors, and calicivirus gastroenteritis in a Nicaraguan birth cohort\"}]},{\"@type\":\"WebSite\",\"@id\":\"https:\/\/www.med.unc.edu\/fammed\/#website\",\"url\":\"https:\/\/www.med.unc.edu\/fammed\/\",\"name\":\"Department of Family Medicine\",\"description\":\"\",\"publisher\":{\"@id\":\"https:\/\/www.med.unc.edu\/fammed\/#organization\"},\"potentialAction\":[{\"@type\":\"SearchAction\",\"target\":{\"@type\":\"EntryPoint\",\"urlTemplate\":\"https:\/\/www.med.unc.edu\/fammed\/?s={search_term_string}\"},\"query-input\":{\"@type\":\"PropertyValueSpecification\",\"valueRequired\":true,\"valueName\":\"search_term_string\"}}],\"inLanguage\":\"en-US\"},{\"@type\":\"Organization\",\"@id\":\"https:\/\/www.med.unc.edu\/fammed\/#organization\",\"name\":\"UNC Family Medicine\",\"url\":\"https:\/\/www.med.unc.edu\/fammed\/\",\"logo\":{\"@type\":\"ImageObject\",\"inLanguage\":\"en-US\",\"@id\":\"https:\/\/www.med.unc.edu\/fammed\/#\/schema\/logo\/image\/\",\"url\":\"https:\/\/www.med.unc.edu\/fammed\/wp-content\/uploads\/sites\/454\/2017\/11\/FamilyMedicine_logo_rgb_v.png\",\"contentUrl\":\"https:\/\/www.med.unc.edu\/fammed\/wp-content\/uploads\/sites\/454\/2017\/11\/FamilyMedicine_logo_rgb_v.png\",\"width\":488,\"height\":329,\"caption\":\"UNC Family Medicine\"},\"image\":{\"@id\":\"https:\/\/www.med.unc.edu\/fammed\/#\/schema\/logo\/image\/\"},\"sameAs\":[\"http:\/\/facebook.com\/uncfammed\",\"https:\/\/x.com\/uncfammed\",\"http:\/\/instagram.com\/uncfammed\",\"https:\/\/www.linkedin.com\/company\/unc-family-medicine\/\"]}]}<\/script>\n<!-- \/ Yoast SEO plugin. -->","yoast_head_json":{"title":"Association between breastfeeding, host genetic factors, and calicivirus gastroenteritis in a Nicaraguan birth cohort - Department of Family Medicine","robots":{"index":"index","follow":"follow","max-snippet":"max-snippet:-1","max-image-preview":"max-image-preview:large","max-video-preview":"max-video-preview:-1"},"canonical":"https:\/\/www.med.unc.edu\/fammed\/research\/publications-2\/association-between-breastfeeding-host-genetic-factors-and-calicivirus-gastroenteritis-in-a-nicaraguan-birth-cohort\/","og_locale":"en_US","og_type":"article","og_title":"Association between breastfeeding, host genetic factors, and calicivirus gastroenteritis in a Nicaraguan birth cohort - Department of Family Medicine","og_description":"Authors Vielot NA, Fran\u00e7ois R, Huseynova E, Gonz\u00e1lez F, Reyes Y, Gutierrez L, Nordgren J, Toval-Ruiz C, Vilchez S, Vinj\u00e9 J, Becker-Dreps S, Bucardo F. Abstract Background:\u00a0Norovirus and sapovirus are important causes of childhood acute gastroenteritis (AGE). Breastfeeding prevents AGE generally; however, it is unknown if breastfeeding prevents AGE caused specifically by norovirus and sapovirus. &hellip; Read more","og_url":"https:\/\/www.med.unc.edu\/fammed\/research\/publications-2\/association-between-breastfeeding-host-genetic-factors-and-calicivirus-gastroenteritis-in-a-nicaraguan-birth-cohort\/","og_site_name":"Department of Family Medicine","article_publisher":"http:\/\/facebook.com\/uncfammed","twitter_card":"summary_large_image","twitter_site":"@uncfammed","twitter_misc":{"Est. reading time":"2 minutes"},"schema":{"@context":"https:\/\/schema.org","@graph":[{"@type":"WebPage","@id":"https:\/\/www.med.unc.edu\/fammed\/research\/publications-2\/association-between-breastfeeding-host-genetic-factors-and-calicivirus-gastroenteritis-in-a-nicaraguan-birth-cohort\/","url":"https:\/\/www.med.unc.edu\/fammed\/research\/publications-2\/association-between-breastfeeding-host-genetic-factors-and-calicivirus-gastroenteritis-in-a-nicaraguan-birth-cohort\/","name":"Association between breastfeeding, host genetic factors, and calicivirus gastroenteritis in a Nicaraguan birth cohort - Department of Family Medicine","isPartOf":{"@id":"https:\/\/www.med.unc.edu\/fammed\/#website"},"datePublished":"2022-11-16T17:26:32+00:00","breadcrumb":{"@id":"https:\/\/www.med.unc.edu\/fammed\/research\/publications-2\/association-between-breastfeeding-host-genetic-factors-and-calicivirus-gastroenteritis-in-a-nicaraguan-birth-cohort\/#breadcrumb"},"inLanguage":"en-US","potentialAction":[{"@type":"ReadAction","target":["https:\/\/www.med.unc.edu\/fammed\/research\/publications-2\/association-between-breastfeeding-host-genetic-factors-and-calicivirus-gastroenteritis-in-a-nicaraguan-birth-cohort\/"]}]},{"@type":"BreadcrumbList","@id":"https:\/\/www.med.unc.edu\/fammed\/research\/publications-2\/association-between-breastfeeding-host-genetic-factors-and-calicivirus-gastroenteritis-in-a-nicaraguan-birth-cohort\/#breadcrumb","itemListElement":[{"@type":"ListItem","position":1,"name":"Home","item":"https:\/\/www.med.unc.edu\/fammed\/"},{"@type":"ListItem","position":2,"name":"Research","item":"https:\/\/www.med.unc.edu\/fammed\/research\/"},{"@type":"ListItem","position":3,"name":"Research Articles &amp; Papers","item":"https:\/\/www.med.unc.edu\/fammed\/research\/publications-2\/"},{"@type":"ListItem","position":4,"name":"Association between breastfeeding, host genetic factors, and calicivirus gastroenteritis in a Nicaraguan birth cohort"}]},{"@type":"WebSite","@id":"https:\/\/www.med.unc.edu\/fammed\/#website","url":"https:\/\/www.med.unc.edu\/fammed\/","name":"Department of Family Medicine","description":"","publisher":{"@id":"https:\/\/www.med.unc.edu\/fammed\/#organization"},"potentialAction":[{"@type":"SearchAction","target":{"@type":"EntryPoint","urlTemplate":"https:\/\/www.med.unc.edu\/fammed\/?s={search_term_string}"},"query-input":{"@type":"PropertyValueSpecification","valueRequired":true,"valueName":"search_term_string"}}],"inLanguage":"en-US"},{"@type":"Organization","@id":"https:\/\/www.med.unc.edu\/fammed\/#organization","name":"UNC Family Medicine","url":"https:\/\/www.med.unc.edu\/fammed\/","logo":{"@type":"ImageObject","inLanguage":"en-US","@id":"https:\/\/www.med.unc.edu\/fammed\/#\/schema\/logo\/image\/","url":"https:\/\/www.med.unc.edu\/fammed\/wp-content\/uploads\/sites\/454\/2017\/11\/FamilyMedicine_logo_rgb_v.png","contentUrl":"https:\/\/www.med.unc.edu\/fammed\/wp-content\/uploads\/sites\/454\/2017\/11\/FamilyMedicine_logo_rgb_v.png","width":488,"height":329,"caption":"UNC Family Medicine"},"image":{"@id":"https:\/\/www.med.unc.edu\/fammed\/#\/schema\/logo\/image\/"},"sameAs":["http:\/\/facebook.com\/uncfammed","https:\/\/x.com\/uncfammed","http:\/\/instagram.com\/uncfammed","https:\/\/www.linkedin.com\/company\/unc-family-medicine\/"]}]}},"_links_to":[],"_links_to_target":[],"_links":{"self":[{"href":"https:\/\/www.med.unc.edu\/fammed\/wp-json\/wp\/v2\/pages\/17091","targetHints":{"allow":["GET"]}}],"collection":[{"href":"https:\/\/www.med.unc.edu\/fammed\/wp-json\/wp\/v2\/pages"}],"about":[{"href":"https:\/\/www.med.unc.edu\/fammed\/wp-json\/wp\/v2\/types\/page"}],"author":[{"embeddable":true,"href":"https:\/\/www.med.unc.edu\/fammed\/wp-json\/wp\/v2\/users\/63861"}],"replies":[{"embeddable":true,"href":"https:\/\/www.med.unc.edu\/fammed\/wp-json\/wp\/v2\/comments?post=17091"}],"version-history":[{"count":0,"href":"https:\/\/www.med.unc.edu\/fammed\/wp-json\/wp\/v2\/pages\/17091\/revisions"}],"up":[{"embeddable":true,"href":"https:\/\/www.med.unc.edu\/fammed\/wp-json\/wp\/v2\/pages\/413"}],"wp:attachment":[{"href":"https:\/\/www.med.unc.edu\/fammed\/wp-json\/wp\/v2\/media?parent=17091"}],"wp:term":[{"taxonomy":"category","embeddable":true,"href":"https:\/\/www.med.unc.edu\/fammed\/wp-json\/wp\/v2\/categories?post=17091"}],"curies":[{"name":"wp","href":"https:\/\/api.w.org\/{rel}","templated":true}]}}