{"id":5159,"date":"2021-12-02T10:17:56","date_gmt":"2021-12-02T15:17:56","guid":{"rendered":"https:\/\/www.med.unc.edu\/healthsciences\/ocsci\/?page_id=5159"},"modified":"2025-11-11T11:26:47","modified_gmt":"2025-11-11T16:26:47","slug":"graduates-and-dissertations","status":"publish","type":"page","link":"https:\/\/www.med.unc.edu\/healthsciences\/ocsci\/prospectivestudents\/phd-program-description\/graduates-and-dissertations\/","title":{"rendered":"Graduates and Dissertations"},"content":{"rendered":"<h2>2025<\/h2>\n<p data-pm-slice=\"1 1 []\">Rachel Vaughn: Understanding Participation in Occupation for Youth with Neurological Disability<\/p>\n<p>Zhaoying Li: Understanding community participation\u00a0for individuals with stroke in Southern China: A Multimethod study<\/p>\n<p>Lily Gullion: Serving the Country: A Critical Discourse Analysis of National Media About School Meal Policies from 2020-2024<\/p>\n<h2>2024<\/h2>\n<p>Susie Agostine: Relationship building and meaning making: An exploratory study<\/p>\n<p>Ya Cing Syu: Understanding autistic young adults&#8217; perceptions of sleep and the role of habits and routines in sleep experiences: A multi-method study<\/p>\n<h2>2023<\/h2>\n<p style=\"font-weight: 400\">Stephanie Bristol: Understanding Participation in the Community for Autistic Children, Their Families and Their Assistance Dogs<\/p>\n<h2>2022<\/h2>\n<p style=\"font-weight: 400\">Ben Lee: Exploring sensory processing and sensory experience in everyday life for adults with schizophrenia: A collaborative approach<\/p>\n<h2>2021<\/h2>\n<p>Amanda Carroll: Examining the relationships between military service, occupation, resilience, and successful aging for older U.S. military veterans: A mixed methods study<\/p>\n<h2>2020<\/h2>\n<p>Feddah Ahmad: Understanding the Occupation of Play: A Middle Eastern Revelation a Preliminary Exploration into Arab Parental Values and Children\u2019s Engagement in Play in Kuwait<\/p>\n<p>Katie Williams: Factors Impacting Participation in the Sensory Environment for Children with Autism Spectrum Disorder<\/p>\n<p>Adam DePrimo: The \u00c9pist\u00e9m\u00e8 of the Normal Bell Curve in Post-secondary Transition<\/p>\n<p>Aaron Dallman: Understanding the Affective Dimension of Occupational Participation Among Adolescents with Autism Spectrum Disorder: An Ecological Momentary Assessment Study<\/p>\n<h2>2019<\/h2>\n<p>Abigail Carroll: Caregiving Teams and Toddlers Study: Two Single-Case Changing Criterion Designs to Examine the Effects of a Two Parent-Mediated Intervention for Families with Toddlers at Risk or with Autism<\/p>\n<p>Ryan Lavalley: Occupations of a Living Community: Social Transformation of a Senior Center Welcoming Spanish-Speaking Older Adult Immigrants<\/p>\n<h2>2018<\/h2>\n<p>Lauren Holahan: A Demonstration of the \u2018Transactional Perspective as Method\u2019 Integrating Occupational Science and Implementation Science<\/p>\n<p>Mei-Ling Lin: The Transactional Effects between Family Occupations and Child Emotion Regulation Across Early Childhood<\/p>\n<p>Ashley Mason: Mealtime Experiences and Activities: An Ethnography from the Children\u2019s Perspective<\/p>\n<p>Nikhil Tomar: An Ethnographic Analysis of Stigma Towards Mental Illness and Mental Health Care at Clubhouses in North Carolina<\/p>\n<h2>2017<\/h2>\n<p>Caroline McCarty: Coming Home: Family Routines and Sense of Belonging in Older Child Adoption<\/p>\n<p>Adrienne Miao: Family Occupation: A Study in Negotiated Participation<\/p>\n<p>Chetna Sethi: Parental Decision-Making Processes: Historical and Sociocultural Influences on Everyday Parenting Occupations<\/p>\n<h2>2016<\/h2>\n<p>Valerie Fox: An Exploration of Social Participation for Young Adults Following a First Psychotic Episode<\/p>\n<p>Khaliah Johnson: Daily Life Activities in a Residential Facility for Adults with Intellectual Disabilities: An Institutional Ethnography<\/p>\n<h2>2015<\/h2>\n<p>Anne Kirby: Factors Influencing Participation Outcomes of Young Adults with Autism Spectrum Disorder<\/p>\n<h2>2014<\/h2>\n<p>Ashley Freuler: Facing Challenges on Two Fronts: Exploring the Process of Resilience for Military Families Raising a Child with Autism<\/p>\n<h2>2013<\/h2>\n<p>Emily Furgang Kertcher: Engagement of Students with Intellectual and Developmental Disabilities in Postsecondary Education<\/p>\n<p>Kendra Heatwole Shank: Community Livability for Older Adults: The Person-Place Relationship and Process<\/p>\n<p>Lauren Little: Home and community activities : Dimensions and associations with patterns of sensory response among children with autism spectrum disorders<\/p>\n<p>Heather Fritz: Integrating Diabetes Self-Management into Daily Life: Exploring Process, Habit, and Occupation<\/p>\n<p>Sumita Rege: Looking beyond: A study of blogging and what it tells us about occupations<\/p>\n<p>Mackenzi Pergolotti: Older Adults with Cancer: Participation in Activity and the Utilization of Occupational Therapy<\/p>\n<h2>2011<\/h2>\n<p>Rebecca Aldrich: Discouraged workers&#8217; daily occupations : Exploring complex transactions in the experience of unemployment<\/p>\n<p>Antoine Bailliard: Latino immigration to Small Town, North Carolina : Transformations in El Nuevo South<\/p>\n","protected":false},"excerpt":{"rendered":"<p>2025 Rachel Vaughn: Understanding Participation in Occupation for Youth with Neurological Disability Zhaoying Li: Understanding community participation\u00a0for individuals with stroke in Southern China: A Multimethod study Lily Gullion: Serving the Country: A Critical Discourse Analysis of National Media About School Meal Policies from 2020-2024 2024 Susie Agostine: Relationship building and meaning making: An exploratory study &hellip; <a href=\"https:\/\/www.med.unc.edu\/healthsciences\/ocsci\/prospectivestudents\/phd-program-description\/graduates-and-dissertations\/\" aria-label=\"Read more about Graduates and Dissertations\">Read more<\/a><\/p>\n","protected":false},"author":111958,"featured_media":0,"parent":2223,"menu_order":0,"comment_status":"closed","ping_status":"closed","template":"","meta":{"_acf_changed":false,"layout":"","cellInformation":"","apiCallInformation":"","footnotes":"","_links_to":"","_links_to_target":""},"class_list":["post-5159","page","type-page","status-publish","hentry","odd"],"acf":[],"_links_to":[],"_links_to_target":[],"_links":{"self":[{"href":"https:\/\/www.med.unc.edu\/healthsciences\/ocsci\/wp-json\/wp\/v2\/pages\/5159","targetHints":{"allow":["GET"]}}],"collection":[{"href":"https:\/\/www.med.unc.edu\/healthsciences\/ocsci\/wp-json\/wp\/v2\/pages"}],"about":[{"href":"https:\/\/www.med.unc.edu\/healthsciences\/ocsci\/wp-json\/wp\/v2\/types\/page"}],"author":[{"embeddable":true,"href":"https:\/\/www.med.unc.edu\/healthsciences\/ocsci\/wp-json\/wp\/v2\/users\/111958"}],"replies":[{"embeddable":true,"href":"https:\/\/www.med.unc.edu\/healthsciences\/ocsci\/wp-json\/wp\/v2\/comments?post=5159"}],"version-history":[{"count":2,"href":"https:\/\/www.med.unc.edu\/healthsciences\/ocsci\/wp-json\/wp\/v2\/pages\/5159\/revisions"}],"predecessor-version":[{"id":6131,"href":"https:\/\/www.med.unc.edu\/healthsciences\/ocsci\/wp-json\/wp\/v2\/pages\/5159\/revisions\/6131"}],"up":[{"embeddable":true,"href":"https:\/\/www.med.unc.edu\/healthsciences\/ocsci\/wp-json\/wp\/v2\/pages\/2223"}],"wp:attachment":[{"href":"https:\/\/www.med.unc.edu\/healthsciences\/ocsci\/wp-json\/wp\/v2\/media?parent=5159"}],"curies":[{"name":"wp","href":"https:\/\/api.w.org\/{rel}","templated":true}]}}