{"id":2307,"date":"2017-01-26T20:56:27","date_gmt":"2017-01-27T01:56:27","guid":{"rendered":"https:\/\/www.med.unc.edu\/ncaidstraining\/ncatec-en-espanol\/"},"modified":"2017-01-26T20:56:27","modified_gmt":"2017-01-27T01:56:27","slug":"ncatec-en-espanol","status":"publish","type":"page","link":"https:\/\/www.med.unc.edu\/nchivtraining\/ncatec-en-espanol\/","title":{"rendered":"NCATEC en Espa\u00f1ol"},"content":{"rendered":"<div>\n<p class=\"lead\">\u00a1Bienvenidos a la nueva p\u00e1gina de NCATEC en espa\u00f1ol! Por el momento solo la informaci\u00f3n acerca de PrEP (profilaxis de prexposici\u00f3n) ha sido traducida. Sin embargo, actualmente estamos trabajando en secciones adicionales. Gracias por su paciencia durante este proceso. \u00a1Por favor vuelva pronto para ver estos nuevos cambios!<\/p>\n<dl>\n<dt class=\"\"><span class=\"summary\"> <a class=\"contenttype-folder state-published url\" href=\"\/ncaidstraining\/ncatec-en-espanol\/informacion-basica-sobre-la-profilaxis-de-prexposicion-prep\">Informaci\u00f3n b\u00e1sica sobre la profilaxis de preexposici\u00f3n (PrEP).<\/a> <\/span><\/dt>\n<dd><span class=\"description\">Profilaxis preexposici\u00f3n (o PrEP) se refiere a cuando las personas que est\u00e1n en muy alto riesgo de contraer el VIH toman medicamentos para el VIH a diario para reducir sus probabilidades de infectarse. Aqu\u00ed puede encontrar preguntas y respuestas acerca de PrEP y tambi\u00e9n un mapa de proveedores de PrEP en el estado de Carolina del Norte.<\/span><\/dd>\n<dt class=\"\"><span class=\"summary\"> <a class=\"contenttype-document state-published url\" href=\"\/ncaidstraining\/ncatec-en-espanol\/informacion-adicional-importante\">Informaci\u00f3n Adicional Importante<\/a> <\/span><\/dt>\n<dd><span class=\"description\">En esta p\u00e1gina usted puede encontrar informaci\u00f3n valiosa acerca del VIH y c\u00f3mo afecta a la comunidad Latinx. Art\u00edculos y videos de personas que viven con el VIH. Tambi\u00e9n, informaci\u00f3n de organizaciones con recursos para hispanohablantes.<\/span><\/dd>\n<dt class=\"\"><span class=\"summary\"> <a class=\"contenttype-document state-published url\" href=\"\/ncaidstraining\/ncatec-en-espanol\/enlaces-por-la-salud\">ENLACES Por La Salud<\/a> <\/span><\/dt>\n<dt class=\"\"><span class=\"summary\"> <a class=\"contenttype-document state-published url\" href=\"\/ncaidstraining\/ncatec-en-espanol\/folletos-disponibles-en-espanol\">Materiales Disponibles en Espa\u00f1ol <\/a> <\/span><\/dt>\n<\/dl>\n<\/div>\n","protected":false},"excerpt":{"rendered":"<p>\u00a1Bienvenidos a la nueva p\u00e1gina de NCATEC en espa\u00f1ol! Por el momento solo la informaci\u00f3n acerca de PrEP (profilaxis de prexposici\u00f3n) ha sido traducida. Sin embargo, actualmente estamos trabajando en secciones adicionales. Gracias por su paciencia durante este proceso. \u00a1Por favor vuelva pronto para ver estos nuevos cambios! Informaci\u00f3n b\u00e1sica sobre la profilaxis de preexposici\u00f3n &hellip; <a href=\"https:\/\/www.med.unc.edu\/nchivtraining\/ncatec-en-espanol\/\" aria-label=\"Read more about NCATEC en Espa\u00f1ol\">Read more<\/a><\/p>\n","protected":false},"author":81071,"featured_media":0,"parent":0,"menu_order":0,"comment_status":"closed","ping_status":"closed","template":"","meta":{"_acf_changed":false,"footnotes":"","_links_to":"","_links_to_target":""},"class_list":["post-2307","page","type-page","status-publish","hentry","odd"],"acf":[],"yoast_head":"<!-- This site is optimized with the Yoast SEO plugin v26.8 - https:\/\/yoast.com\/product\/yoast-seo-wordpress\/ -->\n<title>NCATEC en Espa\u00f1ol - North Carolina HIV Training &amp; Education Center<\/title>\n<meta name=\"robots\" content=\"noindex, follow, max-snippet:-1, max-image-preview:large, max-video-preview:-1\" \/>\n<meta property=\"og:locale\" content=\"en_US\" \/>\n<meta property=\"og:type\" content=\"article\" \/>\n<meta property=\"og:title\" content=\"NCATEC en Espa\u00f1ol - North Carolina HIV Training &amp; Education Center\" \/>\n<meta property=\"og:description\" content=\"\u00a1Bienvenidos a la nueva p\u00e1gina de NCATEC en espa\u00f1ol! Por el momento solo la informaci\u00f3n acerca de PrEP (profilaxis de prexposici\u00f3n) ha sido traducida. Sin embargo, actualmente estamos trabajando en secciones adicionales. Gracias por su paciencia durante este proceso. \u00a1Por favor vuelva pronto para ver estos nuevos cambios! Informaci\u00f3n b\u00e1sica sobre la profilaxis de preexposici\u00f3n &hellip; Read more\" \/>\n<meta property=\"og:url\" content=\"https:\/\/www.med.unc.edu\/nchivtraining\/ncatec-en-espanol\/\" \/>\n<meta property=\"og:site_name\" content=\"North Carolina HIV Training &amp; Education Center\" \/>\n<meta name=\"twitter:card\" content=\"summary_large_image\" \/>\n<meta name=\"twitter:label1\" content=\"Est. reading time\" \/>\n\t<meta name=\"twitter:data1\" content=\"1 minute\" \/>\n<script type=\"application\/ld+json\" class=\"yoast-schema-graph\">{\"@context\":\"https:\/\/schema.org\",\"@graph\":[{\"@type\":\"WebPage\",\"@id\":\"https:\/\/www.med.unc.edu\/nchivtraining\/ncatec-en-espanol\/\",\"url\":\"https:\/\/www.med.unc.edu\/nchivtraining\/ncatec-en-espanol\/\",\"name\":\"NCATEC en Espa\u00f1ol - North Carolina HIV Training &amp; Education Center\",\"isPartOf\":{\"@id\":\"https:\/\/www.med.unc.edu\/nchivtraining\/#website\"},\"datePublished\":\"2017-01-27T01:56:27+00:00\",\"breadcrumb\":{\"@id\":\"https:\/\/www.med.unc.edu\/nchivtraining\/ncatec-en-espanol\/#breadcrumb\"},\"inLanguage\":\"en-US\",\"potentialAction\":[{\"@type\":\"ReadAction\",\"target\":[\"https:\/\/www.med.unc.edu\/nchivtraining\/ncatec-en-espanol\/\"]}]},{\"@type\":\"BreadcrumbList\",\"@id\":\"https:\/\/www.med.unc.edu\/nchivtraining\/ncatec-en-espanol\/#breadcrumb\",\"itemListElement\":[{\"@type\":\"ListItem\",\"position\":1,\"name\":\"Home\",\"item\":\"https:\/\/www.med.unc.edu\/nchivtraining\/\"},{\"@type\":\"ListItem\",\"position\":2,\"name\":\"NCATEC en Espa\u00f1ol\"}]},{\"@type\":\"WebSite\",\"@id\":\"https:\/\/www.med.unc.edu\/nchivtraining\/#website\",\"url\":\"https:\/\/www.med.unc.edu\/nchivtraining\/\",\"name\":\"North Carolina HIV Training &amp; Education Center\",\"description\":\"\",\"potentialAction\":[{\"@type\":\"SearchAction\",\"target\":{\"@type\":\"EntryPoint\",\"urlTemplate\":\"https:\/\/www.med.unc.edu\/nchivtraining\/?s={search_term_string}\"},\"query-input\":{\"@type\":\"PropertyValueSpecification\",\"valueRequired\":true,\"valueName\":\"search_term_string\"}}],\"inLanguage\":\"en-US\"}]}<\/script>\n<!-- \/ Yoast SEO plugin. -->","yoast_head_json":{"title":"NCATEC en Espa\u00f1ol - North Carolina HIV Training &amp; Education Center","robots":{"index":"noindex","follow":"follow","max-snippet":"max-snippet:-1","max-image-preview":"max-image-preview:large","max-video-preview":"max-video-preview:-1"},"og_locale":"en_US","og_type":"article","og_title":"NCATEC en Espa\u00f1ol - North Carolina HIV Training &amp; Education Center","og_description":"\u00a1Bienvenidos a la nueva p\u00e1gina de NCATEC en espa\u00f1ol! Por el momento solo la informaci\u00f3n acerca de PrEP (profilaxis de prexposici\u00f3n) ha sido traducida. Sin embargo, actualmente estamos trabajando en secciones adicionales. Gracias por su paciencia durante este proceso. \u00a1Por favor vuelva pronto para ver estos nuevos cambios! Informaci\u00f3n b\u00e1sica sobre la profilaxis de preexposici\u00f3n &hellip; Read more","og_url":"https:\/\/www.med.unc.edu\/nchivtraining\/ncatec-en-espanol\/","og_site_name":"North Carolina HIV Training &amp; Education Center","twitter_card":"summary_large_image","twitter_misc":{"Est. reading time":"1 minute"},"schema":{"@context":"https:\/\/schema.org","@graph":[{"@type":"WebPage","@id":"https:\/\/www.med.unc.edu\/nchivtraining\/ncatec-en-espanol\/","url":"https:\/\/www.med.unc.edu\/nchivtraining\/ncatec-en-espanol\/","name":"NCATEC en Espa\u00f1ol - North Carolina HIV Training &amp; Education Center","isPartOf":{"@id":"https:\/\/www.med.unc.edu\/nchivtraining\/#website"},"datePublished":"2017-01-27T01:56:27+00:00","breadcrumb":{"@id":"https:\/\/www.med.unc.edu\/nchivtraining\/ncatec-en-espanol\/#breadcrumb"},"inLanguage":"en-US","potentialAction":[{"@type":"ReadAction","target":["https:\/\/www.med.unc.edu\/nchivtraining\/ncatec-en-espanol\/"]}]},{"@type":"BreadcrumbList","@id":"https:\/\/www.med.unc.edu\/nchivtraining\/ncatec-en-espanol\/#breadcrumb","itemListElement":[{"@type":"ListItem","position":1,"name":"Home","item":"https:\/\/www.med.unc.edu\/nchivtraining\/"},{"@type":"ListItem","position":2,"name":"NCATEC en Espa\u00f1ol"}]},{"@type":"WebSite","@id":"https:\/\/www.med.unc.edu\/nchivtraining\/#website","url":"https:\/\/www.med.unc.edu\/nchivtraining\/","name":"North Carolina HIV Training &amp; Education Center","description":"","potentialAction":[{"@type":"SearchAction","target":{"@type":"EntryPoint","urlTemplate":"https:\/\/www.med.unc.edu\/nchivtraining\/?s={search_term_string}"},"query-input":{"@type":"PropertyValueSpecification","valueRequired":true,"valueName":"search_term_string"}}],"inLanguage":"en-US"}]}},"_links_to":[],"_links_to_target":[],"_links":{"self":[{"href":"https:\/\/www.med.unc.edu\/nchivtraining\/wp-json\/wp\/v2\/pages\/2307","targetHints":{"allow":["GET"]}}],"collection":[{"href":"https:\/\/www.med.unc.edu\/nchivtraining\/wp-json\/wp\/v2\/pages"}],"about":[{"href":"https:\/\/www.med.unc.edu\/nchivtraining\/wp-json\/wp\/v2\/types\/page"}],"author":[{"embeddable":true,"href":"https:\/\/www.med.unc.edu\/nchivtraining\/wp-json\/wp\/v2\/users\/81071"}],"replies":[{"embeddable":true,"href":"https:\/\/www.med.unc.edu\/nchivtraining\/wp-json\/wp\/v2\/comments?post=2307"}],"version-history":[{"count":0,"href":"https:\/\/www.med.unc.edu\/nchivtraining\/wp-json\/wp\/v2\/pages\/2307\/revisions"}],"wp:attachment":[{"href":"https:\/\/www.med.unc.edu\/nchivtraining\/wp-json\/wp\/v2\/media?parent=2307"}],"curies":[{"name":"wp","href":"https:\/\/api.w.org\/{rel}","templated":true}]}}