{"id":2367,"date":"2017-03-07T18:30:50","date_gmt":"2017-03-07T23:30:50","guid":{"rendered":"https:\/\/www.med.unc.edu\/ncaidstraining\/ncatec-en-espanol\/enlaces-por-la-salud\/"},"modified":"2017-03-07T18:30:50","modified_gmt":"2017-03-07T23:30:50","slug":"enlaces-por-la-salud","status":"publish","type":"page","link":"https:\/\/www.med.unc.edu\/nchivtraining\/ncatec-en-espanol\/enlaces-por-la-salud\/","title":{"rendered":"ENLACES Por La Salud"},"content":{"rendered":"<h2 class=\"section-som\"><span>ENLACES Por La Salud<\/span><\/h2>\n<div>\n<p style=\"text-align: center\"><img loading=\"lazy\" decoding=\"async\" width=\"300\" height=\"150\" class=\"image-inline size-medium wp-image-2277\" style=\"margin-left: auto;margin-right: auto\" title=\"Enlaces por la salud\" src=\"\/ncaidstraining\/files\/2018\/07\/enlaces-por-la-salud-300x150.jpeg\" alt=\"Enlaces por la salud\" srcset=\"https:\/\/www.med.unc.edu\/nchivtraining\/wp-content\/uploads\/sites\/1022\/2018\/07\/enlaces-por-la-salud-300x150.jpeg 300w, https:\/\/www.med.unc.edu\/nchivtraining\/wp-content\/uploads\/sites\/1022\/2018\/07\/enlaces-por-la-salud-768x384.jpeg 768w, https:\/\/www.med.unc.edu\/nchivtraining\/wp-content\/uploads\/sites\/1022\/2018\/07\/enlaces-por-la-salud-1024x512.jpeg 1024w\" sizes=\"auto, (max-width: 300px) 100vw, 300px\" \/><span class=\"discreet\">Este programa es financiado en colaboraci\u00f3n con la Universidad de Chapel Hill<\/span><\/p>\n<p class=\" \" style=\"text-align: center\"><a class=\"internal-link\" title=\"\" href=\"https:\/\/www.med.unc.edu\/ncaidstraining\/ncatec-en-espanol\/informacion-adicional-importante\/\" target=\"_self\" rel=\"noopener noreferrer\">Haga clic aqu\u00ed<\/a> <em>para ver un video con Maritza Chirinos y Fernando\u2014quien nos cuenta un poco de lo que ha sido su vida despu\u00e9s de haber sido diagnosticado con VIH.<\/em><\/p>\n<p class=\" \"><span class=\"blue\">Una breve descripci\u00f3n del programa:<\/span><br \/>\nEste programa es un esfuerzo a nivel estatal para aumentar la indentificaci\u00f3n de hombres y mujeres transg\u00e9nero que son Latinos monoling\u00fces. A trav\u00e9s de la colaboraci\u00f3n con la Universidad de Chapel Hill, este programa sin igual permite a organizaciones en el Tri\u00e1ngulo y el Triad, al igual que el \u00e1rea de Charlotte, la habilidad de enforcarse en una de las poblaciones m\u00e1s vulnerables e agobiadas.<\/p>\n<p style=\"text-align: left\"><span class=\"blue\">La Navegadora Personal de Salud Biling\u00fce de Enlaces:<\/span><\/p>\n<p>Nuestra Navegadora Personal de Salud trabaja para forjar la confianza y formar relaciones con la comunidad Latina y frecuentemente trabaja con varias organizaciones de la comunidad.<\/p>\n<p style=\"text-align: left\">Una vez que los individuos han sido identificados, nuestra navegadora trabaja con ellos\/as para asegurar que est\u00e1n debidamente vinculados\/as con cuidado m\u00e9dico y sigan teniendo acceso a servicios culturalmente adecuados y sin obst\u00e1culos. La navegadora tambi\u00e9n sirve como una asesora para los pacientes.<\/p>\n<p style=\"text-align: left\"><em>Parte de las funciones de la navegadora incluye:<\/em><\/p>\n<ul>\n<li>Proveer pruebas de VIH a la comunidad durante horas no tradicionales.<\/li>\n<li>Ayudar a la poblaci\u00f3n Latina\/VIH positiva con acceso a tratamiento m\u00e9dico.<\/li>\n<li>Cumplir con un plan de estudios de seis sesiones que cubre diagn\u00f3stico, comunicaci\u00f3n con equipos de cuidado m\u00e9dico, estigma, discriminaci\u00f3n, inmigraci\u00f3n, redes de apoyo social, y salud mental.<\/li>\n<\/ul>\n<p>El objetivo de ENLACES es que los pacientes, independiente de la navegadora de salud personal, puedan cuidar de su salud a trav\u00e9s de las habilidades de atenci\u00f3n m\u00e9dica que han construido junto a la navegadora durante las seis sesiones.<\/p>\n<p class=\" \"><span class=\"blue\">Para referir a pacientes con una navegadora:<br \/>\n<\/span><\/p>\n<table style=\"width: 619px;height: 135px\" border=\"0\">\n<tbody>\n<tr>\n<th><strong>\u00c1rea del Tri\u00e1ngulo y el Triad<\/strong><\/th>\n<th><strong>Maritza Chirinos<\/strong><br \/>\nNavegadora de Salud Personal<br \/>\nTel: 919-428-9129<br \/>\nEmail: mchirinos@elcentro.org<\/th>\n<\/tr>\n<tr>\n<td><strong>\u00c1rea de Charlotte &amp; Centro-Sur de Carolina del Norte<\/strong><\/td>\n<td><strong>Aleida Espinal<\/strong><br \/>\nNavegadora de Salud Personal<br \/>\nTel: 704-222-7715<br \/>\nEmail: a.espinal@carolinarain.org<\/td>\n<\/tr>\n<tr>\n<td><strong>Para preguntas sobre el programa u\/o preocupaciones<\/strong><\/td>\n<td><strong>Joaqu\u00edn Carca\u00f1o<\/strong><br \/>\nCoordinador del Proyecto<br \/>\nTel: 919-843-8601<br \/>\nEmail:joaquin_carcano@med.unc.edu<\/td>\n<\/tr>\n<\/tbody>\n<\/table>\n<p style=\"text-align: center\"><span class=\"blue\">Colaboradores en la comunidad<\/span><\/p>\n<p><img loading=\"lazy\" decoding=\"async\" width=\"300\" height=\"189\" class=\"image-inline size-medium wp-image-2288\" style=\"margin-left: auto;margin-right: auto\" title=\"Enlaces community partners map\" src=\"\/ncaidstraining\/files\/2018\/07\/enlaces-community-partners-map-300x189.png\" alt=\"Enlaces community partners map\" srcset=\"https:\/\/www.med.unc.edu\/nchivtraining\/wp-content\/uploads\/sites\/1022\/2018\/07\/enlaces-community-partners-map-300x189.png 300w, https:\/\/www.med.unc.edu\/nchivtraining\/wp-content\/uploads\/sites\/1022\/2018\/07\/enlaces-community-partners-map-768x485.png 768w, https:\/\/www.med.unc.edu\/nchivtraining\/wp-content\/uploads\/sites\/1022\/2018\/07\/enlaces-community-partners-map.png 783w\" sizes=\"auto, (max-width: 300px) 100vw, 300px\" \/><\/p>\n<p style=\"text-align: center\"><span class=\"blue\">Colaboradores en cuidado m\u00e9dico<\/span><\/p>\n<p style=\"text-align: center\"><span class=\"blue\"><img loading=\"lazy\" decoding=\"async\" width=\"300\" height=\"161\" class=\"image-inline size-medium wp-image-2289\" title=\"Enlaces medical partners picture\" src=\"\/ncaidstraining\/files\/2018\/07\/enlaces-community-partners-picture-300x161.png\" alt=\"Enlaces medical partners picture\" srcset=\"https:\/\/www.med.unc.edu\/nchivtraining\/wp-content\/uploads\/sites\/1022\/2018\/07\/enlaces-community-partners-picture-300x161.png 300w, https:\/\/www.med.unc.edu\/nchivtraining\/wp-content\/uploads\/sites\/1022\/2018\/07\/enlaces-community-partners-picture.png 753w\" sizes=\"auto, (max-width: 300px) 100vw, 300px\" \/><\/span><\/p>\n<p style=\"text-align: center\"><span class=\"blue\">Folleto Disponible Para Distribuci\u00f3n<\/span><\/p>\n<table style=\"width: 617px;height: 422px\" border=\"0\">\n<tbody>\n<tr>\n<th style=\"text-align: left\"><img loading=\"lazy\" decoding=\"async\" width=\"140\" height=\"300\" class=\"image-inline size-medium wp-image-2291\" title=\"Enlaces provider-front\" src=\"\/ncaidstraining\/files\/2018\/07\/enlaces-provider-front-140x300.png\" alt=\"Enlaces provider-front\" srcset=\"https:\/\/www.med.unc.edu\/nchivtraining\/wp-content\/uploads\/sites\/1022\/2018\/07\/enlaces-provider-front-140x300.png 140w, https:\/\/www.med.unc.edu\/nchivtraining\/wp-content\/uploads\/sites\/1022\/2018\/07\/enlaces-provider-front.png 288w\" sizes=\"auto, (max-width: 140px) 100vw, 140px\" \/><\/th>\n<th><img loading=\"lazy\" decoding=\"async\" width=\"138\" height=\"300\" class=\"image-inline size-medium wp-image-2290\" title=\"Enlaces provider card-back\" src=\"\/ncaidstraining\/files\/2018\/07\/enlaces-provider-card-back-138x300.png\" alt=\"Enlaces provider card-back\" srcset=\"https:\/\/www.med.unc.edu\/nchivtraining\/wp-content\/uploads\/sites\/1022\/2018\/07\/enlaces-provider-card-back-138x300.png 138w, https:\/\/www.med.unc.edu\/nchivtraining\/wp-content\/uploads\/sites\/1022\/2018\/07\/enlaces-provider-card-back.png 285w\" sizes=\"auto, (max-width: 138px) 100vw, 138px\" \/><\/th>\n<\/tr>\n<\/tbody>\n<\/table>\n<p style=\"text-align: center\"><span class=\"blue\">\u00a0<\/span><\/p>\n<\/div>\n","protected":false},"excerpt":{"rendered":"<p>Este programa es financiado en colaboraci\u00f3n con la Universidad de Chapel Hill Haga clic aqu\u00ed para ver un video con Maritza Chirinos y Fernando\u2014quien nos cuenta un poco de lo que ha sido su vida despu\u00e9s de haber sido diagnosticado con VIH. Una breve descripci\u00f3n del programa: Este programa es un esfuerzo a nivel estatal &hellip; <a href=\"https:\/\/www.med.unc.edu\/nchivtraining\/ncatec-en-espanol\/enlaces-por-la-salud\/\" aria-label=\"Read more about ENLACES Por La Salud\">Read more<\/a><\/p>\n","protected":false},"author":81071,"featured_media":0,"parent":2307,"menu_order":4,"comment_status":"closed","ping_status":"closed","template":"templates\/front-page.php","meta":{"_acf_changed":false,"footnotes":"","_links_to":"","_links_to_target":""},"class_list":["post-2367","page","type-page","status-publish","hentry","odd"],"acf":[],"yoast_head":"<!-- This site is optimized with the Yoast SEO plugin v26.8 - https:\/\/yoast.com\/product\/yoast-seo-wordpress\/ -->\n<title>ENLACES Por La Salud - North Carolina HIV Training &amp; Education Center<\/title>\n<meta name=\"robots\" content=\"noindex, follow, max-snippet:-1, max-image-preview:large, max-video-preview:-1\" \/>\n<meta property=\"og:locale\" content=\"en_US\" \/>\n<meta property=\"og:type\" content=\"article\" \/>\n<meta property=\"og:title\" content=\"ENLACES Por La Salud - North Carolina HIV Training &amp; Education Center\" \/>\n<meta property=\"og:description\" content=\"Este programa es financiado en colaboraci\u00f3n con la Universidad de Chapel Hill Haga clic aqu\u00ed para ver un video con Maritza Chirinos y Fernando\u2014quien nos cuenta un poco de lo que ha sido su vida despu\u00e9s de haber sido diagnosticado con VIH. Una breve descripci\u00f3n del programa: Este programa es un esfuerzo a nivel estatal &hellip; Read more\" \/>\n<meta property=\"og:url\" content=\"https:\/\/www.med.unc.edu\/nchivtraining\/ncatec-en-espanol\/enlaces-por-la-salud\/\" \/>\n<meta property=\"og:site_name\" content=\"North Carolina HIV Training &amp; Education Center\" \/>\n<meta name=\"twitter:card\" content=\"summary_large_image\" \/>\n<meta name=\"twitter:label1\" content=\"Est. reading time\" \/>\n\t<meta name=\"twitter:data1\" content=\"2 minutes\" \/>\n<script type=\"application\/ld+json\" class=\"yoast-schema-graph\">{\"@context\":\"https:\/\/schema.org\",\"@graph\":[{\"@type\":\"WebPage\",\"@id\":\"https:\/\/www.med.unc.edu\/nchivtraining\/ncatec-en-espanol\/enlaces-por-la-salud\/\",\"url\":\"https:\/\/www.med.unc.edu\/nchivtraining\/ncatec-en-espanol\/enlaces-por-la-salud\/\",\"name\":\"ENLACES Por La Salud - North Carolina HIV Training &amp; Education Center\",\"isPartOf\":{\"@id\":\"https:\/\/www.med.unc.edu\/nchivtraining\/#website\"},\"datePublished\":\"2017-03-07T23:30:50+00:00\",\"breadcrumb\":{\"@id\":\"https:\/\/www.med.unc.edu\/nchivtraining\/ncatec-en-espanol\/enlaces-por-la-salud\/#breadcrumb\"},\"inLanguage\":\"en-US\",\"potentialAction\":[{\"@type\":\"ReadAction\",\"target\":[\"https:\/\/www.med.unc.edu\/nchivtraining\/ncatec-en-espanol\/enlaces-por-la-salud\/\"]}]},{\"@type\":\"BreadcrumbList\",\"@id\":\"https:\/\/www.med.unc.edu\/nchivtraining\/ncatec-en-espanol\/enlaces-por-la-salud\/#breadcrumb\",\"itemListElement\":[{\"@type\":\"ListItem\",\"position\":1,\"name\":\"Home\",\"item\":\"https:\/\/www.med.unc.edu\/nchivtraining\/\"},{\"@type\":\"ListItem\",\"position\":2,\"name\":\"NCATEC en Espa\u00f1ol\",\"item\":\"https:\/\/www.med.unc.edu\/nchivtraining\/ncatec-en-espanol\/\"},{\"@type\":\"ListItem\",\"position\":3,\"name\":\"ENLACES Por La Salud\"}]},{\"@type\":\"WebSite\",\"@id\":\"https:\/\/www.med.unc.edu\/nchivtraining\/#website\",\"url\":\"https:\/\/www.med.unc.edu\/nchivtraining\/\",\"name\":\"North Carolina HIV Training &amp; Education Center\",\"description\":\"\",\"potentialAction\":[{\"@type\":\"SearchAction\",\"target\":{\"@type\":\"EntryPoint\",\"urlTemplate\":\"https:\/\/www.med.unc.edu\/nchivtraining\/?s={search_term_string}\"},\"query-input\":{\"@type\":\"PropertyValueSpecification\",\"valueRequired\":true,\"valueName\":\"search_term_string\"}}],\"inLanguage\":\"en-US\"}]}<\/script>\n<!-- \/ Yoast SEO plugin. -->","yoast_head_json":{"title":"ENLACES Por La Salud - North Carolina HIV Training &amp; Education Center","robots":{"index":"noindex","follow":"follow","max-snippet":"max-snippet:-1","max-image-preview":"max-image-preview:large","max-video-preview":"max-video-preview:-1"},"og_locale":"en_US","og_type":"article","og_title":"ENLACES Por La Salud - North Carolina HIV Training &amp; Education Center","og_description":"Este programa es financiado en colaboraci\u00f3n con la Universidad de Chapel Hill Haga clic aqu\u00ed para ver un video con Maritza Chirinos y Fernando\u2014quien nos cuenta un poco de lo que ha sido su vida despu\u00e9s de haber sido diagnosticado con VIH. Una breve descripci\u00f3n del programa: Este programa es un esfuerzo a nivel estatal &hellip; Read more","og_url":"https:\/\/www.med.unc.edu\/nchivtraining\/ncatec-en-espanol\/enlaces-por-la-salud\/","og_site_name":"North Carolina HIV Training &amp; Education Center","twitter_card":"summary_large_image","twitter_misc":{"Est. reading time":"2 minutes"},"schema":{"@context":"https:\/\/schema.org","@graph":[{"@type":"WebPage","@id":"https:\/\/www.med.unc.edu\/nchivtraining\/ncatec-en-espanol\/enlaces-por-la-salud\/","url":"https:\/\/www.med.unc.edu\/nchivtraining\/ncatec-en-espanol\/enlaces-por-la-salud\/","name":"ENLACES Por La Salud - North Carolina HIV Training &amp; Education Center","isPartOf":{"@id":"https:\/\/www.med.unc.edu\/nchivtraining\/#website"},"datePublished":"2017-03-07T23:30:50+00:00","breadcrumb":{"@id":"https:\/\/www.med.unc.edu\/nchivtraining\/ncatec-en-espanol\/enlaces-por-la-salud\/#breadcrumb"},"inLanguage":"en-US","potentialAction":[{"@type":"ReadAction","target":["https:\/\/www.med.unc.edu\/nchivtraining\/ncatec-en-espanol\/enlaces-por-la-salud\/"]}]},{"@type":"BreadcrumbList","@id":"https:\/\/www.med.unc.edu\/nchivtraining\/ncatec-en-espanol\/enlaces-por-la-salud\/#breadcrumb","itemListElement":[{"@type":"ListItem","position":1,"name":"Home","item":"https:\/\/www.med.unc.edu\/nchivtraining\/"},{"@type":"ListItem","position":2,"name":"NCATEC en Espa\u00f1ol","item":"https:\/\/www.med.unc.edu\/nchivtraining\/ncatec-en-espanol\/"},{"@type":"ListItem","position":3,"name":"ENLACES Por La Salud"}]},{"@type":"WebSite","@id":"https:\/\/www.med.unc.edu\/nchivtraining\/#website","url":"https:\/\/www.med.unc.edu\/nchivtraining\/","name":"North Carolina HIV Training &amp; Education Center","description":"","potentialAction":[{"@type":"SearchAction","target":{"@type":"EntryPoint","urlTemplate":"https:\/\/www.med.unc.edu\/nchivtraining\/?s={search_term_string}"},"query-input":{"@type":"PropertyValueSpecification","valueRequired":true,"valueName":"search_term_string"}}],"inLanguage":"en-US"}]}},"_links_to":[],"_links_to_target":[],"_links":{"self":[{"href":"https:\/\/www.med.unc.edu\/nchivtraining\/wp-json\/wp\/v2\/pages\/2367","targetHints":{"allow":["GET"]}}],"collection":[{"href":"https:\/\/www.med.unc.edu\/nchivtraining\/wp-json\/wp\/v2\/pages"}],"about":[{"href":"https:\/\/www.med.unc.edu\/nchivtraining\/wp-json\/wp\/v2\/types\/page"}],"author":[{"embeddable":true,"href":"https:\/\/www.med.unc.edu\/nchivtraining\/wp-json\/wp\/v2\/users\/81071"}],"replies":[{"embeddable":true,"href":"https:\/\/www.med.unc.edu\/nchivtraining\/wp-json\/wp\/v2\/comments?post=2367"}],"version-history":[{"count":0,"href":"https:\/\/www.med.unc.edu\/nchivtraining\/wp-json\/wp\/v2\/pages\/2367\/revisions"}],"up":[{"embeddable":true,"href":"https:\/\/www.med.unc.edu\/nchivtraining\/wp-json\/wp\/v2\/pages\/2307"}],"wp:attachment":[{"href":"https:\/\/www.med.unc.edu\/nchivtraining\/wp-json\/wp\/v2\/media?parent=2367"}],"curies":[{"name":"wp","href":"https:\/\/api.w.org\/{rel}","templated":true}]}}