{"id":2371,"date":"2017-01-26T20:55:00","date_gmt":"2017-01-27T01:55:00","guid":{"rendered":"https:\/\/www.med.unc.edu\/ncaidstraining\/ncatec-en-espanol\/informacion-basica-sobre-la-profilaxis-de-prexposicion-prep\/mapa-de-proveedores-de-prep\/"},"modified":"2017-01-26T20:55:00","modified_gmt":"2017-01-27T01:55:00","slug":"mapa-de-proveedores-de-prep","status":"publish","type":"page","link":"https:\/\/www.med.unc.edu\/nchivtraining\/ncatec-en-espanol\/informacion-basica-sobre-la-profilaxis-de-prexposicion-prep\/mapa-de-proveedores-de-prep\/","title":{"rendered":"Mapa de Proveedores de PrEP"},"content":{"rendered":"<div>\n<p class=\"lead\">Este es un mapa de proveedores en todo el estado de Carolina del Norte que actualmente prescriben PrEP.<\/p>\n<div>\n<h2><strong>Mapa de Proveedores de PrEP en el Estado <\/strong><\/h2>\n<p><span class=\"discreet\">Hay una barra de b\u00fasqueda abajo en la esqu\u00edna derecha del mapa. Puede buscar por ciudad \u00f3 codigo postal.<\/span><\/p>\n<p><!-- iframe plugin v.4.3 wordpress.org\/plugins\/iframe\/ --><br \/>\n<span data-mce-type=\"bookmark\" style=\"width: 0px;overflow: hidden;line-height: 0\" class=\"mce_SELRES_start\">\ufeff<\/span><a title=\"\" href=\"\/ncaidstraining\/files\/2018\/07\/prep-provider-list-in-spanish.pdf\" class=\"internal-link\" target=\"_blank\" rel=\"noopener noreferrer\">Haga clic aqu\u00ed para bajar una lista de los proveedores <\/a>&nbsp;<\/p>\n<p><a href=\"http:\/\/www.med.unc.edu\/nchivtraining\/wp-content\/uploads\/sites\/1022\/2018\/07\/prep-provider-list-in-spanish.pdf\" target=\"_blank\" rel=\"noopener noreferrer\">Haga clic aqu\u00ed para bajar una lista de los proveedores<\/a><\/p>\n<\/div>\n<\/div>\n","protected":false},"excerpt":{"rendered":"<p>Este es un mapa de proveedores en todo el estado de Carolina del Norte que actualmente prescriben PrEP. Mapa de Proveedores de PrEP en el Estado Hay una barra de b\u00fasqueda abajo en la esqu\u00edna derecha del mapa. Puede buscar por ciudad \u00f3 codigo postal. \ufeffHaga clic aqu\u00ed para bajar una lista de los proveedores &hellip; <a href=\"https:\/\/www.med.unc.edu\/nchivtraining\/ncatec-en-espanol\/informacion-basica-sobre-la-profilaxis-de-prexposicion-prep\/mapa-de-proveedores-de-prep\/\" aria-label=\"Read more about Mapa de Proveedores de PrEP\">Read more<\/a><\/p>\n","protected":false},"author":81071,"featured_media":0,"parent":2308,"menu_order":1,"comment_status":"closed","ping_status":"closed","template":"","meta":{"_acf_changed":false,"footnotes":"","_links_to":"","_links_to_target":""},"class_list":["post-2371","page","type-page","status-publish","hentry","odd"],"acf":[],"_links_to":[],"_links_to_target":[],"_links":{"self":[{"href":"https:\/\/www.med.unc.edu\/nchivtraining\/wp-json\/wp\/v2\/pages\/2371","targetHints":{"allow":["GET"]}}],"collection":[{"href":"https:\/\/www.med.unc.edu\/nchivtraining\/wp-json\/wp\/v2\/pages"}],"about":[{"href":"https:\/\/www.med.unc.edu\/nchivtraining\/wp-json\/wp\/v2\/types\/page"}],"author":[{"embeddable":true,"href":"https:\/\/www.med.unc.edu\/nchivtraining\/wp-json\/wp\/v2\/users\/81071"}],"replies":[{"embeddable":true,"href":"https:\/\/www.med.unc.edu\/nchivtraining\/wp-json\/wp\/v2\/comments?post=2371"}],"version-history":[{"count":0,"href":"https:\/\/www.med.unc.edu\/nchivtraining\/wp-json\/wp\/v2\/pages\/2371\/revisions"}],"up":[{"embeddable":true,"href":"https:\/\/www.med.unc.edu\/nchivtraining\/wp-json\/wp\/v2\/pages\/2308"}],"wp:attachment":[{"href":"https:\/\/www.med.unc.edu\/nchivtraining\/wp-json\/wp\/v2\/media?parent=2371"}],"curies":[{"name":"wp","href":"https:\/\/api.w.org\/{rel}","templated":true}]}}