{"id":2228,"date":"2010-11-09T20:35:00","date_gmt":"2010-11-10T01:35:00","guid":{"rendered":"https:\/\/www.med.unc.edu\/psych\/eatingdisorders\/learn-more\/informacion-en-espanol\/"},"modified":"2019-09-04T10:18:01","modified_gmt":"2019-09-04T14:18:01","slug":"informacion-en-espanol","status":"publish","type":"page","link":"https:\/\/www.med.unc.edu\/psych\/eatingdisorders\/learn-more\/informacion-en-espanol\/","title":{"rendered":"Informaci\u00f3n"},"content":{"rendered":"<div>\n<ul>\n<li><b><a href=\"\/psych\/eatingdisorders\/Learn%20More\/informacion-en-espanol\/capsulas-informativas-sobre-tca\">C\u00e1psulas Informativas sobre TCA<\/a><\/b><br \/>\nEstas c\u00e1psulas informativas proveen informaci\u00f3n b\u00e1sica sobre los trastorno de la conducta alimentaria (TCA).<\/li>\n<li><b><a href=\"\/psych\/eatingdisorders\/Learn%20More\/informacion-en-espanol\/informacion-de-salud-para-usted\">Informacion de salud para usted<\/a><\/b><\/li>\n<li><b><a href=\"https:\/\/www.med.unc.edu\/psych\/eatingdisorders\/wp-content\/uploads\/sites\/821\/2018\/07\/manual-informativo-trastornos-de-la-conducta-alimentaria-para-pacientes-y-o-familiares.pdf\">Manual Informativo Trastornos de la Conducta Alimentaria para Pacientes y\/o Familiares<\/a><\/b><\/li>\n<li><b>Fotonovelas<\/b><\/li>\n<li><b><a href=\"\/psych\/eatingdisorders\/Learn%20More\/informacion-en-espanol\/prevalencia-de-tca\">Prevalencia de TCA <\/a><\/b><\/li>\n<li><b><a href=\"\/psych\/eatingdisorders\/Learn%20More\/informacion-en-espanol\/bfque-son-los-trastornos-de-la-conducta-alimentaria\">\u00bfQu\u00e9 son los Trastornos de la Conducta Alimentaria?<\/a><\/b><\/li>\n<\/ul>\n<\/div>\n","protected":false},"excerpt":{"rendered":"<p>C\u00e1psulas Informativas sobre TCA Estas c\u00e1psulas informativas proveen informaci\u00f3n b\u00e1sica sobre los trastorno de la conducta alimentaria (TCA). Informacion de salud para usted Manual Informativo Trastornos de la Conducta Alimentaria para Pacientes y\/o Familiares Fotonovelas Prevalencia de TCA \u00bfQu\u00e9 son los Trastornos de la Conducta Alimentaria?<\/p>\n","protected":false},"author":1504,"featured_media":0,"parent":2217,"menu_order":13,"comment_status":"closed","ping_status":"closed","template":"","meta":{"_acf_changed":false,"layout":"","cellInformation":"","apiCallInformation":"","footnotes":"","_links_to":"","_links_to_target":""},"class_list":["post-2228","page","type-page","status-publish","hentry","odd"],"acf":[],"yoast_head":"<!-- This site is optimized with the Yoast SEO plugin v26.8 - https:\/\/yoast.com\/product\/yoast-seo-wordpress\/ -->\n<title>Informaci\u00f3n - Center of Excellence for Eating Disorders<\/title>\n<meta name=\"robots\" content=\"index, follow, max-snippet:-1, max-image-preview:large, max-video-preview:-1\" \/>\n<link rel=\"canonical\" href=\"https:\/\/www.med.unc.edu\/psych\/eatingdisorders\/learn-more\/informacion-en-espanol\/\" \/>\n<meta property=\"og:locale\" content=\"en_US\" \/>\n<meta property=\"og:type\" content=\"article\" \/>\n<meta property=\"og:title\" content=\"Informaci\u00f3n - Center of Excellence for Eating Disorders\" \/>\n<meta property=\"og:description\" content=\"C\u00e1psulas Informativas sobre TCA Estas c\u00e1psulas informativas proveen informaci\u00f3n b\u00e1sica sobre los trastorno de la conducta alimentaria (TCA). Informacion de salud para usted Manual Informativo Trastornos de la Conducta Alimentaria para Pacientes y\/o Familiares Fotonovelas Prevalencia de TCA \u00bfQu\u00e9 son los Trastornos de la Conducta Alimentaria?\" \/>\n<meta property=\"og:url\" content=\"https:\/\/www.med.unc.edu\/psych\/eatingdisorders\/learn-more\/informacion-en-espanol\/\" \/>\n<meta property=\"og:site_name\" content=\"Center of Excellence for Eating Disorders\" \/>\n<meta property=\"article:modified_time\" content=\"2019-09-04T14:18:01+00:00\" \/>\n<meta name=\"twitter:card\" content=\"summary_large_image\" \/>\n<script type=\"application\/ld+json\" class=\"yoast-schema-graph\">{\"@context\":\"https:\/\/schema.org\",\"@graph\":[{\"@type\":\"WebPage\",\"@id\":\"https:\/\/www.med.unc.edu\/psych\/eatingdisorders\/learn-more\/informacion-en-espanol\/\",\"url\":\"https:\/\/www.med.unc.edu\/psych\/eatingdisorders\/learn-more\/informacion-en-espanol\/\",\"name\":\"Informaci\u00f3n - Center of Excellence for Eating Disorders\",\"isPartOf\":{\"@id\":\"https:\/\/www.med.unc.edu\/psych\/eatingdisorders\/#website\"},\"datePublished\":\"2010-11-10T01:35:00+00:00\",\"dateModified\":\"2019-09-04T14:18:01+00:00\",\"breadcrumb\":{\"@id\":\"https:\/\/www.med.unc.edu\/psych\/eatingdisorders\/learn-more\/informacion-en-espanol\/#breadcrumb\"},\"inLanguage\":\"en-US\",\"potentialAction\":[{\"@type\":\"ReadAction\",\"target\":[\"https:\/\/www.med.unc.edu\/psych\/eatingdisorders\/learn-more\/informacion-en-espanol\/\"]}]},{\"@type\":\"BreadcrumbList\",\"@id\":\"https:\/\/www.med.unc.edu\/psych\/eatingdisorders\/learn-more\/informacion-en-espanol\/#breadcrumb\",\"itemListElement\":[{\"@type\":\"ListItem\",\"position\":1,\"name\":\"Home\",\"item\":\"https:\/\/www.med.unc.edu\/psych\/eatingdisorders\/\"},{\"@type\":\"ListItem\",\"position\":2,\"name\":\"Learn More\",\"item\":\"https:\/\/www.med.unc.edu\/psych\/eatingdisorders\/learn-more\/\"},{\"@type\":\"ListItem\",\"position\":3,\"name\":\"Informaci\u00f3n\"}]},{\"@type\":\"WebSite\",\"@id\":\"https:\/\/www.med.unc.edu\/psych\/eatingdisorders\/#website\",\"url\":\"https:\/\/www.med.unc.edu\/psych\/eatingdisorders\/\",\"name\":\"Center of Excellence for Eating Disorders\",\"description\":\"Department of Psychiatry\",\"potentialAction\":[{\"@type\":\"SearchAction\",\"target\":{\"@type\":\"EntryPoint\",\"urlTemplate\":\"https:\/\/www.med.unc.edu\/psych\/eatingdisorders\/?s={search_term_string}\"},\"query-input\":{\"@type\":\"PropertyValueSpecification\",\"valueRequired\":true,\"valueName\":\"search_term_string\"}}],\"inLanguage\":\"en-US\"}]}<\/script>\n<!-- \/ Yoast SEO plugin. -->","yoast_head_json":{"title":"Informaci\u00f3n - Center of Excellence for Eating Disorders","robots":{"index":"index","follow":"follow","max-snippet":"max-snippet:-1","max-image-preview":"max-image-preview:large","max-video-preview":"max-video-preview:-1"},"canonical":"https:\/\/www.med.unc.edu\/psych\/eatingdisorders\/learn-more\/informacion-en-espanol\/","og_locale":"en_US","og_type":"article","og_title":"Informaci\u00f3n - Center of Excellence for Eating Disorders","og_description":"C\u00e1psulas Informativas sobre TCA Estas c\u00e1psulas informativas proveen informaci\u00f3n b\u00e1sica sobre los trastorno de la conducta alimentaria (TCA). Informacion de salud para usted Manual Informativo Trastornos de la Conducta Alimentaria para Pacientes y\/o Familiares Fotonovelas Prevalencia de TCA \u00bfQu\u00e9 son los Trastornos de la Conducta Alimentaria?","og_url":"https:\/\/www.med.unc.edu\/psych\/eatingdisorders\/learn-more\/informacion-en-espanol\/","og_site_name":"Center of Excellence for Eating Disorders","article_modified_time":"2019-09-04T14:18:01+00:00","twitter_card":"summary_large_image","schema":{"@context":"https:\/\/schema.org","@graph":[{"@type":"WebPage","@id":"https:\/\/www.med.unc.edu\/psych\/eatingdisorders\/learn-more\/informacion-en-espanol\/","url":"https:\/\/www.med.unc.edu\/psych\/eatingdisorders\/learn-more\/informacion-en-espanol\/","name":"Informaci\u00f3n - Center of Excellence for Eating Disorders","isPartOf":{"@id":"https:\/\/www.med.unc.edu\/psych\/eatingdisorders\/#website"},"datePublished":"2010-11-10T01:35:00+00:00","dateModified":"2019-09-04T14:18:01+00:00","breadcrumb":{"@id":"https:\/\/www.med.unc.edu\/psych\/eatingdisorders\/learn-more\/informacion-en-espanol\/#breadcrumb"},"inLanguage":"en-US","potentialAction":[{"@type":"ReadAction","target":["https:\/\/www.med.unc.edu\/psych\/eatingdisorders\/learn-more\/informacion-en-espanol\/"]}]},{"@type":"BreadcrumbList","@id":"https:\/\/www.med.unc.edu\/psych\/eatingdisorders\/learn-more\/informacion-en-espanol\/#breadcrumb","itemListElement":[{"@type":"ListItem","position":1,"name":"Home","item":"https:\/\/www.med.unc.edu\/psych\/eatingdisorders\/"},{"@type":"ListItem","position":2,"name":"Learn More","item":"https:\/\/www.med.unc.edu\/psych\/eatingdisorders\/learn-more\/"},{"@type":"ListItem","position":3,"name":"Informaci\u00f3n"}]},{"@type":"WebSite","@id":"https:\/\/www.med.unc.edu\/psych\/eatingdisorders\/#website","url":"https:\/\/www.med.unc.edu\/psych\/eatingdisorders\/","name":"Center of Excellence for Eating Disorders","description":"Department of Psychiatry","potentialAction":[{"@type":"SearchAction","target":{"@type":"EntryPoint","urlTemplate":"https:\/\/www.med.unc.edu\/psych\/eatingdisorders\/?s={search_term_string}"},"query-input":{"@type":"PropertyValueSpecification","valueRequired":true,"valueName":"search_term_string"}}],"inLanguage":"en-US"}]}},"_links_to":[],"_links_to_target":[],"_links":{"self":[{"href":"https:\/\/www.med.unc.edu\/psych\/eatingdisorders\/wp-json\/wp\/v2\/pages\/2228","targetHints":{"allow":["GET"]}}],"collection":[{"href":"https:\/\/www.med.unc.edu\/psych\/eatingdisorders\/wp-json\/wp\/v2\/pages"}],"about":[{"href":"https:\/\/www.med.unc.edu\/psych\/eatingdisorders\/wp-json\/wp\/v2\/types\/page"}],"author":[{"embeddable":true,"href":"https:\/\/www.med.unc.edu\/psych\/eatingdisorders\/wp-json\/wp\/v2\/users\/1504"}],"replies":[{"embeddable":true,"href":"https:\/\/www.med.unc.edu\/psych\/eatingdisorders\/wp-json\/wp\/v2\/comments?post=2228"}],"version-history":[{"count":0,"href":"https:\/\/www.med.unc.edu\/psych\/eatingdisorders\/wp-json\/wp\/v2\/pages\/2228\/revisions"}],"up":[{"embeddable":true,"href":"https:\/\/www.med.unc.edu\/psych\/eatingdisorders\/wp-json\/wp\/v2\/pages\/2217"}],"wp:attachment":[{"href":"https:\/\/www.med.unc.edu\/psych\/eatingdisorders\/wp-json\/wp\/v2\/media?parent=2228"}],"curies":[{"name":"wp","href":"https:\/\/api.w.org\/{rel}","templated":true}]}}