{"id":2243,"date":"2015-06-19T14:20:00","date_gmt":"2015-06-19T18:20:00","guid":{"rendered":"https:\/\/www.med.unc.edu\/psych\/eatingdisorders\/our-research\/participate-in-a-study\/"},"modified":"2026-02-23T13:37:27","modified_gmt":"2026-02-23T18:37:27","slug":"participate-in-a-study","status":"publish","type":"page","link":"https:\/\/www.med.unc.edu\/psych\/eatingdisorders\/research-2\/participate-in-a-study\/","title":{"rendered":"Join a Research Study!"},"content":{"rendered":"<h2>Eating Disorders Genetics Initiative 2<\/h2>\n<p>EDGI2 is an international research study designed to understand how your genes can influence your risk for developing an eating disorder. Anyone living in the U.S. who is at least 18 years old and has ever had anorexia nervosa, bulimia nervosa, binge-eating disorder, or avoidant\/restrictive food intake disorder (ARFID) at any time in their life might be eligible. No medical diagnosis necessary.\u00a0<a id=\"LPlnk205452\" class=\"x_OWAAutoLink\" title=\"https:\/\/redcap.link\/EDGI2\" href=\"https:\/\/redcap.link\/EDGI2\" data-auth=\"NotApplicable\" data-linkindex=\"1\">Click here<\/a>\u00a0to get started.<\/p>\n<h2>First Approach Skills Training for Disordered Eating<\/h2>\n<p>This study is to develop and test First Approach Skills Training for Disordered Eating (FAST-DE), a brief intervention designed to make eating disorder treatment more accessible in primary care settings and to increase access to care. Study participation is free of cost and consists of a five-session, workbook-based program for adolescents ages 12\u201317 who have experienced symptoms of disordered eating along with their caregivers and an exit interview after completion of the intervention. Click here to get started.<\/p>\n<p>The study also includes a culturally adapted version (FAST-TCA) specifically for the Latino community. This version incorporates cultural values, language, and family dynamics relevant to Latino families to ensure the intervention is meaningful and effective. We are seeking adolescents and parents or caregivers of Latino origin who speak Spanish and are able to participate in the sessions. Click <a href=\"https:\/\/rc2.redcap.unc.edu\/surveys\/?s=88D4HR3MCNHLAD8K\">here<\/a> to get started.<\/p>\n<h4><em>Entrenamiento de Primeras Destrezas para los Trastornos de la Conducta Alimentaria<\/em><\/h4>\n<p><em>Este estudio tiene como objetivo desarrollar y poner a prueba el programa de Entrenamiento de Primeras Destrezas para los Trastornos de la Conducta Alimentaria (FAST-DE), una intervenci\u00f3n breve dise\u00f1ada para facilitar el acceso al tratamiento de los trastornos alimentarios en los centros de atenci\u00f3n primaria y aumentar el acceso a la atenci\u00f3n m\u00e9dica. La participaci\u00f3n en el estudio es gratuita y consiste en un programa de cinco sesiones basado en un libro de ejercicios para adolescentes de entre 12 y 17 a\u00f1os que han padecido s\u00edntomas de trastornos alimentarios, junto con sus cuidadores, y una entrevista final tras la finalizaci\u00f3n de la intervenci\u00f3n. Haga clic aqu\u00ed para comenzar.<\/em><\/p>\n<p><em>El estudio tambi\u00e9n incluye una versi\u00f3n adaptada culturalmente (FAST-TCA) espec\u00edficamente para la comunidad latina. Esta versi\u00f3n incorpora valores culturales, lenguaje y din\u00e1micas familiares relevantes para las familias latinas. Tambi\u00e9n estamos buscando adolescentes y padres o cuidadores de origen latino que hablen espa\u00f1ol para participar. Haga clic <a href=\"https:\/\/rc2.redcap.unc.edu\/surveys\/?s=88D4HR3MCNHLAD8K\">aqu\u00ed<\/a> para comenzar.<\/em><\/p>\n<p>&nbsp;<\/p>\n","protected":false},"excerpt":{"rendered":"<p>Eating Disorders Genetics Initiative 2 EDGI2 is an international research study designed to understand how your genes can influence your risk for developing an eating disorder. Anyone living in the U.S. who is at least 18 years old and has ever had anorexia nervosa, bulimia nervosa, binge-eating disorder, or avoidant\/restrictive food intake disorder (ARFID) at &hellip; <a href=\"https:\/\/www.med.unc.edu\/psych\/eatingdisorders\/research-2\/participate-in-a-study\/\" aria-label=\"Read more about Join a Research Study!\">Read more<\/a><\/p>\n","protected":false},"author":55238,"featured_media":0,"parent":2242,"menu_order":2,"comment_status":"closed","ping_status":"closed","template":"","meta":{"_acf_changed":false,"layout":"","cellInformation":"","apiCallInformation":"","footnotes":"","_links_to":"","_links_to_target":""},"class_list":["post-2243","page","type-page","status-publish","hentry","odd"],"acf":[],"yoast_head":"<!-- This site is optimized with the Yoast SEO plugin v26.8 - https:\/\/yoast.com\/product\/yoast-seo-wordpress\/ -->\n<title>Join a Research Study! - Center of Excellence for Eating Disorders<\/title>\n<meta name=\"robots\" content=\"index, follow, max-snippet:-1, max-image-preview:large, max-video-preview:-1\" \/>\n<link rel=\"canonical\" href=\"https:\/\/www.med.unc.edu\/psych\/eatingdisorders\/research-2\/participate-in-a-study\/\" \/>\n<meta property=\"og:locale\" content=\"en_US\" \/>\n<meta property=\"og:type\" content=\"article\" \/>\n<meta property=\"og:title\" content=\"Join a Research Study! - Center of Excellence for Eating Disorders\" \/>\n<meta property=\"og:description\" content=\"Eating Disorders Genetics Initiative 2 EDGI2 is an international research study designed to understand how your genes can influence your risk for developing an eating disorder. Anyone living in the U.S. who is at least 18 years old and has ever had anorexia nervosa, bulimia nervosa, binge-eating disorder, or avoidant\/restrictive food intake disorder (ARFID) at &hellip; Read more\" \/>\n<meta property=\"og:url\" content=\"https:\/\/www.med.unc.edu\/psych\/eatingdisorders\/research-2\/participate-in-a-study\/\" \/>\n<meta property=\"og:site_name\" content=\"Center of Excellence for Eating Disorders\" \/>\n<meta property=\"article:modified_time\" content=\"2026-02-23T18:37:27+00:00\" \/>\n<meta name=\"twitter:card\" content=\"summary_large_image\" \/>\n<meta name=\"twitter:label1\" content=\"Est. reading time\" \/>\n\t<meta name=\"twitter:data1\" content=\"2 minutes\" \/>\n<script type=\"application\/ld+json\" class=\"yoast-schema-graph\">{\"@context\":\"https:\/\/schema.org\",\"@graph\":[{\"@type\":\"WebPage\",\"@id\":\"https:\/\/www.med.unc.edu\/psych\/eatingdisorders\/research-2\/participate-in-a-study\/\",\"url\":\"https:\/\/www.med.unc.edu\/psych\/eatingdisorders\/research-2\/participate-in-a-study\/\",\"name\":\"Join a Research Study! - Center of Excellence for Eating Disorders\",\"isPartOf\":{\"@id\":\"https:\/\/www.med.unc.edu\/psych\/eatingdisorders\/#website\"},\"datePublished\":\"2015-06-19T18:20:00+00:00\",\"dateModified\":\"2026-02-23T18:37:27+00:00\",\"breadcrumb\":{\"@id\":\"https:\/\/www.med.unc.edu\/psych\/eatingdisorders\/research-2\/participate-in-a-study\/#breadcrumb\"},\"inLanguage\":\"en-US\",\"potentialAction\":[{\"@type\":\"ReadAction\",\"target\":[\"https:\/\/www.med.unc.edu\/psych\/eatingdisorders\/research-2\/participate-in-a-study\/\"]}]},{\"@type\":\"BreadcrumbList\",\"@id\":\"https:\/\/www.med.unc.edu\/psych\/eatingdisorders\/research-2\/participate-in-a-study\/#breadcrumb\",\"itemListElement\":[{\"@type\":\"ListItem\",\"position\":1,\"name\":\"Home\",\"item\":\"https:\/\/www.med.unc.edu\/psych\/eatingdisorders\/\"},{\"@type\":\"ListItem\",\"position\":2,\"name\":\"Research\",\"item\":\"https:\/\/www.med.unc.edu\/psych\/eatingdisorders\/research-2\/\"},{\"@type\":\"ListItem\",\"position\":3,\"name\":\"Join a Research Study!\"}]},{\"@type\":\"WebSite\",\"@id\":\"https:\/\/www.med.unc.edu\/psych\/eatingdisorders\/#website\",\"url\":\"https:\/\/www.med.unc.edu\/psych\/eatingdisorders\/\",\"name\":\"Center of Excellence for Eating Disorders\",\"description\":\"Department of Psychiatry\",\"potentialAction\":[{\"@type\":\"SearchAction\",\"target\":{\"@type\":\"EntryPoint\",\"urlTemplate\":\"https:\/\/www.med.unc.edu\/psych\/eatingdisorders\/?s={search_term_string}\"},\"query-input\":{\"@type\":\"PropertyValueSpecification\",\"valueRequired\":true,\"valueName\":\"search_term_string\"}}],\"inLanguage\":\"en-US\"}]}<\/script>\n<!-- \/ Yoast SEO plugin. -->","yoast_head_json":{"title":"Join a Research Study! - Center of Excellence for Eating Disorders","robots":{"index":"index","follow":"follow","max-snippet":"max-snippet:-1","max-image-preview":"max-image-preview:large","max-video-preview":"max-video-preview:-1"},"canonical":"https:\/\/www.med.unc.edu\/psych\/eatingdisorders\/research-2\/participate-in-a-study\/","og_locale":"en_US","og_type":"article","og_title":"Join a Research Study! - Center of Excellence for Eating Disorders","og_description":"Eating Disorders Genetics Initiative 2 EDGI2 is an international research study designed to understand how your genes can influence your risk for developing an eating disorder. Anyone living in the U.S. who is at least 18 years old and has ever had anorexia nervosa, bulimia nervosa, binge-eating disorder, or avoidant\/restrictive food intake disorder (ARFID) at &hellip; Read more","og_url":"https:\/\/www.med.unc.edu\/psych\/eatingdisorders\/research-2\/participate-in-a-study\/","og_site_name":"Center of Excellence for Eating Disorders","article_modified_time":"2026-02-23T18:37:27+00:00","twitter_card":"summary_large_image","twitter_misc":{"Est. reading time":"2 minutes"},"schema":{"@context":"https:\/\/schema.org","@graph":[{"@type":"WebPage","@id":"https:\/\/www.med.unc.edu\/psych\/eatingdisorders\/research-2\/participate-in-a-study\/","url":"https:\/\/www.med.unc.edu\/psych\/eatingdisorders\/research-2\/participate-in-a-study\/","name":"Join a Research Study! - Center of Excellence for Eating Disorders","isPartOf":{"@id":"https:\/\/www.med.unc.edu\/psych\/eatingdisorders\/#website"},"datePublished":"2015-06-19T18:20:00+00:00","dateModified":"2026-02-23T18:37:27+00:00","breadcrumb":{"@id":"https:\/\/www.med.unc.edu\/psych\/eatingdisorders\/research-2\/participate-in-a-study\/#breadcrumb"},"inLanguage":"en-US","potentialAction":[{"@type":"ReadAction","target":["https:\/\/www.med.unc.edu\/psych\/eatingdisorders\/research-2\/participate-in-a-study\/"]}]},{"@type":"BreadcrumbList","@id":"https:\/\/www.med.unc.edu\/psych\/eatingdisorders\/research-2\/participate-in-a-study\/#breadcrumb","itemListElement":[{"@type":"ListItem","position":1,"name":"Home","item":"https:\/\/www.med.unc.edu\/psych\/eatingdisorders\/"},{"@type":"ListItem","position":2,"name":"Research","item":"https:\/\/www.med.unc.edu\/psych\/eatingdisorders\/research-2\/"},{"@type":"ListItem","position":3,"name":"Join a Research Study!"}]},{"@type":"WebSite","@id":"https:\/\/www.med.unc.edu\/psych\/eatingdisorders\/#website","url":"https:\/\/www.med.unc.edu\/psych\/eatingdisorders\/","name":"Center of Excellence for Eating Disorders","description":"Department of Psychiatry","potentialAction":[{"@type":"SearchAction","target":{"@type":"EntryPoint","urlTemplate":"https:\/\/www.med.unc.edu\/psych\/eatingdisorders\/?s={search_term_string}"},"query-input":{"@type":"PropertyValueSpecification","valueRequired":true,"valueName":"search_term_string"}}],"inLanguage":"en-US"}]}},"_links_to":[],"_links_to_target":[],"_links":{"self":[{"href":"https:\/\/www.med.unc.edu\/psych\/eatingdisorders\/wp-json\/wp\/v2\/pages\/2243","targetHints":{"allow":["GET"]}}],"collection":[{"href":"https:\/\/www.med.unc.edu\/psych\/eatingdisorders\/wp-json\/wp\/v2\/pages"}],"about":[{"href":"https:\/\/www.med.unc.edu\/psych\/eatingdisorders\/wp-json\/wp\/v2\/types\/page"}],"author":[{"embeddable":true,"href":"https:\/\/www.med.unc.edu\/psych\/eatingdisorders\/wp-json\/wp\/v2\/users\/55238"}],"replies":[{"embeddable":true,"href":"https:\/\/www.med.unc.edu\/psych\/eatingdisorders\/wp-json\/wp\/v2\/comments?post=2243"}],"version-history":[{"count":2,"href":"https:\/\/www.med.unc.edu\/psych\/eatingdisorders\/wp-json\/wp\/v2\/pages\/2243\/revisions"}],"predecessor-version":[{"id":3141,"href":"https:\/\/www.med.unc.edu\/psych\/eatingdisorders\/wp-json\/wp\/v2\/pages\/2243\/revisions\/3141"}],"up":[{"embeddable":true,"href":"https:\/\/www.med.unc.edu\/psych\/eatingdisorders\/wp-json\/wp\/v2\/pages\/2242"}],"wp:attachment":[{"href":"https:\/\/www.med.unc.edu\/psych\/eatingdisorders\/wp-json\/wp\/v2\/media?parent=2243"}],"curies":[{"name":"wp","href":"https:\/\/api.w.org\/{rel}","templated":true}]}}