{"id":2276,"date":"2010-11-15T16:15:00","date_gmt":"2010-11-15T21:15:00","guid":{"rendered":"https:\/\/www.med.unc.edu\/psych\/eatingdisorders\/learn-more\/informacion-en-espanol\/prevalencia-de-tca\/"},"modified":"2018-08-01T11:53:36","modified_gmt":"2018-08-01T15:53:36","slug":"prevalencia-de-tca","status":"publish","type":"page","link":"https:\/\/www.med.unc.edu\/psych\/eatingdisorders\/learn-more\/informacion-en-espanol\/prevalencia-de-tca\/","title":{"rendered":"Prevalencia de TCA"},"content":{"rendered":"<div>\n<h2>Prevalencia de TCA en latinos\/as<\/h2>\n<p>La prevalencia de los TCA en los latinos\/as en los Estados Unidos se ha estimado en: 0.08% para la anorexia nerviosa; 1.61% para la bulimia nerviosa; 1.92% para el trastorno por atrac\u00f3n y 5.61% para alguna conducta por atrac\u00f3n. Cuando evaluamos la prevalencia por g\u00e9nero, se ha encontrado que el 5.43% de los hombres y el 5.80% de las mujeres han experimentado en alg\u00fan momento de su vida alguna conducta de atrac\u00f3n. Tambi\u00e9n, se ha encontrado que el 1.34% de los hombres y el 1.91% de las mujeres han manifestado bulimia nerviosa en alg\u00fan momento de su vida (Alegria, Woo, Cao, Torres, Meng &amp; Striegel-Moore, 2007). Las ni\u00f1as latinas han reportado una gran insatisfacci\u00f3n por su cuerpo y m\u00e1s disturbios en los patrones alimentarios que las ni\u00f1as Afro-americanas.<\/p>\n<h2>Disparidad en los servicios de TCA en latinos\/as<\/h2>\n<p>Aunque se ha encontrado que los TCA ocurren en los latinos\/as, el acceso a los tratamientos especializados es menor. Algunos factores que pudieran contribuir a la disparidad en los servicios son:<\/p>\n<ul>\n<li>Dificultad de los criterios diagn\u00f3stico en poder clasificar y evaluar la manifestaci\u00f3n de los TCA en diversos grupos \u00e9tnicos. Los criterios diagnostico han sido desarrollado para la poblaci\u00f3n Anglosajona, sin embargo, no necesariamente los TCA se manifiestan de la misma manera en los distintos grupos \u00e9tnicos.<\/li>\n<li>Falta de reconocimiento de los s\u00edntomas de TCA en latinos\/as por parte de los profesionales de la salud al pensar que los TCA son \u00fanicos de las mujeres blancas de clase social alta.<\/li>\n<li>Diferencias en los patrones de b\u00fasquela de ayuda. Por ejemplo, los\/as latinos\/as tienden a esperar a que los s\u00edntomas est\u00e9n m\u00e1s severos para buscar ayuda.<\/li>\n<\/ul>\n<h2>Factores que afectan la b\u00fasqueda de los servicios en los latinos\/as <\/h2>\n<p>Los\/as latinos\/as tienen a utilizar con menos frecuencia los servicios de salud mental y abandonan el tratamiento antes de tiempo. Algunos factores que contribuyen a esta realidad son:<\/p>\n<ul>\n<li>Estigma hacia los problemas de salud mental<\/li>\n<li>Falta de seguro m\u00e9dico<\/li>\n<li>Falta de tratamientos disponibles en espa\u00f1ol<\/li>\n<li>Factores econ\u00f3micos<\/li>\n<li>Temor a ser cuestionados por su estatus migratorio<\/li>\n<li>Falta de tratamientos que sean culturalmente sensibles a la cultura latina<\/li>\n<\/ul>\n<h2>Factores culturales a considerar en el tratamiento de los latinos\/as<\/h2>\n<p>La familia es uno de los valores culturales m\u00e1s importante en la cultura latina. Las familias latinas tienden a mostrar una interdependencia marcada con los ni\u00f1os\/as que usualmente perdura hasta la adultez. Incorporar a la familia en el tratamiento de los TCA es uno de los elementos claves para proveer un tratamiento culturalmente sensible a la cultura latina.<\/p>\n<h2>Referencias<\/h2>\n<ol>\n<li>Fitzgibbon ML, Spring B, Avellone ME, Blackman LR, Pingitore R, Stolley MR. Correlates of binge eating in Hispanic, black, and white women. International Journal of Eating Disorders. 1998 Jul;24(1):43-52.<\/li>\n<li>Robinson TN, Killen, J. D., Litt, I. F., Hammer, L. D., Wilson, D. M., Haydel, K. F., Hayward, C. &amp;Taylor, C. B. . Ethnicity and body dissatisfaction: are Hispanics and Asian girls at increased risk for eating disorders? Journal of Adolescent Health. 1996;19:84-393.<\/li>\n<li>Vander Wal JST, N. Predictors of body image dissatisfaction and disturbed eating attitudes and behaviors in African American and Hispanic. Eating Behaviors. 2004;5(4):291-301.<\/li>\n<li>Alegria M, Woo M, Cao Z, Torres M, Meng XL, Striegel-Moore R. Prevalence and correlates of eating disorders in Latinos in the United States. International Journal of Eating Disorders. 2007 Nov;40 Suppl:S15-21.<\/li>\n<li>Becker AE, Franko DL, Speck A, Herzog DB. Ethnicity and differential access to care for eating disorder symptoms. International Journal of Eating Disorders. 2003 Mar;33(2):205-12.<\/li>\n<li>Alegria M, Chatterji P, Wells K, Cao Z, Chen CN, Takeuchi D, et al. Disparity in depression treatment among racial and ethnic minority populations in the United States. Psychiatric services (Washington, DC. 2008 Nov;59(11):1264-72.<\/li>\n<li>Kempa ML, Thomas AJ. Culturally sensitive assessment and treatment of eating disorders. Eating Disorders. 2000;8(17-30).<\/li>\n<li>Caballero AR, Sunday SR, Halmi KA. A comparison of cognitive and behavioral symptoms between Mexican and American eating disorder patients. International Journal of Eating Disorders. 2003 Jul;34(1):136-41.<\/li>\n<li>A Report of Surgeon General, Mental Health: Culture, Race, and Ethnicity -A Supplement to Mental Health 2001, Department of Health and Human Services, Substance Abuse and Mental Health Services Administration, Center for Mental Health Services: Rockville, MD: U.S.<\/li>\n<li>Alegria M CZ, McGuire TG, Ojeda VD,Sribney B,Woo M,Takeuchi D. Health insurance coverage for vulnerable populations: contrasting Asian Americans and Latinos in the United States. Inquiry. 2006 Fall;43(3):231-54.<\/li>\n<li>Woodward AM, Dwinell AD, Arons BS. Barriers to mental health care for Hispanic Americans: a literature review and discussion. Journal of Mental Health Administration. 1992 Fall;19(3):224-36.<\/li>\n<li>Miranda J, Bernal, G., Lau, A., Kohn, L., Hwang, W. C., La Framboise, T. State of the science on psychosocial interventions for ethnic minorities. Annual Review of Clinical Psychology,2005;1:113-42.<\/li>\n<li>La Roche MJ. Psychotherapeutic considerations in treating Latinos. Harvard Review Psychiatry. 2002;10:115-22.<\/li>\n<\/ol>\n<\/div>\n","protected":false},"excerpt":{"rendered":"<p>Prevalencia de TCA en latinos\/as La prevalencia de los TCA en los latinos\/as en los Estados Unidos se ha estimado en: 0.08% para la anorexia nerviosa; 1.61% para la bulimia nerviosa; 1.92% para el trastorno por atrac\u00f3n y 5.61% para alguna conducta por atrac\u00f3n. Cuando evaluamos la prevalencia por g\u00e9nero, se ha encontrado que el &hellip; <a href=\"https:\/\/www.med.unc.edu\/psych\/eatingdisorders\/learn-more\/informacion-en-espanol\/prevalencia-de-tca\/\" aria-label=\"Read more about Prevalencia de TCA\">Read more<\/a><\/p>\n","protected":false},"author":1504,"featured_media":0,"parent":2228,"menu_order":13,"comment_status":"closed","ping_status":"closed","template":"","meta":{"_acf_changed":false,"layout":"","cellInformation":"","apiCallInformation":"","footnotes":"","_links_to":"","_links_to_target":""},"class_list":["post-2276","page","type-page","status-publish","hentry","odd"],"acf":[],"yoast_head":"<!-- This site is optimized with the Yoast SEO plugin v26.8 - https:\/\/yoast.com\/product\/yoast-seo-wordpress\/ -->\n<title>Prevalencia de TCA - Center of Excellence for Eating Disorders<\/title>\n<meta name=\"robots\" content=\"index, follow, max-snippet:-1, max-image-preview:large, max-video-preview:-1\" \/>\n<link rel=\"canonical\" href=\"https:\/\/www.med.unc.edu\/psych\/eatingdisorders\/learn-more\/informacion-en-espanol\/prevalencia-de-tca\/\" \/>\n<meta property=\"og:locale\" content=\"en_US\" \/>\n<meta property=\"og:type\" content=\"article\" \/>\n<meta property=\"og:title\" content=\"Prevalencia de TCA - Center of Excellence for Eating Disorders\" \/>\n<meta property=\"og:description\" content=\"Prevalencia de TCA en latinos\/as La prevalencia de los TCA en los latinos\/as en los Estados Unidos se ha estimado en: 0.08% para la anorexia nerviosa; 1.61% para la bulimia nerviosa; 1.92% para el trastorno por atrac\u00f3n y 5.61% para alguna conducta por atrac\u00f3n. Cuando evaluamos la prevalencia por g\u00e9nero, se ha encontrado que el &hellip; Read more\" \/>\n<meta property=\"og:url\" content=\"https:\/\/www.med.unc.edu\/psych\/eatingdisorders\/learn-more\/informacion-en-espanol\/prevalencia-de-tca\/\" \/>\n<meta property=\"og:site_name\" content=\"Center of Excellence for Eating Disorders\" \/>\n<meta property=\"article:modified_time\" content=\"2018-08-01T15:53:36+00:00\" \/>\n<meta name=\"twitter:card\" content=\"summary_large_image\" \/>\n<meta name=\"twitter:label1\" content=\"Est. reading time\" \/>\n\t<meta name=\"twitter:data1\" content=\"4 minutes\" \/>\n<script type=\"application\/ld+json\" class=\"yoast-schema-graph\">{\"@context\":\"https:\/\/schema.org\",\"@graph\":[{\"@type\":\"WebPage\",\"@id\":\"https:\/\/www.med.unc.edu\/psych\/eatingdisorders\/learn-more\/informacion-en-espanol\/prevalencia-de-tca\/\",\"url\":\"https:\/\/www.med.unc.edu\/psych\/eatingdisorders\/learn-more\/informacion-en-espanol\/prevalencia-de-tca\/\",\"name\":\"Prevalencia de TCA - Center of Excellence for Eating Disorders\",\"isPartOf\":{\"@id\":\"https:\/\/www.med.unc.edu\/psych\/eatingdisorders\/#website\"},\"datePublished\":\"2010-11-15T21:15:00+00:00\",\"dateModified\":\"2018-08-01T15:53:36+00:00\",\"breadcrumb\":{\"@id\":\"https:\/\/www.med.unc.edu\/psych\/eatingdisorders\/learn-more\/informacion-en-espanol\/prevalencia-de-tca\/#breadcrumb\"},\"inLanguage\":\"en-US\",\"potentialAction\":[{\"@type\":\"ReadAction\",\"target\":[\"https:\/\/www.med.unc.edu\/psych\/eatingdisorders\/learn-more\/informacion-en-espanol\/prevalencia-de-tca\/\"]}]},{\"@type\":\"BreadcrumbList\",\"@id\":\"https:\/\/www.med.unc.edu\/psych\/eatingdisorders\/learn-more\/informacion-en-espanol\/prevalencia-de-tca\/#breadcrumb\",\"itemListElement\":[{\"@type\":\"ListItem\",\"position\":1,\"name\":\"Home\",\"item\":\"https:\/\/www.med.unc.edu\/psych\/eatingdisorders\/\"},{\"@type\":\"ListItem\",\"position\":2,\"name\":\"Learn More\",\"item\":\"https:\/\/www.med.unc.edu\/psych\/eatingdisorders\/learn-more\/\"},{\"@type\":\"ListItem\",\"position\":3,\"name\":\"Informaci\u00f3n\",\"item\":\"https:\/\/www.med.unc.edu\/psych\/eatingdisorders\/learn-more\/informacion-en-espanol\/\"},{\"@type\":\"ListItem\",\"position\":4,\"name\":\"Prevalencia de TCA\"}]},{\"@type\":\"WebSite\",\"@id\":\"https:\/\/www.med.unc.edu\/psych\/eatingdisorders\/#website\",\"url\":\"https:\/\/www.med.unc.edu\/psych\/eatingdisorders\/\",\"name\":\"Center of Excellence for Eating Disorders\",\"description\":\"Department of Psychiatry\",\"potentialAction\":[{\"@type\":\"SearchAction\",\"target\":{\"@type\":\"EntryPoint\",\"urlTemplate\":\"https:\/\/www.med.unc.edu\/psych\/eatingdisorders\/?s={search_term_string}\"},\"query-input\":{\"@type\":\"PropertyValueSpecification\",\"valueRequired\":true,\"valueName\":\"search_term_string\"}}],\"inLanguage\":\"en-US\"}]}<\/script>\n<!-- \/ Yoast SEO plugin. -->","yoast_head_json":{"title":"Prevalencia de TCA - Center of Excellence for Eating Disorders","robots":{"index":"index","follow":"follow","max-snippet":"max-snippet:-1","max-image-preview":"max-image-preview:large","max-video-preview":"max-video-preview:-1"},"canonical":"https:\/\/www.med.unc.edu\/psych\/eatingdisorders\/learn-more\/informacion-en-espanol\/prevalencia-de-tca\/","og_locale":"en_US","og_type":"article","og_title":"Prevalencia de TCA - Center of Excellence for Eating Disorders","og_description":"Prevalencia de TCA en latinos\/as La prevalencia de los TCA en los latinos\/as en los Estados Unidos se ha estimado en: 0.08% para la anorexia nerviosa; 1.61% para la bulimia nerviosa; 1.92% para el trastorno por atrac\u00f3n y 5.61% para alguna conducta por atrac\u00f3n. Cuando evaluamos la prevalencia por g\u00e9nero, se ha encontrado que el &hellip; Read more","og_url":"https:\/\/www.med.unc.edu\/psych\/eatingdisorders\/learn-more\/informacion-en-espanol\/prevalencia-de-tca\/","og_site_name":"Center of Excellence for Eating Disorders","article_modified_time":"2018-08-01T15:53:36+00:00","twitter_card":"summary_large_image","twitter_misc":{"Est. reading time":"4 minutes"},"schema":{"@context":"https:\/\/schema.org","@graph":[{"@type":"WebPage","@id":"https:\/\/www.med.unc.edu\/psych\/eatingdisorders\/learn-more\/informacion-en-espanol\/prevalencia-de-tca\/","url":"https:\/\/www.med.unc.edu\/psych\/eatingdisorders\/learn-more\/informacion-en-espanol\/prevalencia-de-tca\/","name":"Prevalencia de TCA - Center of Excellence for Eating Disorders","isPartOf":{"@id":"https:\/\/www.med.unc.edu\/psych\/eatingdisorders\/#website"},"datePublished":"2010-11-15T21:15:00+00:00","dateModified":"2018-08-01T15:53:36+00:00","breadcrumb":{"@id":"https:\/\/www.med.unc.edu\/psych\/eatingdisorders\/learn-more\/informacion-en-espanol\/prevalencia-de-tca\/#breadcrumb"},"inLanguage":"en-US","potentialAction":[{"@type":"ReadAction","target":["https:\/\/www.med.unc.edu\/psych\/eatingdisorders\/learn-more\/informacion-en-espanol\/prevalencia-de-tca\/"]}]},{"@type":"BreadcrumbList","@id":"https:\/\/www.med.unc.edu\/psych\/eatingdisorders\/learn-more\/informacion-en-espanol\/prevalencia-de-tca\/#breadcrumb","itemListElement":[{"@type":"ListItem","position":1,"name":"Home","item":"https:\/\/www.med.unc.edu\/psych\/eatingdisorders\/"},{"@type":"ListItem","position":2,"name":"Learn More","item":"https:\/\/www.med.unc.edu\/psych\/eatingdisorders\/learn-more\/"},{"@type":"ListItem","position":3,"name":"Informaci\u00f3n","item":"https:\/\/www.med.unc.edu\/psych\/eatingdisorders\/learn-more\/informacion-en-espanol\/"},{"@type":"ListItem","position":4,"name":"Prevalencia de TCA"}]},{"@type":"WebSite","@id":"https:\/\/www.med.unc.edu\/psych\/eatingdisorders\/#website","url":"https:\/\/www.med.unc.edu\/psych\/eatingdisorders\/","name":"Center of Excellence for Eating Disorders","description":"Department of Psychiatry","potentialAction":[{"@type":"SearchAction","target":{"@type":"EntryPoint","urlTemplate":"https:\/\/www.med.unc.edu\/psych\/eatingdisorders\/?s={search_term_string}"},"query-input":{"@type":"PropertyValueSpecification","valueRequired":true,"valueName":"search_term_string"}}],"inLanguage":"en-US"}]}},"_links_to":[],"_links_to_target":[],"_links":{"self":[{"href":"https:\/\/www.med.unc.edu\/psych\/eatingdisorders\/wp-json\/wp\/v2\/pages\/2276","targetHints":{"allow":["GET"]}}],"collection":[{"href":"https:\/\/www.med.unc.edu\/psych\/eatingdisorders\/wp-json\/wp\/v2\/pages"}],"about":[{"href":"https:\/\/www.med.unc.edu\/psych\/eatingdisorders\/wp-json\/wp\/v2\/types\/page"}],"author":[{"embeddable":true,"href":"https:\/\/www.med.unc.edu\/psych\/eatingdisorders\/wp-json\/wp\/v2\/users\/1504"}],"replies":[{"embeddable":true,"href":"https:\/\/www.med.unc.edu\/psych\/eatingdisorders\/wp-json\/wp\/v2\/comments?post=2276"}],"version-history":[{"count":0,"href":"https:\/\/www.med.unc.edu\/psych\/eatingdisorders\/wp-json\/wp\/v2\/pages\/2276\/revisions"}],"up":[{"embeddable":true,"href":"https:\/\/www.med.unc.edu\/psych\/eatingdisorders\/wp-json\/wp\/v2\/pages\/2228"}],"wp:attachment":[{"href":"https:\/\/www.med.unc.edu\/psych\/eatingdisorders\/wp-json\/wp\/v2\/media?parent=2276"}],"curies":[{"name":"wp","href":"https:\/\/api.w.org\/{rel}","templated":true}]}}