{"id":3218,"date":"2021-05-19T20:33:30","date_gmt":"2021-05-20T00:33:30","guid":{"rendered":"https:\/\/www.med.unc.edu\/shac\/?page_id=3218"},"modified":"2022-09-13T13:51:40","modified_gmt":"2022-09-13T17:51:40","slug":"home-page-espanol","status":"publish","type":"page","link":"https:\/\/www.med.unc.edu\/shac\/home-page-espanol\/","title":{"rendered":"SHAC: La Cl\u00ednica Gratuita"},"content":{"rendered":"<script>\n\n    (function($) {\n        $(\"body, html\").addClass(\"heels_full_width_overflow\");\n    })(jQuery);\n\n   <\/script>\n   <div style=\"background-color:#f5f5f5; background-image: url(https:\/\/www.med.unc.edu\/shac\/wp-content\/uploads\/sites\/1231\/2021\/03\/Screen-Shot-2021-03-03-at-12.09.50-AM.png);\" data-speed=\"18\" id=\"parallax-section\" data-type=\"background\" class=\"full-width-contained whitebackground \">\n<div class=\"row  oscitas-bootstrap-container\">\n<div class=\"col-lg-4 col-md-4 col-xs-12 col-sm-12 oscitas-bootstrap-container\">\n<p style=\"text-align: center\"><div class=\"panel panel-warning  oscitas-bootstrap-container\">\n<div class=\"panel-heading oscitas-bootstrap-container\">\n<h4 style=\"text-align: center\">Nuestros pacientes<\/h4>\n<p style=\"text-align: center\"><\/div>\n<div class=\"panel-body oscitas-bootstrap-container\">\n<p style=\"text-align: center\"><img loading=\"lazy\" decoding=\"async\" class=\"aligncenter wp-image-2599 size-medium\" src=\"https:\/\/www.med.unc.edu\/shac\/wp-content\/uploads\/sites\/1231\/2021\/03\/Screen-Shot-2021-03-02-at-3.04.02-PM-300x203.png\" alt=\"\" width=\"300\" height=\"203\" srcset=\"https:\/\/www.med.unc.edu\/shac\/wp-content\/uploads\/sites\/1231\/2021\/03\/Screen-Shot-2021-03-02-at-3.04.02-PM-300x203.png 300w, https:\/\/www.med.unc.edu\/shac\/wp-content\/uploads\/sites\/1231\/2021\/03\/Screen-Shot-2021-03-02-at-3.04.02-PM-1024x692.png 1024w, https:\/\/www.med.unc.edu\/shac\/wp-content\/uploads\/sites\/1231\/2021\/03\/Screen-Shot-2021-03-02-at-3.04.02-PM-768x519.png 768w, https:\/\/www.med.unc.edu\/shac\/wp-content\/uploads\/sites\/1231\/2021\/03\/Screen-Shot-2021-03-02-at-3.04.02-PM-600x406.png 600w, https:\/\/www.med.unc.edu\/shac\/wp-content\/uploads\/sites\/1231\/2021\/03\/Screen-Shot-2021-03-02-at-3.04.02-PM.png 1414w\" sizes=\"auto, (max-width: 300px) 100vw, 300px\" \/><br \/>\n<strong>Queremos ayudarle a recibir la atenci\u00f3n que necesita en SHAC<\/strong><\/div>\n<div class=\"panel-footer oscitas-bootstrap-container\">\n<h4 style=\"text-align: center\"><a href=\"https:\/\/www.med.unc.edu\/shac\/home-page-espanol\/programs-2\/\">Mas informaci\u00f3n sobre nuestro servicios<\/a><\/h4>\n<p style=\"text-align: center\"><\/div>\n<\/div>\n<\/div>\n<div class=\"col-lg-4 col-md-4 col-xs-12 col-sm-12 oscitas-bootstrap-container\">\n<p style=\"text-align: center\"><div class=\"panel panel-warning  oscitas-bootstrap-container\">\n<div class=\"panel-heading oscitas-bootstrap-container\">\n<h4 style=\"text-align: center\">Voluntario con nosotros<\/h4>\n<p style=\"text-align: center\"><\/div>\n<div class=\"panel-body oscitas-bootstrap-container\">\n<p style=\"text-align: center\"><img loading=\"lazy\" decoding=\"async\" class=\"aligncenter wp-image-2575 size-medium\" src=\"https:\/\/www.med.unc.edu\/shac\/wp-content\/uploads\/sites\/1231\/2021\/03\/Screen-Shot-2021-03-01-at-11.28.31-AM-300x213.png\" alt=\"\" width=\"300\" height=\"213\" srcset=\"https:\/\/www.med.unc.edu\/shac\/wp-content\/uploads\/sites\/1231\/2021\/03\/Screen-Shot-2021-03-01-at-11.28.31-AM-300x213.png 300w, https:\/\/www.med.unc.edu\/shac\/wp-content\/uploads\/sites\/1231\/2021\/03\/Screen-Shot-2021-03-01-at-11.28.31-AM-1024x728.png 1024w, https:\/\/www.med.unc.edu\/shac\/wp-content\/uploads\/sites\/1231\/2021\/03\/Screen-Shot-2021-03-01-at-11.28.31-AM-768x546.png 768w, https:\/\/www.med.unc.edu\/shac\/wp-content\/uploads\/sites\/1231\/2021\/03\/Screen-Shot-2021-03-01-at-11.28.31-AM-1536x1092.png 1536w, https:\/\/www.med.unc.edu\/shac\/wp-content\/uploads\/sites\/1231\/2021\/03\/Screen-Shot-2021-03-01-at-11.28.31-AM-600x427.png 600w, https:\/\/www.med.unc.edu\/shac\/wp-content\/uploads\/sites\/1231\/2021\/03\/Screen-Shot-2021-03-01-at-11.28.31-AM.png 1958w\" sizes=\"auto, (max-width: 300px) 100vw, 300px\" \/><br \/>\n<strong>Nuestro objetivo es proporcionar un servicio interdisciplinario con estudiantes de medicina, profesionales de la salud y socios comunitarios.<\/strong><\/div>\n<div class=\"panel-footer oscitas-bootstrap-container\">\n<h4 style=\"text-align: center\"><a href=\"https:\/\/www.med.unc.edu\/shac\/students\/\">Dar una mano\u00a0<\/a><\/h4>\n<p style=\"text-align: center\"><\/div>\n<\/div>\n<p style=\"text-align: center\"><\/div>\n<p style=\"text-align: center\"><div class=\"col-lg-4 col-md-4 col-xs-12 col-sm-12 oscitas-bootstrap-container\"><div class=\"panel panel-warning  oscitas-bootstrap-container\">\n<div class=\"panel-heading oscitas-bootstrap-container\">\n<h4 style=\"text-align: center\">Donar<\/h4>\n<p style=\"text-align: center\"><\/div>\n<div class=\"panel-body oscitas-bootstrap-container\">\n<img decoding=\"async\" class=\"aligncenter\" src=\"https:\/\/www.med.unc.edu\/shac\/wp-content\/uploads\/sites\/1231\/2021\/03\/Screen-Shot-2021-03-03-at-12.46.24-AM.png\" \/><\/p>\n<p style=\"text-align: center\"><strong>Cada contribuci\u00f3n nos ayuda a servir mejor a nuestra poblaci\u00f3n de pacientes.<\/strong><\/p>\n<p style=\"text-align: center\"><\/div>\n<p style=\"text-align: center\"><div class=\"panel-footer oscitas-bootstrap-container\">\n<h4 style=\"text-align: center\"><a href=\"https:\/\/www.med.unc.edu\/shac\/donate\/\">Aprende a apoyarnos<\/a><\/h4>\n<p style=\"text-align: center\"><\/div><\/div>\n<p style=\"text-align: center\"><\/div>\n<\/div> <\/div>\n<p>&nbsp;<\/p>\n<h4 style=\"text-align: center\"><h2\n\t         id=\"bookmark\"\n\t         class=\"icon center fa-bookmark\">QUICK LINKS<\/h2><\/h4>\n<p style=\"text-align: center\">*Ofrecemos servicios de interpretaci\u00f3n tanto en espa\u00f1ol como en mandar\u00edn*<\/p>\n<p style=\"text-align: left\"><div role=\"tablist\" class=\"panel-group yourcustomclass oscitas-bootstrap-container\" id=\"unc-accordion-0\">\n\n<div class=\"panel panel-default oscitas-bootstrap-container\">\n\n    <div id=\"panel-heading-details-0-0\" class=\"panel-heading oscitas-bootstrap-container\" role=\"tab\">\n\n        <h4 class=\"panel-title oscitas-bootstrap-container\">\n\n            <button class=\"accordion-toggle oscitas-bootstrap-container collapsed\" \n                id = \"button-details-0-0\"\n                data-toggle=\"collapse\"\n                data-parent=\"#unc-accordion-0\"    \n                aria-controls=\"#details-0-0\"  \n                aria-expanded=\"false\" \n                href=\"#details-0-0\">\n                Cita con la cl\u00ednica de ni\u00f1os            <\/button>\n\n        <\/h4>\n\n    <\/div>\n\n    <div id=\"details-0-0\" class=\"panel-collapse collapse  oscitas-bootstrap-container\">\n\n        <div class=\"panel-body oscitas-bootstrap-container\">\n<p>Todos las citas est\u00e1n llenas, complete esto para agregarlo a la lista de espera: <a href=\"https:\/\/qfreeaccountssjc1.az1.qualtrics.com\/jfe\/form\/SV_0CHwlwQZSeEGCpg\">haz clic aqu\u00ed<\/a><\/p>\n<p style=\"text-align: left\"><\/div>\n\n    <\/div>\n        \n<\/div>\n\n<div class=\"panel panel-default oscitas-bootstrap-container\">\n\n    <div id=\"panel-heading-details-0-1\" class=\"panel-heading oscitas-bootstrap-container\" role=\"tab\">\n\n        <h4 class=\"panel-title oscitas-bootstrap-container\">\n\n            <button class=\"accordion-toggle oscitas-bootstrap-container collapsed\" \n                id = \"button-details-0-1\"\n                data-toggle=\"collapse\"\n                data-parent=\"#unc-accordion-0\"    \n                aria-controls=\"#details-0-1\"  \n                aria-expanded=\"false\" \n                href=\"#details-0-1\">\n                Cita con la cl\u00ednica medica\/VIH y las ETS\/Salud Mental\/Cuidado de los ojos\/Salud de la Mujer            <\/button>\n\n        <\/h4>\n\n    <\/div>\n\n    <div id=\"details-0-1\" class=\"panel-collapse collapse  oscitas-bootstrap-container\">\n\n        <div class=\"panel-body oscitas-bootstrap-container\">\n<ol>\n<li>\n<p class=\"p1\"><span class=\"s1\"><b>2 opciones para concertar una cita:<\/b><\/span><\/p>\n<ol class=\"ol1\">\n<li class=\"li2\"><span class=\"s1\">Por favor, llama <a href=\"tel:9845381031\"><span class=\"s2\">984-538-1031<\/span><\/a>, espera a que la l\u00ednea termine de sonar y deje un mensaje despu\u00e9s del pitido con su nombre completo y n\u00famero de su tel\u00e9fono y recibir\u00e1 una respuesta a la brevedad. Para reducir el riesgo para los pacientes y cuidadores, vamos a programar una cita de tele por tel\u00e9fono o video para los pacientes con problemas que pueden evaluar remotamente.<\/span><\/li>\n<li class=\"li2\"><span class=\"s1\">Por favor completa este formulario de solicitud: <a href=\"https:\/\/unc.az1.qualtrics.com\/jfe\/form\/SV_2f3x3CxQPMmKMkt\"><span class=\"s2\">haz clic aqu\u00ed<\/span><\/a><\/span><\/li>\n<\/ol>\n<p class=\"p1\">\n<\/li>\n<\/ol>\n<p>Solicite una\u00a0<b>recarga de medicamentos:<\/b><\/p>\n<ol>\n<li style=\"list-style-type: none\">\n<ol class=\"ol1\">\n<li class=\"li2\"><span class=\"s3\"><b><\/b><a href=\"tel:9194428207\"><span class=\"s4\"><b>Llame 919-442-8207<\/b><\/span><\/a><\/span><span class=\"s1\"><b>.\u00a0<\/b>Por favor, deje un mensaje con su nombre completo y numero de tel\u00e9fono.<\/span><\/li>\n<\/ol>\n<\/li>\n<\/ol>\n<p style=\"text-align: left\"><\/div>\n\n    <\/div>\n        \n<\/div>\n\n<div class=\"panel panel-default oscitas-bootstrap-container\">\n\n    <div id=\"panel-heading-details-0-2\" class=\"panel-heading oscitas-bootstrap-container\" role=\"tab\">\n\n        <h4 class=\"panel-title oscitas-bootstrap-container\">\n\n            <button class=\"accordion-toggle oscitas-bootstrap-container collapsed\" \n                id = \"button-details-0-2\"\n                data-toggle=\"collapse\"\n                data-parent=\"#unc-accordion-0\"    \n                aria-controls=\"#details-0-2\"  \n                aria-expanded=\"false\" \n                href=\"#details-0-2\">\n                Cita para la atenci\u00f3n afirmado del g\u00e9nero            <\/button>\n\n        <\/h4>\n\n    <\/div>\n\n    <div id=\"details-0-2\" class=\"panel-collapse collapse  oscitas-bootstrap-container\">\n\n        <div class=\"panel-body oscitas-bootstrap-container\">\n<div>\n<p class=\"p1\"><span class=\"s1\">Por favor completa <a href=\"\/\/unc.az1.qualtrics.com\/jfe\/form\/SV_5nbJPWikOCvGE06\"><span class=\"s2\">este formulario<\/span><\/a>. Si tienes algunas preguntas, llame <a href=\"tel:9194428717\"><span class=\"s2\">(919)442-8717<\/span><\/a> y dejar un mensaje o envianos un correo electr\u00f3nico a <a href=\"mailto:shac_gac@med.unc.edu\"><span class=\"s2\">shac_gac@med.unc.edu<\/span><\/a><\/span><\/p>\n<\/div>\n<div><\/div>\n\n    <\/div>\n        \n<\/div><\/div>\n<div><\/div>\n\n<div class=\"panel panel-default oscitas-bootstrap-container\">\n\n    <div id=\"panel-heading-details-0-3\" class=\"panel-heading oscitas-bootstrap-container\" role=\"tab\">\n\n        <h4 class=\"panel-title oscitas-bootstrap-container\">\n\n            <button class=\"accordion-toggle oscitas-bootstrap-container collapsed\" \n                id = \"button-details-0-3\"\n                data-toggle=\"collapse\"\n                data-parent=\"#unc-accordion-0\"    \n                aria-controls=\"#details-0-3\"  \n                aria-expanded=\"false\" \n                href=\"#details-0-3\">\n                Cita para la cl\u00ednica dental            <\/button>\n\n        <\/h4>\n\n    <\/div>\n\n    <div id=\"details-0-3\" class=\"panel-collapse collapse  oscitas-bootstrap-container\">\n\n        <div class=\"panel-body oscitas-bootstrap-container\">\n<p class=\"p1\"><span class=\"s1\">Nuestra cl\u00ednica est\u00e1 abierta solo con cita previa. No vemos pacientes en el orden en que se aplican. Se agregara tu nombre a la lista de espera y las citas van a ser completadas via loter\u00eda para mantener igualdad de acceso a nuestros servicios. Por favor, completa este formulario de solicitud y recibir\u00e1 una respuesta a la brevedad.<\/span><\/p>\n<p class=\"p1\"><span class=\"s1\"><b>\u00a0 \u00a0 \u00a0 \u00a0 \u00a0 \u00a0English Appointment Request form:<\/b> <a href=\"https:\/\/tinyurl.com\/dentalshac\"><span class=\"s2\">https:\/\/tinyurl.com\/dentalshac<\/span><\/a><\/span><\/p>\n<p class=\"p1\"><span class=\"s1\"><b>\u00a0 \u00a0 \u00a0 \u00a0 \u00a0 \u00a0Espa\u00f1ol Appointment Request form:<\/b> <a href=\"https:\/\/tinyurl.com\/shacdentals\"><span class=\"s2\">https:\/\/tinyurl.com\/shacdentals<\/span><\/a><\/span><\/p>\n<p style=\"text-align: left\"><\/div>\n\n    <\/div>\n        \n<\/div>\n\n<div class=\"panel panel-default oscitas-bootstrap-container\">\n\n    <div id=\"panel-heading-details-0-4\" class=\"panel-heading oscitas-bootstrap-container\" role=\"tab\">\n\n        <h4 class=\"panel-title oscitas-bootstrap-container\">\n\n            <button class=\"accordion-toggle oscitas-bootstrap-container collapsed\" \n                id = \"button-details-0-4\"\n                data-toggle=\"collapse\"\n                data-parent=\"#unc-accordion-0\"    \n                aria-controls=\"#details-0-4\"  \n                aria-expanded=\"false\" \n                href=\"#details-0-4\">\n                Cita por los condiciones cr\u00f3nicos\/Bridge to Care            <\/button>\n\n        <\/h4>\n\n    <\/div>\n\n    <div id=\"details-0-4\" class=\"panel-collapse collapse  oscitas-bootstrap-container\">\n\n        <div class=\"panel-body oscitas-bootstrap-container\">\n<p><span class=\"s1\"><b>2 opciones para concertar una cita:<\/b><\/span><\/p>\n<ol class=\"ol1\">\n<li class=\"li2\"><span class=\"s1\">Por favor, llama 919-904-4302, espera a que la l\u00ednea termine de sonar y deje un mensaje despu\u00e9s del pitido con su nombre completo y n\u00famero de su tel\u00e9fono y recibir\u00e1 una respuesta a la brevedad. Para reducir el riesgo para los pacientes y cuidadores, vamos a programar una cita de tele por tel\u00e9fono o video para los pacientes con problemas que pueden evaluar remotamente<\/span><\/li>\n<li class=\"li2\"><span class=\"s1\">Por favor completa este formulario de solicitud: <a href=\"https:\/\/unc.az1.qualtrics.com\/jfe\/form\/SV_eh3L6WHWm6wkw9U\"><span class=\"s2\">haz clic aqu\u00ed<\/span><\/a><\/span><\/li>\n<\/ol>\n<p style=\"text-align: left\"><\/div>\n\n    <\/div>\n        \n<\/div>\n\n<div class=\"panel panel-default oscitas-bootstrap-container\">\n\n    <div id=\"panel-heading-details-0-5\" class=\"panel-heading oscitas-bootstrap-container\" role=\"tab\">\n\n        <h4 class=\"panel-title oscitas-bootstrap-container\">\n\n            <button class=\"accordion-toggle oscitas-bootstrap-container collapsed\" \n                id = \"button-details-0-5\"\n                data-toggle=\"collapse\"\n                data-parent=\"#unc-accordion-0\"    \n                aria-controls=\"#details-0-5\"  \n                aria-expanded=\"false\" \n                href=\"#details-0-5\">\n                Cita por terapia f\u00edsica            <\/button>\n\n        <\/h4>\n\n    <\/div>\n\n    <div id=\"details-0-5\" class=\"panel-collapse collapse  oscitas-bootstrap-container\">\n\n        <div class=\"panel-body oscitas-bootstrap-container\">\n<p class=\"p1\"><span class=\"s1\">Para concertar una cita, por favor llama <a href=\"tel:9195042608\"><span class=\"s2\">(919)504-2608<\/span><\/a> o env\u00edanos un correo electr\u00f3nico a <a href=\"mailto:shac_physicaltherapy@med.unc.edu\"><span class=\"s2\">shac_physicaltherapy@med.unc.edu<\/span><\/a>.\u00a0<\/span><\/p>\n<\/div>\n\n    <\/div>\n        \n<\/div>\n<p style=\"text-align: left\">\n<div class=\"panel panel-default oscitas-bootstrap-container\">\n\n    <div id=\"panel-heading-details-0-6\" class=\"panel-heading oscitas-bootstrap-container\" role=\"tab\">\n\n        <h4 class=\"panel-title oscitas-bootstrap-container\">\n\n            <button class=\"accordion-toggle oscitas-bootstrap-container collapsed\" \n                id = \"button-details-0-6\"\n                data-toggle=\"collapse\"\n                data-parent=\"#unc-accordion-0\"    \n                aria-controls=\"#details-0-6\"  \n                aria-expanded=\"false\" \n                href=\"#details-0-6\">\n                Direcciones            <\/button>\n\n        <\/h4>\n\n    <\/div>\n\n    <div id=\"details-0-6\" class=\"panel-collapse collapse  oscitas-bootstrap-container\">\n\n        <div class=\"panel-body oscitas-bootstrap-container\">\n<pre id=\"tw-target-text\" class=\"tw-data-text tw-text-large XcVN5d tw-ta\" data-placeholder=\"Translation\"><\/pre>\n<p><strong><span class=\"s1\">La cl\u00ednica medica:<\/span><\/strong><\/p>\n<p><a href=\"http:\/\/maps.google.com\/maps?q=301+Lloyd+St,+Carrboro,+NC+27510,+USA&amp;amp;ie=UTF8&amp;amp;z=16&amp;amp;iwloc=addr&amp;amp;om=1\">Carrboro Community Health Center<\/a><br \/>\n301 Lloyd St<br \/>\nCarrboro, NC 27510<\/p>\n<p><strong>La cl\u00ednica dental:<\/strong><\/p>\n<p><a href=\"https:\/\/www.google.com\/maps?q=UNC+School+of+Dentistry,+Tarrson+Hall,+101+Manning+Drive,+Chapel+Hill,+NC+27599,+USA&amp;hl=en&amp;ll=35.904572,-79.053133&amp;spn=0.002229,0.005284&amp;sll=35.904851,-79.054055&amp;sspn=0.008916,0.021136&amp;hq=UNC+School+of+Dentistry,+Tarrson+Hall,+101+Manning+Drive,&amp;hnear=Chapel+Hill,+North+Carolina+27599&amp;t=m&amp;z=18\">UNC School of Dentistry<\/a><br \/>\nGround Floor, Tarrson Hall<br \/>\n101 Manning Drive<br \/>\nChapel Hill, NC 27599<\/p>\n<\/div>\n\n    <\/div>\n        \n<\/div>\n<\/div>\n<h2\n\t         id=\"newspaper-o\"\n\t         class=\"icon center fa-newspaper-o\">ANNOUNCEMENTS<\/h2>\n<div class=\"row  oscitas-bootstrap-container\">\n<div class=\"col-lg-12 col-md-12 col-xs-12 col-sm-12 oscitas-bootstrap-container\">\n<p><span style=\"color: inherit\"><div class = \"alert alert-info  oscitas-bootstrap-container\">\n<h4><img loading=\"lazy\" decoding=\"async\" class=\"alignleft wp-image-2698 \" src=\"https:\/\/www.med.unc.edu\/shac\/wp-content\/uploads\/sites\/1231\/2021\/03\/Screen-Shot-2021-03-04-at-10.46.13-AM-e1614873773865-300x179.png\" alt=\"\" width=\"275\" height=\"164\" srcset=\"https:\/\/www.med.unc.edu\/shac\/wp-content\/uploads\/sites\/1231\/2021\/03\/Screen-Shot-2021-03-04-at-10.46.13-AM-e1614873773865-300x179.png 300w, https:\/\/www.med.unc.edu\/shac\/wp-content\/uploads\/sites\/1231\/2021\/03\/Screen-Shot-2021-03-04-at-10.46.13-AM-e1614873773865-1024x611.png 1024w, https:\/\/www.med.unc.edu\/shac\/wp-content\/uploads\/sites\/1231\/2021\/03\/Screen-Shot-2021-03-04-at-10.46.13-AM-e1614873773865-768x458.png 768w, https:\/\/www.med.unc.edu\/shac\/wp-content\/uploads\/sites\/1231\/2021\/03\/Screen-Shot-2021-03-04-at-10.46.13-AM-e1614873773865-600x358.png 600w, https:\/\/www.med.unc.edu\/shac\/wp-content\/uploads\/sites\/1231\/2021\/03\/Screen-Shot-2021-03-04-at-10.46.13-AM-e1614873773865.png 1090w\" sizes=\"auto, (max-width: 275px) 100vw, 275px\" \/><\/h4>\n<h4><strong>La cl\u00ednica dental ahora acepta citas!<\/strong><\/h4>\n<p>La cl\u00ednica dental ahora est\u00e1 programando citas! Si desea programamr una cita, complete <a href=\"https:\/\/tinyurl.com\/dentalshac\">el formulario de solicitud de cita en este enlace<\/a> y uno de nuestros coordinadores de la cl\u00ednica se comunicar\u00e1 con usted para programar una cita.<\/p>\n<p>&nbsp;<\/p>\n<\/div>\n<p>&nbsp;<\/p>\n<\/div><div class=\"col-lg-12 col-md-12 col-xs-12 col-sm-12 oscitas-bootstrap-container\"><a href=\"https:\/\/www.med.unc.edu\/shac\/wp-content\/uploads\/sites\/1231\/2021\/03\/Screen-Shot-2021-03-01-at-12.16.56-PM_Lauren-Mihalek.png\"><div class = \"alert alert-info  oscitas-bootstrap-container\"> <\/a><a href=\"https:\/\/www.med.unc.edu\/shac\/wp-content\/uploads\/sites\/1231\/2021\/03\/Screen-Shot-2021-03-01-at-12.16.56-PM_Lauren-Mihalek.png\"><img loading=\"lazy\" decoding=\"async\" class=\"alignleft wp-image-2664 \" src=\"https:\/\/www.med.unc.edu\/shac\/wp-content\/uploads\/sites\/1231\/2021\/03\/Screen-Shot-2021-03-01-at-12.16.56-PM_Lauren-Mihalek-300x137.png\" alt=\"\" width=\"324\" height=\"148\" srcset=\"https:\/\/www.med.unc.edu\/shac\/wp-content\/uploads\/sites\/1231\/2021\/03\/Screen-Shot-2021-03-01-at-12.16.56-PM_Lauren-Mihalek-300x137.png 300w, https:\/\/www.med.unc.edu\/shac\/wp-content\/uploads\/sites\/1231\/2021\/03\/Screen-Shot-2021-03-01-at-12.16.56-PM_Lauren-Mihalek-1024x468.png 1024w, https:\/\/www.med.unc.edu\/shac\/wp-content\/uploads\/sites\/1231\/2021\/03\/Screen-Shot-2021-03-01-at-12.16.56-PM_Lauren-Mihalek-768x351.png 768w, https:\/\/www.med.unc.edu\/shac\/wp-content\/uploads\/sites\/1231\/2021\/03\/Screen-Shot-2021-03-01-at-12.16.56-PM_Lauren-Mihalek-600x274.png 600w, https:\/\/www.med.unc.edu\/shac\/wp-content\/uploads\/sites\/1231\/2021\/03\/Screen-Shot-2021-03-01-at-12.16.56-PM_Lauren-Mihalek.png 1244w\" sizes=\"auto, (max-width: 324px) 100vw, 324px\" \/><\/a><\/p>\n<h4><strong>Necesitas fisioterapia?\u00a0<\/strong><\/h4>\n<p>Tiene dolores? Ha tenido una lesi\u00f3n o cirug\u00eda reciente? La fisioterapia ayuda a las personas a optimizar su movimiento, para que puedan vivir sin dolor y mejorar la calidad de vida.<\/p>\n<p>Si desea programar una cita, llame al\u00a0\u00a0<a href=\"tel:9195042608\"><strong>(919) 504-2608 <\/strong><\/a>o env\u00ede un correo electr\u00f3nico a <a href=\"mailto:shac_physicaltherapy@med.unc.edu\">shac_physicaltherapy@med.unc.edu<\/a>.<\/p>\n<\/div>\n<\/div>\n<div class=\"col-lg-12 col-md-12 col-xs-12 col-sm-12 oscitas-bootstrap-container\">\n<p><span style=\"color: inherit\"><div class = \"alert alert-info  oscitas-bootstrap-container\">\n<h4 style=\"text-align: left\"><strong><a href=\"https:\/\/www.med.unc.edu\/shac\/wp-content\/uploads\/sites\/1231\/2021\/04\/GCC-General_Dimitry-Shitarev1.png\"><img loading=\"lazy\" decoding=\"async\" class=\"size-medium wp-image-2862 alignleft\" src=\"https:\/\/www.med.unc.edu\/shac\/wp-content\/uploads\/sites\/1231\/2021\/04\/GCC-General_Dimitry-Shitarev1-300x198.png\" alt=\"\" width=\"300\" height=\"198\" srcset=\"https:\/\/www.med.unc.edu\/shac\/wp-content\/uploads\/sites\/1231\/2021\/04\/GCC-General_Dimitry-Shitarev1-300x198.png 300w, https:\/\/www.med.unc.edu\/shac\/wp-content\/uploads\/sites\/1231\/2021\/04\/GCC-General_Dimitry-Shitarev1-1024x674.png 1024w, https:\/\/www.med.unc.edu\/shac\/wp-content\/uploads\/sites\/1231\/2021\/04\/GCC-General_Dimitry-Shitarev1-768x506.png 768w, https:\/\/www.med.unc.edu\/shac\/wp-content\/uploads\/sites\/1231\/2021\/04\/GCC-General_Dimitry-Shitarev1-600x395.png 600w, https:\/\/www.med.unc.edu\/shac\/wp-content\/uploads\/sites\/1231\/2021\/04\/GCC-General_Dimitry-Shitarev1.png 1192w\" sizes=\"auto, (max-width: 300px) 100vw, 300px\" \/><\/a>Necesitas un seguro m\u00e9dico?<\/strong><\/h4>\n<p>La inscripci\u00f3n abierta se reabrir\u00e1 por orden ejecutiva del 15 de febrero al 15 de mayo de 2021. Ahora puede inscribirse en un seguro m\u00e9dico! Si sufre alg\u00fan cambio de vida inesperado (ya sea debido a la pandemia o simplemente en general) o si simplemente no tiene seguro m\u00e9dico, aproveche esta oferta!<\/p>\n<p>Haga clic en el enlace f\u00e1cil de usar a continuaci\u00f3n para acceder al widget NC Get Covered, donde puede programar citas para hablar con nosotros (GCC) o con otras organizaciones de navegaci\u00f3n de seguros que pueden ayudarlo a obtener la asistencia que necesita. Inscrito en un seguro m\u00e9dico! Widget de NC Get Covered: <a href=\"https:\/\/widget.getcoveredamerica.org\/\">https:\/\/widget.getcoveredamerica.org\/\u00a0<\/a><\/p>\n<p>&nbsp;<\/p>\n<\/div><\/div>\n<div class=\"col-lg-12 col-md-12 col-xs-12 col-sm-12 oscitas-bootstrap-container\">\n<p><span style=\"color: inherit\"><div class = \"alert alert-info  oscitas-bootstrap-container\">\n<h4 style=\"text-align: left\"><a href=\"https:\/\/www.med.unc.edu\/shac\/wp-content\/uploads\/sites\/1231\/2021\/03\/20210217_190743_Brent-Eason-1-scaled-e1619704556789.jpg\"><img loading=\"lazy\" decoding=\"async\" class=\" wp-image-2670 alignleft\" src=\"https:\/\/www.med.unc.edu\/shac\/wp-content\/uploads\/sites\/1231\/2021\/03\/20210217_190743_Brent-Eason-1-scaled-e1619704556789-300x226.jpg\" alt=\"\" width=\"277\" height=\"209\" srcset=\"https:\/\/www.med.unc.edu\/shac\/wp-content\/uploads\/sites\/1231\/2021\/03\/20210217_190743_Brent-Eason-1-scaled-e1619704556789-300x226.jpg 300w, https:\/\/www.med.unc.edu\/shac\/wp-content\/uploads\/sites\/1231\/2021\/03\/20210217_190743_Brent-Eason-1-scaled-e1619704556789-1024x771.jpg 1024w, https:\/\/www.med.unc.edu\/shac\/wp-content\/uploads\/sites\/1231\/2021\/03\/20210217_190743_Brent-Eason-1-scaled-e1619704556789-768x578.jpg 768w, https:\/\/www.med.unc.edu\/shac\/wp-content\/uploads\/sites\/1231\/2021\/03\/20210217_190743_Brent-Eason-1-scaled-e1619704556789-1536x1157.jpg 1536w, https:\/\/www.med.unc.edu\/shac\/wp-content\/uploads\/sites\/1231\/2021\/03\/20210217_190743_Brent-Eason-1-scaled-e1619704556789-280x210.jpg 280w, https:\/\/www.med.unc.edu\/shac\/wp-content\/uploads\/sites\/1231\/2021\/03\/20210217_190743_Brent-Eason-1-scaled-e1619704556789-600x452.jpg 600w, https:\/\/www.med.unc.edu\/shac\/wp-content\/uploads\/sites\/1231\/2021\/03\/20210217_190743_Brent-Eason-1-scaled-e1619704556789.jpg 1920w\" sizes=\"auto, (max-width: 277px) 100vw, 277px\" \/><\/a><strong>Est\u00e1 interesado en hacerse la prueba de ITS como VIH, s\u00edfilis, gonorrea y clamidia?<\/strong><\/h4>\n<p style=\"text-align: left\">Programe una cita con nuestro equipo de VIH\/ITS y obtenga los resultados el mismo d\u00eda de todas las pruebas r\u00e1pidas! Tambi\u00e9n proporcionamos referencias de PrEP para cualquier paciente que expreses inter\u00e9s. Venga a vernos!<\/p>\n<p>&nbsp;<\/p>\n<\/div><\/div>\n<\/div>\n<p>&nbsp;<\/p>\n","protected":false},"excerpt":{"rendered":"<p>&nbsp; *Ofrecemos servicios de interpretaci\u00f3n tanto en espa\u00f1ol como en mandar\u00edn* &nbsp;<\/p>\n","protected":false},"author":110629,"featured_media":0,"parent":0,"menu_order":36,"comment_status":"closed","ping_status":"closed","template":"","meta":{"_acf_changed":false,"layout":"","cellInformation":"","apiCallInformation":"","footnotes":"","_links_to":"","_links_to_target":""},"class_list":["post-3218","page","type-page","status-publish","hentry","odd"],"acf":[],"_links_to":[],"_links_to_target":[],"_links":{"self":[{"href":"https:\/\/www.med.unc.edu\/shac\/wp-json\/wp\/v2\/pages\/3218","targetHints":{"allow":["GET"]}}],"collection":[{"href":"https:\/\/www.med.unc.edu\/shac\/wp-json\/wp\/v2\/pages"}],"about":[{"href":"https:\/\/www.med.unc.edu\/shac\/wp-json\/wp\/v2\/types\/page"}],"author":[{"embeddable":true,"href":"https:\/\/www.med.unc.edu\/shac\/wp-json\/wp\/v2\/users\/110629"}],"replies":[{"embeddable":true,"href":"https:\/\/www.med.unc.edu\/shac\/wp-json\/wp\/v2\/comments?post=3218"}],"version-history":[{"count":0,"href":"https:\/\/www.med.unc.edu\/shac\/wp-json\/wp\/v2\/pages\/3218\/revisions"}],"wp:attachment":[{"href":"https:\/\/www.med.unc.edu\/shac\/wp-json\/wp\/v2\/media?parent=3218"}],"curies":[{"name":"wp","href":"https:\/\/api.w.org\/{rel}","templated":true}]}}