{"id":3228,"date":"2021-05-19T20:44:36","date_gmt":"2021-05-20T00:44:36","guid":{"rendered":"https:\/\/www.med.unc.edu\/shac\/?page_id=3228"},"modified":"2021-05-19T21:42:10","modified_gmt":"2021-05-20T01:42:10","slug":"history-2","status":"publish","type":"page","link":"https:\/\/www.med.unc.edu\/shac\/home-page-espanol\/about-the-clinic-2\/history-2\/","title":{"rendered":"La historia"},"content":{"rendered":"<p>La Cl\u00ednica SHAC abri\u00f3 sus puertas en 1967 como la primera cl\u00ednica gratuita liderada por estudiantes del pa\u00eds. En ese tiempo, SHAC era solamente unos pocos estudiantes de medicina trabajando desde las residencias privadas de benefactores generosos. Ahora tenemos voluntarios de todas las escuelas profesionales de salud en UNC, operamos de una de las mejores instalaciones primarias en el estado, y estamos orgullosos de ofrecer una variedad de servicios aparte de atenci\u00f3n b\u00e1sica de salud.<\/p>\n<p>&nbsp;<\/p>\n<div class=\"entry-content-asset\"><iframe loading=\"lazy\" title=\"SHAC who are we, where did we come from, where are we going?\" width=\"1140\" height=\"641\" src=\"https:\/\/www.youtube.com\/embed\/7peBGt6DnkU?feature=oembed\" frameborder=\"0\" allow=\"accelerometer; autoplay; clipboard-write; encrypted-media; gyroscope; picture-in-picture\" allowfullscreen><\/iframe><\/div>\n","protected":false},"excerpt":{"rendered":"<p>La Cl\u00ednica SHAC abri\u00f3 sus puertas en 1967 como la primera cl\u00ednica gratuita liderada por estudiantes del pa\u00eds. En ese tiempo, SHAC era solamente unos pocos estudiantes de medicina trabajando desde las residencias privadas de benefactores generosos. Ahora tenemos voluntarios de todas las escuelas profesionales de salud en UNC, operamos de una de las mejores &hellip; <a href=\"https:\/\/www.med.unc.edu\/shac\/home-page-espanol\/about-the-clinic-2\/history-2\/\" aria-label=\"Read more about La historia\">Read more<\/a><\/p>\n","protected":false},"author":110629,"featured_media":0,"parent":3224,"menu_order":19,"comment_status":"closed","ping_status":"closed","template":"","meta":{"_acf_changed":false,"layout":"","cellInformation":"","apiCallInformation":"","footnotes":"","_links_to":"","_links_to_target":""},"class_list":["post-3228","page","type-page","status-publish","hentry","odd"],"acf":[],"yoast_head":"<!-- This site is optimized with the Yoast SEO plugin v26.8 - https:\/\/yoast.com\/product\/yoast-seo-wordpress\/ -->\n<title>La historia - SHAC: Student Health Action Coalition<\/title>\n<meta name=\"robots\" content=\"index, follow, max-snippet:-1, max-image-preview:large, max-video-preview:-1\" \/>\n<link rel=\"canonical\" href=\"https:\/\/www.med.unc.edu\/shac\/home-page-espanol\/about-the-clinic-2\/history-2\/\" \/>\n<meta property=\"og:locale\" content=\"en_US\" \/>\n<meta property=\"og:type\" content=\"article\" \/>\n<meta property=\"og:title\" content=\"La historia - SHAC: Student Health Action Coalition\" \/>\n<meta property=\"og:description\" content=\"La Cl\u00ednica SHAC abri\u00f3 sus puertas en 1967 como la primera cl\u00ednica gratuita liderada por estudiantes del pa\u00eds. En ese tiempo, SHAC era solamente unos pocos estudiantes de medicina trabajando desde las residencias privadas de benefactores generosos. Ahora tenemos voluntarios de todas las escuelas profesionales de salud en UNC, operamos de una de las mejores &hellip; Read more\" \/>\n<meta property=\"og:url\" content=\"https:\/\/www.med.unc.edu\/shac\/home-page-espanol\/about-the-clinic-2\/history-2\/\" \/>\n<meta property=\"og:site_name\" content=\"SHAC: Student Health Action Coalition\" \/>\n<meta property=\"article:modified_time\" content=\"2021-05-20T01:42:10+00:00\" \/>\n<meta name=\"twitter:card\" content=\"summary_large_image\" \/>\n<script type=\"application\/ld+json\" class=\"yoast-schema-graph\">{\"@context\":\"https:\/\/schema.org\",\"@graph\":[{\"@type\":\"WebPage\",\"@id\":\"https:\/\/www.med.unc.edu\/shac\/home-page-espanol\/about-the-clinic-2\/history-2\/\",\"url\":\"https:\/\/www.med.unc.edu\/shac\/home-page-espanol\/about-the-clinic-2\/history-2\/\",\"name\":\"La historia - SHAC: Student Health Action Coalition\",\"isPartOf\":{\"@id\":\"https:\/\/www.med.unc.edu\/shac\/#website\"},\"datePublished\":\"2021-05-20T00:44:36+00:00\",\"dateModified\":\"2021-05-20T01:42:10+00:00\",\"breadcrumb\":{\"@id\":\"https:\/\/www.med.unc.edu\/shac\/home-page-espanol\/about-the-clinic-2\/history-2\/#breadcrumb\"},\"inLanguage\":\"en-US\",\"potentialAction\":[{\"@type\":\"ReadAction\",\"target\":[\"https:\/\/www.med.unc.edu\/shac\/home-page-espanol\/about-the-clinic-2\/history-2\/\"]}]},{\"@type\":\"BreadcrumbList\",\"@id\":\"https:\/\/www.med.unc.edu\/shac\/home-page-espanol\/about-the-clinic-2\/history-2\/#breadcrumb\",\"itemListElement\":[{\"@type\":\"ListItem\",\"position\":1,\"name\":\"Home\",\"item\":\"https:\/\/www.med.unc.edu\/shac\/\"},{\"@type\":\"ListItem\",\"position\":2,\"name\":\"SHAC: La Cl\u00ednica Gratuita\",\"item\":\"https:\/\/www.med.unc.edu\/shac\/home-page-espanol\/\"},{\"@type\":\"ListItem\",\"position\":3,\"name\":\"Sobre la cl\u00ednica\",\"item\":\"https:\/\/www.med.unc.edu\/shac\/home-page-espanol\/about-the-clinic-2\/\"},{\"@type\":\"ListItem\",\"position\":4,\"name\":\"La historia\"}]},{\"@type\":\"WebSite\",\"@id\":\"https:\/\/www.med.unc.edu\/shac\/#website\",\"url\":\"https:\/\/www.med.unc.edu\/shac\/\",\"name\":\"SHAC: Student Health Action Coalition\",\"description\":\"\",\"potentialAction\":[{\"@type\":\"SearchAction\",\"target\":{\"@type\":\"EntryPoint\",\"urlTemplate\":\"https:\/\/www.med.unc.edu\/shac\/?s={search_term_string}\"},\"query-input\":{\"@type\":\"PropertyValueSpecification\",\"valueRequired\":true,\"valueName\":\"search_term_string\"}}],\"inLanguage\":\"en-US\"}]}<\/script>\n<!-- \/ Yoast SEO plugin. -->","yoast_head_json":{"title":"La historia - SHAC: Student Health Action Coalition","robots":{"index":"index","follow":"follow","max-snippet":"max-snippet:-1","max-image-preview":"max-image-preview:large","max-video-preview":"max-video-preview:-1"},"canonical":"https:\/\/www.med.unc.edu\/shac\/home-page-espanol\/about-the-clinic-2\/history-2\/","og_locale":"en_US","og_type":"article","og_title":"La historia - SHAC: Student Health Action Coalition","og_description":"La Cl\u00ednica SHAC abri\u00f3 sus puertas en 1967 como la primera cl\u00ednica gratuita liderada por estudiantes del pa\u00eds. En ese tiempo, SHAC era solamente unos pocos estudiantes de medicina trabajando desde las residencias privadas de benefactores generosos. Ahora tenemos voluntarios de todas las escuelas profesionales de salud en UNC, operamos de una de las mejores &hellip; Read more","og_url":"https:\/\/www.med.unc.edu\/shac\/home-page-espanol\/about-the-clinic-2\/history-2\/","og_site_name":"SHAC: Student Health Action Coalition","article_modified_time":"2021-05-20T01:42:10+00:00","twitter_card":"summary_large_image","schema":{"@context":"https:\/\/schema.org","@graph":[{"@type":"WebPage","@id":"https:\/\/www.med.unc.edu\/shac\/home-page-espanol\/about-the-clinic-2\/history-2\/","url":"https:\/\/www.med.unc.edu\/shac\/home-page-espanol\/about-the-clinic-2\/history-2\/","name":"La historia - SHAC: Student Health Action Coalition","isPartOf":{"@id":"https:\/\/www.med.unc.edu\/shac\/#website"},"datePublished":"2021-05-20T00:44:36+00:00","dateModified":"2021-05-20T01:42:10+00:00","breadcrumb":{"@id":"https:\/\/www.med.unc.edu\/shac\/home-page-espanol\/about-the-clinic-2\/history-2\/#breadcrumb"},"inLanguage":"en-US","potentialAction":[{"@type":"ReadAction","target":["https:\/\/www.med.unc.edu\/shac\/home-page-espanol\/about-the-clinic-2\/history-2\/"]}]},{"@type":"BreadcrumbList","@id":"https:\/\/www.med.unc.edu\/shac\/home-page-espanol\/about-the-clinic-2\/history-2\/#breadcrumb","itemListElement":[{"@type":"ListItem","position":1,"name":"Home","item":"https:\/\/www.med.unc.edu\/shac\/"},{"@type":"ListItem","position":2,"name":"SHAC: La Cl\u00ednica Gratuita","item":"https:\/\/www.med.unc.edu\/shac\/home-page-espanol\/"},{"@type":"ListItem","position":3,"name":"Sobre la cl\u00ednica","item":"https:\/\/www.med.unc.edu\/shac\/home-page-espanol\/about-the-clinic-2\/"},{"@type":"ListItem","position":4,"name":"La historia"}]},{"@type":"WebSite","@id":"https:\/\/www.med.unc.edu\/shac\/#website","url":"https:\/\/www.med.unc.edu\/shac\/","name":"SHAC: Student Health Action Coalition","description":"","potentialAction":[{"@type":"SearchAction","target":{"@type":"EntryPoint","urlTemplate":"https:\/\/www.med.unc.edu\/shac\/?s={search_term_string}"},"query-input":{"@type":"PropertyValueSpecification","valueRequired":true,"valueName":"search_term_string"}}],"inLanguage":"en-US"}]}},"_links_to":[],"_links_to_target":[],"_links":{"self":[{"href":"https:\/\/www.med.unc.edu\/shac\/wp-json\/wp\/v2\/pages\/3228","targetHints":{"allow":["GET"]}}],"collection":[{"href":"https:\/\/www.med.unc.edu\/shac\/wp-json\/wp\/v2\/pages"}],"about":[{"href":"https:\/\/www.med.unc.edu\/shac\/wp-json\/wp\/v2\/types\/page"}],"author":[{"embeddable":true,"href":"https:\/\/www.med.unc.edu\/shac\/wp-json\/wp\/v2\/users\/110629"}],"replies":[{"embeddable":true,"href":"https:\/\/www.med.unc.edu\/shac\/wp-json\/wp\/v2\/comments?post=3228"}],"version-history":[{"count":0,"href":"https:\/\/www.med.unc.edu\/shac\/wp-json\/wp\/v2\/pages\/3228\/revisions"}],"up":[{"embeddable":true,"href":"https:\/\/www.med.unc.edu\/shac\/wp-json\/wp\/v2\/pages\/3224"}],"wp:attachment":[{"href":"https:\/\/www.med.unc.edu\/shac\/wp-json\/wp\/v2\/media?parent=3228"}],"curies":[{"name":"wp","href":"https:\/\/api.w.org\/{rel}","templated":true}]}}