{"id":3249,"date":"2021-05-19T20:54:58","date_gmt":"2021-05-20T00:54:58","guid":{"rendered":"https:\/\/www.med.unc.edu\/shac\/?page_id=3249"},"modified":"2022-08-13T18:17:26","modified_gmt":"2022-08-13T22:17:26","slug":"patients-2","status":"publish","type":"page","link":"https:\/\/www.med.unc.edu\/shac\/home-page-espanol\/patients-2\/","title":{"rendered":"Para los pacientes"},"content":{"rendered":"<article class=\"basic-page full clearfix\" role=\"article\">\n<div class=\"content\">\n<div class=\"field field--name-field-aside-ref field--type-entity-reference-revisions field--label-hidden field--items\">\n<h2 style=\"text-align: center\"><script>\n\n    (function($) {\n        $(\"body, html\").addClass(\"heels_full_width_overflow\");\n    })(jQuery);\n\n   <\/script>\n   <div style=\"background-color:#13294B;\" class=\"full-width-contained whitebackground \"><span style=\"color: #ffffff\"><b class=\"b3\">Convi\u00e9rtase\u00a0<\/b><b class=\"b4\">en\u00a0<\/b><b class=\"b5\">paciente<\/b><\/span><\/h2>\n<h3 style=\"text-align: center\"><i class=\" fas fa-hand-holding-heart fa-1x \" style=\"color:#007fae;\"><\/i>\u00a0 SHAC es una cl\u00ednica gratuita dirigida por estudiantes con la misi\u00f3n de:<\/h3>\n<div>\n<p style=\"text-align: center\"><i class=\" fas fa-star fa-1x \" style=\"color:#007fae;\"><\/i> Proveer servicios de salud gratuitos a nuestros vecinos sin seguro o con seguro insuficiente en Carrboro, Chapel hill y Durham.<\/p>\n<p style=\"text-align: center\"><i class=\" fas fa-star fa-1x \" style=\"color:#007fae;\"><\/i> Asociarse con las comunidades para desarrollar e implementar programas sostenibles.<\/p>\n<\/div>\n<p style=\"text-align: center\"><i class=\" fas fa-star fa-1x \" style=\"color:#007fae;\"><\/i> Proveer un entorno de aprendizaje interdisciplinario para los estudiantes de los programas de ciencias de la salud en la UNC.<\/div>\n<\/div>\n<\/div>\n<p style=\"text-align: left\"><h2 class=\"section-som\"><span> Ubicaci\u00f3n &amp; Horario<\/span><\/h2>\n<div class=\"row  oscitas-bootstrap-container\">\n<div class=\"col-lg-6 col-md-12 col-xs-12 col-sm-12 oscitas-bootstrap-container\">\n<h5 style=\"text-align: center\"><strong>La cl\u00ednica medica\/Puente al cuidado\/ El VIH y las ETS\/ Cuidado de Afirmaci\u00f3n de G\u00e9nero \/ Terapia f\u00edsica \/Salud Mental \/Cuidado de los ojos\/Salud de la mujer \/Visitas de rutina para ni\u00f1os sano:<\/strong><\/h5>\n<p style=\"text-align: center\">Nuestra cl\u00ednica m\u00e9dica gratuita opera todos los mi\u00e9rcoles de 5:30pm a 10:00pm con citas a partir de las 5:30pm.<\/p>\n<p style=\"text-align: center\"><a href=\"http:\/\/maps.google.com\/maps?q=301+Lloyd+St,+Carrboro,+NC+27510,+USA&amp;amp;ie=UTF8&amp;amp;z=16&amp;amp;iwloc=addr&amp;amp;om=1\">Carrboro Community Health Center<\/a><br \/>\n301 Lloyd St<br \/>\nCarrboro, NC 27510<\/div>\n<div class=\"col-lg-6 col-md-12 col-xs-12 col-sm-12 oscitas-bootstrap-container\">\n<h5 style=\"text-align: center\"><strong>La Cl\u00ednica Dental<\/strong><\/h5>\n<p style=\"text-align: center\"><a href=\"https:\/\/www.google.com\/maps?q=UNC+School+of+Dentistry,+Tarrson+Hall,+101+Manning+Drive,+Chapel+Hill,+NC+27599,+USA&amp;hl=en&amp;ll=35.904572,-79.053133&amp;spn=0.002229,0.005284&amp;sll=35.904851,-79.054055&amp;sspn=0.008916,0.021136&amp;hq=UNC+School+of+Dentistry,+Tarrson+Hall,+101+Manning+Drive,&amp;hnear=Chapel+Hill,+North+Carolina+27599&amp;t=m&amp;z=18\">UNC School of Dentistry<\/a><br \/>\nGround Floor, Tarrson Hall<br \/>\n101 Manning Drive<br \/>\nChapel Hill, NC 27599<\/p>\n<\/div>\n<\/div>\n<\/article>\n<article class=\"basic-page full clearfix\" role=\"article\">\n<div class=\"content\">\n<div class=\"field field--name-body field--type-text-with-summary field--label-hidden field--item\">\n<p style=\"text-align: center\"><h2 class=\"section-som\"><span>Servicios<\/span><\/h2>\n<\/div>\n<\/div>\n<\/article>\n<div class=\"col-lg-4 col-md-12 col-xs-12 col-sm-12 oscitas-bootstrap-container\">\n<div class = \"alert alert-success  oscitas-bootstrap-container\">\n<h5 style=\"text-align: center\"><strong>La atenci\u00f3n primaria<\/strong><\/h5>\n<p>La cl\u00ednica m\u00e9dica de SHAC ofrece una amplia gama de servicios por gratis incluyendo:<\/p>\n<p>\u25cf Cuidados agudos por problemas menores<\/p>\n<p>\u25cf Examinaciones de salud y asesoramiento<\/p>\n<p>\u25cf Exploraciones m\u00e9dicas por presi\u00f3n alta, hiperlipidemia, diabetes, etc.<\/p>\n<p>\u25cf Examinaciones f\u00edsicos para la escuela, el trabajo o el campamento<\/p>\n<p>\u25cf Las vacunas para los ni\u00f1os<\/p>\n<p><a href=\"https:\/\/www.med.unc.edu\/shac\/home-page-espanol\/programs-2\/medical-clinic-2\/\">Aprenda m\u00e1s acerca de nosotros.\u00a0<\/a><\/p>\n<\/div>\n<div class = \"alert alert-info  oscitas-bootstrap-container\">\n<h5 style=\"text-align: center\"><strong>Interpretaci\u00f3n<\/strong><\/h5>\n<p>Ofrecemos servicios de interpretaci\u00f3n por Mandrin y Espa\u00f1ol ambos.<\/p>\n<p><a href=\"https:\/\/www.med.unc.edu\/shac\/home-page-espanol\/programs-2\/interpreting\/\">Aprenda m\u00e1s acerca de nosotros.\u00a0<\/a><\/p>\n<\/div>\n<div class = \"alert alert-success  oscitas-bootstrap-container\">\n<h5 style=\"text-align: center\"><strong>Terapia F\u00edsica\u00a0<\/strong><\/h5>\n<p>\u00bfNecesitas ayuda con el dolor musculoesquel\u00e9tico? Podemos ofrecer servicios para problemas como:<\/p>\n<ul>\n<li>\u25cf La recuperaci\u00f3n de un lesi\u00f3n f\u00edsico\u25cf Prevenci\u00f3n de una herida\u25cf La rehabilitaci\u00f3n despu\u00e9s de una cirug\u00eda\u25cf Informaci\u00f3n sobre problemas incluyendo la incontinencia, la osteoporosis, ejercicios pre- y postnatales, y dolor de espalda durante un embarazo<\/li>\n<\/ul>\n<p><a href=\"https:\/\/www.med.unc.edu\/shac\/home-page-espanol\/programs-2\/physical-therapy\/\">Aprenda m\u00e1s acerca de nosotros.\u00a0<\/a><\/p>\n<\/div>\n<div class = \"alert alert-success  oscitas-bootstrap-container\">\n<p style=\"text-align: center\"><strong>La cl\u00ednica por los los ni\u00f1os<\/strong><\/p>\n<p>Nuestro departamento ofrece:<\/p>\n<ul>\n<li>Las vacunas necesarias y ex\u00e1menes f\u00edsicos que son obligatorios para la escuela y el participaci\u00f3n en los actividades de la escuela<\/li>\n<li>Asesoramiento e informaci\u00f3n sobre un estilo de vida saludable por los ni\u00f1os y sus parientes<\/li>\n<li>Connectar a los padres a las programas de asistencia de pago por la atenci\u00f3n m\u00e9dica y opciones para obtener la atenci\u00f3n econ\u00f3mica<\/li>\n<\/ul>\n<p><a href=\"https:\/\/www.med.unc.edu\/shac\/home-page-espanol\/programs-2\/well-child\/\">Aprenda m\u00e1s acerca de nosotros.\u00a0<\/a><\/p>\n<\/div>\n<\/div>\n<div class=\"col-lg-4 col-md-12 col-xs-12 col-sm-12 oscitas-bootstrap-container\">\n<div class = \"alert alert-info  oscitas-bootstrap-container\">\n<h5 style=\"text-align: center\"><strong>La atenci\u00f3n dental<\/strong><\/h5>\n<p>Nuestra clinica de dental ofrece estos servicios, por gratis:<\/p>\n<p>\u25cf Exploraciones y diagn\u00f3sticos<\/p>\n<p>\u25cf Las limpiezas<\/p>\n<p>\u25cf Los empastes<\/p>\n<p>\u25cf Las extracciones<\/p>\n<p><a href=\"https:\/\/www.med.unc.edu\/shac\/home-page-espanol\/programs-2\/dental-clinic\/\">Aprenda m\u00e1s acerca de nosotros.\u00a0<\/a><\/p>\n<\/div>\n<div class = \"alert alert-success  oscitas-bootstrap-container\">\n<h5 style=\"text-align: center\"><strong>Programa de asistencia por el seguro m\u00e9dico<\/strong><\/h5>\n<p>Conseguido Carolina o GCC ayuda a los miembros de la comunidad que falten el seguro m\u00e9dico. Dan apoyo con el proceso de aplicaci\u00f3n por el seguro m\u00e9dico. GCC es reconocida oficialmente como una organizaci\u00f3n de consejeros certificados por la comisi\u00f3n de salud y servicios humanos.<\/p>\n<p><a href=\"https:\/\/www.med.unc.edu\/shac\/home-page-espanol\/programs-2\/get-covered-carolina\/\">Aprenda m\u00e1s acerca de nosotros.\u00a0<\/a><\/p>\n<\/div>\n<div class = \"alert alert-info  oscitas-bootstrap-container\">\n<h5 style=\"text-align: center\"><strong>Educaci\u00f3n sobre nutrici\u00f3n <\/strong><\/h5>\n<p>Nuestro programa&#8211;se llama Florecer o Flourish&#8211;ayuda miembros de nuestra comunidad con el conocimiento, las dotes y el apoyo para comer una dieta saludable. Nuestra esperanza es que con clases de cocinar y nutrici\u00f3n, podemos ayudar a ustedes para incorporar alimentaci\u00f3n saludable en su vida.<\/p>\n<p><a href=\"https:\/\/www.med.unc.edu\/shac\/home-page-espanol\/programs-2\/flourish\/\">Aprenda m\u00e1s acerca de nosotros.\u00a0<\/a><\/p>\n<\/div>\n<div class = \"alert alert-success  oscitas-bootstrap-container\">\n<h5 style=\"text-align: center\"><strong>Atenci\u00f3n oftalmol\u00f3gica<\/strong><\/h5>\n<p>Nuestros servicios de oftalmol\u00f3gica incluyen lo siguiente por gratis:<\/p>\n<p>\u25cf Evaluaci\u00f3n de cambios de visi\u00f3n que no son emergencias<\/p>\n<p>\u25cf Prueba de agudeza visual<\/p>\n<p>\u25cf Examinaci\u00f3n de glaucoma<\/p>\n<p>\u25cf Evaluaci\u00f3n de la catarata<\/p>\n<p><a href=\"https:\/\/www.med.unc.edu\/shac\/home-page-espanol\/programs-2\/ophthalmology-eye-care\/\">Aprenda m\u00e1s acerca de nosotros.\u00a0<\/a><\/p>\n<\/div>\n<div class = \"alert alert-info  oscitas-bootstrap-container\">\n<p style=\"text-align: center\"><strong>VIH y ETS<\/strong><\/p>\n<p>Ofrecemos estos servicios por gratis:<\/p>\n<ul>\n<li>Pruebas r\u00e1pidos por VIH, la hepatitis C y la s\u00edfilis<\/li>\n<li>Pruebas por la gonorrea y la clamidia<\/li>\n<li>Referidos por los medicamentos de profilaxis pre exposici\u00f3n (o PrEP) que ayudan a proteger a las personas de contraer el VIH.<\/li>\n<\/ul>\n<p>Informaci\u00f3n y recursos para la educaci\u00f3n, prevenci\u00f3n y reducci\u00f3n de los riesgos.<\/p>\n<p><a href=\"https:\/\/www.med.unc.edu\/shac\/home-page-espanol\/programs-2\/hiv-xyz\/\">Aprenda m\u00e1s acerca de nosotros.\u00a0<\/a><\/p>\n<\/div>\n<div class = \"alert alert-success  oscitas-bootstrap-container\">\n<p style=\"text-align: center\"><strong>Asistencia de pago por los medicamentos<\/strong><\/p>\n<p>Nuestro programa de asistencia de pago por los medicamentos ofrece ayuda con las aplicaciones para obtener sus medicamentos gratis.<\/p>\n<p><a href=\"https:\/\/www.med.unc.edu\/shac\/home-page-espanol\/programs-2\/medication-assistance-program\/\">Aprenda m\u00e1s acerca de nosotros.\u00a0<\/a><\/p>\n<\/div>\n<\/div>\n<div class=\"col-lg-4 col-md-12 col-xs-12 col-sm-12 oscitas-bootstrap-container\">\n<div class = \"alert alert-success  oscitas-bootstrap-container\">\n<h5 style=\"text-align: center\"><strong>Atenci\u00f3n por los condiciones cr\u00f3nicos<\/strong><\/h5>\n<p>Si usted tiene un condici\u00f3n cr\u00f3nico tal como:<\/p>\n<p>\u25cf Diabetes<\/p>\n<p>\u25cf Presion alta<\/p>\n<p>\u25cf Artritis<\/p>\n<p>\u25cf Hipertiroidismo o hipotiroidismo<\/p>\n<p>\u25cf Otros condiciones cr\u00f3nicos<\/p>\n<p>Pueden hablar con nosotros para identificar un m\u00e9dico de atenci\u00f3n primaria quien puede dar asistencia constante y efectiva.<\/p>\n<p><a href=\"https:\/\/www.med.unc.edu\/shac\/home-page-espanol\/programs-2\/bridge-to-care\/\">Aprenda m\u00e1s acerca de nosotros.\u00a0<\/a><\/p>\n<\/div>\n<div class = \"alert alert-info  oscitas-bootstrap-container\">\n<h5 style=\"text-align: center\"><strong>Servicios por la salud mental<\/strong><\/h5>\n<p>Servicios gratuitos por la salud mental incluyen:<\/p>\n<p>\u25cf Depresion<\/p>\n<p>\u25cf Ansiedad<\/p>\n<p>\u25cf El sueno<\/p>\n<p>\u25cf Uso de sustancias recreativas<\/p>\n<p>\u25cf Dolor cronico<\/p>\n<p>\u25cf Problemas interpersonales<\/p>\n<p>\u25cb No ofrecemos terapia para las parejas<\/p>\n<p><a href=\"https:\/\/www.med.unc.edu\/shac\/home-page-espanol\/programs-2\/mental-health\/\">Aprenda m\u00e1s acerca de nosotros.\u00a0<\/a><\/p>\n<\/div>\n<div class = \"alert alert-success  oscitas-bootstrap-container\">\n<h5 style=\"text-align: center\"><strong>La atenci\u00f3n afirmado del g\u00e9nero<\/strong><\/h5>\n<p>Nuestros servicios incluyen:<\/p>\n<p>\u25cf La terapia hormonal<\/p>\n<p>\u25cf La atenci\u00f3n primaria<\/p>\n<p>\u25cf Cartas de apoyo para cirug\u00eda<\/p>\n<p>\u25cf Volantes para otros recursos y m\u00e9dicos<\/p>\n<p><a href=\"https:\/\/www.med.unc.edu\/shac\/home-page-espanol\/programs-2\/gender-affirming-care\/\">Aprenda m\u00e1s acerca de nosotros.<\/a><\/p>\n<\/div>\n<div class = \"alert alert-info  oscitas-bootstrap-container\">\n<p style=\"text-align: center\"><strong>La cl\u00ednica para la salud de los mujeres<\/strong><\/p>\n<p>Este departamento ofrece sus servicios cada tercer mi\u00e9rcoles de la mes para los pacientes quien necesitan atenci\u00f3n ginecol\u00f3gica y reproductiva. Nuestros servicios incluyen:<\/p>\n<ul>\n<li>Atencion ginecol\u00f3gica y reproductiva<\/li>\n<li>Examen mamario<\/li>\n<li>Examen pelvico<\/li>\n<li>El papanicolau<\/li>\n<li>Los m\u00e9todos anticonceptivos<\/li>\n<li>Tratamiento por la menopausia Si los pacientes tienen interes en los metodos anticonceptivos o medicaciones, por favor leyen nuestros FAQ antes de la cita.<\/li>\n<\/ul>\n<p><a href=\"https:\/\/www.med.unc.edu\/shac\/home-page-espanol\/programs-2\/well-woman\/\">Aprenda m\u00e1s acerca de nosotros.<\/a><\/p>\n<\/div>\n<\/div>\n","protected":false},"excerpt":{"rendered":"","protected":false},"author":110629,"featured_media":0,"parent":3218,"menu_order":20,"comment_status":"closed","ping_status":"closed","template":"","meta":{"_acf_changed":false,"layout":"","cellInformation":"","apiCallInformation":"","footnotes":"","_links_to":"","_links_to_target":""},"class_list":["post-3249","page","type-page","status-publish","hentry","odd"],"acf":[],"yoast_head":"<!-- This site is optimized with the Yoast SEO plugin v26.8 - https:\/\/yoast.com\/product\/yoast-seo-wordpress\/ -->\n<title>Para los pacientes - SHAC: Student Health Action Coalition<\/title>\n<meta name=\"robots\" content=\"index, follow, max-snippet:-1, max-image-preview:large, max-video-preview:-1\" \/>\n<link rel=\"canonical\" href=\"https:\/\/www.med.unc.edu\/shac\/home-page-espanol\/patients-2\/\" \/>\n<meta property=\"og:locale\" content=\"en_US\" \/>\n<meta property=\"og:type\" content=\"article\" \/>\n<meta property=\"og:title\" content=\"Para los pacientes - SHAC: Student Health Action Coalition\" \/>\n<meta property=\"og:url\" content=\"https:\/\/www.med.unc.edu\/shac\/home-page-espanol\/patients-2\/\" \/>\n<meta property=\"og:site_name\" content=\"SHAC: Student Health Action Coalition\" \/>\n<meta property=\"article:modified_time\" content=\"2022-08-13T22:17:26+00:00\" \/>\n<meta name=\"twitter:card\" content=\"summary_large_image\" \/>\n<meta name=\"twitter:label1\" content=\"Est. reading time\" \/>\n\t<meta name=\"twitter:data1\" content=\"5 minutes\" \/>\n<script type=\"application\/ld+json\" class=\"yoast-schema-graph\">{\"@context\":\"https:\/\/schema.org\",\"@graph\":[{\"@type\":\"WebPage\",\"@id\":\"https:\/\/www.med.unc.edu\/shac\/home-page-espanol\/patients-2\/\",\"url\":\"https:\/\/www.med.unc.edu\/shac\/home-page-espanol\/patients-2\/\",\"name\":\"Para los pacientes - SHAC: Student Health Action Coalition\",\"isPartOf\":{\"@id\":\"https:\/\/www.med.unc.edu\/shac\/#website\"},\"datePublished\":\"2021-05-20T00:54:58+00:00\",\"dateModified\":\"2022-08-13T22:17:26+00:00\",\"breadcrumb\":{\"@id\":\"https:\/\/www.med.unc.edu\/shac\/home-page-espanol\/patients-2\/#breadcrumb\"},\"inLanguage\":\"en-US\",\"potentialAction\":[{\"@type\":\"ReadAction\",\"target\":[\"https:\/\/www.med.unc.edu\/shac\/home-page-espanol\/patients-2\/\"]}]},{\"@type\":\"BreadcrumbList\",\"@id\":\"https:\/\/www.med.unc.edu\/shac\/home-page-espanol\/patients-2\/#breadcrumb\",\"itemListElement\":[{\"@type\":\"ListItem\",\"position\":1,\"name\":\"Home\",\"item\":\"https:\/\/www.med.unc.edu\/shac\/\"},{\"@type\":\"ListItem\",\"position\":2,\"name\":\"SHAC: La Cl\u00ednica Gratuita\",\"item\":\"https:\/\/www.med.unc.edu\/shac\/home-page-espanol\/\"},{\"@type\":\"ListItem\",\"position\":3,\"name\":\"Para los pacientes\"}]},{\"@type\":\"WebSite\",\"@id\":\"https:\/\/www.med.unc.edu\/shac\/#website\",\"url\":\"https:\/\/www.med.unc.edu\/shac\/\",\"name\":\"SHAC: Student Health Action Coalition\",\"description\":\"\",\"potentialAction\":[{\"@type\":\"SearchAction\",\"target\":{\"@type\":\"EntryPoint\",\"urlTemplate\":\"https:\/\/www.med.unc.edu\/shac\/?s={search_term_string}\"},\"query-input\":{\"@type\":\"PropertyValueSpecification\",\"valueRequired\":true,\"valueName\":\"search_term_string\"}}],\"inLanguage\":\"en-US\"}]}<\/script>\n<!-- \/ Yoast SEO plugin. -->","yoast_head_json":{"title":"Para los pacientes - SHAC: Student Health Action Coalition","robots":{"index":"index","follow":"follow","max-snippet":"max-snippet:-1","max-image-preview":"max-image-preview:large","max-video-preview":"max-video-preview:-1"},"canonical":"https:\/\/www.med.unc.edu\/shac\/home-page-espanol\/patients-2\/","og_locale":"en_US","og_type":"article","og_title":"Para los pacientes - SHAC: Student Health Action Coalition","og_url":"https:\/\/www.med.unc.edu\/shac\/home-page-espanol\/patients-2\/","og_site_name":"SHAC: Student Health Action Coalition","article_modified_time":"2022-08-13T22:17:26+00:00","twitter_card":"summary_large_image","twitter_misc":{"Est. reading time":"5 minutes"},"schema":{"@context":"https:\/\/schema.org","@graph":[{"@type":"WebPage","@id":"https:\/\/www.med.unc.edu\/shac\/home-page-espanol\/patients-2\/","url":"https:\/\/www.med.unc.edu\/shac\/home-page-espanol\/patients-2\/","name":"Para los pacientes - SHAC: Student Health Action Coalition","isPartOf":{"@id":"https:\/\/www.med.unc.edu\/shac\/#website"},"datePublished":"2021-05-20T00:54:58+00:00","dateModified":"2022-08-13T22:17:26+00:00","breadcrumb":{"@id":"https:\/\/www.med.unc.edu\/shac\/home-page-espanol\/patients-2\/#breadcrumb"},"inLanguage":"en-US","potentialAction":[{"@type":"ReadAction","target":["https:\/\/www.med.unc.edu\/shac\/home-page-espanol\/patients-2\/"]}]},{"@type":"BreadcrumbList","@id":"https:\/\/www.med.unc.edu\/shac\/home-page-espanol\/patients-2\/#breadcrumb","itemListElement":[{"@type":"ListItem","position":1,"name":"Home","item":"https:\/\/www.med.unc.edu\/shac\/"},{"@type":"ListItem","position":2,"name":"SHAC: La Cl\u00ednica Gratuita","item":"https:\/\/www.med.unc.edu\/shac\/home-page-espanol\/"},{"@type":"ListItem","position":3,"name":"Para los pacientes"}]},{"@type":"WebSite","@id":"https:\/\/www.med.unc.edu\/shac\/#website","url":"https:\/\/www.med.unc.edu\/shac\/","name":"SHAC: Student Health Action Coalition","description":"","potentialAction":[{"@type":"SearchAction","target":{"@type":"EntryPoint","urlTemplate":"https:\/\/www.med.unc.edu\/shac\/?s={search_term_string}"},"query-input":{"@type":"PropertyValueSpecification","valueRequired":true,"valueName":"search_term_string"}}],"inLanguage":"en-US"}]}},"_links_to":[],"_links_to_target":[],"_links":{"self":[{"href":"https:\/\/www.med.unc.edu\/shac\/wp-json\/wp\/v2\/pages\/3249","targetHints":{"allow":["GET"]}}],"collection":[{"href":"https:\/\/www.med.unc.edu\/shac\/wp-json\/wp\/v2\/pages"}],"about":[{"href":"https:\/\/www.med.unc.edu\/shac\/wp-json\/wp\/v2\/types\/page"}],"author":[{"embeddable":true,"href":"https:\/\/www.med.unc.edu\/shac\/wp-json\/wp\/v2\/users\/110629"}],"replies":[{"embeddable":true,"href":"https:\/\/www.med.unc.edu\/shac\/wp-json\/wp\/v2\/comments?post=3249"}],"version-history":[{"count":0,"href":"https:\/\/www.med.unc.edu\/shac\/wp-json\/wp\/v2\/pages\/3249\/revisions"}],"up":[{"embeddable":true,"href":"https:\/\/www.med.unc.edu\/shac\/wp-json\/wp\/v2\/pages\/3218"}],"wp:attachment":[{"href":"https:\/\/www.med.unc.edu\/shac\/wp-json\/wp\/v2\/media?parent=3249"}],"curies":[{"name":"wp","href":"https:\/\/api.w.org\/{rel}","templated":true}]}}