{"id":3251,"date":"2021-05-19T20:55:37","date_gmt":"2021-05-20T00:55:37","guid":{"rendered":"https:\/\/www.med.unc.edu\/shac\/?page_id=3251"},"modified":"2021-06-07T14:00:06","modified_gmt":"2021-06-07T18:00:06","slug":"patient-faqs-2","status":"publish","type":"page","link":"https:\/\/www.med.unc.edu\/shac\/home-page-espanol\/patients-2\/patient-faqs-2\/","title":{"rendered":"Preguntas m\u00e1s frecuentes"},"content":{"rendered":"<div class=\"row  oscitas-bootstrap-container\">\n<div class=\"col-lg-6 col-md-12 col-xs-12 col-sm-12 oscitas-bootstrap-container\">\n<a href=\"https:\/\/www.med.unc.edu\/shac\/wp-content\/uploads\/sites\/1231\/2021\/04\/pexels-pixabay-221164.jpg\"><img loading=\"lazy\" decoding=\"async\" class=\"alignleft wp-image-2919 size-full\" src=\"https:\/\/www.med.unc.edu\/shac\/wp-content\/uploads\/sites\/1231\/2021\/04\/pexels-pixabay-221164-e1619565333708.jpg\" alt=\"\" width=\"1905\" height=\"1171\" srcset=\"https:\/\/www.med.unc.edu\/shac\/wp-content\/uploads\/sites\/1231\/2021\/04\/pexels-pixabay-221164-e1619565333708.jpg 1905w, https:\/\/www.med.unc.edu\/shac\/wp-content\/uploads\/sites\/1231\/2021\/04\/pexels-pixabay-221164-e1619565333708-300x184.jpg 300w, https:\/\/www.med.unc.edu\/shac\/wp-content\/uploads\/sites\/1231\/2021\/04\/pexels-pixabay-221164-e1619565333708-1024x629.jpg 1024w, https:\/\/www.med.unc.edu\/shac\/wp-content\/uploads\/sites\/1231\/2021\/04\/pexels-pixabay-221164-e1619565333708-768x472.jpg 768w, https:\/\/www.med.unc.edu\/shac\/wp-content\/uploads\/sites\/1231\/2021\/04\/pexels-pixabay-221164-e1619565333708-1536x944.jpg 1536w, https:\/\/www.med.unc.edu\/shac\/wp-content\/uploads\/sites\/1231\/2021\/04\/pexels-pixabay-221164-e1619565333708-600x369.jpg 600w\" sizes=\"auto, (max-width: 1905px) 100vw, 1905px\" \/><\/a><\/div>\n<div class=\"col-lg-6 col-md-12 col-xs-12 col-sm-12 oscitas-bootstrap-container\">\n<a href=\"https:\/\/www.med.unc.edu\/shac\/wp-content\/uploads\/sites\/1231\/2021\/04\/pexels-pixabay-356079-scaled.jpg\"><img loading=\"lazy\" decoding=\"async\" class=\"alignnone wp-image-2918 size-full\" src=\"https:\/\/www.med.unc.edu\/shac\/wp-content\/uploads\/sites\/1231\/2021\/04\/pexels-pixabay-356079-scaled.jpg\" alt=\"\" width=\"2560\" height=\"1550\" srcset=\"https:\/\/www.med.unc.edu\/shac\/wp-content\/uploads\/sites\/1231\/2021\/04\/pexels-pixabay-356079-scaled.jpg 2560w, https:\/\/www.med.unc.edu\/shac\/wp-content\/uploads\/sites\/1231\/2021\/04\/pexels-pixabay-356079-300x182.jpg 300w, https:\/\/www.med.unc.edu\/shac\/wp-content\/uploads\/sites\/1231\/2021\/04\/pexels-pixabay-356079-1024x620.jpg 1024w, https:\/\/www.med.unc.edu\/shac\/wp-content\/uploads\/sites\/1231\/2021\/04\/pexels-pixabay-356079-768x465.jpg 768w, https:\/\/www.med.unc.edu\/shac\/wp-content\/uploads\/sites\/1231\/2021\/04\/pexels-pixabay-356079-1536x930.jpg 1536w, https:\/\/www.med.unc.edu\/shac\/wp-content\/uploads\/sites\/1231\/2021\/04\/pexels-pixabay-356079-2048x1240.jpg 2048w, https:\/\/www.med.unc.edu\/shac\/wp-content\/uploads\/sites\/1231\/2021\/04\/pexels-pixabay-356079-600x363.jpg 600w\" sizes=\"auto, (max-width: 2560px) 100vw, 2560px\" \/><\/a><\/div>\n<\/div>\n<h2 class=\"section-som\"><span>Medical Clinic<\/span><\/h2>\n<p><strong>\u00bfCuando debo llegar a mi cita?<\/strong><\/p>\n<p>Por favor llegue 30 minutos antes de su cita.<\/p>\n<p><strong>\u00bfCu\u00e1nto tiempo debo esperar estar en SHAC para mi cita?<\/strong><\/p>\n<p>Un gran equipo trabajar con nuestros pacientes. Espere estar aqu\u00ed alrededor de una hora.<\/p>\n<p><b><strong>\u00bf<\/strong>Qu\u00e9 otros recursos ofrecen?<\/b><\/p>\n<p>Adem\u00e1s de los recursos en nuestro sitio web, tambi\u00e9n ofrecemos una despensa de comida que recibimos semanalmente espec\u00edficamente para nuestros pacientes.<\/p>\n<h2 class=\"section-som\"><span>VIH y las ETS<\/span><\/h2>\n<p><strong>\u00bfQu\u00e9 pasar\u00e1 durante mi cita?<\/strong><\/p>\n<p>Cuando usted venga, es probable que le den unos formularios para que los llene mientras espera al personal de salud \u2013 por favor aseg\u00farese que su informaci\u00f3n personal es exacta por si necesitamos contactarle despu\u00e9s de su visita. Unid de nuestros consejeros se tomar\u00e1 10-15 minutos para conocerle a usted y sus necesidades, adem\u00e1s de discutir sus pruebas recomendadas y contestar cualquier pregunta que usted podr\u00eda tener. Para ex\u00e1menes de orina, le explicaremos como recolectar el esp\u00e9cimen por si mismo\/a, lo har\u00e1 de manera privada en un ba\u00f1o y dejar\u00e1 la muestra en un punto designado. Para otras pruebas, recolectaremos unas cuantas gotas de sangre de uno de sus dedos para analizarla en uno de nuestros dispositivos. Actualmente estamos entregando los resultados por tel\u00e9fono, despu\u00e9s que su visita haya concluido.<\/p>\n<p>&nbsp;<\/p>\n<h2 class=\"section-som\"><span>Terapia f\u00edsica<\/span><\/h2>\n<p><strong>\u00bfPara qu\u00e9 problemas debo ir a terapia f\u00edsica?<\/strong><\/p>\n<p>Fisioterapeutas pueden ayudar con una amplia gama de problemas de salud, incluyendo la curaci\u00f3n adecuada despu\u00e9s de la cirug\u00eda, las tensiones musculares y esguinces, dolor de articulaciones y espalda, problemas de equilibrio y vestibulares, prevenci\u00f3n de lesiones, y mucho m\u00e1s! Si no est\u00e1 seguro de si la terapia f\u00edsica ser\u00eda adecuada para su preocupaci\u00f3n, cont\u00e1ctenos y podemos programar una cita o referirlo a alguien que pueda ayudar.<\/p>\n<hr class=\" rule-dotted osc-rule\" \/>\n<p><strong>\u00bfQu\u00e9 debo llevar a la cita?<\/strong><\/p>\n<p>Traiga cualquier equipo que haya estado usando (andador, bast\u00f3n, refuerzo, etc) y lleve ropa holgada y zapatos con los que pueda moverse o hacer ejercicio.<\/p>\n<hr class=\" rule-dotted osc-rule\" \/>\n<p><strong>\u00bfQu\u00e9 har\u00e1 el fisioterapeuta?<\/strong><\/p>\n<p>En la primera visita, el terapeuta le har\u00e1 algunas preguntas de antecedentes para aprender m\u00e1s sobre su condici\u00f3n. Luego, realizar\u00e1n una serie de pruebas como medir tu rango de movimiento y fuerza muscular. Tambi\u00e9n pueden palpar la zona. Despu\u00e9s que determinen el diagn\u00f3stico, crear\u00e1n un plan de tratamiento, incluyendo algunas ejercicios y estiramientos para hacer en casa. El fisioterapeuta tambi\u00e9n administra cualquier tratamiento necesario en la cl\u00ednica<\/p>\n<p>&nbsp;<\/p>\n<h2 class=\"section-som\"><span>Puente al Cuidado<\/span><\/h2>\n<p><strong>\u00bfCu\u00e1l es la mejor manera para que los pacientes se pongan en contacto con Puente al Cuidado?<\/strong><\/p>\n<p>Puede comunicarse con nosotros al <a href=\"tel:9199044302\">919 904-4302<\/a> y dejar un mensaje con su nombre, fecha de nacimiento y raz\u00f3n por la que est\u00e1 llamando. Le llamaremos en 48 horas. Si usted tiene una emergencia, llame al 911.<\/p>\n<hr class=\" rule-dotted osc-rule\" \/>\n<p><strong>Soy paciente de Puente al Cuidado y necesito una recarga de medicamentos, \u00bfqu\u00e9 debo hacer?<\/strong><\/p>\n<p>Llame al\u00a0<a href=\"tel:9199044302\">919 904-4302<\/a>\u00a0y dejar un mensaje con su nombre, fecha de nacimiento, medicamento que necesita recargar, y nombre y lugar de su farmacia preferida<\/p>\n<hr class=\" rule-dotted osc-rule\" \/>\n<p><strong>\u00bfY si no s\u00e9 si soy un paciente de Puente al Cuidado?<\/strong><\/p>\n<p>Puede comunicarse con nosotros al\u00a0<a href=\"tel:9199044302\">919 904-4302<\/a>\u00a0y dejar un mensaje con su nombre, fecha de nacimiento y raz\u00f3n por la que est\u00e1 llamando. Le conectaremos con el programa correcto<\/p>\n<p>&nbsp;<\/p>\n<h2 class=\"section-som\"><span>Cl\u00ednica Dental<\/span><\/h2>\n<p><strong>\u00bfRecibir\u00e9 un tratamiento durante mi primera visita?<\/strong><\/p>\n<p>No, el protocolo de nuestra cl\u00ednica incluye al menos tres citas, y los tratamientos se efect\u00faan una vez que un paciente nuevo se haya hecho las pruebas.<\/p>\n<p>-Cita 1) Los rayos X<\/p>\n<p>-Cita 2) Las pruebas (examen con estudiante de odontolog\u00eda)<\/p>\n<p>-Cita 3) El tratamiento (limpiezas, empastes, extracciones)<\/p>\n<p>Si usted tiene una emergencia dental, por favor llame al departamento de cuidados de urgencia de la facultad de odontolog\u00eda a trav\u00e9s del n\u00famero (919) 537-3737 entre las 8 am y las 5 pm.<\/p>\n<hr class=\" rule-dotted osc-rule\" \/>\n<p><strong>\u00bfPuedo recibir m\u00e1s de un tratamiento dental en una noche en la cl\u00ednica?<\/strong><\/p>\n<p>Ya que tenemos m\u00e1s pacientes que tiempo para tratarles, solo proveemos un tratamiento por paciente cada noche en la cl\u00ednica.<\/p>\n<hr class=\" rule-dotted osc-rule\" \/>\n<p><strong>\u00bfMe pueden extraer las muelas cordales?<\/strong><\/p>\n<p>Esto dependo de cada individuo. Tenemos que sacarle rayos X y hacerle un examen cl\u00ednico para determinar si le podemos sacar una muela cordal<\/p>\n<p>&nbsp;<\/p>\n<h2 class=\"section-som\"><span>Consiga Cobertura con Carolina<\/span><\/h2>\n<p><strong>\u00bfCu\u00e1ndo puedo inscribirme en un seguro m\u00e9dico?<\/strong><\/p>\n<p>Normalmente, durante el per\u00edodo de inscripci\u00f3n abierta llamado Open Enrollment, que va del primero de noviembre al 15 de diciembre cada a\u00f1o. No obstante, en el 2021 hay un per\u00edodo especial de inscripci\u00f3n abierta del 15 de febrero al 15 de mayo debido a la pandemia.<\/p>\n<hr class=\" rule-dotted osc-rule\" \/>\n<p><strong>\u00bfC\u00f3mo puedo contactarles?<\/strong><\/p>\n<p>T\u00f3mese la libertad de contactarnos a trav\u00e9s de nuestro correo electr\u00f3nico o n\u00famero de tel\u00e9fono, o visite la p\u00e1gina NC Get Covered Widget (<a href=\"https:\/\/widget.getcoveredamerica.org\/\">https:\/\/widget.getcoveredamerica.org\/<\/a>) para programar una cita con nosotros o con otras organizaciones gu\u00edas para hablar acerca del seguro m\u00e9dico.<\/p>\n<p>&nbsp;<\/p>\n<h2 class=\"section-som\"><span>Cl\u00ednica de Salud de la Mujer<\/span><\/h2>\n<p><strong>\u00bfLa Cl\u00ednica de Salud de la Mujer provee anticoncepci\u00f3n?<\/strong><\/p>\n<p>Si, podemos ayudar pacientes reciben anticonceptivos. Sin embargo, no ofrecemos anticonceptivo gratis a la cl\u00ednica. Ayudamos a los pacientes con la procesa de acceder dispositivo intrauterino (DIU) sin cuesta, anticonceptivos orales, o tratamiento para la menopausia.<\/p>\n<hr class=\" rule-dotted osc-rule\" \/>\n<p><strong>\u00bfC\u00f3mo puedo acceder anticonceptivo y\/o medicamentos sin seguro de salud?<\/strong><\/p>\n<p>Por favor, traiga prueba de ingreso (tal\u00f3n de pago, W2, 1099, etc.) a su cita. Podemos completar trabajo administrativo a su cita por un no-cuesta receta. Si no tenga prueba de ingresa, no le preocupa. Puede completar una forma a SHAC que califica usted.<\/p>\n","protected":false},"excerpt":{"rendered":"<p>\u00bfCuando debo llegar a mi cita? Por favor llegue 30 minutos antes de su cita. \u00bfCu\u00e1nto tiempo debo esperar estar en SHAC para mi cita? Un gran equipo trabajar con nuestros pacientes. Espere estar aqu\u00ed alrededor de una hora. \u00bfQu\u00e9 otros recursos ofrecen? Adem\u00e1s de los recursos en nuestro sitio web, tambi\u00e9n ofrecemos una despensa &hellip; <a href=\"https:\/\/www.med.unc.edu\/shac\/home-page-espanol\/patients-2\/patient-faqs-2\/\" aria-label=\"Read more about Preguntas m\u00e1s frecuentes\">Read more<\/a><\/p>\n","protected":false},"author":110629,"featured_media":0,"parent":3249,"menu_order":20,"comment_status":"closed","ping_status":"closed","template":"","meta":{"_acf_changed":false,"layout":"","cellInformation":"","apiCallInformation":"","footnotes":"","_links_to":"","_links_to_target":""},"class_list":["post-3251","page","type-page","status-publish","hentry","odd"],"acf":[],"_links_to":[],"_links_to_target":[],"_links":{"self":[{"href":"https:\/\/www.med.unc.edu\/shac\/wp-json\/wp\/v2\/pages\/3251","targetHints":{"allow":["GET"]}}],"collection":[{"href":"https:\/\/www.med.unc.edu\/shac\/wp-json\/wp\/v2\/pages"}],"about":[{"href":"https:\/\/www.med.unc.edu\/shac\/wp-json\/wp\/v2\/types\/page"}],"author":[{"embeddable":true,"href":"https:\/\/www.med.unc.edu\/shac\/wp-json\/wp\/v2\/users\/110629"}],"replies":[{"embeddable":true,"href":"https:\/\/www.med.unc.edu\/shac\/wp-json\/wp\/v2\/comments?post=3251"}],"version-history":[{"count":0,"href":"https:\/\/www.med.unc.edu\/shac\/wp-json\/wp\/v2\/pages\/3251\/revisions"}],"up":[{"embeddable":true,"href":"https:\/\/www.med.unc.edu\/shac\/wp-json\/wp\/v2\/pages\/3249"}],"wp:attachment":[{"href":"https:\/\/www.med.unc.edu\/shac\/wp-json\/wp\/v2\/media?parent=3251"}],"curies":[{"name":"wp","href":"https:\/\/api.w.org\/{rel}","templated":true}]}}