{"id":3256,"date":"2021-05-19T21:13:29","date_gmt":"2021-05-20T01:13:29","guid":{"rendered":"https:\/\/www.med.unc.edu\/shac\/?page_id=3256"},"modified":"2022-08-13T18:36:32","modified_gmt":"2022-08-13T22:36:32","slug":"programs-2","status":"publish","type":"page","link":"https:\/\/www.med.unc.edu\/shac\/home-page-espanol\/programs-2\/","title":{"rendered":"Servicios ofrecidos"},"content":{"rendered":"<p style=\"text-align: center\"><button class=\"btn btn-default btn-lg  oscitas-bootstrap-container\">Haga clic en las pesta\u00f1as o botones de la izquierda a continuaci\u00f3n para obtener m\u00e1s informaci\u00f3n sobre nuestros servicios<\/button><img loading=\"lazy\" decoding=\"async\" class=\"alignnone wp-image-3533 size-full\" src=\"https:\/\/www.med.unc.edu\/shac\/wp-content\/uploads\/sites\/1231\/2022\/08\/Screen-Shot-2022-08-13-at-6.19.05-PM.png\" alt=\"\" width=\"892\" height=\"1176\" srcset=\"https:\/\/www.med.unc.edu\/shac\/wp-content\/uploads\/sites\/1231\/2022\/08\/Screen-Shot-2022-08-13-at-6.19.05-PM.png 892w, https:\/\/www.med.unc.edu\/shac\/wp-content\/uploads\/sites\/1231\/2022\/08\/Screen-Shot-2022-08-13-at-6.19.05-PM-228x300.png 228w, https:\/\/www.med.unc.edu\/shac\/wp-content\/uploads\/sites\/1231\/2022\/08\/Screen-Shot-2022-08-13-at-6.19.05-PM-777x1024.png 777w, https:\/\/www.med.unc.edu\/shac\/wp-content\/uploads\/sites\/1231\/2022\/08\/Screen-Shot-2022-08-13-at-6.19.05-PM-768x1013.png 768w, https:\/\/www.med.unc.edu\/shac\/wp-content\/uploads\/sites\/1231\/2022\/08\/Screen-Shot-2022-08-13-at-6.19.05-PM-600x791.png 600w\" sizes=\"auto, (max-width: 892px) 100vw, 892px\" \/><\/p>\n<div class=\"row  oscitas-bootstrap-container\">\n<div class=\"col-lg-6 col-md-12 col-xs-12 col-sm-12 oscitas-bootstrap-container\">\n<h4 style=\"text-align: center\"><strong>CL\u00cdNICA<\/strong><\/h4>\n<p>&nbsp;<\/p>\n<a class=\"btn btn-primary btn-lg btn-block  oscitas-bootstrap-container\" target=\"_self\" href=\"https:\/\/www.med.unc.edu\/shac\/home-page-espanol\/programs-2\/bridge-to-care\/\">Puente al Cuidado<\/a>La \u201cPuente al Cuidado\u201d provee cuidado prolongado a los pacientes que requieren cuidado constante para enfermedades cr\u00f3nicas como la diabetes, la hipertensi\u00f3n, la artritis, y el hipertiroidismo. Las citas se proporcionan durante el horario regular de la cl\u00ednica todos los mi\u00e9rcoles por la noche. Nuestro objetivo es conectar pacientes a cuidado duradero. Tambi\u00e9n podemos conectar pacientes a otros recursos en SHAC como SHAC Bienestar, el Programa de Asistencia Medica (MAP), SHAC Dental, etc.<\/p>\n<a class=\"btn btn-primary btn-lg btn-block  oscitas-bootstrap-container\" target=\"_self\" href=\"https:\/\/www.med.unc.edu\/shac\/home-page-espanol\/programs-2\/dental-clinic\/\">Cl\u00ednica Dental<\/a>La Cl\u00ednica Dental de SHAC es una cl\u00ednica dirigida por estudiantes para miembros de la comunidad que necesitan servicios odontol\u00f3gicos de emergencia. Su prop\u00f3sito principal es proveerle servicios a quienes no son capaces de acceder a servicios de salud dental; no hay ning\u00fan requisito para los que quieran ser nuestros pacientes.<\/p>\n<a class=\"btn btn-primary btn-lg btn-block  oscitas-bootstrap-container\" target=\"_self\" href=\"https:\/\/www.med.unc.edu\/shac\/home-page-espanol\/programs-2\/gender-affirming-care\/\">Cuidado de Afirmaci\u00f3n de G\u00e9nero<\/a>El tercer mi\u00e9rcoles de cada mes, la Cl\u00ednica de Afirmaci\u00f3n de G\u00e9nero ofrece servicios de salud gratuitos que respetan el g\u00e9nero de nuestros pacientes. Nuestra meta es mejorar la salud de la comunidad transg\u00e9nero a trav\u00e9s de servicios de salud gratuitos, que son culturalmente humildes, y que respetan su g\u00e9nero; tambi\u00e9n creamos muchas oportunidades para que los estudiantes de las profesiones de salud aprendan a servirle a esta comunidad. Nuestros servicios incluyen: recetas para terapias hormonales, atenci\u00f3n general de salud primaria, cartas de apoyo para cirug\u00edas, y remisiones a otros recursos y proveedores.<\/p>\n<a class=\"btn btn-primary btn-lg btn-block  oscitas-bootstrap-container\" target=\"_self\" href=\"https:\/\/www.med.unc.edu\/shac\/home-page-espanol\/programs-2\/hiv-xyz\/\">El VIH y las ETS<\/a>SHAC provee pruebas de VIH y enfermedades de transmisi\u00f3n sexual (ETS) gratuitas y consejer\u00eda en salud sexual en colaboraci\u00f3n con la cl\u00ednica de enfermedades infecciosas de UNC. Los consejeros voluntarios son entrenados para ejecutar pruebas r\u00e1pidas de VIH, hepatitis C, y s\u00edfilis en la cl\u00ednica, as\u00ed como pruebas de laboratorio de gonorrea y clamidia. Los consejeros pueden proveer a los pacientes suministros para tener sexo m\u00e1s seguro, herramientas, y educaci\u00f3n. Adem\u00e1s, los consejeros pueden proveer remisiones para profilaxis previa (PrEP, por sus siglas en ingl\u00e9s) a la exposici\u00f3n del VIH si fuera necesario o si el paciente las solicita.<\/p>\n<a class=\"btn btn-primary btn-lg btn-block  oscitas-bootstrap-container\" target=\"_self\" href=\"https:\/\/www.med.unc.edu\/shac\/home-page-espanol\/programs-2\/interpreting\/\">Interpretaci\u00f3n<\/a>SHAC Interpreting ofrece servicios de interpretaci\u00f3n para los pacientes de habla hispana y mandar\u00edn de SHAC y ayuda a traducir los materiales escritos relacionados con SHAC al espa\u00f1ol o al mandar\u00edn. Los voluntarios son estudiantes y empleados de UNC que buscan practicar y desarrollar su idioma espa\u00f1ol o mandar\u00edn y habilidades de interpretaci\u00f3n cl\u00ednica.<\/p>\n<a class=\"btn btn-primary btn-lg btn-block  oscitas-bootstrap-container\" target=\"_self\" href=\"https:\/\/www.med.unc.edu\/shac\/home-page-espanol\/programs-2\/medical-clinic-2\/\">La Cl\u00ednica medica<\/a>La cl\u00ednica medica de SHAC es la mayor gratis cl\u00ednica operada por estudiantes en el pa\u00eds. Hasta su incepci\u00f3n en 1967, la cl\u00ednica ha evolucionada mucha mientras reteniendo su misi\u00f3n original: para servir las necesidades de salud de personas sin acceso al sistema de cuidado de salud. SHAC ha crecida de sus principios humildes en residencias privadas de los ayudantes a su ubicaci\u00f3n presente a<a href=\"https:\/\/www.piedmonthealth.org\/locations\/carrboro-community-health-center\/\">\u00a0la Carrboro Centro de Salud<\/a>, una de las mejores facilidades de cuidado primero en Carolina del Norte.<\/p>\n<a class=\"btn btn-primary btn-lg btn-block  oscitas-bootstrap-container\" target=\"_self\" href=\"https:\/\/www.med.unc.edu\/shac\/home-page-espanol\/programs-2\/mental-health\/\">Salud Mental<\/a>SHAC provee una variedad de servicios de salud mental gratis cada mi\u00e9rcoles durante las horas de la cl\u00ednica. Servicios de salud mental incluye: depresi\u00f3n, ansiedad, dormido, uso de sustancias, dolor cr\u00f3nico, y problemas interpersonales. Estudiantes del programa de UNC psicolog\u00eda cl\u00ednica son disponibles cada semana para ayudar con una variedad de preocupaciones de salud mental, y residentes de psiqui\u00e1trica son disponibles cada mes para provee evaluaci\u00f3n y administraci\u00f3n de preocupaciones psiqui\u00e1tricas.<\/p>\n<a class=\"btn btn-primary btn-lg btn-block  oscitas-bootstrap-container\" target=\"_self\" href=\"https:\/\/www.med.unc.edu\/shac\/home-page-espanol\/programs-2\/ophthalmology-eye-care\/\">Oftalmolog\u00eda<\/a>SHAC Cl\u00ednica de Oftalmolog\u00eda (SHAC-Ophtho por su nombre en ingl\u00e9s) ofrece chequeos oftalmol\u00f3gicos b\u00e1sicos gratuitos el primer mi\u00e9rcoles de cada mes. Nuestra meta es ofrecer acceso a cuidado de los ojos y ex\u00e1menes de detecci\u00f3n de calidad para los pacientes de SHAC y de la comunidad local. Servicios adicionales incluyen: ex\u00e1menes oculares generales, ex\u00e1menes oculares diab\u00e9ticos, evaluaci\u00f3n para las cataratas, detecci\u00f3n de glaucoma, receta de gafas\/lentes, derivaciones al UNC Kittner Eye Center, y m\u00e1s.<\/p>\n<a class=\"btn btn-primary btn-lg btn-block  oscitas-bootstrap-container\" target=\"_self\" href=\"https:\/\/www.med.unc.edu\/shac\/home-page-espanol\/programs-2\/pharmacy\/\">Farmacia<\/a>La Farmacia SHAC se esfuerza por colaborar con el equipo m\u00e9dico en la selecci\u00f3n de los mejores posibles medicamentos para cada paciente. Nosotros dispensamos los medicamentos selectos en el sitio de la cl\u00ednica (con excepci\u00f3n de substancias controladas y narc\u00f3ticos) sin reabastecimientos. Nosotros aconsejamos a los pacientes sobre el uso seguro y efectivo de los medicamentos y proveemos recetas que pueden recogerse en otra farmacia local de manera gratuita.<\/p>\n<a class=\"btn btn-primary btn-lg btn-block  oscitas-bootstrap-container\" target=\"_self\" href=\"https:\/\/www.med.unc.edu\/shac\/home-page-espanol\/programs-2\/physical-therapy\/\">Terapia F\u00edsica<\/a>SHAC Terapia F\u00edsica es un servicio gratuito que trata una variedad de condiciones incluyendo rehabilitaci\u00f3n postoperatoria, achaques y dolores articulares y musculares, lesiones o trastornos musculoesquel\u00e9ticos, problemas de equilibrio, conmociones cerebrales y otros trastornos neurol\u00f3gicos, retrasos en el desarrollo de los ni\u00f1os, etc. Todas las evaluaciones y tratamientos ser\u00e1n proporcionados por estudiantes de Doctorado de Fisioterapia con la supervisi\u00f3n de un doctor con licencia de fisioterapia. Las citas est\u00e1n disponibles todos los mi\u00e9rcoles por la noche en la cl\u00ednica de SHAC (Piedmont Centro de Salud) en Carrboro.<\/p>\n<a class=\"btn btn-primary btn-lg btn-block  oscitas-bootstrap-container\" target=\"_self\" href=\"https:\/\/www.med.unc.edu\/shac\/home-page-espanol\/programs-2\/well-woman\/\">Cl\u00ednica de Salud de la Mujer<\/a>SHAC Cl\u00ednica de Salud de la Mujer provee visitas cada tercer mi\u00e9rcoles del mes para pacientes que necesitan cuidado de salud reproductiva y ginecol\u00f3gica. Servicios incluyen: visitas de bienestar reproductiva y sexual, ex\u00e1menes de senos, ex\u00e1menes p\u00e9lvicos, pruebas de Papanicolaou, y pruebas para las infecciones sexuales. Tambi\u00e9n, anticoncepci\u00f3n y tratamientos para la menopausia son disponibles. Si pacientes tengan inter\u00e9s en anticoncepci\u00f3n o medicamentos, por favor revisen nuestra \u201cPreguntas Frecuentes\u201d antes de la cita.<\/p>\n<p><span class=\"TextRun SCXW96340945 BCX9\" lang=\"EN\" xml:lang=\"EN\" data-contrast=\"auto\"><span class=\"NormalTextRun SCXW96340945 BCX9\"><a class=\"btn btn-primary btn-lg btn-block  oscitas-bootstrap-container\" target=\"_self\" href=\"https:\/\/www.med.unc.edu\/shac\/home-page-espanol\/programs-2\/well-child\/\">Visitas de rutina para ni\u00f1os sano<\/a>SHAC Well Child permite que los ni\u00f1os en edad escolar reciban todas las vacunas y los ex\u00e1menes f\u00edsicos necesarios para el ingreso a la escuela y la participaci\u00f3n en las actividades escolares, brinda asesoramiento y educaci\u00f3n sobre opciones de estilo de vida saludable para los ni\u00f1os y sus padres, y conecta a los padres con las opciones de asistencia para el pago de la atenci\u00f3n m\u00e9dica y para opciones para una atenci\u00f3n m\u00e9dica asequible. Tambi\u00e9n permitimos que los estudiantes de profesiones de la salud aprendan sobre la atenci\u00f3n interdisciplinaria de las poblaciones pedi\u00e1tricas.\u00a0<span class=\"EOP SCXW96340945 BCX9\" data-ccp-props=\"{&quot;201341983&quot;:0,&quot;335559740&quot;:360}\">\u00a0<\/span><\/span><\/span><\/p>\n<\/div>\n<div class=\"col-lg-6 col-md-12 col-xs-12 col-sm-12 oscitas-bootstrap-container\">\n<h4 style=\"text-align: center\"><strong>COMUNIDAD<\/strong><\/h4>\n<p>&nbsp;<\/p>\n<a class=\"btn btn-default btn-lg btn-block  oscitas-bootstrap-container\" target=\"_self\" href=\"https:\/\/www.med.unc.edu\/shac\/home-page-espanol\/programs-2\/get-covered-carolina\/\">Consiga Cobertura con Carolina<\/a>Consiga Cobertura con Carolina trabaja con pacientes necesitados y vulnerables del \u00e1rea para ayudarles a navegar por el mercado virtual de seguros m\u00e9dicos y sus opciones de cobertura m\u00e9dica. Nuestros consejeros certificados a trav\u00e9s de Certified Application Counselor interact\u00faan en persona con los clientes y les gu\u00edan por el sitio web del mercado de seguros m\u00e9dicos. Tambi\u00e9n aclaramos cualquier pregunta o preocupaci\u00f3n sobre el proceso de solicitud, seguros m\u00e9dicos, \u00a1o cualquier problema similar! Nuestra organizaci\u00f3n opera durante un per\u00edodo de inscripci\u00f3n abierta llamado Open Enrollment cada a\u00f1o, pero por favor cont\u00e1ctenos a trav\u00e9s de nuestro correo electr\u00f3nico o n\u00famero de tel\u00e9fono si tiene preguntas relacionadas con seguros m\u00e9dicos durante cualquier temporada del a\u00f1o.<\/p>\n<a class=\"btn btn-default btn-lg btn-block  oscitas-bootstrap-container\" target=\"_self\" href=\"https:\/\/www.med.unc.edu\/shac\/home-page-espanol\/programs-2\/flourish\/\">Programa de nutrici\u00f3n<\/a>La Iniciativa de Nutrici\u00f3n de SHAC (anteriormente Florece en Carolina) tiene como objetivo promover opciones de estilo de vida saludable entre la poblaci\u00f3n estudiantil de UNC-CH y los miembros de la comunidad Chapel Hill-Carrboro. El objetivo de la organizaci\u00f3n es ampliar las oportunidades de educaci\u00f3n nutricional y potenciar a las poblaciones con los recursos necesarios para lograr un \u00f3ptimo bienestar nutricional. Al asociarse con Cooking Matters, organizaciones en el campus, y refugios locales para personas sin hogar, la Iniciativa de Nutrici\u00f3n de SHAC trabaja hacia su objetivo final de ayudar a otros a encontrar salud donde se plantan.<\/p>\n<a class=\"btn btn-default btn-lg btn-block  oscitas-bootstrap-container\" target=\"_self\" href=\"https:\/\/www.med.unc.edu\/shac\/home-page-espanol\/programs-2\/medication-assistance-program\/\">Asistencia para medicamentos<\/a> La misi\u00f3n de SHAC MAP es servir a la poblaci\u00f3n de pacientes socioecon\u00f3micamente vulnerables de la comunidad, proporcion\u00e1ndoles acceso gratuito a medicamentos de marca a trav\u00e9s de programas de asistencia al paciente del fabricante y del estado. Los esfuerzos se centran en los medicamentos para tratar enfermedades cr\u00f3nicas, como la diabetes, la hiperlipidemia, la hipertensi\u00f3n, el abandono del h\u00e1bito de fumar, anticoncepci\u00f3n y asma.<\/p>\n<a class=\"btn btn-default btn-lg btn-block  oscitas-bootstrap-container\" target=\"_self\" href=\"https:\/\/www.med.unc.edu\/shac\/home-page-espanol\/programs-2\/outreach\/\">Extensi\u00f3n de SHAC<\/a> Extensi\u00f3n de SHAC provee ex\u00e1menes de detecci\u00f3n a dos cl\u00ednicas cada mes. Las pacientes no necesitan citas, y tenemos ubicaciones en Chapel Hill y Durham. Nuestros servicios incluyen: mediciones de presi\u00f3n de sangre y az\u00facar de sangre, asesoramiento con la vida saludable, medicamento reconciliaci\u00f3n, y planes personalizados por la prevenci\u00f3n de enfermedades que usan pautas nacionales. Adicional servicios son ofrecidos a alguna cl\u00ednicas, y puede incluyen terapia f\u00edsica y otras evaluaciones.<\/p>\n<a class=\"btn btn-default btn-lg btn-block  oscitas-bootstrap-container\" target=\"_self\" href=\"https:\/\/www.med.unc.edu\/shac\/home-page-espanol\/programs-2\/nutritioncounseling\/\">Asesoramiento Nutricional<\/a>SHAC Asesoramiento Nutricional es un servicio gratuito donde los pacientes se reunir\u00e1n con un dietista registrado para hablar sobre nutrici\u00f3n. El estilo de vida y la enfermedad est\u00e1n interconectados y esperamos brindar a nuestros pacientes el apoyo y la motivaci\u00f3n que necesitan para realizar cambios en el estilo de vida. Nuestro equipo est\u00e1 disponible para analizar los objetivos de la dieta, brindar educaci\u00f3n nutricional y mucho m\u00e1s. Consulte a continuaci\u00f3n para obtener m\u00e1s informaci\u00f3n sobre citas.<\/p>\n<\/div>\n<\/div>\n<p>&nbsp;<\/p>\n","protected":false},"excerpt":{"rendered":"<p>&nbsp;<\/p>\n","protected":false},"author":110629,"featured_media":0,"parent":3218,"menu_order":22,"comment_status":"closed","ping_status":"closed","template":"","meta":{"_acf_changed":false,"layout":"","cellInformation":"","apiCallInformation":"","footnotes":"","_links_to":"","_links_to_target":""},"class_list":["post-3256","page","type-page","status-publish","hentry","odd"],"acf":[],"yoast_head":"<!-- This site is optimized with the Yoast SEO plugin v26.8 - https:\/\/yoast.com\/product\/yoast-seo-wordpress\/ -->\n<title>Servicios ofrecidos - SHAC: Student Health Action Coalition<\/title>\n<meta name=\"robots\" content=\"index, follow, max-snippet:-1, max-image-preview:large, max-video-preview:-1\" \/>\n<link rel=\"canonical\" href=\"https:\/\/www.med.unc.edu\/shac\/home-page-espanol\/programs-2\/\" \/>\n<meta property=\"og:locale\" content=\"en_US\" \/>\n<meta property=\"og:type\" content=\"article\" \/>\n<meta property=\"og:title\" content=\"Servicios ofrecidos - SHAC: Student Health Action Coalition\" \/>\n<meta property=\"og:description\" content=\"&nbsp;\" \/>\n<meta property=\"og:url\" content=\"https:\/\/www.med.unc.edu\/shac\/home-page-espanol\/programs-2\/\" \/>\n<meta property=\"og:site_name\" content=\"SHAC: Student Health Action Coalition\" \/>\n<meta property=\"article:modified_time\" content=\"2022-08-13T22:36:32+00:00\" \/>\n<meta property=\"og:image\" content=\"https:\/\/www.med.unc.edu\/shac\/wp-content\/uploads\/sites\/1231\/2022\/08\/Screen-Shot-2022-08-13-at-6.19.05-PM.png\" \/>\n\t<meta property=\"og:image:width\" content=\"892\" \/>\n\t<meta property=\"og:image:height\" content=\"1176\" \/>\n\t<meta property=\"og:image:type\" content=\"image\/png\" \/>\n<meta name=\"twitter:card\" content=\"summary_large_image\" \/>\n<meta name=\"twitter:label1\" content=\"Est. reading time\" \/>\n\t<meta name=\"twitter:data1\" content=\"10 minutes\" \/>\n<script type=\"application\/ld+json\" class=\"yoast-schema-graph\">{\"@context\":\"https:\/\/schema.org\",\"@graph\":[{\"@type\":\"WebPage\",\"@id\":\"https:\/\/www.med.unc.edu\/shac\/home-page-espanol\/programs-2\/\",\"url\":\"https:\/\/www.med.unc.edu\/shac\/home-page-espanol\/programs-2\/\",\"name\":\"Servicios ofrecidos - SHAC: Student Health Action Coalition\",\"isPartOf\":{\"@id\":\"https:\/\/www.med.unc.edu\/shac\/#website\"},\"primaryImageOfPage\":{\"@id\":\"https:\/\/www.med.unc.edu\/shac\/home-page-espanol\/programs-2\/#primaryimage\"},\"image\":{\"@id\":\"https:\/\/www.med.unc.edu\/shac\/home-page-espanol\/programs-2\/#primaryimage\"},\"thumbnailUrl\":\"https:\/\/www.med.unc.edu\/shac\/wp-content\/uploads\/sites\/1231\/2022\/08\/Screen-Shot-2022-08-13-at-6.19.05-PM.png\",\"datePublished\":\"2021-05-20T01:13:29+00:00\",\"dateModified\":\"2022-08-13T22:36:32+00:00\",\"breadcrumb\":{\"@id\":\"https:\/\/www.med.unc.edu\/shac\/home-page-espanol\/programs-2\/#breadcrumb\"},\"inLanguage\":\"en-US\",\"potentialAction\":[{\"@type\":\"ReadAction\",\"target\":[\"https:\/\/www.med.unc.edu\/shac\/home-page-espanol\/programs-2\/\"]}]},{\"@type\":\"ImageObject\",\"inLanguage\":\"en-US\",\"@id\":\"https:\/\/www.med.unc.edu\/shac\/home-page-espanol\/programs-2\/#primaryimage\",\"url\":\"https:\/\/www.med.unc.edu\/shac\/wp-content\/uploads\/sites\/1231\/2022\/08\/Screen-Shot-2022-08-13-at-6.19.05-PM.png\",\"contentUrl\":\"https:\/\/www.med.unc.edu\/shac\/wp-content\/uploads\/sites\/1231\/2022\/08\/Screen-Shot-2022-08-13-at-6.19.05-PM.png\",\"width\":892,\"height\":1176},{\"@type\":\"BreadcrumbList\",\"@id\":\"https:\/\/www.med.unc.edu\/shac\/home-page-espanol\/programs-2\/#breadcrumb\",\"itemListElement\":[{\"@type\":\"ListItem\",\"position\":1,\"name\":\"Home\",\"item\":\"https:\/\/www.med.unc.edu\/shac\/\"},{\"@type\":\"ListItem\",\"position\":2,\"name\":\"SHAC: La Cl\u00ednica Gratuita\",\"item\":\"https:\/\/www.med.unc.edu\/shac\/home-page-espanol\/\"},{\"@type\":\"ListItem\",\"position\":3,\"name\":\"Servicios ofrecidos\"}]},{\"@type\":\"WebSite\",\"@id\":\"https:\/\/www.med.unc.edu\/shac\/#website\",\"url\":\"https:\/\/www.med.unc.edu\/shac\/\",\"name\":\"SHAC: Student Health Action Coalition\",\"description\":\"\",\"potentialAction\":[{\"@type\":\"SearchAction\",\"target\":{\"@type\":\"EntryPoint\",\"urlTemplate\":\"https:\/\/www.med.unc.edu\/shac\/?s={search_term_string}\"},\"query-input\":{\"@type\":\"PropertyValueSpecification\",\"valueRequired\":true,\"valueName\":\"search_term_string\"}}],\"inLanguage\":\"en-US\"}]}<\/script>\n<!-- \/ Yoast SEO plugin. -->","yoast_head_json":{"title":"Servicios ofrecidos - SHAC: Student Health Action Coalition","robots":{"index":"index","follow":"follow","max-snippet":"max-snippet:-1","max-image-preview":"max-image-preview:large","max-video-preview":"max-video-preview:-1"},"canonical":"https:\/\/www.med.unc.edu\/shac\/home-page-espanol\/programs-2\/","og_locale":"en_US","og_type":"article","og_title":"Servicios ofrecidos - SHAC: Student Health Action Coalition","og_description":"&nbsp;","og_url":"https:\/\/www.med.unc.edu\/shac\/home-page-espanol\/programs-2\/","og_site_name":"SHAC: Student Health Action Coalition","article_modified_time":"2022-08-13T22:36:32+00:00","og_image":[{"width":892,"height":1176,"url":"https:\/\/www.med.unc.edu\/shac\/wp-content\/uploads\/sites\/1231\/2022\/08\/Screen-Shot-2022-08-13-at-6.19.05-PM.png","type":"image\/png"}],"twitter_card":"summary_large_image","twitter_misc":{"Est. reading time":"10 minutes"},"schema":{"@context":"https:\/\/schema.org","@graph":[{"@type":"WebPage","@id":"https:\/\/www.med.unc.edu\/shac\/home-page-espanol\/programs-2\/","url":"https:\/\/www.med.unc.edu\/shac\/home-page-espanol\/programs-2\/","name":"Servicios ofrecidos - SHAC: Student Health Action Coalition","isPartOf":{"@id":"https:\/\/www.med.unc.edu\/shac\/#website"},"primaryImageOfPage":{"@id":"https:\/\/www.med.unc.edu\/shac\/home-page-espanol\/programs-2\/#primaryimage"},"image":{"@id":"https:\/\/www.med.unc.edu\/shac\/home-page-espanol\/programs-2\/#primaryimage"},"thumbnailUrl":"https:\/\/www.med.unc.edu\/shac\/wp-content\/uploads\/sites\/1231\/2022\/08\/Screen-Shot-2022-08-13-at-6.19.05-PM.png","datePublished":"2021-05-20T01:13:29+00:00","dateModified":"2022-08-13T22:36:32+00:00","breadcrumb":{"@id":"https:\/\/www.med.unc.edu\/shac\/home-page-espanol\/programs-2\/#breadcrumb"},"inLanguage":"en-US","potentialAction":[{"@type":"ReadAction","target":["https:\/\/www.med.unc.edu\/shac\/home-page-espanol\/programs-2\/"]}]},{"@type":"ImageObject","inLanguage":"en-US","@id":"https:\/\/www.med.unc.edu\/shac\/home-page-espanol\/programs-2\/#primaryimage","url":"https:\/\/www.med.unc.edu\/shac\/wp-content\/uploads\/sites\/1231\/2022\/08\/Screen-Shot-2022-08-13-at-6.19.05-PM.png","contentUrl":"https:\/\/www.med.unc.edu\/shac\/wp-content\/uploads\/sites\/1231\/2022\/08\/Screen-Shot-2022-08-13-at-6.19.05-PM.png","width":892,"height":1176},{"@type":"BreadcrumbList","@id":"https:\/\/www.med.unc.edu\/shac\/home-page-espanol\/programs-2\/#breadcrumb","itemListElement":[{"@type":"ListItem","position":1,"name":"Home","item":"https:\/\/www.med.unc.edu\/shac\/"},{"@type":"ListItem","position":2,"name":"SHAC: La Cl\u00ednica Gratuita","item":"https:\/\/www.med.unc.edu\/shac\/home-page-espanol\/"},{"@type":"ListItem","position":3,"name":"Servicios ofrecidos"}]},{"@type":"WebSite","@id":"https:\/\/www.med.unc.edu\/shac\/#website","url":"https:\/\/www.med.unc.edu\/shac\/","name":"SHAC: Student Health Action Coalition","description":"","potentialAction":[{"@type":"SearchAction","target":{"@type":"EntryPoint","urlTemplate":"https:\/\/www.med.unc.edu\/shac\/?s={search_term_string}"},"query-input":{"@type":"PropertyValueSpecification","valueRequired":true,"valueName":"search_term_string"}}],"inLanguage":"en-US"}]}},"_links_to":[],"_links_to_target":[],"_links":{"self":[{"href":"https:\/\/www.med.unc.edu\/shac\/wp-json\/wp\/v2\/pages\/3256","targetHints":{"allow":["GET"]}}],"collection":[{"href":"https:\/\/www.med.unc.edu\/shac\/wp-json\/wp\/v2\/pages"}],"about":[{"href":"https:\/\/www.med.unc.edu\/shac\/wp-json\/wp\/v2\/types\/page"}],"author":[{"embeddable":true,"href":"https:\/\/www.med.unc.edu\/shac\/wp-json\/wp\/v2\/users\/110629"}],"replies":[{"embeddable":true,"href":"https:\/\/www.med.unc.edu\/shac\/wp-json\/wp\/v2\/comments?post=3256"}],"version-history":[{"count":0,"href":"https:\/\/www.med.unc.edu\/shac\/wp-json\/wp\/v2\/pages\/3256\/revisions"}],"up":[{"embeddable":true,"href":"https:\/\/www.med.unc.edu\/shac\/wp-json\/wp\/v2\/pages\/3218"}],"wp:attachment":[{"href":"https:\/\/www.med.unc.edu\/shac\/wp-json\/wp\/v2\/media?parent=3256"}],"curies":[{"name":"wp","href":"https:\/\/api.w.org\/{rel}","templated":true}]}}