{"id":3258,"date":"2021-05-19T21:14:41","date_gmt":"2021-05-20T01:14:41","guid":{"rendered":"https:\/\/www.med.unc.edu\/shac\/?page_id=3258"},"modified":"2024-02-12T22:45:38","modified_gmt":"2024-02-13T03:45:38","slug":"medical-clinic-2","status":"publish","type":"page","link":"https:\/\/www.med.unc.edu\/shac\/home-page-espanol\/programs-2\/medical-clinic-2\/","title":{"rendered":"La cl\u00ednica medica"},"content":{"rendered":"<div class=\"row  oscitas-bootstrap-container\">\n<div class=\"col-lg-6 col-md-12 col-xs-12 col-sm-12 oscitas-bootstrap-container\">\n<img loading=\"lazy\" decoding=\"async\" class=\"alignnone wp-image-2575 size-large\" src=\"https:\/\/www-dev.med.unc.edu\/shac\/files\/2021\/03\/Screen-Shot-2021-03-01-at-11.28.31-AM-1024x728.png\" alt=\"\" width=\"1024\" height=\"728\" srcset=\"https:\/\/www.med.unc.edu\/shac\/wp-content\/uploads\/sites\/1231\/2021\/03\/Screen-Shot-2021-03-01-at-11.28.31-AM-1024x728.png 1024w, https:\/\/www.med.unc.edu\/shac\/wp-content\/uploads\/sites\/1231\/2021\/03\/Screen-Shot-2021-03-01-at-11.28.31-AM-300x213.png 300w, https:\/\/www.med.unc.edu\/shac\/wp-content\/uploads\/sites\/1231\/2021\/03\/Screen-Shot-2021-03-01-at-11.28.31-AM-768x546.png 768w, https:\/\/www.med.unc.edu\/shac\/wp-content\/uploads\/sites\/1231\/2021\/03\/Screen-Shot-2021-03-01-at-11.28.31-AM-1536x1092.png 1536w, https:\/\/www.med.unc.edu\/shac\/wp-content\/uploads\/sites\/1231\/2021\/03\/Screen-Shot-2021-03-01-at-11.28.31-AM-600x427.png 600w, https:\/\/www.med.unc.edu\/shac\/wp-content\/uploads\/sites\/1231\/2021\/03\/Screen-Shot-2021-03-01-at-11.28.31-AM.png 1958w\" sizes=\"auto, (max-width: 1024px) 100vw, 1024px\" \/><\/div>\n<div class=\"col-lg-6 col-md-12 col-xs-12 col-sm-12 oscitas-bootstrap-container\">\n<img loading=\"lazy\" decoding=\"async\" class=\"alignnone wp-image-2669 \" src=\"https:\/\/www-dev.med.unc.edu\/shac\/files\/2021\/03\/Screen-Shot-2021-03-03-at-10.37.38-AM-1024x750.png\" alt=\"\" width=\"928\" height=\"680\" srcset=\"https:\/\/www.med.unc.edu\/shac\/wp-content\/uploads\/sites\/1231\/2021\/03\/Screen-Shot-2021-03-03-at-10.37.38-AM-1024x750.png 1024w, https:\/\/www.med.unc.edu\/shac\/wp-content\/uploads\/sites\/1231\/2021\/03\/Screen-Shot-2021-03-03-at-10.37.38-AM-300x220.png 300w, https:\/\/www.med.unc.edu\/shac\/wp-content\/uploads\/sites\/1231\/2021\/03\/Screen-Shot-2021-03-03-at-10.37.38-AM-768x563.png 768w, https:\/\/www.med.unc.edu\/shac\/wp-content\/uploads\/sites\/1231\/2021\/03\/Screen-Shot-2021-03-03-at-10.37.38-AM-1536x1125.png 1536w, https:\/\/www.med.unc.edu\/shac\/wp-content\/uploads\/sites\/1231\/2021\/03\/Screen-Shot-2021-03-03-at-10.37.38-AM-600x440.png 600w, https:\/\/www.med.unc.edu\/shac\/wp-content\/uploads\/sites\/1231\/2021\/03\/Screen-Shot-2021-03-03-at-10.37.38-AM.png 1938w\" sizes=\"auto, (max-width: 928px) 100vw, 928px\" \/><\/div>\n<\/div>\n<p>&nbsp;<\/p>\n<div class=\"panel panel-warning  oscitas-bootstrap-container\">\n<div class=\"panel-heading oscitas-bootstrap-container\">\n<h3 style=\"text-align: center\">Nuestra Misi\u00f3n<\/h3>\n<\/div>\n<div class=\"panel-body oscitas-bootstrap-container\">\n<p>La cl\u00ednica medica de SHAC es la mayor gratis cl\u00ednica operada por estudiantes en el pa\u00eds. Hasta su incepci\u00f3n en 1967, la cl\u00ednica ha evolucionada mucha mientras reteniendo su misi\u00f3n original: para servir las necesidades de salud de personas sin acceso al sistema de cuidado de salud. SHAC ha crecida de sus principios humildes en residencias privadas de los ayudantes a su ubicaci\u00f3n presente a<a href=\"https:\/\/www.piedmonthealth.org\/locations\/carrboro-community-health-center\/\"> la Carrboro Centro de Salud<\/a>, una de las mejores facilidades de cuidado primero en Carolina del Norte.<\/p>\n<\/div>\n<\/div>\n<p style=\"text-align: center\"><div class=\"panel panel-primary  oscitas-bootstrap-container\">\n<div class=\"panel-heading oscitas-bootstrap-container\">\n<h3 style=\"text-align: center\"><span style=\"color: #ffffff\"><strong>Ubicaci\u00f3n &amp; Horario<\/strong><\/span><\/h3>\n<p style=\"text-align: center\"><\/div>\n<p style=\"text-align: center\"><div class=\"panel-body oscitas-bootstrap-container\">\n<p style=\"text-align: center\">Nuestra cl\u00ednica gratis tiene citas <strong>cada mi\u00e9rcoles<\/strong> hasta 5:30-10:00 pm, con citas que empiecen a las 5:30. La cl\u00ednica est\u00e1 a:<\/p>\n<p style=\"text-align: center\"><a class=\"external-link\" title=\"\" href=\"http:\/\/maps.google.com\/maps?q=301+Lloyd+St,+Carrboro,+NC+27510,+USA&amp;amp;ie=UTF8&amp;amp;z=16&amp;amp;iwloc=addr&amp;amp;om=1\" target=\"_blank\" rel=\"noopener noreferrer\"><br \/>\nCarrboro Community Health Center<br \/>\n301 Lloyd St<br \/>\nCarrboro, NC 27510<\/a><\/p>\n<p style=\"text-align: center\"><\/div>\n<\/div>\n<p>&nbsp;<\/p>\n<p class=\"p1\"><h2 class=\"section-som\"><span>Sobre nosotros<\/span><\/h2>\n<p>La cl\u00ednica provee estos servicios gratis de carga:<\/p>\n<ul>\n<li>Cuidado agudo por problemas medicas minores<\/li>\n<li>Examinaciones por el hombre y la mujer y asesoramiento<\/li>\n<li>Examinaciones f\u00edsicas para la escuela, trabajo, y campamento<\/li>\n<li>Vacunas para los ni\u00f1os<\/li>\n<li>Laboratorio comprehensivo<\/li>\n<li>Farmacia en el sitio<\/li>\n<li>Trabajo social<\/li>\n<li>Educaci\u00f3n de salud<\/li>\n<li>Pruebas por el VIH (a la cl\u00ednica SHAC XYZ)<\/li>\n<li>Interpretaci\u00f3n en espa\u00f1ol<\/li>\n<li>Cuidado transicional para enfermedades cr\u00f3nicas (a la cl\u00ednica \u201cPuente para Cuidar\u201d)<\/li>\n<li>Cuidado de afirmaci\u00f3n de g\u00e9nero<\/li>\n<\/ul>\n<p>Tenemos algunos servicios especializados, y tambi\u00e9n son gratis:<\/p>\n<ul>\n<li>Salud mental<\/li>\n<li>Oftalmolog\u00eda<\/li>\n<li>Terapia f\u00edsica<\/li>\n<li>Viviendo Saludable (p\u00e9rdida de peso)<\/li>\n<li>La Cl\u00ednica de la Mujer<\/li>\n<li>Ni\u00f1o Saludable<\/li>\n<\/ul>\n<p>&nbsp;<\/p>\n<h2 class=\"section-som\"><span>Haga una cita<\/span><\/h2>\n<p><strong>**Si est\u00e1 experimentando una emergencia, llame 911 o vaya a el departamento del hospital de UNC a 101 Manning Dr, Chapel Hill, NC.**<\/strong><\/p>\n<p><strong>\u00a0<\/strong>Nuestros equipos de medicino solo podemos ofrecer cuidado por necesidades agudos. Ahora, no podemos proveer problemas que necesitan rayos X o otros procedimientos. SHAC voluntarios pueden referir pacientes a organizaciones locales y cl\u00ednicas de cuidado primario para necesidades a largo plazo, y cl\u00ednicas especializadas por cuidado adicional.<\/p>\n<p>Tiene dos opciones para hacer una cita.<\/p>\n<ol>\n<li><strong><a href=\"tel:9845381031\">Llame 984-538-1031<\/a>, <\/strong>espere por la l\u00ednea hasta terminaci\u00f3n a la sonada, y deje un mensaje con su nombre completa, numero de tel\u00e9fono, y la raz\u00f3n de su visita. Para reducir riesgo a los pacientes y cuidadores, puede pedir por una cita de <strong>\u201ctelehealth\u201d por tel\u00e9fono<\/strong> o video para pacientes que tienen preocupaciones que pueden ser evaluado remotamente.<\/li>\n<li>Llene <a href=\"https:\/\/unc.az1.qualtrics.com\/jfe\/form\/SV_55Rdgf9gjKab1Wd\">esta forma aqu\u00ed<\/a>.<\/li>\n<\/ol>\n<p>Solicite una <strong>recarga de medicamentos:<\/strong><\/p>\n<ol>\n<li><strong><a href=\"tel:9194428207\">Llame 919-442-8207<\/a>. <\/strong>Por favor, deje un mensaje con su nombre completo y numero de tel\u00e9fono.<\/li>\n<\/ol>\n<p>Estudiantes de SHAC cumplen con regulaciones de <a href=\"http:\/\/www.hhs.gov\/ocr\/hipaa\/\">HIPAA<\/a>, y registros m\u00e9dicos de pacientes son mantenidos con est\u00e1ndares de confidencialidad.<\/p>\n<hr class=\" rule-double-fadecorder osc-rule\" \/>\n<p><strong>***Nota: No se pueden hacer citas dentales con el formulario de esta p\u00e1gina.\u00a0<\/strong><\/p>\n<p class=\"p1\"><h2 class=\"section-som\"><span>Contacta con Nosotros<\/span><\/h2>\n<p>Para preguntas sobre la cl\u00ednica medical, por favor usar:\u00a0<a class=\"email-link\" title=\"\" href=\"mailto:shac_medicalclinic@med.unc.edu?subject=SHAC%20Medical%20Clinic%20Inquiry\" target=\"_blank\" rel=\"noopener noreferrer\">shac_medicalclinic@med.unc.edu<\/a>.<\/p>\n","protected":false},"excerpt":{"rendered":"<p>&nbsp; &nbsp; La cl\u00ednica provee estos servicios gratis de carga: Cuidado agudo por problemas medicas minores Examinaciones por el hombre y la mujer y asesoramiento Examinaciones f\u00edsicas para la escuela, trabajo, y campamento Vacunas para los ni\u00f1os Laboratorio comprehensivo Farmacia en el sitio Trabajo social Educaci\u00f3n de salud Pruebas por el VIH (a la cl\u00ednica &hellip; <a href=\"https:\/\/www.med.unc.edu\/shac\/home-page-espanol\/programs-2\/medical-clinic-2\/\" aria-label=\"Read more about La cl\u00ednica medica\">Read more<\/a><\/p>\n","protected":false},"author":110629,"featured_media":0,"parent":3256,"menu_order":19,"comment_status":"closed","ping_status":"closed","template":"","meta":{"_acf_changed":false,"layout":"","cellInformation":"","apiCallInformation":"","footnotes":"","_links_to":"","_links_to_target":""},"class_list":["post-3258","page","type-page","status-publish","hentry","odd"],"acf":[],"_links_to":[],"_links_to_target":[],"_links":{"self":[{"href":"https:\/\/www.med.unc.edu\/shac\/wp-json\/wp\/v2\/pages\/3258","targetHints":{"allow":["GET"]}}],"collection":[{"href":"https:\/\/www.med.unc.edu\/shac\/wp-json\/wp\/v2\/pages"}],"about":[{"href":"https:\/\/www.med.unc.edu\/shac\/wp-json\/wp\/v2\/types\/page"}],"author":[{"embeddable":true,"href":"https:\/\/www.med.unc.edu\/shac\/wp-json\/wp\/v2\/users\/110629"}],"replies":[{"embeddable":true,"href":"https:\/\/www.med.unc.edu\/shac\/wp-json\/wp\/v2\/comments?post=3258"}],"version-history":[{"count":0,"href":"https:\/\/www.med.unc.edu\/shac\/wp-json\/wp\/v2\/pages\/3258\/revisions"}],"up":[{"embeddable":true,"href":"https:\/\/www.med.unc.edu\/shac\/wp-json\/wp\/v2\/pages\/3256"}],"wp:attachment":[{"href":"https:\/\/www.med.unc.edu\/shac\/wp-json\/wp\/v2\/media?parent=3258"}],"curies":[{"name":"wp","href":"https:\/\/api.w.org\/{rel}","templated":true}]}}