{"id":3259,"date":"2021-05-19T21:18:25","date_gmt":"2021-05-20T01:18:25","guid":{"rendered":"https:\/\/www.med.unc.edu\/shac\/?page_id=3259"},"modified":"2022-09-06T18:19:33","modified_gmt":"2022-09-06T22:19:33","slug":"dental-clinic","status":"publish","type":"page","link":"https:\/\/www.med.unc.edu\/shac\/home-page-espanol\/programs-2\/dental-clinic\/","title":{"rendered":"Cl\u00ednica Dental"},"content":{"rendered":"<p>&nbsp;<\/p>\n<p><a href=\"https:\/\/www.med.unc.edu\/shac\/wp-content\/uploads\/sites\/1231\/2021\/04\/Building-Dentistry_Matthew-Bright.jpeg\"><img loading=\"lazy\" decoding=\"async\" class=\"alignnone wp-image-2794 size-large\" src=\"https:\/\/www.med.unc.edu\/shac\/wp-content\/uploads\/sites\/1231\/2021\/04\/Building-Dentistry_Matthew-Bright-1024x576.jpeg\" alt=\"\" width=\"1024\" height=\"576\" srcset=\"https:\/\/www.med.unc.edu\/shac\/wp-content\/uploads\/sites\/1231\/2021\/04\/Building-Dentistry_Matthew-Bright-1024x576.jpeg 1024w, https:\/\/www.med.unc.edu\/shac\/wp-content\/uploads\/sites\/1231\/2021\/04\/Building-Dentistry_Matthew-Bright-300x169.jpeg 300w, https:\/\/www.med.unc.edu\/shac\/wp-content\/uploads\/sites\/1231\/2021\/04\/Building-Dentistry_Matthew-Bright-768x432.jpeg 768w, https:\/\/www.med.unc.edu\/shac\/wp-content\/uploads\/sites\/1231\/2021\/04\/Building-Dentistry_Matthew-Bright-600x338.jpeg 600w, https:\/\/www.med.unc.edu\/shac\/wp-content\/uploads\/sites\/1231\/2021\/04\/Building-Dentistry_Matthew-Bright.jpeg 1200w\" sizes=\"auto, (max-width: 1024px) 100vw, 1024px\" \/><\/a><\/p>\n<div class=\"panel panel-warning  oscitas-bootstrap-container\">\n<div class=\"panel-heading oscitas-bootstrap-container\">\n<h3 style=\"text-align: center\">Nuestra misi\u00f3n<\/h3>\n<\/div>\n<div class=\"panel-body oscitas-bootstrap-container\">\n<p>La Cl\u00ednica Dental de SHAC es una cl\u00ednica dirigida por estudiantes para miembros de la comunidad que necesitan servicios odontol\u00f3gicos de emergencia. Su prop\u00f3sito principal es proveerle servicios a quienes no son capaces de acceder a servicios de salud dental; no hay ning\u00fan requisito para los que quieran ser nuestros pacientes. <\/div>\n<\/div>\n<p style=\"text-align: center\"><div class=\"panel panel-primary  oscitas-bootstrap-container\">\n<div class=\"panel-heading oscitas-bootstrap-container\">\n<h3 style=\"text-align: center\"><span style=\"color: #ffffff\"><strong>Ubicaci\u00f3n y horario<\/strong><\/span><\/h3>\n<p style=\"text-align: center\"><\/div>\n<p style=\"text-align: center\"><div class=\"panel-body oscitas-bootstrap-container\">\n<p style=\"text-align: center\"><strong>Nuestra cl\u00ednica opera de 6 pm a 9 pm durante mi\u00e9rcoles selectos:<\/strong><a class=\"external-link\" title=\"\" href=\"http:\/\/maps.google.com\/maps?q=301+Lloyd+St,+Carrboro,+NC+27510,+USA&amp;amp;ie=UTF8&amp;amp;z=16&amp;amp;iwloc=addr&amp;amp;om=1\" target=\"_blank\" rel=\"noopener noreferrer\"><br \/>\n<\/a><a class=\"external-link\" title=\"\" href=\"https:\/\/www.google.com\/maps?q=UNC+School+of+Dentistry,+Tarrson+Hall,+101+Manning+Drive,+Chapel+Hill,+NC+27599,+USA&amp;hl=en&amp;ll=35.904572,-79.053133&amp;spn=0.002229,0.005284&amp;sll=35.904851,-79.054055&amp;sspn=0.008916,0.021136&amp;hq=UNC+School+of+Dentistry,+Tarrson+Hall,+101+Manning+Drive,&amp;hnear=Chapel+Hill,+North+Carolina+27599&amp;t=m&amp;z=18\" target=\"_blank\" rel=\"noopener noreferrer\">UNC School of Dentistry<br \/>\nGround Floor, Tarrson Hall<br \/>\n101 Manning Drive<br \/>\nChapel Hill, NC 27599<\/a><a class=\"external-link\" title=\"\" href=\"http:\/\/maps.google.com\/maps?q=301+Lloyd+St,+Carrboro,+NC+27510,+USA&amp;amp;ie=UTF8&amp;amp;z=16&amp;amp;iwloc=addr&amp;amp;om=1\" target=\"_blank\" rel=\"noopener noreferrer\"><br \/>\n<\/a><\/p>\n<p style=\"text-align: center\"><strong>Estacionamiento:<\/strong><\/p>\n<p style=\"text-align: center\"><a href=\"https:\/\/www.google.com\/maps\/place\/Dogwood+Deck,+Chapel+Hill,+NC+27599\/@35.9024037,-79.0536853,17z\/data=!3m1!4b1!4m5!3m4!1s0x89acc2f0212d95af:0xf164c37ce30bb281!8m2!3d35.9024037!4d-79.0514966\">Dogwood Deck <\/a><br \/>\nUNC Hospitals<br \/>\n101 Manning Drive<\/p>\n<p style=\"text-align: center\"><\/div>\n<\/div>\n<p>&nbsp;<\/p>\n<p class=\"p1\"><h2 class=\"section-som\"><span>Acerca de nosotros<\/span><\/h2>\n<p>Para participar en la loter\u00eda de citas, por favor <strong>llene el cuestionario ubicado debajo de \u201cHaga una cita\u201d<\/strong>. Solo necesita llenarlo una vez. Las entregas dobles del cuestionario ser\u00e1n borradas. El ingreso a la loter\u00eda no garantiza una cita.<\/p>\n<p>Cuando su nombre haya sido elegido, nuestros coordinadores cl\u00ednicos le contactar\u00e1n para que programe su primera cita con el protocolo de nuestra cl\u00ednica. Todas nuestras citas se llevan a cabo entre las 6 y las 9 pm por las noches de mi\u00e9rcoles selectos.<\/p>\n<p><strong>La Cl\u00ednica Dental provee los siguientes servicios gratuitos:<\/strong><\/p>\n<ul>\n<li>Ex\u00e1menes\/Diagn\u00f3sticos<\/li>\n<li>Limpiezas dentales<\/li>\n<li>Empastes dentales<\/li>\n<li>Extracciones<\/li>\n<\/ul>\n<p>Los estudiantes de SHAC cumplen con las regulaciones de privacidad de HIPAA y los archivos m\u00e9dicos de nuestros pacientes se mantienen conforme a las normas de confidencialidad aceptadas. Para preguntas relacionadas con la cl\u00ednica dental, por favor cont\u00e1ctenos a trav\u00e9s de <a href=\"mailto:shac_dentalclinic@dentistry.unc.edu\">shac_dentalclinic@dentistry.unc.edu<\/a><\/p>\n<p>Por favor note: Nosotros no somos la cl\u00ednica de estudiantes en la facultad de odontolog\u00eda, UNC Adams School of Dentistry. Para contactarlos por favor visite la p\u00e1gina web <a href=\"http:\/\/www.carolinadentistry.org\">www.carolinadentistry.org<\/a>.<\/p>\n<h2 class=\"section-som\"><span>Haga una cita<\/span><\/h2>\n<p>Somos una cl\u00ednica dental gratuita que <strong><u>solo atiende a pacientes<\/u><\/strong> <strong><u>con cita previa<\/u><\/strong>.<\/p>\n<p>No atendemos a los pacientes conforme al orden de las solicitudes. Su nombre se agregar\u00e1 a una lista de espera, y las citas ser\u00e1n distribuidas a trav\u00e9s de un sistema de loter\u00eda para asegurarnos que todos tengan acceso justo y equitativo a nuestros servicios.<\/p>\n<ol>\n<li>Ingrese su nombre en nuestra loter\u00eda en l\u00ednea a trav\u00e9s de <a href=\"https:\/\/tinyurl.com\/dentalshac\">https:\/\/tinyurl.com\/dentalshac<\/a> o visite nuestro sitio web<\/li>\n<li>Si su nombre es elegido, su primera visita ser\u00e1 una cita corta para sacarle unos rayos X<\/li>\n<li>En su segunda visita se le har\u00e1 un examen dental con un estudiante para desarrollar un plan de tratamiento<\/li>\n<li>Finalmente, usted recibir\u00e1 cualquier tratamiento planeado, incluyendo limpiezas, empastes o extracciones<\/li>\n<\/ol>\n<p><strong>C\u00f3mo convertirse en paciente:<\/strong><\/p>\n<p>Solicitud de petici\u00f3n de cita en ingl\u00e9s: <a href=\"https:\/\/tinyurl.com\/dentalshac\">https:\/\/tinyurl.com\/dentalshac<\/a><\/p>\n<p>Solicitud de petici\u00f3n de cita en espa\u00f1ol: <a href=\"https:\/\/tinyurl.com\/shacdentals\">https:\/\/tinyurl.com\/shacdentals<\/a><\/p>\n<p><img loading=\"lazy\" decoding=\"async\" class=\"aligncenter wp-image-2780 \" src=\"https:\/\/www.med.unc.edu\/shac\/wp-content\/uploads\/sites\/1231\/2021\/04\/English-Infographic1.jpg\" alt=\"\" width=\"816\" height=\"459\" srcset=\"https:\/\/www.med.unc.edu\/shac\/wp-content\/uploads\/sites\/1231\/2021\/04\/English-Infographic1.jpg 1280w, https:\/\/www.med.unc.edu\/shac\/wp-content\/uploads\/sites\/1231\/2021\/04\/English-Infographic1-300x169.jpg 300w, https:\/\/www.med.unc.edu\/shac\/wp-content\/uploads\/sites\/1231\/2021\/04\/English-Infographic1-1024x576.jpg 1024w, https:\/\/www.med.unc.edu\/shac\/wp-content\/uploads\/sites\/1231\/2021\/04\/English-Infographic1-768x432.jpg 768w, https:\/\/www.med.unc.edu\/shac\/wp-content\/uploads\/sites\/1231\/2021\/04\/English-Infographic1-600x338.jpg 600w\" sizes=\"auto, (max-width: 816px) 100vw, 816px\" \/><\/p>\n<hr \/>\n<p style=\"text-align: center\"><div class=\"panel panel-default  oscitas-bootstrap-container\">\n<div class=\"panel-heading oscitas-bootstrap-container\">\n<p style=\"text-align: center\"><strong><u>Atenci\u00f3n futuros pacientes:<\/u><\/strong><\/p>\n<p style=\"text-align: center\"><\/div>\n<div class=\"panel-body oscitas-bootstrap-container\">\n<p>Por favor traiga una lista con sus medicamentos actuales<\/p>\n<p>Si usted es diab\u00e9tico\/a, por favor traiga los resultados de la prueba de hemoglobina A1C m\u00e1s reciente.<\/p>\n<p>Si usted es asm\u00e1tico\/a, por favor traiga su inhalador<\/p>\n<p>Si est\u00e1 tomando un anticoagulante y necesita una extracci\u00f3n, por favor traer una nota de su doctor de cuidado primario que indique que su RIN es estable.<\/p>\n<p>Por favor note que si usted tiene la presi\u00f3n o el az\u00facar alto no podremos tratarle en nuestra cl\u00ednica<\/p>\n<\/div>\n<\/div>\n<h2 class=\"section-som\"><span><strong>Preguntas frecuentes<\/strong><\/span><\/h2>\n<p><strong>\u00bfRecibir\u00e9 un tratamiento durante mi primera visita?<\/strong><\/p>\n<p>No, el protocolo de nuestra cl\u00ednica incluye al menos tres citas, y los tratamientos se efect\u00faan una vez que un paciente nuevo se haya hecho las pruebas.<\/p>\n<p>-Cita 1) Los rayos X<\/p>\n<p>-Cita 2) Las pruebas (examen con estudiante de odontolog\u00eda)<\/p>\n<p>-Cita 3) El tratamiento (limpiezas, empastes, extracciones)<\/p>\n<p>Si usted tiene una emergencia dental, por favor llame al departamento de cuidados de urgencia de la facultad de odontolog\u00eda a trav\u00e9s del n\u00famero (919) 537-3737 entre las 8 am y las 5 pm.<\/p>\n<p><strong>\u00bfPuedo recibir m\u00e1s de un tratamiento dental en una noche en la cl\u00ednica?<\/strong><\/p>\n<p>Ya que tenemos m\u00e1s pacientes que tiempo para tratarles, solo proveemos un tratamiento por paciente cada noche en la cl\u00ednica.<\/p>\n<p><strong>\u00bfMe pueden extraer las muelas cordales?<\/strong><\/p>\n<p>Esto dependo de cada individuo. Tenemos que sacarle rayos X y hacerle un examen cl\u00ednico para determinar si le podemos sacar una muela cordal<\/p>\n<p class=\"p1\"><h2 class=\"section-som\"><span>Cont\u00e1ctenos<\/span><\/h2>\n<p>Para preguntas relacionas con la cl\u00ednica dental, por favor contactar a <a href=\"mailto:shac_dentalclinic@dentistry.unc.edu\">shac_dentalclinic@dentistry.unc.edu<\/a><\/p>\n","protected":false},"excerpt":{"rendered":"<p>&nbsp; &nbsp; Para participar en la loter\u00eda de citas, por favor llene el cuestionario ubicado debajo de \u201cHaga una cita\u201d. Solo necesita llenarlo una vez. Las entregas dobles del cuestionario ser\u00e1n borradas. El ingreso a la loter\u00eda no garantiza una cita. Cuando su nombre haya sido elegido, nuestros coordinadores cl\u00ednicos le contactar\u00e1n para que programe &hellip; <a href=\"https:\/\/www.med.unc.edu\/shac\/home-page-espanol\/programs-2\/dental-clinic\/\" aria-label=\"Read more about Cl\u00ednica Dental\">Read more<\/a><\/p>\n","protected":false},"author":110629,"featured_media":0,"parent":3256,"menu_order":20,"comment_status":"closed","ping_status":"closed","template":"","meta":{"_acf_changed":false,"layout":"","cellInformation":"","apiCallInformation":"","footnotes":"","_links_to":"","_links_to_target":""},"class_list":["post-3259","page","type-page","status-publish","hentry","odd"],"acf":[],"_links_to":[],"_links_to_target":[],"_links":{"self":[{"href":"https:\/\/www.med.unc.edu\/shac\/wp-json\/wp\/v2\/pages\/3259","targetHints":{"allow":["GET"]}}],"collection":[{"href":"https:\/\/www.med.unc.edu\/shac\/wp-json\/wp\/v2\/pages"}],"about":[{"href":"https:\/\/www.med.unc.edu\/shac\/wp-json\/wp\/v2\/types\/page"}],"author":[{"embeddable":true,"href":"https:\/\/www.med.unc.edu\/shac\/wp-json\/wp\/v2\/users\/110629"}],"replies":[{"embeddable":true,"href":"https:\/\/www.med.unc.edu\/shac\/wp-json\/wp\/v2\/comments?post=3259"}],"version-history":[{"count":0,"href":"https:\/\/www.med.unc.edu\/shac\/wp-json\/wp\/v2\/pages\/3259\/revisions"}],"up":[{"embeddable":true,"href":"https:\/\/www.med.unc.edu\/shac\/wp-json\/wp\/v2\/pages\/3256"}],"wp:attachment":[{"href":"https:\/\/www.med.unc.edu\/shac\/wp-json\/wp\/v2\/media?parent=3259"}],"curies":[{"name":"wp","href":"https:\/\/api.w.org\/{rel}","templated":true}]}}