{"id":3260,"date":"2021-05-19T21:18:34","date_gmt":"2021-05-20T01:18:34","guid":{"rendered":"https:\/\/www.med.unc.edu\/shac\/?page_id=3260"},"modified":"2024-02-12T22:46:12","modified_gmt":"2024-02-13T03:46:12","slug":"bridge-to-care","status":"publish","type":"page","link":"https:\/\/www.med.unc.edu\/shac\/home-page-espanol\/programs-2\/bridge-to-care\/","title":{"rendered":"Puente al Cuidado"},"content":{"rendered":"<div class=\"row  oscitas-bootstrap-container\">\n<div class=\"col-lg-6 col-md-12 col-xs-12 col-sm-12 oscitas-bootstrap-container\">\n<a href=\"https:\/\/www.med.unc.edu\/shac\/wp-content\/uploads\/sites\/1231\/2021\/04\/Screen-Shot-2021-04-15-at-11.16.15-AM.png\"><img loading=\"lazy\" decoding=\"async\" class=\"alignnone wp-image-2799 size-full\" src=\"https:\/\/www.med.unc.edu\/shac\/wp-content\/uploads\/sites\/1231\/2021\/04\/Screen-Shot-2021-04-15-at-11.16.15-AM.png\" alt=\"\" width=\"1484\" height=\"966\" srcset=\"https:\/\/www.med.unc.edu\/shac\/wp-content\/uploads\/sites\/1231\/2021\/04\/Screen-Shot-2021-04-15-at-11.16.15-AM.png 1484w, https:\/\/www.med.unc.edu\/shac\/wp-content\/uploads\/sites\/1231\/2021\/04\/Screen-Shot-2021-04-15-at-11.16.15-AM-300x195.png 300w, https:\/\/www.med.unc.edu\/shac\/wp-content\/uploads\/sites\/1231\/2021\/04\/Screen-Shot-2021-04-15-at-11.16.15-AM-1024x667.png 1024w, https:\/\/www.med.unc.edu\/shac\/wp-content\/uploads\/sites\/1231\/2021\/04\/Screen-Shot-2021-04-15-at-11.16.15-AM-768x500.png 768w, https:\/\/www.med.unc.edu\/shac\/wp-content\/uploads\/sites\/1231\/2021\/04\/Screen-Shot-2021-04-15-at-11.16.15-AM-600x391.png 600w\" sizes=\"auto, (max-width: 1484px) 100vw, 1484px\" \/><\/a><\/div>\n<div class=\"col-lg-6 col-md-12 col-xs-12 col-sm-12 oscitas-bootstrap-container\">\n<a href=\"https:\/\/www.med.unc.edu\/shac\/wp-content\/uploads\/sites\/1231\/2021\/04\/Screen-Shot-2021-04-15-at-11.17.08-AM.png\"><img loading=\"lazy\" decoding=\"async\" class=\"alignnone wp-image-2801 size-full\" src=\"https:\/\/www.med.unc.edu\/shac\/wp-content\/uploads\/sites\/1231\/2021\/04\/Screen-Shot-2021-04-15-at-11.17.08-AM.png\" alt=\"\" width=\"968\" height=\"722\" srcset=\"https:\/\/www.med.unc.edu\/shac\/wp-content\/uploads\/sites\/1231\/2021\/04\/Screen-Shot-2021-04-15-at-11.17.08-AM.png 968w, https:\/\/www.med.unc.edu\/shac\/wp-content\/uploads\/sites\/1231\/2021\/04\/Screen-Shot-2021-04-15-at-11.17.08-AM-300x224.png 300w, https:\/\/www.med.unc.edu\/shac\/wp-content\/uploads\/sites\/1231\/2021\/04\/Screen-Shot-2021-04-15-at-11.17.08-AM-768x573.png 768w, https:\/\/www.med.unc.edu\/shac\/wp-content\/uploads\/sites\/1231\/2021\/04\/Screen-Shot-2021-04-15-at-11.17.08-AM-280x210.png 280w, https:\/\/www.med.unc.edu\/shac\/wp-content\/uploads\/sites\/1231\/2021\/04\/Screen-Shot-2021-04-15-at-11.17.08-AM-600x448.png 600w\" sizes=\"auto, (max-width: 968px) 100vw, 968px\" \/><\/a><\/div>\n<\/div>\n<p>&nbsp;<\/p>\n<div class=\"panel panel-warning  oscitas-bootstrap-container\">\n<div class=\"panel-heading oscitas-bootstrap-container\">\n<h3 style=\"text-align: center\">Nuestra Misi\u00f3n<\/h3>\n<\/div>\n<div class=\"panel-body oscitas-bootstrap-container\">\n<p>La \u201cPuente al Cuidado\u201d provee cuidado prolongado a los pacientes que requieren cuidado constante para enfermedades cr\u00f3nicas como la diabetes, la hipertensi\u00f3n, la artritis, y el hipertiroidismo. Las citas se proporcionan durante el horario regular de la cl\u00ednica todos los mi\u00e9rcoles por la noche. Nuestro objetivo es conectar pacientes a cuidado duradero. Tambi\u00e9n podemos conectar pacientes a otros recursos en SHAC como SHAC Bienestar, el Programa de Asistencia Medica (MAP), SHAC Dental, etc.<\/p>\n<\/div>\n<\/div>\n<p style=\"text-align: center\"><div class=\"panel panel-primary  oscitas-bootstrap-container\">\n<div class=\"panel-heading oscitas-bootstrap-container\">\n<h3 style=\"text-align: center\"><span style=\"color: #ffffff\">Direcci\u00f3n y Horario<\/span><\/h3>\n<p style=\"text-align: center\"><\/div>\n<p style=\"text-align: center\"><div class=\"panel-body oscitas-bootstrap-container\">\n<p style=\"text-align: center\">Operamos junto con la cl\u00ednica m\u00e9dica todos los mi\u00e9rcoles de 6:00PM a 10:00PM. Se encuentra en:<a class=\"external-link\" title=\"\" href=\"http:\/\/maps.google.com\/maps?q=301+Lloyd+St,+Carrboro,+NC+27510,+USA&amp;amp;ie=UTF8&amp;amp;z=16&amp;amp;iwloc=addr&amp;amp;om=1\" target=\"_blank\" rel=\"noopener noreferrer\"><br \/>\nCarrboro Community Health Center<br \/>\n301 Lloyd St<br \/>\nCarrboro, NC 27510<\/a><\/p>\n<p style=\"text-align: center\"><\/div>\n<\/div>\n<p>&nbsp;<\/p>\n<p class=\"p1\"><h2 class=\"section-som\"><span>Acerca de Nosotros <\/span><\/h2>\n<p>Como parte del programa, usted ser\u00e1 evaluado por m\u00e9dicos que se especializan en cuidado prolongado. Tambien podemos referir pacientes a un proveedor local, y si es necesario, solicitar el cuidado de la caridad. SHAC tiene relaciones con otros recursos de la comunidad y puede ayudarlo encontrar cl\u00ednicas gratuitas o unas con precios reducidos que pueden proveer ayuda con sus condiciones.<\/p>\n<p>Por favor, haga referencia a <a href=\"http:\/\/thecef.force.com\/\">Orange County Connect<\/a>, el <a href=\"https:\/\/docs.google.com\/spreadsheets\/d\/1b2vIF7ytjnwXkfNBZswPnmQmkCZ5VUgAB_qdhNDCeUw\/edit#gid=1609949184\">Orange &amp; Durham County Toolkit<\/a>, y el <a href=\"https:\/\/docs.google.com\/spreadsheets\/d\/1zru5SW3T2ZABF9g-3FRkO48a3Nas70W-ohtDTlhiqWc\/edit?usp=sharing\">Wake County Toolkit<\/a> para m\u00e1s informaci\u00f3n sobre los recursos de la comunidad local para los siguientes temas:<\/p>\n<ul>\n<li>Educaci\u00f3n<\/li>\n<li>Empleo<\/li>\n<li>Finanzas<\/li>\n<li>Servicios de Salud<\/li>\n<li>Alojamiento<\/li>\n<li>Servicios Jur\u00eddicos<\/li>\n<li>Transportaci\u00f3n<\/li>\n<\/ul>\n<h2 class=\"section-som\"><span>Concertar una cita<\/span><\/h2>\n<p>Por ahora, se requieren citas. Si usted quiere concertar unca cita o si tiene una pregunta, por favor p\u00f3ngase en contacto con Puente al Cuidado a trav\u00e9s de uno de los siguientes:<\/p>\n<ol>\n<li>Por favor llame <a href=\"tel:9199044302\">919-904-4302<\/a>, espere hasta que la l\u00ednea termine de sonar y luego deje un mensaje indicando su nombre completo y n\u00famero de tel\u00e9fono, y le llamaremos de nuevo. Para reducir el riesgo para los pacientes y los cuidadores, podemos ofrecer citas virtuales por tel\u00e9fono o chat de v\u00eddeo para las preocupaciones que se pueden evaluar de forma remota.<\/li>\n<li>Por favor, rellene <a href=\"https:\/\/unc.az1.qualtrics.com\/jfe\/form\/SV_eh3L6WHWm6wkw9U\">este formulario de solicitud. <\/a><a href=\"https:\/\/unc.az1.qualtrics.com\/jfe\/form\/SV_eh3L6WHWm6wkw9U\">\u00a0<\/a><\/li>\n<\/ol>\n<h2 class=\"section-som\"><span>Preguntas Frecuentes<\/span><\/h2>\n<p><strong>\u00bfCu\u00e1l es la mejor manera para que los pacientes se pongan en contacto con Puente al Cuidado?<\/strong><\/p>\n<p>Puede comunicarse con nosotros al 919 904-4302 y dejar un mensaje con su nombre, fecha de nacimiento y raz\u00f3n por la que est\u00e1 llamando. Le llamaremos en 48 horas. Si usted tiene una emergencia, llame al 911.<\/p>\n<hr class=\" rule-dotted osc-rule\" \/>\n<p><strong>Soy paciente de Puente al Cuidado y necesito una recarga de medicamentos, \u00bfqu\u00e9 debo hacer?<\/strong><\/p>\n<p>Llame al <a href=\"tel:9199044302\">919 904-4302<\/a> y dejar un mensaje con su nombre, fecha de nacimiento, medicamento que necesita recargar, y nombre y lugar de su farmacia preferida.<\/p>\n<hr class=\" rule-dotted osc-rule\" \/>\n<p><strong>\u00bfY si no s\u00e9 si soy un paciente de Puente al Cuidado?<\/strong><\/p>\n<p>Puede comunicarse con nosotros al <a href=\"tel:9199044302\">919 904-4302<\/a> y dejar un mensaje con su nombre, fecha de nacimiento y raz\u00f3n por la que est\u00e1 llamando. Le conectaremos con el programa correcto<\/p>\n<p class=\"p1\"><h2 class=\"section-som\"><span>Contactarnos<\/span><\/h2>\n<p>Para preguntas relacionadas con la cl\u00ednica m\u00e9dica, por favor env\u00edenos un correo electr\u00f3nico a <a href=\"mailto:shac_bridgetocare@med.unc.edu\">shac_bridgetocare@med.unc.edu<\/a>.<\/p>\n","protected":false},"excerpt":{"rendered":"<p>&nbsp; &nbsp; Como parte del programa, usted ser\u00e1 evaluado por m\u00e9dicos que se especializan en cuidado prolongado. Tambien podemos referir pacientes a un proveedor local, y si es necesario, solicitar el cuidado de la caridad. SHAC tiene relaciones con otros recursos de la comunidad y puede ayudarlo encontrar cl\u00ednicas gratuitas o unas con precios reducidos &hellip; <a href=\"https:\/\/www.med.unc.edu\/shac\/home-page-espanol\/programs-2\/bridge-to-care\/\" aria-label=\"Read more about Puente al Cuidado\">Read more<\/a><\/p>\n","protected":false},"author":110629,"featured_media":0,"parent":3256,"menu_order":22,"comment_status":"closed","ping_status":"closed","template":"","meta":{"_acf_changed":false,"layout":"","cellInformation":"","apiCallInformation":"","footnotes":"","_links_to":"","_links_to_target":""},"class_list":["post-3260","page","type-page","status-publish","hentry","odd"],"acf":[],"yoast_head":"<!-- This site is optimized with the Yoast SEO plugin v26.8 - https:\/\/yoast.com\/product\/yoast-seo-wordpress\/ -->\n<title>Puente al Cuidado - SHAC: Student Health Action Coalition<\/title>\n<meta name=\"robots\" content=\"index, follow, max-snippet:-1, max-image-preview:large, max-video-preview:-1\" \/>\n<link rel=\"canonical\" href=\"https:\/\/www.med.unc.edu\/shac\/home-page-espanol\/programs-2\/bridge-to-care\/\" \/>\n<meta property=\"og:locale\" content=\"en_US\" \/>\n<meta property=\"og:type\" content=\"article\" \/>\n<meta property=\"og:title\" content=\"Puente al Cuidado - SHAC: Student Health Action Coalition\" \/>\n<meta property=\"og:description\" content=\"&nbsp; &nbsp; Como parte del programa, usted ser\u00e1 evaluado por m\u00e9dicos que se especializan en cuidado prolongado. Tambien podemos referir pacientes a un proveedor local, y si es necesario, solicitar el cuidado de la caridad. SHAC tiene relaciones con otros recursos de la comunidad y puede ayudarlo encontrar cl\u00ednicas gratuitas o unas con precios reducidos &hellip; Read more\" \/>\n<meta property=\"og:url\" content=\"https:\/\/www.med.unc.edu\/shac\/home-page-espanol\/programs-2\/bridge-to-care\/\" \/>\n<meta property=\"og:site_name\" content=\"SHAC: Student Health Action Coalition\" \/>\n<meta property=\"article:modified_time\" content=\"2024-02-13T03:46:12+00:00\" \/>\n<meta property=\"og:image\" content=\"https:\/\/www.med.unc.edu\/shac\/wp-content\/uploads\/sites\/1231\/2021\/04\/Screen-Shot-2021-04-15-at-11.16.15-AM-1024x667.png\" \/>\n\t<meta property=\"og:image:width\" content=\"1024\" \/>\n\t<meta property=\"og:image:height\" content=\"667\" \/>\n\t<meta property=\"og:image:type\" content=\"image\/png\" \/>\n<meta name=\"twitter:card\" content=\"summary_large_image\" \/>\n<meta name=\"twitter:label1\" content=\"Est. reading time\" \/>\n\t<meta name=\"twitter:data1\" content=\"3 minutes\" \/>\n<script type=\"application\/ld+json\" class=\"yoast-schema-graph\">{\"@context\":\"https:\/\/schema.org\",\"@graph\":[{\"@type\":\"WebPage\",\"@id\":\"https:\/\/www.med.unc.edu\/shac\/home-page-espanol\/programs-2\/bridge-to-care\/\",\"url\":\"https:\/\/www.med.unc.edu\/shac\/home-page-espanol\/programs-2\/bridge-to-care\/\",\"name\":\"Puente al Cuidado - SHAC: Student Health Action Coalition\",\"isPartOf\":{\"@id\":\"https:\/\/www.med.unc.edu\/shac\/#website\"},\"primaryImageOfPage\":{\"@id\":\"https:\/\/www.med.unc.edu\/shac\/home-page-espanol\/programs-2\/bridge-to-care\/#primaryimage\"},\"image\":{\"@id\":\"https:\/\/www.med.unc.edu\/shac\/home-page-espanol\/programs-2\/bridge-to-care\/#primaryimage\"},\"thumbnailUrl\":\"https:\/\/www.med.unc.edu\/shac\/wp-content\/uploads\/sites\/1231\/2021\/04\/Screen-Shot-2021-04-15-at-11.16.15-AM.png\",\"datePublished\":\"2021-05-20T01:18:34+00:00\",\"dateModified\":\"2024-02-13T03:46:12+00:00\",\"breadcrumb\":{\"@id\":\"https:\/\/www.med.unc.edu\/shac\/home-page-espanol\/programs-2\/bridge-to-care\/#breadcrumb\"},\"inLanguage\":\"en-US\",\"potentialAction\":[{\"@type\":\"ReadAction\",\"target\":[\"https:\/\/www.med.unc.edu\/shac\/home-page-espanol\/programs-2\/bridge-to-care\/\"]}]},{\"@type\":\"ImageObject\",\"inLanguage\":\"en-US\",\"@id\":\"https:\/\/www.med.unc.edu\/shac\/home-page-espanol\/programs-2\/bridge-to-care\/#primaryimage\",\"url\":\"https:\/\/www.med.unc.edu\/shac\/wp-content\/uploads\/sites\/1231\/2021\/04\/Screen-Shot-2021-04-15-at-11.16.15-AM.png\",\"contentUrl\":\"https:\/\/www.med.unc.edu\/shac\/wp-content\/uploads\/sites\/1231\/2021\/04\/Screen-Shot-2021-04-15-at-11.16.15-AM.png\"},{\"@type\":\"BreadcrumbList\",\"@id\":\"https:\/\/www.med.unc.edu\/shac\/home-page-espanol\/programs-2\/bridge-to-care\/#breadcrumb\",\"itemListElement\":[{\"@type\":\"ListItem\",\"position\":1,\"name\":\"Home\",\"item\":\"https:\/\/www.med.unc.edu\/shac\/\"},{\"@type\":\"ListItem\",\"position\":2,\"name\":\"SHAC: La Cl\u00ednica Gratuita\",\"item\":\"https:\/\/www.med.unc.edu\/shac\/home-page-espanol\/\"},{\"@type\":\"ListItem\",\"position\":3,\"name\":\"Servicios ofrecidos\",\"item\":\"https:\/\/www.med.unc.edu\/shac\/home-page-espanol\/programs-2\/\"},{\"@type\":\"ListItem\",\"position\":4,\"name\":\"Puente al Cuidado\"}]},{\"@type\":\"WebSite\",\"@id\":\"https:\/\/www.med.unc.edu\/shac\/#website\",\"url\":\"https:\/\/www.med.unc.edu\/shac\/\",\"name\":\"SHAC: Student Health Action Coalition\",\"description\":\"\",\"potentialAction\":[{\"@type\":\"SearchAction\",\"target\":{\"@type\":\"EntryPoint\",\"urlTemplate\":\"https:\/\/www.med.unc.edu\/shac\/?s={search_term_string}\"},\"query-input\":{\"@type\":\"PropertyValueSpecification\",\"valueRequired\":true,\"valueName\":\"search_term_string\"}}],\"inLanguage\":\"en-US\"}]}<\/script>\n<!-- \/ Yoast SEO plugin. -->","yoast_head_json":{"title":"Puente al Cuidado - SHAC: Student Health Action Coalition","robots":{"index":"index","follow":"follow","max-snippet":"max-snippet:-1","max-image-preview":"max-image-preview:large","max-video-preview":"max-video-preview:-1"},"canonical":"https:\/\/www.med.unc.edu\/shac\/home-page-espanol\/programs-2\/bridge-to-care\/","og_locale":"en_US","og_type":"article","og_title":"Puente al Cuidado - SHAC: Student Health Action Coalition","og_description":"&nbsp; &nbsp; Como parte del programa, usted ser\u00e1 evaluado por m\u00e9dicos que se especializan en cuidado prolongado. Tambien podemos referir pacientes a un proveedor local, y si es necesario, solicitar el cuidado de la caridad. SHAC tiene relaciones con otros recursos de la comunidad y puede ayudarlo encontrar cl\u00ednicas gratuitas o unas con precios reducidos &hellip; Read more","og_url":"https:\/\/www.med.unc.edu\/shac\/home-page-espanol\/programs-2\/bridge-to-care\/","og_site_name":"SHAC: Student Health Action Coalition","article_modified_time":"2024-02-13T03:46:12+00:00","og_image":[{"width":1024,"height":667,"url":"https:\/\/www.med.unc.edu\/shac\/wp-content\/uploads\/sites\/1231\/2021\/04\/Screen-Shot-2021-04-15-at-11.16.15-AM-1024x667.png","type":"image\/png"}],"twitter_card":"summary_large_image","twitter_misc":{"Est. reading time":"3 minutes"},"schema":{"@context":"https:\/\/schema.org","@graph":[{"@type":"WebPage","@id":"https:\/\/www.med.unc.edu\/shac\/home-page-espanol\/programs-2\/bridge-to-care\/","url":"https:\/\/www.med.unc.edu\/shac\/home-page-espanol\/programs-2\/bridge-to-care\/","name":"Puente al Cuidado - SHAC: Student Health Action Coalition","isPartOf":{"@id":"https:\/\/www.med.unc.edu\/shac\/#website"},"primaryImageOfPage":{"@id":"https:\/\/www.med.unc.edu\/shac\/home-page-espanol\/programs-2\/bridge-to-care\/#primaryimage"},"image":{"@id":"https:\/\/www.med.unc.edu\/shac\/home-page-espanol\/programs-2\/bridge-to-care\/#primaryimage"},"thumbnailUrl":"https:\/\/www.med.unc.edu\/shac\/wp-content\/uploads\/sites\/1231\/2021\/04\/Screen-Shot-2021-04-15-at-11.16.15-AM.png","datePublished":"2021-05-20T01:18:34+00:00","dateModified":"2024-02-13T03:46:12+00:00","breadcrumb":{"@id":"https:\/\/www.med.unc.edu\/shac\/home-page-espanol\/programs-2\/bridge-to-care\/#breadcrumb"},"inLanguage":"en-US","potentialAction":[{"@type":"ReadAction","target":["https:\/\/www.med.unc.edu\/shac\/home-page-espanol\/programs-2\/bridge-to-care\/"]}]},{"@type":"ImageObject","inLanguage":"en-US","@id":"https:\/\/www.med.unc.edu\/shac\/home-page-espanol\/programs-2\/bridge-to-care\/#primaryimage","url":"https:\/\/www.med.unc.edu\/shac\/wp-content\/uploads\/sites\/1231\/2021\/04\/Screen-Shot-2021-04-15-at-11.16.15-AM.png","contentUrl":"https:\/\/www.med.unc.edu\/shac\/wp-content\/uploads\/sites\/1231\/2021\/04\/Screen-Shot-2021-04-15-at-11.16.15-AM.png"},{"@type":"BreadcrumbList","@id":"https:\/\/www.med.unc.edu\/shac\/home-page-espanol\/programs-2\/bridge-to-care\/#breadcrumb","itemListElement":[{"@type":"ListItem","position":1,"name":"Home","item":"https:\/\/www.med.unc.edu\/shac\/"},{"@type":"ListItem","position":2,"name":"SHAC: La Cl\u00ednica Gratuita","item":"https:\/\/www.med.unc.edu\/shac\/home-page-espanol\/"},{"@type":"ListItem","position":3,"name":"Servicios ofrecidos","item":"https:\/\/www.med.unc.edu\/shac\/home-page-espanol\/programs-2\/"},{"@type":"ListItem","position":4,"name":"Puente al Cuidado"}]},{"@type":"WebSite","@id":"https:\/\/www.med.unc.edu\/shac\/#website","url":"https:\/\/www.med.unc.edu\/shac\/","name":"SHAC: Student Health Action Coalition","description":"","potentialAction":[{"@type":"SearchAction","target":{"@type":"EntryPoint","urlTemplate":"https:\/\/www.med.unc.edu\/shac\/?s={search_term_string}"},"query-input":{"@type":"PropertyValueSpecification","valueRequired":true,"valueName":"search_term_string"}}],"inLanguage":"en-US"}]}},"_links_to":[],"_links_to_target":[],"_links":{"self":[{"href":"https:\/\/www.med.unc.edu\/shac\/wp-json\/wp\/v2\/pages\/3260","targetHints":{"allow":["GET"]}}],"collection":[{"href":"https:\/\/www.med.unc.edu\/shac\/wp-json\/wp\/v2\/pages"}],"about":[{"href":"https:\/\/www.med.unc.edu\/shac\/wp-json\/wp\/v2\/types\/page"}],"author":[{"embeddable":true,"href":"https:\/\/www.med.unc.edu\/shac\/wp-json\/wp\/v2\/users\/110629"}],"replies":[{"embeddable":true,"href":"https:\/\/www.med.unc.edu\/shac\/wp-json\/wp\/v2\/comments?post=3260"}],"version-history":[{"count":0,"href":"https:\/\/www.med.unc.edu\/shac\/wp-json\/wp\/v2\/pages\/3260\/revisions"}],"up":[{"embeddable":true,"href":"https:\/\/www.med.unc.edu\/shac\/wp-json\/wp\/v2\/pages\/3256"}],"wp:attachment":[{"href":"https:\/\/www.med.unc.edu\/shac\/wp-json\/wp\/v2\/media?parent=3260"}],"curies":[{"name":"wp","href":"https:\/\/api.w.org\/{rel}","templated":true}]}}