{"id":3261,"date":"2021-05-19T21:18:43","date_gmt":"2021-05-20T01:18:43","guid":{"rendered":"https:\/\/www.med.unc.edu\/shac\/?page_id=3261"},"modified":"2025-03-21T13:14:39","modified_gmt":"2025-03-21T17:14:39","slug":"gender-affirming-care","status":"publish","type":"page","link":"https:\/\/www.med.unc.edu\/shac\/home-page-espanol\/programs-2\/gender-affirming-care\/","title":{"rendered":"Cuidado de Afirmaci\u00f3n de G\u00e9nero"},"content":{"rendered":"<p style=\"text-align: center\"><div class=\"panel panel-primary  oscitas-bootstrap-container\">\n<div class=\"panel-heading oscitas-bootstrap-container\">\n<h3 style=\"text-align: center\"><span style=\"color: #ffffff\">Ubicaci\u00f3n y horario<\/span><\/h3>\n<p style=\"text-align: center\"><\/div>\n<p style=\"text-align: center\"><div class=\"panel-body oscitas-bootstrap-container\">\n<p style=\"text-align: center\">Nuestra cl\u00ednica m\u00e9dica gratuita opera el tercer mi\u00e9rcoles de cada mes de las 6 pm a las 9 pm. Estamos ubicados en la siguiente direcci\u00f3n:<\/p>\n<p style=\"text-align: center\"><a class=\"external-link\" title=\"\" href=\"http:\/\/maps.google.com\/maps?q=301+Lloyd+St,+Carrboro,+NC+27510,+USA&amp;amp;ie=UTF8&amp;amp;z=16&amp;amp;iwloc=addr&amp;amp;om=1\" target=\"_blank\" rel=\"noopener noreferrer\"><br \/>\nCarrboro Community Health Center<br \/>\n301 Lloyd St<br \/>\nCarrboro, NC 27510<\/a><\/p>\n<p style=\"text-align: center\"><\/div>\n<\/div>\n<p>&nbsp;<\/p>\n<p class=\"p1\"><h2 class=\"section-som\"><span>Acerca de nosotros<\/span><\/h2>\n<p>Nuestros proveedores de salud a cargo son miembros del profesorado quienes tienen muchos a\u00f1os de experiencia cl\u00ednica con el cuidado de afirmaci\u00f3n de g\u00e9nero. Proveemos los siguientes servicios:<\/p>\n<div><\/div>\n<ul>\n<li class=\"x_ContentPasted7 x_elementToProof\">Recetas para terapias hormonales<\/li>\n<li class=\"x_ContentPasted7\">Servicios generales de salud primaria<\/li>\n<li class=\"x_ContentPasted7\">Acceso a otros recursos o remisiones dentro de SHAC y la comunidad<\/li>\n<\/ul>\n<div class=\"x_ContentPasted1 x_elementToProof x_ContentPasted2 x_ContentPasted3 x_ContentPasted4 x_ContentPasted5 x_ContentPasted6 x_ContentPasted7\">\n<div class=\"x_elementToProof\">Actualmente solo podemos atender a gente mayor de 18 a\u00f1os, pero podemos proveer remisiones a otras fuentes de salud.<\/div>\n<\/div>\n<h2 class=\"section-som\"><span>Haga una cita<\/span><\/h2>\n<div>\n<p>Para programar una cita, por favor llene este <a href=\"https:\/\/unc.az1.qualtrics.com\/jfe\/form\/SV_5nbJPWikOCvGE06\">formulario de petici\u00f3n<\/a>.<\/p>\n<\/div>\n<p class=\"p1\"><h2 class=\"section-som\"><span>Contact Us<\/span><\/h2>\n<p>Para preguntas relacionadas con la cl\u00ednica afirmativa de g\u00e9nero, por favor contacte <a href=\"mailto:shac_gac@med.unc.edu\">shac_gac@med.unc.edu<\/a>.<\/p>\n","protected":false},"excerpt":{"rendered":"<p>&nbsp; Nuestros proveedores de salud a cargo son miembros del profesorado quienes tienen muchos a\u00f1os de experiencia cl\u00ednica con el cuidado de afirmaci\u00f3n de g\u00e9nero. Proveemos los siguientes servicios: Recetas para terapias hormonales Servicios generales de salud primaria Acceso a otros recursos o remisiones dentro de SHAC y la comunidad Actualmente solo podemos atender a &hellip; <a href=\"https:\/\/www.med.unc.edu\/shac\/home-page-espanol\/programs-2\/gender-affirming-care\/\" aria-label=\"Read more about Cuidado de Afirmaci\u00f3n de G\u00e9nero\">Read more<\/a><\/p>\n","protected":false},"author":110629,"featured_media":0,"parent":3256,"menu_order":23,"comment_status":"closed","ping_status":"closed","template":"","meta":{"_acf_changed":false,"layout":"","cellInformation":"","apiCallInformation":"","footnotes":"","_links_to":"","_links_to_target":""},"class_list":["post-3261","page","type-page","status-publish","hentry","odd"],"acf":[],"_links_to":[],"_links_to_target":[],"_links":{"self":[{"href":"https:\/\/www.med.unc.edu\/shac\/wp-json\/wp\/v2\/pages\/3261","targetHints":{"allow":["GET"]}}],"collection":[{"href":"https:\/\/www.med.unc.edu\/shac\/wp-json\/wp\/v2\/pages"}],"about":[{"href":"https:\/\/www.med.unc.edu\/shac\/wp-json\/wp\/v2\/types\/page"}],"author":[{"embeddable":true,"href":"https:\/\/www.med.unc.edu\/shac\/wp-json\/wp\/v2\/users\/110629"}],"replies":[{"embeddable":true,"href":"https:\/\/www.med.unc.edu\/shac\/wp-json\/wp\/v2\/comments?post=3261"}],"version-history":[{"count":0,"href":"https:\/\/www.med.unc.edu\/shac\/wp-json\/wp\/v2\/pages\/3261\/revisions"}],"up":[{"embeddable":true,"href":"https:\/\/www.med.unc.edu\/shac\/wp-json\/wp\/v2\/pages\/3256"}],"wp:attachment":[{"href":"https:\/\/www.med.unc.edu\/shac\/wp-json\/wp\/v2\/media?parent=3261"}],"curies":[{"name":"wp","href":"https:\/\/api.w.org\/{rel}","templated":true}]}}