{"id":3262,"date":"2021-05-19T21:18:49","date_gmt":"2021-05-20T01:18:49","guid":{"rendered":"https:\/\/www.med.unc.edu\/shac\/?page_id=3262"},"modified":"2021-06-21T23:26:23","modified_gmt":"2021-06-22T03:26:23","slug":"hiv-xyz","status":"publish","type":"page","link":"https:\/\/www.med.unc.edu\/shac\/home-page-espanol\/programs-2\/hiv-xyz\/","title":{"rendered":"El VIH y las ETS"},"content":{"rendered":"<div class=\"row  oscitas-bootstrap-container\">\n<div class=\"col-lg-6 col-md-12 col-xs-12 col-sm-12 oscitas-bootstrap-container\">\n<a href=\"https:\/\/www.med.unc.edu\/shac\/wp-content\/uploads\/sites\/1231\/2021\/04\/20190914_132657_Brent-Eason.png\"><img loading=\"lazy\" decoding=\"async\" class=\"alignnone wp-image-2810 size-full\" src=\"https:\/\/www.med.unc.edu\/shac\/wp-content\/uploads\/sites\/1231\/2021\/04\/20190914_132657_Brent-Eason.png\" alt=\"\" width=\"4032\" height=\"3024\" srcset=\"https:\/\/www.med.unc.edu\/shac\/wp-content\/uploads\/sites\/1231\/2021\/04\/20190914_132657_Brent-Eason.png 4032w, https:\/\/www.med.unc.edu\/shac\/wp-content\/uploads\/sites\/1231\/2021\/04\/20190914_132657_Brent-Eason-300x225.png 300w, https:\/\/www.med.unc.edu\/shac\/wp-content\/uploads\/sites\/1231\/2021\/04\/20190914_132657_Brent-Eason-1024x768.png 1024w, https:\/\/www.med.unc.edu\/shac\/wp-content\/uploads\/sites\/1231\/2021\/04\/20190914_132657_Brent-Eason-768x576.png 768w, https:\/\/www.med.unc.edu\/shac\/wp-content\/uploads\/sites\/1231\/2021\/04\/20190914_132657_Brent-Eason-1536x1152.png 1536w, https:\/\/www.med.unc.edu\/shac\/wp-content\/uploads\/sites\/1231\/2021\/04\/20190914_132657_Brent-Eason-2048x1536.png 2048w, https:\/\/www.med.unc.edu\/shac\/wp-content\/uploads\/sites\/1231\/2021\/04\/20190914_132657_Brent-Eason-280x210.png 280w, https:\/\/www.med.unc.edu\/shac\/wp-content\/uploads\/sites\/1231\/2021\/04\/20190914_132657_Brent-Eason-600x450.png 600w\" sizes=\"auto, (max-width: 4032px) 100vw, 4032px\" \/><\/a><\/div>\n<div class=\"col-lg-6 col-md-12 col-xs-12 col-sm-12 oscitas-bootstrap-container\">\n<a href=\"https:\/\/www.med.unc.edu\/shac\/wp-content\/uploads\/sites\/1231\/2021\/04\/20210217_190743_Brent-Eason-scaled.jpg\"><img loading=\"lazy\" decoding=\"async\" class=\"alignnone wp-image-2811 size-full\" src=\"https:\/\/www.med.unc.edu\/shac\/wp-content\/uploads\/sites\/1231\/2021\/04\/20210217_190743_Brent-Eason-scaled-e1618578396437.jpg\" alt=\"\" width=\"1830\" height=\"1478\" srcset=\"https:\/\/www.med.unc.edu\/shac\/wp-content\/uploads\/sites\/1231\/2021\/04\/20210217_190743_Brent-Eason-scaled-e1618578396437.jpg 1830w, https:\/\/www.med.unc.edu\/shac\/wp-content\/uploads\/sites\/1231\/2021\/04\/20210217_190743_Brent-Eason-scaled-e1618578396437-300x242.jpg 300w, https:\/\/www.med.unc.edu\/shac\/wp-content\/uploads\/sites\/1231\/2021\/04\/20210217_190743_Brent-Eason-scaled-e1618578396437-1024x827.jpg 1024w, https:\/\/www.med.unc.edu\/shac\/wp-content\/uploads\/sites\/1231\/2021\/04\/20210217_190743_Brent-Eason-scaled-e1618578396437-768x620.jpg 768w, https:\/\/www.med.unc.edu\/shac\/wp-content\/uploads\/sites\/1231\/2021\/04\/20210217_190743_Brent-Eason-scaled-e1618578396437-1536x1241.jpg 1536w, https:\/\/www.med.unc.edu\/shac\/wp-content\/uploads\/sites\/1231\/2021\/04\/20210217_190743_Brent-Eason-scaled-e1618578396437-600x485.jpg 600w\" sizes=\"auto, (max-width: 1830px) 100vw, 1830px\" \/><\/a><\/div>\n<\/div>\n<p>&nbsp;<\/p>\n<div class=\"panel panel-warning  oscitas-bootstrap-container\">\n<div class=\"panel-heading oscitas-bootstrap-container\">\n<h3 style=\"text-align: center\">Nuestra misi\u00f3n<\/h3>\n<\/div>\n<div class=\"panel-body oscitas-bootstrap-container\">\nSHAC provee pruebas de VIH y enfermedades de transmisi\u00f3n sexual (ETS) gratuitas y consejer\u00eda en salud sexual en colaboraci\u00f3n con la cl\u00ednica de enfermedades infecciosas de UNC. Los consejeros voluntarios son entrenados para ejecutar pruebas r\u00e1pidas de VIH, hepatitis C, y s\u00edfilis en la cl\u00ednica, as\u00ed como pruebas de laboratorio de gonorrea y clamidia. Los consejeros pueden proveer a los pacientes suministros para tener sexo m\u00e1s seguro, herramientas, y educaci\u00f3n. Adem\u00e1s, los consejeros pueden proveer remisiones para profilaxis previa (PrEP, por sus siglas en ingl\u00e9s) a la exposici\u00f3n del VIH si fuera necesario o si el paciente las solicita.<\/div>\n<\/div>\n<p style=\"text-align: center\"><div class=\"panel panel-primary  oscitas-bootstrap-container\">\n<div class=\"panel-heading oscitas-bootstrap-container\">\n<h3 style=\"text-align: center\"><span style=\"color: #ffffff\">Ubicaci\u00f3n y horario<\/span><\/h3>\n<p style=\"text-align: center\"><\/div>\n<p style=\"text-align: center\"><div class=\"panel-body oscitas-bootstrap-container\">\n<p style=\"text-align: center\">Nuestras pruebas gratuitas est\u00e1n disponibles los mi\u00e9rcoles de las 6:00PM a las 9:30 PM. Estamos localizados en la siguiente direcci\u00f3n:<\/p>\n<p style=\"text-align: center\"><a class=\"external-link\" title=\"\" href=\"http:\/\/maps.google.com\/maps?q=301+Lloyd+St,+Carrboro,+NC+27510,+USA&amp;amp;ie=UTF8&amp;amp;z=16&amp;amp;iwloc=addr&amp;amp;om=1\" target=\"_blank\" rel=\"noopener noreferrer\">Carrboro Community Health Center<br \/>\n301 Lloyd St<br \/>\nCarrboro, NC 27510<\/a><\/p>\n<p style=\"text-align: center\"><strong>**SHAC HIV actualmente no est\u00e1 haciendo pruebas de VIH y ETS en nuestra cl\u00ednica en Durham debido a restricciones por la pandemia, pero planeamos reabrir en el futuro<\/strong><\/p>\n<p style=\"text-align: center\"><\/div>\n<\/div>\n<p>&nbsp;<\/p>\n<h2 class=\"section-som\"><span>Haga una cita<\/span><\/h2>\n<div>\n<p>SHAC HIV provee pruebas del VIH y otras enfermedades de transmisi\u00f3n sexual (ETS) para cualquier mayor de 14 a\u00f1os que las solicite.<\/p>\n<p>Actualmente nuestras operaciones se llevan a cabo en el centro de salud Carrboro Community Health Center solo con cita previa. Por favor note que t\u00edpicamente entregamos todos los resultados de las pruebas la siguiente semana por tel\u00e9fono.<\/p>\n<\/div>\n<p>Hay dos opciones para programar una cita:<\/p>\n<ol>\n<li><strong><a href=\"tel:9845381031\">Llame 984-538-1031<\/a>,<\/strong>espere que la l\u00ednea termine de repicar y luego deje un mensaje con su nombre completo, n\u00famero de tel\u00e9fono, y la raz\u00f3n de su visita. Para reducir el riesgo de pacientes y el personal de salud, usted puede solicitar una cita de telesalud por tel\u00e9fono o video llamada para pacientes con preocupaciones que pueden ser evaluadas de forma remota.<\/li>\n<li>Por favor llene <a href=\"https:\/\/unc.az1.qualtrics.com\/jfe\/form\/SV_55Rdgf9gjKab1Wd\">este formulario de petici\u00f3n.\u00a0<\/a><\/li>\n<\/ol>\n<p>&nbsp;<\/p>\n<p class=\"p1\"><h2 class=\"section-som\"><span>Mas informaci\u00f3n y recursos<\/span><\/h2>\n<p><strong>\u00a1Nosotros ofrecemos pruebas r\u00e1pidas de VIH y ETS gratuitas y confidenciales!<\/strong><\/p>\n<p>Los servicios en nuestra cl\u00ednica de Carrboro incluyen pruebas r\u00e1pidas de VIH, hepatitis C, y s\u00edfilis con resultados disponibles en menos de media hora. Tambi\u00e9n ofrecemos pruebas de gonorrea y clamidia con resultados disponibles t\u00edpicamente en tres d\u00edas h\u00e1biles. Por \u00faltimo, tambi\u00e9n ofrecemos remisiones para profilaxis previa a la exposici\u00f3n del VIH disponibles en centros de salud locales del condado o a trav\u00e9s de la farmacia de SHAC. Los consejeros entrenados proveen educaci\u00f3n, prevenci\u00f3n, e informaci\u00f3n de reducci\u00f3n de da\u00f1o con todas las citas de los pacientes.<\/p>\n<p>Aprenda m\u00e1s acerca de nosotros a trav\u00e9s de <strong style=\"color: inherit;font-size: 12px\"><span class=\"leader\"><a class=\"external-link\" title=\"\" href=\"https:\/\/www.facebook.com\/shacxyz\" target=\"_self\" rel=\"noopener noreferrer\">Facebook<\/a> o <a class=\"external-link\" title=\"\" href=\"https:\/\/twitter.com\/SHAC_HIV\" target=\"_self\" rel=\"noopener noreferrer\">Twitter<\/a>.<\/span><\/strong><\/p>\n<p><strong>Cosas que deber\u00eda acerca del VIH y del SIDA<\/strong><\/p>\n<p>\u00b7 El VIH es el virus que causa el SIDA y a menudo no tiene s\u00edntomas. La mejor manera de saber si tiene VIH es hacerse una prueba. Si su resultado es positivo NO SIGNIFICA que usted tiene SIDA.<\/p>\n<p>\u00b7 Hay muchos tratamientos disponibles para ayudarle a las personas con VIH a tener vidas productivas y saludables aunque a\u00fan no hay cura para el VIH.<\/p>\n<p>\u00b7 El VIH puede transmitirse de un individuo infectado a una persona no infectada a trav\u00e9s de la sangre, fluidos vaginales, leche materna, mucosidad anal, semen, y pre-semen.<\/p>\n<p>\u00b7 Las mejores maneras de protegerse a s\u00ed mismo del VIH son no compartir agujas y usar un cond\u00f3n cada vez que tenga relaciones sexuales.<\/p>\n<p>\u00b7 Un medicamento muy eficaz para prevenir el VIH est\u00e1 disponible para personas de alto riesgo que re\u00fanen ciertos requisitos.<\/p>\n<p><strong>Cosas que deber\u00eda saber acerca de las enfermedades de trasmisi\u00f3n sexual (ETS):<\/strong><\/p>\n<p>\u00b7 Las ETS pueden no tener s\u00edntomas o pueden tener s\u00edntomas visibles o f\u00edsicos.<\/p>\n<p>\u00b7 Los condones masculinos y femeninos y los protectores dentales de l\u00e1tex son la mejor manera de prevenir pasarle una ETS a una pareja, \u00a1pero no son m\u00e9todos perfectos!<\/p>\n<p>\u00b7 La mejor manera que las personas sexualmente activas est\u00e9n y se mantengan seguras es hacerse pruebas regularmente.<\/p>\n<p>\u00b7 La gonorrea y la clamidia se pueden curar con antibi\u00f3ticos, pero esto significa que una persona se puede re-infectar despu\u00e9s del tratamiento.<\/p>\n<p>\u00b7 La hepatitis C se puede transmitir por compartir agujas o por contacto sexual, y es tratable con medicamentos.<\/p>\n<p>\u00b7 \u00bfSab\u00edas que\u2026 las personas que nacieron entre 1945 y 1965 pueden tener riesgo de contraer hepatitis C porque fueron expuestas a trav\u00e9s de material m\u00e9dico antes de la d\u00e9cada de 1970? Basta con hacerse una prueba para saber su estatus de salud si usted pertenece a este grupo de edad.<\/p>\n<p><strong>Visite estos sitios oficiales para obtener m\u00e1s informaci\u00f3n acerca del VIH y las ETS:<\/strong><\/p>\n<p><a class=\"external-link\" title=\"\" href=\"https:\/\/wwwn.cdc.gov\/hivrisk\/\" target=\"_self\" rel=\"noopener noreferrer\">HIV Risk Factors and Information<\/a>\u00a0\/\u00a0<a class=\"external-link\" title=\"\" href=\"https:\/\/www.cdc.gov\/hiv\/spanish\/basics\/index.html\" target=\"_self\" rel=\"noopener noreferrer\">VIH Informaci\u00f3n general<\/a>\u00a0(en Espa\u00f1ol)<\/p>\n<p><a class=\"external-link\" title=\"\" href=\"http:\/\/www.mayoclinic.org\/diseases-conditions\/hiv-aids\/basics\/symptoms\/con-20013732\" target=\"_self\" rel=\"noopener noreferrer\">HIV Symptoms<\/a>\u00a0\/\u00a0<a class=\"external-link\" title=\"\" href=\"https:\/\/www.mayoclinic.org\/es-es\/diseases-conditions\/hiv-aids\/symptoms-causes\/syc-20373524\" target=\"_self\" rel=\"noopener noreferrer\">VIH S\u00edntomas<\/a>\u00a0(en Espa\u00f1ol)<\/p>\n<p><a class=\"external-link\" title=\"\" href=\"http:\/\/www.cdc.gov\/hiv\/statistics\/overview\/geographicdistribution.html\" target=\"_self\" rel=\"noopener noreferrer\">HIV in North Carolina and across the United States<\/a><\/p>\n<p>PDF:\u00a0<a class=\"external-link\" title=\"\" href=\"http:\/\/www.cdc.gov\/hepatitis\/HCV\/PDFs\/HepCGeneralFactSheet.pdf\" target=\"_self\" rel=\"noopener noreferrer\">Facts about Hepatitis C<\/a>\u00a0\/ Hepatitis C\u00a0<a class=\"external-link\" title=\"\" href=\"http:\/\/www.cdc.gov\/hepatitis\/HCV\/PDFs\/HepCGeneralFactSheet_sp.pdf\" target=\"_self\" rel=\"noopener noreferrer\">Informaci\u00f3n general<\/a>\u00a0(en Espa\u00f1ol)<\/p>\n<p>PDF:\u00a0<a class=\"external-link\" title=\"\" href=\"https:\/\/www.cdc.gov\/std\/gonorrhea\/Gonorrhea-FS-June-2017.pdf\" target=\"_self\" rel=\"noopener noreferrer\">Facts about Gonorrhea<\/a><\/p>\n<hr class=\" rule-dotted osc-rule\" \/>\n<p>&nbsp;<\/p>\n<h2 class=\"section-som\"><span>Preguntas m\u00e1s comunes<\/span><\/h2>\n<p><strong>\u00bfQu\u00e9 pasar\u00e1 durante mi cita?<\/strong><\/p>\n<p>Cuando usted venga, es probable que le den unos formularios para que los llene mientras espera al personal de salud \u2013 por favor aseg\u00farese que su informaci\u00f3n personal es exacta por si necesitamos contactarle despu\u00e9s de su visita. Unid de nuestros consejeros se tomar\u00e1 10-15 minutos para conocerle a usted y sus necesidades, adem\u00e1s de discutir sus pruebas recomendadas y contestar cualquier pregunta que usted podr\u00eda tener. Para ex\u00e1menes de orina, le explicaremos como recolectar el esp\u00e9cimen por si mismo\/a, lo har\u00e1 de manera privada en un ba\u00f1o y dejar\u00e1 la muestra en un punto designado. Para otras pruebas, recolectaremos unas cuantas gotas de sangre de uno de sus dedos para analizarla en uno de nuestros dispositivos. Actualmente estamos entregando los resultados por tel\u00e9fono, despu\u00e9s que su visita haya concluido.<\/p>\n<p>&nbsp;<\/p>\n<p class=\"p1\"><h2 class=\"section-som\"><span>Cont\u00e1ctenos<\/span><\/h2>\n<p class=\"p1\">\u00bfTiene preguntas acerca de las pruebas del VIH u otra ETS? Env\u00edenos un correo a la siguiente direcci\u00f3n: <a style=\"background-color: #ffffff\" href=\"mailto:shac_hiv@med.unc.edu\">shac_hiv@med.unc.edu<\/a><\/p>\n","protected":false},"excerpt":{"rendered":"<p>&nbsp; &nbsp; SHAC HIV provee pruebas del VIH y otras enfermedades de transmisi\u00f3n sexual (ETS) para cualquier mayor de 14 a\u00f1os que las solicite. Actualmente nuestras operaciones se llevan a cabo en el centro de salud Carrboro Community Health Center solo con cita previa. Por favor note que t\u00edpicamente entregamos todos los resultados de las &hellip; <a href=\"https:\/\/www.med.unc.edu\/shac\/home-page-espanol\/programs-2\/hiv-xyz\/\" aria-label=\"Read more about El VIH y las ETS\">Read more<\/a><\/p>\n","protected":false},"author":110629,"featured_media":0,"parent":3256,"menu_order":24,"comment_status":"closed","ping_status":"closed","template":"","meta":{"_acf_changed":false,"layout":"","cellInformation":"","apiCallInformation":"","footnotes":"","_links_to":"","_links_to_target":""},"class_list":["post-3262","page","type-page","status-publish","hentry","odd"],"acf":[],"_links_to":[],"_links_to_target":[],"_links":{"self":[{"href":"https:\/\/www.med.unc.edu\/shac\/wp-json\/wp\/v2\/pages\/3262","targetHints":{"allow":["GET"]}}],"collection":[{"href":"https:\/\/www.med.unc.edu\/shac\/wp-json\/wp\/v2\/pages"}],"about":[{"href":"https:\/\/www.med.unc.edu\/shac\/wp-json\/wp\/v2\/types\/page"}],"author":[{"embeddable":true,"href":"https:\/\/www.med.unc.edu\/shac\/wp-json\/wp\/v2\/users\/110629"}],"replies":[{"embeddable":true,"href":"https:\/\/www.med.unc.edu\/shac\/wp-json\/wp\/v2\/comments?post=3262"}],"version-history":[{"count":0,"href":"https:\/\/www.med.unc.edu\/shac\/wp-json\/wp\/v2\/pages\/3262\/revisions"}],"up":[{"embeddable":true,"href":"https:\/\/www.med.unc.edu\/shac\/wp-json\/wp\/v2\/pages\/3256"}],"wp:attachment":[{"href":"https:\/\/www.med.unc.edu\/shac\/wp-json\/wp\/v2\/media?parent=3262"}],"curies":[{"name":"wp","href":"https:\/\/api.w.org\/{rel}","templated":true}]}}