{"id":3263,"date":"2021-05-19T21:18:58","date_gmt":"2021-05-20T01:18:58","guid":{"rendered":"https:\/\/www.med.unc.edu\/shac\/?page_id=3263"},"modified":"2021-06-28T22:37:43","modified_gmt":"2021-06-29T02:37:43","slug":"interpreting","status":"publish","type":"page","link":"https:\/\/www.med.unc.edu\/shac\/home-page-espanol\/programs-2\/interpreting\/","title":{"rendered":"Interpretaci\u00f3n"},"content":{"rendered":"<p>&nbsp;<\/p>\n<div class=\"panel panel-warning  oscitas-bootstrap-container\">\n<div class=\"panel-heading oscitas-bootstrap-container\">\n<h3 style=\"text-align: center\">Nuestra misi\u00f3n<\/h3>\n<\/div>\n<div class=\"panel-body oscitas-bootstrap-container\">\n<p>Los Servicios de Interpretaci\u00f3n de SHAC (Student Health Action Coalition por sus siglas en ingl\u00e9s) proveen un foro para la pr\u00e1ctica, el desarrollo, y el mejoramiento de las habilidades culturales y ling\u00fc\u00edsticas. En particular nos enfocamos en adaptar nuestras habilidades para su uso en \u00e1mbitos de atenci\u00f3n m\u00e9dica.<\/p>\n<p>Los Servicios de Interpretaci\u00f3n de SHAC buscan activamente oportunidades de interpretaci\u00f3n para que sus miembros refinen sus habilidades en la cl\u00ednica, y tambi\u00e9n apoyan los esfuerzos de desarrollar sus habilidades ling\u00fc\u00edsticas en sesiones de pr\u00e1ctica m\u00e1s informales dentro del contexto de la organizaci\u00f3n. Como parte de nuestra misi\u00f3n, los servicios de interpretaci\u00f3n de SHAC abogan por el uso expandido del espa\u00f1ol y el mandar\u00edn en los servicios de salud con el fin de responder a la creciente poblaci\u00f3n de pacientes.<\/p>\n<p>Nuestra membres\u00eda est\u00e1 disponible para estudiantes y empleados de UNC interesados en usar sus habilidades en el \u00e1mbito de atenci\u00f3n m\u00e9dica, incluyendo estudiantes de medicina, graduados, de postgrado y de grado. La membres\u00eda y la participaci\u00f3n en las actividades del grupo no est\u00e1n limitadas con respecto a raza, color, religi\u00f3n, origen nacional, incapacidad, edad, orientaci\u00f3n sexual, o g\u00e9nero. La mayor\u00eda de los miembros de la organizaci\u00f3n son estudiantes de UNC-CH.<\/p>\n<\/div>\n<\/div>\n<p>&nbsp;<\/p>\n<p class=\"p1\"><h2 class=\"section-som\"><span>Acerca de nosotros<\/span><\/h2>\n<div>\n<p>Los servicios de interpretaci\u00f3n de SHAC proveen un foro para la pr\u00e1ctica y el desarrollo de las habilidades ling\u00fc\u00edsticas e interpretaci\u00f3n cl\u00ednica. Actualmente ofrecemos oportunidades en espa\u00f1ol y mandar\u00edn. Nuestra misi\u00f3n primaria es de proveer servicios de interpretaci\u00f3n consistentes y fiables para los pacientes de la cl\u00ednica voluntaria operada por estudiantes, SHAC.<\/p>\n<p>Nuestra membres\u00eda est\u00e1 abierta para todos los estudiantes y empleados de UNC interesados en mejorar sus habilidades de traducir en \u00e1mbitos de servicios cl\u00ednicos. La mayor\u00eda de los miembros son estudiantes de UNC-Chapel Hill, incluyendo estudiantes de pre-grado, de profesiones de salud, graduados, de postgrado, adem\u00e1s de empleados de la universidad.<\/p>\n<p><strong>SHAC ofrece servicios de salud gratuitos todos los mi\u00e9rcoles por la noche en centro de salud Carrboro Community Health Center, una divisi\u00f3n de los servicios de salud Piedmont Health Services, Inc. Los Servicios de Interpretaci\u00f3n de SHAC tambi\u00e9n proveen servicios de interpretaci\u00f3n y educaci\u00f3n de salud biling\u00fce en ferias comunitarias de salud, incluyendo La Fiesta del Pueblo, St. Thomas Moore y El Centro Hispano, entre otros.<\/strong><\/p>\n<\/div>\n<div>\n<p>&nbsp;<\/p>\n<p><strong>La comunidad a la que servimos<\/strong><\/p>\n<p>In the last ten years, North Carolina has experienced a growth in our Latino and Mandarin-speaking populations. These growing communities face considerable language and cultural barriers to health care and social services. Often this need can be found in our own back yard. As a result, staff at local clinics has had to face the difficult task of adjusting to the changing demographics .<\/p>\n<p>We provide interpreting services for SHAC (Student Health Action Committee) clinic in Carrboro, the SHAC health booth at La Fiesta del Pueblo, and other community health events. Through these opportunities, SHAC Interpreting Services hopes to improve the Spanish language skills of our members as well as encourage and advocate for expanding the use of Spanish in health care. We hope to encourage future health care workers to become better Spanish and Mandarin speakers and to incorporate the Spanish and Mandarin languages in their training and in their practice.<\/p>\n<p>&nbsp;<\/p>\n<\/div>\n<h2 class=\"section-som\"><span>Haga una cita<\/span><\/h2>\n<p>Dos opciones para <strong>programar una cita<\/strong>:<\/p>\n<ol>\n<li><strong><a href=\"tel:9845381031\">Llame 984-538-1031<\/a>, <\/strong>espere que la l\u00ednea termine de repicar y luego deje un mensaje con su nombre completo, n\u00famero de tel\u00e9fono, y la raz\u00f3n de su visita. Para reducir el riesgo de pacientes y el personal de salud, usted puede solicitar una cita de telesalud por tel\u00e9fono o video llamada para pacientes con preocupaciones que pueden ser evaluadas de forma remota.<\/li>\n<li>Por favor llene <a href=\"https:\/\/unc.az1.qualtrics.com\/jfe\/form\/SV_55Rdgf9gjKab1Wd\">este formulario de petici\u00f3n<\/a>.<\/li>\n<\/ol>\n<p>Para solicitar que le <strong>rellenen su medicamento<\/strong>:<\/p>\n<ol>\n<li>Llame <strong><a href=\"tel:9194428207\">919-442-8207<\/a>.<\/strong>Por favor deje un mensaje con su nombre completo y n\u00famero de tel\u00e9fono.<\/li>\n<\/ol>\n<p>&nbsp;<\/p>\n<p class=\"p1\"><h2 class=\"section-som\"><span>Cont\u00e1ctenos<\/span><\/h2>\n<p class=\"p1\">Para preguntas relacionadas con nuestros servicios de interpretaci\u00f3n, por favor cont\u00e1ctenos a trav\u00e9s de\u00a0<a href=\"mailto:shac_interpreting@med.unc.edu\">shac_interpreting@med.unc.edu<\/a>.<\/p>\n","protected":false},"excerpt":{"rendered":"<p>&nbsp; &nbsp; Los servicios de interpretaci\u00f3n de SHAC proveen un foro para la pr\u00e1ctica y el desarrollo de las habilidades ling\u00fc\u00edsticas e interpretaci\u00f3n cl\u00ednica. Actualmente ofrecemos oportunidades en espa\u00f1ol y mandar\u00edn. Nuestra misi\u00f3n primaria es de proveer servicios de interpretaci\u00f3n consistentes y fiables para los pacientes de la cl\u00ednica voluntaria operada por estudiantes, SHAC. Nuestra &hellip; <a href=\"https:\/\/www.med.unc.edu\/shac\/home-page-espanol\/programs-2\/interpreting\/\" aria-label=\"Read more about Interpretaci\u00f3n\">Read more<\/a><\/p>\n","protected":false},"author":110629,"featured_media":0,"parent":3256,"menu_order":25,"comment_status":"closed","ping_status":"closed","template":"","meta":{"_acf_changed":false,"layout":"","cellInformation":"","apiCallInformation":"","footnotes":"","_links_to":"","_links_to_target":""},"class_list":["post-3263","page","type-page","status-publish","hentry","odd"],"acf":[],"yoast_head":"<!-- This site is optimized with the Yoast SEO plugin v26.8 - https:\/\/yoast.com\/product\/yoast-seo-wordpress\/ -->\n<title>Interpretaci\u00f3n - SHAC: Student Health Action Coalition<\/title>\n<meta name=\"robots\" content=\"index, follow, max-snippet:-1, max-image-preview:large, max-video-preview:-1\" \/>\n<link rel=\"canonical\" href=\"https:\/\/www.med.unc.edu\/shac\/home-page-espanol\/programs-2\/interpreting\/\" \/>\n<meta property=\"og:locale\" content=\"en_US\" \/>\n<meta property=\"og:type\" content=\"article\" \/>\n<meta property=\"og:title\" content=\"Interpretaci\u00f3n - SHAC: Student Health Action Coalition\" \/>\n<meta property=\"og:description\" content=\"&nbsp; &nbsp; Los servicios de interpretaci\u00f3n de SHAC proveen un foro para la pr\u00e1ctica y el desarrollo de las habilidades ling\u00fc\u00edsticas e interpretaci\u00f3n cl\u00ednica. Actualmente ofrecemos oportunidades en espa\u00f1ol y mandar\u00edn. Nuestra misi\u00f3n primaria es de proveer servicios de interpretaci\u00f3n consistentes y fiables para los pacientes de la cl\u00ednica voluntaria operada por estudiantes, SHAC. Nuestra &hellip; Read more\" \/>\n<meta property=\"og:url\" content=\"https:\/\/www.med.unc.edu\/shac\/home-page-espanol\/programs-2\/interpreting\/\" \/>\n<meta property=\"og:site_name\" content=\"SHAC: Student Health Action Coalition\" \/>\n<meta property=\"article:modified_time\" content=\"2021-06-29T02:37:43+00:00\" \/>\n<meta name=\"twitter:card\" content=\"summary_large_image\" \/>\n<meta name=\"twitter:label1\" content=\"Est. reading time\" \/>\n\t<meta name=\"twitter:data1\" content=\"4 minutes\" \/>\n<script type=\"application\/ld+json\" class=\"yoast-schema-graph\">{\"@context\":\"https:\/\/schema.org\",\"@graph\":[{\"@type\":\"WebPage\",\"@id\":\"https:\/\/www.med.unc.edu\/shac\/home-page-espanol\/programs-2\/interpreting\/\",\"url\":\"https:\/\/www.med.unc.edu\/shac\/home-page-espanol\/programs-2\/interpreting\/\",\"name\":\"Interpretaci\u00f3n - SHAC: Student Health Action Coalition\",\"isPartOf\":{\"@id\":\"https:\/\/www.med.unc.edu\/shac\/#website\"},\"datePublished\":\"2021-05-20T01:18:58+00:00\",\"dateModified\":\"2021-06-29T02:37:43+00:00\",\"breadcrumb\":{\"@id\":\"https:\/\/www.med.unc.edu\/shac\/home-page-espanol\/programs-2\/interpreting\/#breadcrumb\"},\"inLanguage\":\"en-US\",\"potentialAction\":[{\"@type\":\"ReadAction\",\"target\":[\"https:\/\/www.med.unc.edu\/shac\/home-page-espanol\/programs-2\/interpreting\/\"]}]},{\"@type\":\"BreadcrumbList\",\"@id\":\"https:\/\/www.med.unc.edu\/shac\/home-page-espanol\/programs-2\/interpreting\/#breadcrumb\",\"itemListElement\":[{\"@type\":\"ListItem\",\"position\":1,\"name\":\"Home\",\"item\":\"https:\/\/www.med.unc.edu\/shac\/\"},{\"@type\":\"ListItem\",\"position\":2,\"name\":\"SHAC: La Cl\u00ednica Gratuita\",\"item\":\"https:\/\/www.med.unc.edu\/shac\/home-page-espanol\/\"},{\"@type\":\"ListItem\",\"position\":3,\"name\":\"Servicios ofrecidos\",\"item\":\"https:\/\/www.med.unc.edu\/shac\/home-page-espanol\/programs-2\/\"},{\"@type\":\"ListItem\",\"position\":4,\"name\":\"Interpretaci\u00f3n\"}]},{\"@type\":\"WebSite\",\"@id\":\"https:\/\/www.med.unc.edu\/shac\/#website\",\"url\":\"https:\/\/www.med.unc.edu\/shac\/\",\"name\":\"SHAC: Student Health Action Coalition\",\"description\":\"\",\"potentialAction\":[{\"@type\":\"SearchAction\",\"target\":{\"@type\":\"EntryPoint\",\"urlTemplate\":\"https:\/\/www.med.unc.edu\/shac\/?s={search_term_string}\"},\"query-input\":{\"@type\":\"PropertyValueSpecification\",\"valueRequired\":true,\"valueName\":\"search_term_string\"}}],\"inLanguage\":\"en-US\"}]}<\/script>\n<!-- \/ Yoast SEO plugin. -->","yoast_head_json":{"title":"Interpretaci\u00f3n - SHAC: Student Health Action Coalition","robots":{"index":"index","follow":"follow","max-snippet":"max-snippet:-1","max-image-preview":"max-image-preview:large","max-video-preview":"max-video-preview:-1"},"canonical":"https:\/\/www.med.unc.edu\/shac\/home-page-espanol\/programs-2\/interpreting\/","og_locale":"en_US","og_type":"article","og_title":"Interpretaci\u00f3n - SHAC: Student Health Action Coalition","og_description":"&nbsp; &nbsp; Los servicios de interpretaci\u00f3n de SHAC proveen un foro para la pr\u00e1ctica y el desarrollo de las habilidades ling\u00fc\u00edsticas e interpretaci\u00f3n cl\u00ednica. Actualmente ofrecemos oportunidades en espa\u00f1ol y mandar\u00edn. Nuestra misi\u00f3n primaria es de proveer servicios de interpretaci\u00f3n consistentes y fiables para los pacientes de la cl\u00ednica voluntaria operada por estudiantes, SHAC. Nuestra &hellip; Read more","og_url":"https:\/\/www.med.unc.edu\/shac\/home-page-espanol\/programs-2\/interpreting\/","og_site_name":"SHAC: Student Health Action Coalition","article_modified_time":"2021-06-29T02:37:43+00:00","twitter_card":"summary_large_image","twitter_misc":{"Est. reading time":"4 minutes"},"schema":{"@context":"https:\/\/schema.org","@graph":[{"@type":"WebPage","@id":"https:\/\/www.med.unc.edu\/shac\/home-page-espanol\/programs-2\/interpreting\/","url":"https:\/\/www.med.unc.edu\/shac\/home-page-espanol\/programs-2\/interpreting\/","name":"Interpretaci\u00f3n - SHAC: Student Health Action Coalition","isPartOf":{"@id":"https:\/\/www.med.unc.edu\/shac\/#website"},"datePublished":"2021-05-20T01:18:58+00:00","dateModified":"2021-06-29T02:37:43+00:00","breadcrumb":{"@id":"https:\/\/www.med.unc.edu\/shac\/home-page-espanol\/programs-2\/interpreting\/#breadcrumb"},"inLanguage":"en-US","potentialAction":[{"@type":"ReadAction","target":["https:\/\/www.med.unc.edu\/shac\/home-page-espanol\/programs-2\/interpreting\/"]}]},{"@type":"BreadcrumbList","@id":"https:\/\/www.med.unc.edu\/shac\/home-page-espanol\/programs-2\/interpreting\/#breadcrumb","itemListElement":[{"@type":"ListItem","position":1,"name":"Home","item":"https:\/\/www.med.unc.edu\/shac\/"},{"@type":"ListItem","position":2,"name":"SHAC: La Cl\u00ednica Gratuita","item":"https:\/\/www.med.unc.edu\/shac\/home-page-espanol\/"},{"@type":"ListItem","position":3,"name":"Servicios ofrecidos","item":"https:\/\/www.med.unc.edu\/shac\/home-page-espanol\/programs-2\/"},{"@type":"ListItem","position":4,"name":"Interpretaci\u00f3n"}]},{"@type":"WebSite","@id":"https:\/\/www.med.unc.edu\/shac\/#website","url":"https:\/\/www.med.unc.edu\/shac\/","name":"SHAC: Student Health Action Coalition","description":"","potentialAction":[{"@type":"SearchAction","target":{"@type":"EntryPoint","urlTemplate":"https:\/\/www.med.unc.edu\/shac\/?s={search_term_string}"},"query-input":{"@type":"PropertyValueSpecification","valueRequired":true,"valueName":"search_term_string"}}],"inLanguage":"en-US"}]}},"_links_to":[],"_links_to_target":[],"_links":{"self":[{"href":"https:\/\/www.med.unc.edu\/shac\/wp-json\/wp\/v2\/pages\/3263","targetHints":{"allow":["GET"]}}],"collection":[{"href":"https:\/\/www.med.unc.edu\/shac\/wp-json\/wp\/v2\/pages"}],"about":[{"href":"https:\/\/www.med.unc.edu\/shac\/wp-json\/wp\/v2\/types\/page"}],"author":[{"embeddable":true,"href":"https:\/\/www.med.unc.edu\/shac\/wp-json\/wp\/v2\/users\/110629"}],"replies":[{"embeddable":true,"href":"https:\/\/www.med.unc.edu\/shac\/wp-json\/wp\/v2\/comments?post=3263"}],"version-history":[{"count":0,"href":"https:\/\/www.med.unc.edu\/shac\/wp-json\/wp\/v2\/pages\/3263\/revisions"}],"up":[{"embeddable":true,"href":"https:\/\/www.med.unc.edu\/shac\/wp-json\/wp\/v2\/pages\/3256"}],"wp:attachment":[{"href":"https:\/\/www.med.unc.edu\/shac\/wp-json\/wp\/v2\/media?parent=3263"}],"curies":[{"name":"wp","href":"https:\/\/api.w.org\/{rel}","templated":true}]}}