{"id":3264,"date":"2021-05-19T21:19:05","date_gmt":"2021-05-20T01:19:05","guid":{"rendered":"https:\/\/www.med.unc.edu\/shac\/?page_id=3264"},"modified":"2021-06-21T23:25:46","modified_gmt":"2021-06-22T03:25:46","slug":"mental-health","status":"publish","type":"page","link":"https:\/\/www.med.unc.edu\/shac\/home-page-espanol\/programs-2\/mental-health\/","title":{"rendered":"Salud mental"},"content":{"rendered":"<div class=\"panel panel-warning  oscitas-bootstrap-container\">\n<div class=\"panel-heading oscitas-bootstrap-container\">\n<h3 style=\"text-align: center\">Nuestra Misi\u00f3n<\/h3>\n<\/div>\n<div class=\"panel-body oscitas-bootstrap-container\">\n<p>SHAC provee una variedad de servicios de salud mental gratis cada mi\u00e9rcoles durante las horas de la cl\u00ednica. Servicios de salud mental incluye: depresi\u00f3n, ansiedad, dormido, uso de sustancias, dolor cr\u00f3nico, y problemas interpersonales. Estudiantes del programa de UNC psicolog\u00eda cl\u00ednica son disponibles cada semana para ayudar con una variedad de preocupaciones de salud mental, y residentes de psiqui\u00e1trica son disponibles cada mes para provee evaluaci\u00f3n y administraci\u00f3n de preocupaciones psiqui\u00e1tricas.<\/p>\n<\/div>\n<\/div>\n<p style=\"text-align: center\"><div class=\"panel panel-primary  oscitas-bootstrap-container\">\n<div class=\"panel-heading oscitas-bootstrap-container\">\n<h3 style=\"text-align: center\"><span style=\"color: #ffffff\">Ubicaci\u00f3n &amp; Horario<\/span><\/h3>\n<p style=\"text-align: center\"><\/div>\n<p style=\"text-align: center\"><div class=\"panel-body oscitas-bootstrap-container\">\n<p style=\"text-align: center\">Nuestra cl\u00ednica gratis tiene citas <strong>cada mi\u00e9rcoles<\/strong> hasta 5:30-10:00 pm, con citas que empiecen a las 5:30. La cl\u00ednica est\u00e1 a:<\/p>\n<p style=\"text-align: center\"><a class=\"external-link\" title=\"\" href=\"http:\/\/maps.google.com\/maps?q=301+Lloyd+St,+Carrboro,+NC+27510,+USA&amp;amp;ie=UTF8&amp;amp;z=16&amp;amp;iwloc=addr&amp;amp;om=1\" target=\"_blank\" rel=\"noopener noreferrer\"><br \/>\nCarrboro Community Health Center<br \/>\n301 Lloyd St<br \/>\nCarrboro, NC 27510<\/a><\/p>\n<p style=\"text-align: center\">Por favor, note que la cl\u00ednica est\u00e1 cerrada en estos datos:<\/p>\n<p style=\"text-align: center\">\u00a0\u00a0\u00a0\u00a0\u00a0\u00a0\u00a0\u00a0\u00a0\u00a0\u00a0 22 de septiembre, 2021<\/p>\n<p style=\"text-align: center\">\u00a0\u00a0\u00a0\u00a0\u00a0\u00a0\u00a0\u00a0\u00a0\u00a0\u00a0 24 de noviembre, 2021<\/p>\n<p style=\"text-align: center\">\u00a0\u00a0\u00a0\u00a0\u00a0\u00a0\u00a0\u00a0\u00a0\u00a0\u00a0 22 de diciembre, 2021<\/p>\n<p style=\"text-align: center\">\u00a0\u00a0\u00a0\u00a0\u00a0\u00a0\u00a0\u00a0\u00a0\u00a0\u00a0 29 de diciembre, 2021<\/p>\n<p style=\"text-align: center\">La cl\u00ednica va a abrir otra vez al 5 de enero, 2022.<\/p>\n<p style=\"text-align: center\"><\/div>\n<\/div>\n<p>&nbsp;<\/p>\n<p class=\"p1\"><h2 class=\"section-som\"><span>Sobre nosotros<\/span><\/h2>\n<p>SHAC provee una variedad de servicios gratis de salud mental cada mi\u00e9rcoles durante las horas de la cl\u00ednica.<\/p>\n<ol>\n<li>Estudiantes del programa de UNC psicolog\u00eda cl\u00ednica son disponibles <strong>cada semana<\/strong> para discutir salud mental y preocupaciones de relaciones con la usa de corto plazo citas de terapia (usualmente 4-8 sesiones). Citas son programadas por 45 minutos entre 6 y 9 pm. Nuestros proveedores usualmente trabajo con adultos, aunque cuidado por los ni\u00f1os y adolescentes puede ser posible.<\/li>\n<li>Residentes psiqui\u00e1tricas de UNC son disponibles <strong>cada segundo mi\u00e9rcoles<\/strong> del mes. Estos m\u00e9dicos son entrenados en cuidado especializado en salud mental y puede proveer evaluaci\u00f3n y administraci\u00f3n de alguno condici\u00f3n o preocupaci\u00f3n psiqui\u00e1trica.<\/li>\n<\/ol>\n<div>\n<p><strong>Nuestros servicios de salud mental incluyen:<\/strong><\/p>\n<ul>\n<li>Depresi\u00f3n<\/li>\n<li>Ansiedad<\/li>\n<li>Dormido<\/li>\n<li>Uso de sustancias<\/li>\n<li>Dolor cr\u00f3nico<\/li>\n<li>Problemas interpersonales (pero no ofrecemos terapia de parejas)<\/li>\n<\/ul>\n<\/div>\n<h2 class=\"section-som\"><span>Haga una cita<\/span><\/h2>\n<p><strong>**Si est\u00e1 experimentando una emergencia, llame 911 o vaya a el departamento del hospital de UNC a 101 Manning Dr, Chapel Hill, NC.**<\/strong><\/p>\n<p>Nuestros equipos de medicino solo podemos ofrecer cuidado por necesidades agudos. Ahora, no podemos proveer problemas que necesitan rayos X o otros procedimientos. SHAC voluntarios pueden referir pacientes a organizaciones locales y cl\u00ednicas de cuidado primario para necesidades a largo plazo, y cl\u00ednicas especializadas por cuidado adicional.<\/p>\n<p>Tiene dos opciones para hacer una cita.<\/p>\n<ol>\n<li>Llame <a href=\"tel:9845381031\">984-538-1031<\/a>, espere por la l\u00ednea hasta terminaci\u00f3n a la sonada, y deje un mensaje con su nombre completa, numero de tel\u00e9fono, y la raz\u00f3n de su visita. Para reducir riesgo a los pacientes y cuidadores, puede pedir por una cita de \u201ctelehealth\u201d por tel\u00e9fono o video para pacientes que tienen preocupaciones que pueden ser evaluado remotamente.<\/li>\n<li>Llene <a href=\"https:\/\/unc.az1.qualtrics.com\/jfe\/form\/SV_55Rdgf9gjKab1Wd\">esta forma aqu\u00ed<\/a>.<\/li>\n<\/ol>\n<p>Solicite una recarga de medicamentos:<\/p>\n<ol>\n<li>Llame <a href=\"tel:9194428207\">919-442-8207<\/a>. Por favor, deje un mensaje con su nombre completo y numero de tel\u00e9fono.<\/li>\n<\/ol>\n<p>Estudiantes de SHAC cumplen con regulaciones de HIPAA, y registros m\u00e9dicos de pacientes son mantenidos con est\u00e1ndares de confidencialidad.<\/p>\n<p class=\"p1\"><h2 class=\"section-som\"><span>Contacta con Nosotros<\/span><\/h2>\n<p>Para preguntas sobre la cl\u00ednica de salud mental, por favor usar: <a href=\"mailto:shac_mentalhealth@med.unc.edu\">shac_mentalhealth@med.unc.edu<\/a> o llame <a href=\"tel:9845381031\">984-538-1031<\/a><\/p>\n","protected":false},"excerpt":{"rendered":"<p>&nbsp; SHAC provee una variedad de servicios gratis de salud mental cada mi\u00e9rcoles durante las horas de la cl\u00ednica. Estudiantes del programa de UNC psicolog\u00eda cl\u00ednica son disponibles cada semana para discutir salud mental y preocupaciones de relaciones con la usa de corto plazo citas de terapia (usualmente 4-8 sesiones). Citas son programadas por 45 &hellip; <a href=\"https:\/\/www.med.unc.edu\/shac\/home-page-espanol\/programs-2\/mental-health\/\" aria-label=\"Read more about Salud mental\">Read more<\/a><\/p>\n","protected":false},"author":110629,"featured_media":0,"parent":3256,"menu_order":26,"comment_status":"closed","ping_status":"closed","template":"","meta":{"_acf_changed":false,"layout":"","cellInformation":"","apiCallInformation":"","footnotes":"","_links_to":"","_links_to_target":""},"class_list":["post-3264","page","type-page","status-publish","hentry","odd"],"acf":[],"_links_to":[],"_links_to_target":[],"_links":{"self":[{"href":"https:\/\/www.med.unc.edu\/shac\/wp-json\/wp\/v2\/pages\/3264","targetHints":{"allow":["GET"]}}],"collection":[{"href":"https:\/\/www.med.unc.edu\/shac\/wp-json\/wp\/v2\/pages"}],"about":[{"href":"https:\/\/www.med.unc.edu\/shac\/wp-json\/wp\/v2\/types\/page"}],"author":[{"embeddable":true,"href":"https:\/\/www.med.unc.edu\/shac\/wp-json\/wp\/v2\/users\/110629"}],"replies":[{"embeddable":true,"href":"https:\/\/www.med.unc.edu\/shac\/wp-json\/wp\/v2\/comments?post=3264"}],"version-history":[{"count":0,"href":"https:\/\/www.med.unc.edu\/shac\/wp-json\/wp\/v2\/pages\/3264\/revisions"}],"up":[{"embeddable":true,"href":"https:\/\/www.med.unc.edu\/shac\/wp-json\/wp\/v2\/pages\/3256"}],"wp:attachment":[{"href":"https:\/\/www.med.unc.edu\/shac\/wp-json\/wp\/v2\/media?parent=3264"}],"curies":[{"name":"wp","href":"https:\/\/api.w.org\/{rel}","templated":true}]}}