{"id":3265,"date":"2021-05-19T21:19:20","date_gmt":"2021-05-20T01:19:20","guid":{"rendered":"https:\/\/www.med.unc.edu\/shac\/?page_id=3265"},"modified":"2021-06-21T23:25:24","modified_gmt":"2021-06-22T03:25:24","slug":"ophthalmology-eye-care","status":"publish","type":"page","link":"https:\/\/www.med.unc.edu\/shac\/home-page-espanol\/programs-2\/ophthalmology-eye-care\/","title":{"rendered":"Oftalmolog\u00eda\/Cuidado de los Ojos"},"content":{"rendered":"<p><a href=\"https:\/\/www.med.unc.edu\/shac\/wp-content\/uploads\/sites\/1231\/2021\/04\/Screen-Shot-2021-04-25-at-2.18.11-PM.png\"><img loading=\"lazy\" decoding=\"async\" class=\"size-medium wp-image-2853 alignleft\" src=\"https:\/\/www.med.unc.edu\/shac\/wp-content\/uploads\/sites\/1231\/2021\/04\/Screen-Shot-2021-04-25-at-2.18.11-PM-300x219.png\" alt=\"\" width=\"300\" height=\"219\" srcset=\"https:\/\/www.med.unc.edu\/shac\/wp-content\/uploads\/sites\/1231\/2021\/04\/Screen-Shot-2021-04-25-at-2.18.11-PM-300x219.png 300w, https:\/\/www.med.unc.edu\/shac\/wp-content\/uploads\/sites\/1231\/2021\/04\/Screen-Shot-2021-04-25-at-2.18.11-PM-1024x747.png 1024w, https:\/\/www.med.unc.edu\/shac\/wp-content\/uploads\/sites\/1231\/2021\/04\/Screen-Shot-2021-04-25-at-2.18.11-PM-768x560.png 768w, https:\/\/www.med.unc.edu\/shac\/wp-content\/uploads\/sites\/1231\/2021\/04\/Screen-Shot-2021-04-25-at-2.18.11-PM-1536x1120.png 1536w, https:\/\/www.med.unc.edu\/shac\/wp-content\/uploads\/sites\/1231\/2021\/04\/Screen-Shot-2021-04-25-at-2.18.11-PM-2048x1494.png 2048w, https:\/\/www.med.unc.edu\/shac\/wp-content\/uploads\/sites\/1231\/2021\/04\/Screen-Shot-2021-04-25-at-2.18.11-PM-600x438.png 600w\" sizes=\"auto, (max-width: 300px) 100vw, 300px\" \/><\/a><\/p>\n<div class=\"panel panel-warning  oscitas-bootstrap-container\">\n<div class=\"panel-heading oscitas-bootstrap-container\">\n<h3 style=\"text-align: center\">Nuestra Misi\u00f3n<\/h3>\n<p style=\"text-align: center\"><\/div>\n<div class=\"panel-body oscitas-bootstrap-container\">\nSHAC-Cl\u00ednica de Oftalmolog\u00eda (SHAC-Ophtho por su nombre en ingl\u00e9s) ofrece chequeos oftalmol\u00f3gicos b\u00e1sicos gratuitos el primer mi\u00e9rcoles de cada mes. Nuestra meta es ofrecer acceso a cuidado de los ojos y ex\u00e1menes de detecci\u00f3n de calidad para los pacientes de SHAC y de la comunidad local. Servicios adicionales incluyen: ex\u00e1menes oculares generales, ex\u00e1menes oculares diab\u00e9ticos, evaluaci\u00f3n para las cataratas, detecci\u00f3n de glaucoma, receta de gafas\/lentes, derivaciones al UNC Kittner Eye Center, y m\u00e1s.<\/div>\n<\/div>\n<p style=\"text-align: center\"><div class=\"panel panel-primary  oscitas-bootstrap-container\">\n<div class=\"panel-heading oscitas-bootstrap-container\">\n<h3 style=\"text-align: center\"><span style=\"color: #ffffff\">Ubicaci\u00f3n y Horas<\/span><\/h3>\n<p style=\"text-align: center\"><\/div>\n<p style=\"text-align: center\"><div class=\"panel-body oscitas-bootstrap-container\">\n<p style=\"text-align: center\">Operamos junto a la cl\u00ednica m\u00e9dica el primer mi\u00e9rcoles de cada mes de las 5:30PM a las 8:30PM s\u00f3lo con cita previa; las visitas sin cita previa no est\u00e1n disponibles en este momento. Ofrecemos chequeos oftalmol\u00f3gicos b\u00e1sicos gratuitos. Nuestra direcci\u00f3n es:<\/p>\n<p style=\"text-align: center\"><a class=\"external-link\" title=\"\" href=\"http:\/\/maps.google.com\/maps?q=301+Lloyd+St,+Carrboro,+NC+27510,+USA&amp;amp;ie=UTF8&amp;amp;z=16&amp;amp;iwloc=addr&amp;amp;om=1\" target=\"_blank\" rel=\"noopener noreferrer\"><br \/>\nCarrboro Community Health Center<br \/>\n301 Lloyd St<br \/>\nCarrboro, NC 27510<\/a><\/p>\n<p style=\"text-align: center\"><\/div>\n<\/div>\n<p>&nbsp;<\/p>\n<h2 class=\"section-som\"><span>\u00bfQu\u00e9 es un Examen Ocular?<\/span><\/h2>\n<p>Una cita de oftalmolog\u00eda general (el estudio de las condiciones m\u00e9dicas del ojo) incluye realizar una prueba de la visi\u00f3n, medir la presi\u00f3n intraocular, calcular una receta si es necesaria, y examinar la anatom\u00eda del ojo. Para visualizar mejor las diferentes partes del ojo, se utilizan unas gotas de dilataci\u00f3n que ampl\u00edan la pupila. Es seguro manejar a casa con los ojos dilatados, pero puede ser dif\u00edcil leer por unas horas despu\u00e9s de la visita.<\/p>\n<p>Por favor, \u00a1contacte a <a href=\"mailto:shac_ophtho@med.unc.edu\">shac_ophtho@med.unc.edu<\/a> con cualquier pregunta!<\/p>\n<p>&nbsp;<\/p>\n<p class=\"p1\"><h2 class=\"section-som\"><span>Sobre Nosotros<\/span><\/h2>\n<p>Ofrecemos los siguientes servicios:<\/p>\n<p>\u00b7 Evaluaci\u00f3n de cambios en la visi\u00f3n que no son emergencias m\u00e9dicas<\/p>\n<p>\u00b7 Prueba de agudeza visual<\/p>\n<p>\u00b7 Detecci\u00f3n de glaucoma<\/p>\n<p>\u00b7 Evaluaci\u00f3n de cataratas<\/p>\n<p>\u00b7 Detecci\u00f3n de retinopat\u00eda diab\u00e9tica<\/p>\n<p>\u00b7 Derivaciones a la Cl\u00ednica de los M\u00e9dicos Residentes en UNC Kittner Eye Center<\/p>\n<p><strong>No recetamos gafas ni manejamos condiciones cr\u00f3nicas (coma el glaucoma) de manera regular.<\/strong><\/p>\n<p>Los voluntarios adquieren experiencia pr\u00e1ctica en la evaluaci\u00f3n de las enfermedades oculares. Nuestro mentor es el Dr. Maurice Landers, un Profesor de Oftalmolog\u00eda y un especialista vitreoretinal en UNC. Ha servido como Jefe del Servicio de Retina en el Duke University Eye Center y en la Universidad de California-Davis, y somos muy afortunados de tenerlo como un instructor. Trabajar como voluntario en SHAC Ophtho provee excelentes oportunidades para que los estudiantes puedan practicar el examen ocular, interactuar con el profesorado y los residentes de UNC Oftalmolog\u00eda, y servir a la comunidad local.<\/p>\n<h2 class=\"section-som\"><span>Haga una Cita<\/span><\/h2>\n<p>Si usted est\u00e1 experimentando una emergencia, llame al 911 o vaya al Departamento de Emergencias de UNC Hospitals (101 Manning Dr, Chapel Hill, NC).<\/p>\n<p>Hay dos opciones <strong>para programar una cita:<\/strong><\/p>\n<ol>\n<li><strong><a href=\"tel:9845381031\">Llame al 984-538-1031<\/a>, <\/strong>espere a que la l\u00ednea termine de sonar, y deje un mensaje con su nombre completo, n\u00famero de tel\u00e9fono, y motivo de su visita. Para reducir el riesgo a los pacientes y cuidadores, puede solicitar una cita de telemedicina por tel\u00e9fono o videollamada para los pacientes con preocupaciones que se pueden evaluar desde lejos.<\/li>\n<li>Por favor, llene <a href=\"https:\/\/unc.az1.qualtrics.com\/jfe\/form\/SV_55Rdgf9gjKab1Wd\">este formulario de solicitud.\u00a0<\/a><\/li>\n<\/ol>\n<p class=\"p1\"><h2 class=\"section-som\"><span>Para contactar con nosotros<\/span><\/h2>\n<p class=\"p1\">Si tiene preguntas sobre la cl\u00ednica SHAC Well Child, env\u00ede un correo electr\u00f3nico a <a href=\"mailto:shac_wellchild@med.unc.edu\">shac_wellchild@med.unc.edu<\/a>.<\/p>\n","protected":false},"excerpt":{"rendered":"<p>&nbsp; Una cita de oftalmolog\u00eda general (el estudio de las condiciones m\u00e9dicas del ojo) incluye realizar una prueba de la visi\u00f3n, medir la presi\u00f3n intraocular, calcular una receta si es necesaria, y examinar la anatom\u00eda del ojo. Para visualizar mejor las diferentes partes del ojo, se utilizan unas gotas de dilataci\u00f3n que ampl\u00edan la pupila. &hellip; <a href=\"https:\/\/www.med.unc.edu\/shac\/home-page-espanol\/programs-2\/ophthalmology-eye-care\/\" aria-label=\"Read more about Oftalmolog\u00eda\/Cuidado de los Ojos\">Read more<\/a><\/p>\n","protected":false},"author":110629,"featured_media":0,"parent":3256,"menu_order":27,"comment_status":"closed","ping_status":"closed","template":"","meta":{"_acf_changed":false,"layout":"","cellInformation":"","apiCallInformation":"","footnotes":"","_links_to":"","_links_to_target":""},"class_list":["post-3265","page","type-page","status-publish","hentry","odd"],"acf":[],"_links_to":[],"_links_to_target":[],"_links":{"self":[{"href":"https:\/\/www.med.unc.edu\/shac\/wp-json\/wp\/v2\/pages\/3265","targetHints":{"allow":["GET"]}}],"collection":[{"href":"https:\/\/www.med.unc.edu\/shac\/wp-json\/wp\/v2\/pages"}],"about":[{"href":"https:\/\/www.med.unc.edu\/shac\/wp-json\/wp\/v2\/types\/page"}],"author":[{"embeddable":true,"href":"https:\/\/www.med.unc.edu\/shac\/wp-json\/wp\/v2\/users\/110629"}],"replies":[{"embeddable":true,"href":"https:\/\/www.med.unc.edu\/shac\/wp-json\/wp\/v2\/comments?post=3265"}],"version-history":[{"count":0,"href":"https:\/\/www.med.unc.edu\/shac\/wp-json\/wp\/v2\/pages\/3265\/revisions"}],"up":[{"embeddable":true,"href":"https:\/\/www.med.unc.edu\/shac\/wp-json\/wp\/v2\/pages\/3256"}],"wp:attachment":[{"href":"https:\/\/www.med.unc.edu\/shac\/wp-json\/wp\/v2\/media?parent=3265"}],"curies":[{"name":"wp","href":"https:\/\/api.w.org\/{rel}","templated":true}]}}