{"id":3266,"date":"2021-05-19T21:19:35","date_gmt":"2021-05-20T01:19:35","guid":{"rendered":"https:\/\/www.med.unc.edu\/shac\/?page_id=3266"},"modified":"2024-02-12T22:47:19","modified_gmt":"2024-02-13T03:47:19","slug":"pharmacy","status":"publish","type":"page","link":"https:\/\/www.med.unc.edu\/shac\/home-page-espanol\/programs-2\/pharmacy\/","title":{"rendered":"Farmacia"},"content":{"rendered":"<p><a href=\"https:\/\/www.med.unc.edu\/shac\/wp-content\/uploads\/sites\/1231\/2021\/04\/SHAC-Pharmacy-2.jpeg\"><img loading=\"lazy\" decoding=\"async\" class=\"size-medium wp-image-2897 alignleft\" src=\"https:\/\/www.med.unc.edu\/shac\/wp-content\/uploads\/sites\/1231\/2021\/04\/SHAC-Pharmacy-2-300x225.jpeg\" alt=\"\" width=\"300\" height=\"225\" srcset=\"https:\/\/www.med.unc.edu\/shac\/wp-content\/uploads\/sites\/1231\/2021\/04\/SHAC-Pharmacy-2-300x225.jpeg 300w, https:\/\/www.med.unc.edu\/shac\/wp-content\/uploads\/sites\/1231\/2021\/04\/SHAC-Pharmacy-2-1024x768.jpeg 1024w, https:\/\/www.med.unc.edu\/shac\/wp-content\/uploads\/sites\/1231\/2021\/04\/SHAC-Pharmacy-2-768x576.jpeg 768w, https:\/\/www.med.unc.edu\/shac\/wp-content\/uploads\/sites\/1231\/2021\/04\/SHAC-Pharmacy-2-280x210.jpeg 280w, https:\/\/www.med.unc.edu\/shac\/wp-content\/uploads\/sites\/1231\/2021\/04\/SHAC-Pharmacy-2-600x450.jpeg 600w, https:\/\/www.med.unc.edu\/shac\/wp-content\/uploads\/sites\/1231\/2021\/04\/SHAC-Pharmacy-2.jpeg 1280w\" sizes=\"auto, (max-width: 300px) 100vw, 300px\" \/><\/a><div class=\"panel panel-warning  oscitas-bootstrap-container\">\n<div class=\"panel-heading oscitas-bootstrap-container\">\n<h3 style=\"text-align: center\">Nuestra Misi\u00f3n<\/h3>\n<\/div>\n<div class=\"panel-body oscitas-bootstrap-container\">\n<p>La Farmacia SHAC se esfuerza por colaborar con el equipo m\u00e9dico en la selecci\u00f3n de los mejores posibles medicamentos para cada paciente. Nosotros dispensamos los medicamentos selectos en el sitio de la cl\u00ednica (con excepci\u00f3n de substancias controladas y narc\u00f3ticos) sin reabastecimientos. Nosotros aconsejamos a los pacientes sobre el uso seguro y efectivo de los medicamentos y proveemos recetas que pueden recogerse en otra farmacia local de manera gratuita.<\/p>\n<\/div>\n<\/div>\n<p style=\"text-align: center\"><div class=\"panel panel-primary  oscitas-bootstrap-container\">\n<div class=\"panel-heading oscitas-bootstrap-container\">\n<h3 style=\"text-align: center\"><span style=\"color: #ffffff\">Ubicaci\u00f3n y horario<\/span><\/h3>\n<p style=\"text-align: center\"><\/div>\n<p style=\"text-align: center\"><div class=\"panel-body oscitas-bootstrap-container\">\n<p style=\"text-align: center\">Nuestra cl\u00ednica m\u00e9dica gratuita opera todos los mi\u00e9rcoles de las 5:30 pm a las 10:00 pm, y las primeras citas empiezan a las 5:30 pm. Esta localizada en la siguiente direcci\u00f3n<\/p>\n<p style=\"text-align: center\"><a class=\"external-link\" title=\"\" href=\"http:\/\/maps.google.com\/maps?q=301+Lloyd+St,+Carrboro,+NC+27510,+USA&amp;amp;ie=UTF8&amp;amp;z=16&amp;amp;iwloc=addr&amp;amp;om=1\" target=\"_blank\" rel=\"noopener noreferrer\"><br \/>\nCarrboro Community Health Center<br \/>\n301 Lloyd St<br \/>\nCarrboro, NC 27510<\/a><\/p>\n<p style=\"text-align: center\"><\/div>\n<\/div>\n<p>&nbsp;<\/p>\n<h2 class=\"section-som\"><span>Make an Appointment\/Medication Refill<\/span><\/h2>\n<p><strong>Si tiene una emergencia, por llame al 911 o vaya a la sala de emergencias, UNC Hospitals Emergency Department localizada en 101 Manning Drive, Chapel Hill, NC.<\/strong><\/p>\n<p>Por favor programe una cita para que le atiendan en la cl\u00ednica. Actualmente no permitimos que la gente nos visite sin tener una cita.<\/p>\n<p>Tiene 2 opciones para programar una cita:<\/p>\n<ol>\n<li>Llame al <a href=\"tel:9845381031\"><strong>984-538-1031<\/strong><\/a>, espere que la l\u00ednea termine de repicar y luego deje un mensaje con su nombre completo, n\u00famero de tel\u00e9fono, y la raz\u00f3n de su visita. Para reducir el riesgo de pacientes y el personal de salud, usted puede solicitar una <strong>cita de telesalud<\/strong> por tel\u00e9fono o video llamada para pacientes con preocupaciones que pueden ser evaluadas de forma remota.<\/li>\n<\/ol>\n<p>Por favor llene <a href=\"https:\/\/unc.az1.qualtrics.com\/jfe\/form\/SV_55Rdgf9gjKab1Wd\">este formulario de petici\u00f3n<\/a>.<\/p>\n<p>Para solicitar que le <strong>rellenen su medicamento<\/strong>:<\/p>\n<ol>\n<li>Llame al <strong><a href=\"tel:9194428207\">919-442-8207<\/a>.<\/strong> Por favor deje un mensaje con su nombre completo y n\u00famero de tel\u00e9fono.<\/li>\n<\/ol>\n<p class=\"p1\"><h2 class=\"section-som\"><span>Cont\u00e1ctenos<\/span><\/h2>\n<p>Para preguntas relacionadas con el departamento de farmacia, por favor contactar <a href=\"mailto:shac_pharmacy@med.unc.edu\">shac_pharmacy@med.unc.edu<\/a><\/p>\n","protected":false},"excerpt":{"rendered":"<p>&nbsp; Si tiene una emergencia, por llame al 911 o vaya a la sala de emergencias, UNC Hospitals Emergency Department localizada en 101 Manning Drive, Chapel Hill, NC. Por favor programe una cita para que le atiendan en la cl\u00ednica. Actualmente no permitimos que la gente nos visite sin tener una cita. Tiene 2 opciones &hellip; <a href=\"https:\/\/www.med.unc.edu\/shac\/home-page-espanol\/programs-2\/pharmacy\/\" aria-label=\"Read more about Farmacia\">Read more<\/a><\/p>\n","protected":false},"author":110629,"featured_media":0,"parent":3256,"menu_order":28,"comment_status":"closed","ping_status":"closed","template":"","meta":{"_acf_changed":false,"layout":"","cellInformation":"","apiCallInformation":"","footnotes":"","_links_to":"","_links_to_target":""},"class_list":["post-3266","page","type-page","status-publish","hentry","odd"],"acf":[],"yoast_head":"<!-- This site is optimized with the Yoast SEO plugin v26.8 - https:\/\/yoast.com\/product\/yoast-seo-wordpress\/ -->\n<title>Farmacia - SHAC: Student Health Action Coalition<\/title>\n<meta name=\"robots\" content=\"index, follow, max-snippet:-1, max-image-preview:large, max-video-preview:-1\" \/>\n<link rel=\"canonical\" href=\"https:\/\/www.med.unc.edu\/shac\/home-page-espanol\/programs-2\/pharmacy\/\" \/>\n<meta property=\"og:locale\" content=\"en_US\" \/>\n<meta property=\"og:type\" content=\"article\" \/>\n<meta property=\"og:title\" content=\"Farmacia - SHAC: Student Health Action Coalition\" \/>\n<meta property=\"og:description\" content=\"&nbsp; Si tiene una emergencia, por llame al 911 o vaya a la sala de emergencias, UNC Hospitals Emergency Department localizada en 101 Manning Drive, Chapel Hill, NC. Por favor programe una cita para que le atiendan en la cl\u00ednica. Actualmente no permitimos que la gente nos visite sin tener una cita. Tiene 2 opciones &hellip; Read more\" \/>\n<meta property=\"og:url\" content=\"https:\/\/www.med.unc.edu\/shac\/home-page-espanol\/programs-2\/pharmacy\/\" \/>\n<meta property=\"og:site_name\" content=\"SHAC: Student Health Action Coalition\" \/>\n<meta property=\"article:modified_time\" content=\"2024-02-13T03:47:19+00:00\" \/>\n<meta property=\"og:image\" content=\"https:\/\/www.med.unc.edu\/shac\/wp-content\/uploads\/sites\/1231\/2021\/04\/SHAC-Pharmacy-2.jpeg\" \/>\n\t<meta property=\"og:image:width\" content=\"1280\" \/>\n\t<meta property=\"og:image:height\" content=\"960\" \/>\n\t<meta property=\"og:image:type\" content=\"image\/jpeg\" \/>\n<meta name=\"twitter:card\" content=\"summary_large_image\" \/>\n<meta name=\"twitter:label1\" content=\"Est. reading time\" \/>\n\t<meta name=\"twitter:data1\" content=\"2 minutes\" \/>\n<script type=\"application\/ld+json\" class=\"yoast-schema-graph\">{\"@context\":\"https:\/\/schema.org\",\"@graph\":[{\"@type\":\"WebPage\",\"@id\":\"https:\/\/www.med.unc.edu\/shac\/home-page-espanol\/programs-2\/pharmacy\/\",\"url\":\"https:\/\/www.med.unc.edu\/shac\/home-page-espanol\/programs-2\/pharmacy\/\",\"name\":\"Farmacia - SHAC: Student Health Action Coalition\",\"isPartOf\":{\"@id\":\"https:\/\/www.med.unc.edu\/shac\/#website\"},\"primaryImageOfPage\":{\"@id\":\"https:\/\/www.med.unc.edu\/shac\/home-page-espanol\/programs-2\/pharmacy\/#primaryimage\"},\"image\":{\"@id\":\"https:\/\/www.med.unc.edu\/shac\/home-page-espanol\/programs-2\/pharmacy\/#primaryimage\"},\"thumbnailUrl\":\"https:\/\/www.med.unc.edu\/shac\/wp-content\/uploads\/sites\/1231\/2021\/04\/SHAC-Pharmacy-2-300x225.jpeg\",\"datePublished\":\"2021-05-20T01:19:35+00:00\",\"dateModified\":\"2024-02-13T03:47:19+00:00\",\"breadcrumb\":{\"@id\":\"https:\/\/www.med.unc.edu\/shac\/home-page-espanol\/programs-2\/pharmacy\/#breadcrumb\"},\"inLanguage\":\"en-US\",\"potentialAction\":[{\"@type\":\"ReadAction\",\"target\":[\"https:\/\/www.med.unc.edu\/shac\/home-page-espanol\/programs-2\/pharmacy\/\"]}]},{\"@type\":\"ImageObject\",\"inLanguage\":\"en-US\",\"@id\":\"https:\/\/www.med.unc.edu\/shac\/home-page-espanol\/programs-2\/pharmacy\/#primaryimage\",\"url\":\"https:\/\/www.med.unc.edu\/shac\/wp-content\/uploads\/sites\/1231\/2021\/04\/SHAC-Pharmacy-2.jpeg\",\"contentUrl\":\"https:\/\/www.med.unc.edu\/shac\/wp-content\/uploads\/sites\/1231\/2021\/04\/SHAC-Pharmacy-2.jpeg\",\"width\":1280,\"height\":960,\"caption\":\"Two of our SHAC Pharmacy directors in action at the clinic\"},{\"@type\":\"BreadcrumbList\",\"@id\":\"https:\/\/www.med.unc.edu\/shac\/home-page-espanol\/programs-2\/pharmacy\/#breadcrumb\",\"itemListElement\":[{\"@type\":\"ListItem\",\"position\":1,\"name\":\"Home\",\"item\":\"https:\/\/www.med.unc.edu\/shac\/\"},{\"@type\":\"ListItem\",\"position\":2,\"name\":\"SHAC: La Cl\u00ednica Gratuita\",\"item\":\"https:\/\/www.med.unc.edu\/shac\/home-page-espanol\/\"},{\"@type\":\"ListItem\",\"position\":3,\"name\":\"Servicios ofrecidos\",\"item\":\"https:\/\/www.med.unc.edu\/shac\/home-page-espanol\/programs-2\/\"},{\"@type\":\"ListItem\",\"position\":4,\"name\":\"Farmacia\"}]},{\"@type\":\"WebSite\",\"@id\":\"https:\/\/www.med.unc.edu\/shac\/#website\",\"url\":\"https:\/\/www.med.unc.edu\/shac\/\",\"name\":\"SHAC: Student Health Action Coalition\",\"description\":\"\",\"potentialAction\":[{\"@type\":\"SearchAction\",\"target\":{\"@type\":\"EntryPoint\",\"urlTemplate\":\"https:\/\/www.med.unc.edu\/shac\/?s={search_term_string}\"},\"query-input\":{\"@type\":\"PropertyValueSpecification\",\"valueRequired\":true,\"valueName\":\"search_term_string\"}}],\"inLanguage\":\"en-US\"}]}<\/script>\n<!-- \/ Yoast SEO plugin. -->","yoast_head_json":{"title":"Farmacia - SHAC: Student Health Action Coalition","robots":{"index":"index","follow":"follow","max-snippet":"max-snippet:-1","max-image-preview":"max-image-preview:large","max-video-preview":"max-video-preview:-1"},"canonical":"https:\/\/www.med.unc.edu\/shac\/home-page-espanol\/programs-2\/pharmacy\/","og_locale":"en_US","og_type":"article","og_title":"Farmacia - SHAC: Student Health Action Coalition","og_description":"&nbsp; Si tiene una emergencia, por llame al 911 o vaya a la sala de emergencias, UNC Hospitals Emergency Department localizada en 101 Manning Drive, Chapel Hill, NC. Por favor programe una cita para que le atiendan en la cl\u00ednica. Actualmente no permitimos que la gente nos visite sin tener una cita. Tiene 2 opciones &hellip; Read more","og_url":"https:\/\/www.med.unc.edu\/shac\/home-page-espanol\/programs-2\/pharmacy\/","og_site_name":"SHAC: Student Health Action Coalition","article_modified_time":"2024-02-13T03:47:19+00:00","og_image":[{"width":1280,"height":960,"url":"https:\/\/www.med.unc.edu\/shac\/wp-content\/uploads\/sites\/1231\/2021\/04\/SHAC-Pharmacy-2.jpeg","type":"image\/jpeg"}],"twitter_card":"summary_large_image","twitter_misc":{"Est. reading time":"2 minutes"},"schema":{"@context":"https:\/\/schema.org","@graph":[{"@type":"WebPage","@id":"https:\/\/www.med.unc.edu\/shac\/home-page-espanol\/programs-2\/pharmacy\/","url":"https:\/\/www.med.unc.edu\/shac\/home-page-espanol\/programs-2\/pharmacy\/","name":"Farmacia - SHAC: Student Health Action Coalition","isPartOf":{"@id":"https:\/\/www.med.unc.edu\/shac\/#website"},"primaryImageOfPage":{"@id":"https:\/\/www.med.unc.edu\/shac\/home-page-espanol\/programs-2\/pharmacy\/#primaryimage"},"image":{"@id":"https:\/\/www.med.unc.edu\/shac\/home-page-espanol\/programs-2\/pharmacy\/#primaryimage"},"thumbnailUrl":"https:\/\/www.med.unc.edu\/shac\/wp-content\/uploads\/sites\/1231\/2021\/04\/SHAC-Pharmacy-2-300x225.jpeg","datePublished":"2021-05-20T01:19:35+00:00","dateModified":"2024-02-13T03:47:19+00:00","breadcrumb":{"@id":"https:\/\/www.med.unc.edu\/shac\/home-page-espanol\/programs-2\/pharmacy\/#breadcrumb"},"inLanguage":"en-US","potentialAction":[{"@type":"ReadAction","target":["https:\/\/www.med.unc.edu\/shac\/home-page-espanol\/programs-2\/pharmacy\/"]}]},{"@type":"ImageObject","inLanguage":"en-US","@id":"https:\/\/www.med.unc.edu\/shac\/home-page-espanol\/programs-2\/pharmacy\/#primaryimage","url":"https:\/\/www.med.unc.edu\/shac\/wp-content\/uploads\/sites\/1231\/2021\/04\/SHAC-Pharmacy-2.jpeg","contentUrl":"https:\/\/www.med.unc.edu\/shac\/wp-content\/uploads\/sites\/1231\/2021\/04\/SHAC-Pharmacy-2.jpeg","width":1280,"height":960,"caption":"Two of our SHAC Pharmacy directors in action at the clinic"},{"@type":"BreadcrumbList","@id":"https:\/\/www.med.unc.edu\/shac\/home-page-espanol\/programs-2\/pharmacy\/#breadcrumb","itemListElement":[{"@type":"ListItem","position":1,"name":"Home","item":"https:\/\/www.med.unc.edu\/shac\/"},{"@type":"ListItem","position":2,"name":"SHAC: La Cl\u00ednica Gratuita","item":"https:\/\/www.med.unc.edu\/shac\/home-page-espanol\/"},{"@type":"ListItem","position":3,"name":"Servicios ofrecidos","item":"https:\/\/www.med.unc.edu\/shac\/home-page-espanol\/programs-2\/"},{"@type":"ListItem","position":4,"name":"Farmacia"}]},{"@type":"WebSite","@id":"https:\/\/www.med.unc.edu\/shac\/#website","url":"https:\/\/www.med.unc.edu\/shac\/","name":"SHAC: Student Health Action Coalition","description":"","potentialAction":[{"@type":"SearchAction","target":{"@type":"EntryPoint","urlTemplate":"https:\/\/www.med.unc.edu\/shac\/?s={search_term_string}"},"query-input":{"@type":"PropertyValueSpecification","valueRequired":true,"valueName":"search_term_string"}}],"inLanguage":"en-US"}]}},"_links_to":[],"_links_to_target":[],"_links":{"self":[{"href":"https:\/\/www.med.unc.edu\/shac\/wp-json\/wp\/v2\/pages\/3266","targetHints":{"allow":["GET"]}}],"collection":[{"href":"https:\/\/www.med.unc.edu\/shac\/wp-json\/wp\/v2\/pages"}],"about":[{"href":"https:\/\/www.med.unc.edu\/shac\/wp-json\/wp\/v2\/types\/page"}],"author":[{"embeddable":true,"href":"https:\/\/www.med.unc.edu\/shac\/wp-json\/wp\/v2\/users\/110629"}],"replies":[{"embeddable":true,"href":"https:\/\/www.med.unc.edu\/shac\/wp-json\/wp\/v2\/comments?post=3266"}],"version-history":[{"count":0,"href":"https:\/\/www.med.unc.edu\/shac\/wp-json\/wp\/v2\/pages\/3266\/revisions"}],"up":[{"embeddable":true,"href":"https:\/\/www.med.unc.edu\/shac\/wp-json\/wp\/v2\/pages\/3256"}],"wp:attachment":[{"href":"https:\/\/www.med.unc.edu\/shac\/wp-json\/wp\/v2\/media?parent=3266"}],"curies":[{"name":"wp","href":"https:\/\/api.w.org\/{rel}","templated":true}]}}