{"id":3267,"date":"2021-05-19T21:19:50","date_gmt":"2021-05-20T01:19:50","guid":{"rendered":"https:\/\/www.med.unc.edu\/shac\/?page_id=3267"},"modified":"2022-02-13T22:15:45","modified_gmt":"2022-02-14T03:15:45","slug":"physical-therapy","status":"publish","type":"page","link":"https:\/\/www.med.unc.edu\/shac\/home-page-espanol\/programs-2\/physical-therapy\/","title":{"rendered":"Terapia f\u00edsica"},"content":{"rendered":"<p><a href=\"https:\/\/www.med.unc.edu\/shac\/wp-content\/uploads\/sites\/1231\/2021\/03\/Screen-Shot-2021-03-01-at-12.16.56-PM_Lauren-Mihalek-1.png\"><img loading=\"lazy\" decoding=\"async\" class=\"alignleft wp-image-2667 size-medium\" src=\"https:\/\/www.med.unc.edu\/shac\/wp-content\/uploads\/sites\/1231\/2021\/03\/Screen-Shot-2021-03-01-at-12.16.56-PM_Lauren-Mihalek-1-300x137.png\" alt=\"\" width=\"300\" height=\"137\" srcset=\"https:\/\/www.med.unc.edu\/shac\/wp-content\/uploads\/sites\/1231\/2021\/03\/Screen-Shot-2021-03-01-at-12.16.56-PM_Lauren-Mihalek-1-300x137.png 300w, https:\/\/www.med.unc.edu\/shac\/wp-content\/uploads\/sites\/1231\/2021\/03\/Screen-Shot-2021-03-01-at-12.16.56-PM_Lauren-Mihalek-1-1024x468.png 1024w, https:\/\/www.med.unc.edu\/shac\/wp-content\/uploads\/sites\/1231\/2021\/03\/Screen-Shot-2021-03-01-at-12.16.56-PM_Lauren-Mihalek-1-768x351.png 768w, https:\/\/www.med.unc.edu\/shac\/wp-content\/uploads\/sites\/1231\/2021\/03\/Screen-Shot-2021-03-01-at-12.16.56-PM_Lauren-Mihalek-1-600x274.png 600w, https:\/\/www.med.unc.edu\/shac\/wp-content\/uploads\/sites\/1231\/2021\/03\/Screen-Shot-2021-03-01-at-12.16.56-PM_Lauren-Mihalek-1.png 1244w\" sizes=\"auto, (max-width: 300px) 100vw, 300px\" \/><\/a><div class=\"panel panel-warning  oscitas-bootstrap-container\">\n<div class=\"panel-heading oscitas-bootstrap-container\">\n<h3 style=\"text-align: center\">Nuestra Misi\u00f3n<\/h3>\n<\/div>\n<div class=\"panel-body oscitas-bootstrap-container\">\n<p>SHAC Terapia F\u00edsica es un servicio gratuito que trata una variedad de condiciones incluyendo rehabilitaci\u00f3n postoperatoria, achaques y dolores articulares y musculares, lesiones o trastornos musculoesquel\u00e9ticos, problemas de equilibrio, conmociones cerebrales y otros trastornos neurol\u00f3gicos, retrasos en el desarrollo de los ni\u00f1os, etc. Todas las evaluaciones y tratamientos ser\u00e1n proporcionados por estudiantes de Doctorado de Fisioterapia con la supervisi\u00f3n de un doctor con licencia de fisioterapia. Las citas est\u00e1n disponibles todos los mi\u00e9rcoles por la noche en la cl\u00ednica de SHAC (Piedmont Centro de Salud) en Carrboro.<\/p>\n<\/div>\n<\/div>\n<p style=\"text-align: center\"><div class=\"panel panel-primary  oscitas-bootstrap-container\">\n<div class=\"panel-heading oscitas-bootstrap-container\">\n<h3 style=\"text-align: center\"><span style=\"color: #ffffff\">Direcci\u00f3n y Horario<\/span><\/h3>\n<p style=\"text-align: center\"><\/div>\n<p style=\"text-align: center\"><div class=\"panel-body oscitas-bootstrap-container\">\n<p style=\"text-align: center\">Nuestra cl\u00ednica gratuita opera todos los mi\u00e9rcoles de 6:00PM a 8:30PM. Se encuentra en:<a class=\"external-link\" title=\"\" href=\"http:\/\/maps.google.com\/maps?q=301+Lloyd+St,+Carrboro,+NC+27510,+USA&amp;amp;ie=UTF8&amp;amp;z=16&amp;amp;iwloc=addr&amp;amp;om=1\" target=\"_blank\" rel=\"noopener noreferrer\"><br \/>\nCarrboro Community Health Center<br \/>\n301 Lloyd St<br \/>\nCarrboro, NC 27510<\/a><\/p>\n<p style=\"text-align: center\"><\/div>\n<\/div>\n<p>&nbsp;<\/p>\n<p class=\"p1\"><h2 class=\"section-som\"><span>Acerca de Nosotros<\/span><\/h2>\n<p>Fisioterapia puede ayudar con:<\/p>\n<ul>\n<li>Recuperaci\u00f3n de una lesi\u00f3n (reciente o cr\u00f3nica)<\/li>\n<li>Prevenci\u00f3n de una lesi\u00f3n<\/li>\n<li>Rehabilitaci\u00f3n postoperatorio<\/li>\n<li>Educaci\u00f3n sobre temas de la mujer incluyendo incontinencia, osteoporosis, ejercicio antes- y posparto, y dolor de la espalda durante el embarazo.<\/li>\n<li>Una receta de ejercicio para pacientes que tienen hipertensi\u00f3n, diabetes y\/o est\u00e1n sobrepeso.<\/li>\n<li>Educaci\u00f3n sobre cuidado de la espalda y los pies<\/li>\n<li>Mec\u00e1nica corporal segura en su trabajo y vida<\/li>\n<\/ul>\n<h2 class=\"section-som\"><span>Concertar una Cita<\/span><\/h2>\n<p><strong>Si usted tiene una emergencia, llame al 911 o vaya al UNC departamento de emergencias en 101 Manning Drive, Chapel Hill, NC.<\/strong><\/p>\n<p>Debido a la pandemia, SHAC Fisioterapia ofrece citas en persona y virtuales para asegurar la seguridad de nuestros pacientes y proveedores.<\/p>\n<p>Si usted quiere concertar unca cita, por favor llame <a href=\"tel:9195042608\">(919) 504-2608,<\/a> o env\u00edenos un correo electr\u00f3nico a <a href=\"mailto:shac_physicaltherapy@med.unc.edu\">shac_physicaltherapy@med.unc.edu<\/a>.<\/p>\n<p>&nbsp;<\/p>\n<h2 class=\"section-som\"><span>Preguntas Frecuentes<\/span><\/h2>\n<p><strong>\u00bfPara qu\u00e9 problemas debo ir a terapia f\u00edsica?<\/strong><\/p>\n<p>Fisioterapeutas pueden ayudar con una amplia gama de problemas de salud, incluyendo la curaci\u00f3n adecuada despu\u00e9s de la cirug\u00eda, las tensiones musculares y esguinces, dolor de articulaciones y espalda, problemas de equilibrio y vestibulares, prevenci\u00f3n de lesiones, y mucho m\u00e1s! Si no est\u00e1 seguro de si la terapia f\u00edsica ser\u00eda adecuada para su preocupaci\u00f3n, cont\u00e1ctenos y podemos programar una cita o referirlo a alguien que pueda ayudar.<\/p>\n<hr class=\" rule-dotted osc-rule\" \/>\n<p><strong>\u00bfQu\u00e9 debo llevar a la cita?<\/strong><\/p>\n<p>Traiga cualquier equipo que haya estado usando (andador, bast\u00f3n, refuerzo, etc) y lleve ropa holgada y zapatos con los que pueda moverse o hacer ejercicio.<\/p>\n<hr class=\" rule-dotted osc-rule\" \/>\n<p><strong>\u00bfQu\u00e9 har\u00e1 el fisioterapeuta?<\/strong><\/p>\n<p>En la primera visita, el terapeuta le har\u00e1 algunas preguntas de antecedentes para aprender m\u00e1s sobre su condici\u00f3n. Luego, realizar\u00e1n una serie de pruebas como medir tu rango de movimiento y fuerza muscular. Tambi\u00e9n pueden palpar la zona. Despu\u00e9s que determinen el diagn\u00f3stico, crear\u00e1n un plan de tratamiento, incluyendo algunas ejercicios y estiramientos para hacer en casa. El fisioterapeuta tambi\u00e9n administra cualquier tratamiento necesario en la cl\u00ednica<\/p>\n<p>&nbsp;<\/p>\n<p class=\"p1\"><h2 class=\"section-som\"><span>Contact Us<\/span><\/h2>\n<p>Para preguntas relacionadas con terapia f\u00edsica , por favor env\u00edenos un correo electr\u00f3nico a\u00a0<a href=\"mailto:shac_physicaltherapy@med.unc.edu\">shac_physicaltherapy@med.unc.edu<\/a>.<\/p>\n","protected":false},"excerpt":{"rendered":"<p>&nbsp; Fisioterapia puede ayudar con: Recuperaci\u00f3n de una lesi\u00f3n (reciente o cr\u00f3nica) Prevenci\u00f3n de una lesi\u00f3n Rehabilitaci\u00f3n postoperatorio Educaci\u00f3n sobre temas de la mujer incluyendo incontinencia, osteoporosis, ejercicio antes- y posparto, y dolor de la espalda durante el embarazo. Una receta de ejercicio para pacientes que tienen hipertensi\u00f3n, diabetes y\/o est\u00e1n sobrepeso. Educaci\u00f3n sobre cuidado &hellip; <a href=\"https:\/\/www.med.unc.edu\/shac\/home-page-espanol\/programs-2\/physical-therapy\/\" aria-label=\"Read more about Terapia f\u00edsica\">Read more<\/a><\/p>\n","protected":false},"author":110629,"featured_media":0,"parent":3256,"menu_order":29,"comment_status":"closed","ping_status":"closed","template":"","meta":{"_acf_changed":false,"layout":"","cellInformation":"","apiCallInformation":"","footnotes":"","_links_to":"","_links_to_target":""},"class_list":["post-3267","page","type-page","status-publish","hentry","odd"],"acf":[],"_links_to":[],"_links_to_target":[],"_links":{"self":[{"href":"https:\/\/www.med.unc.edu\/shac\/wp-json\/wp\/v2\/pages\/3267","targetHints":{"allow":["GET"]}}],"collection":[{"href":"https:\/\/www.med.unc.edu\/shac\/wp-json\/wp\/v2\/pages"}],"about":[{"href":"https:\/\/www.med.unc.edu\/shac\/wp-json\/wp\/v2\/types\/page"}],"author":[{"embeddable":true,"href":"https:\/\/www.med.unc.edu\/shac\/wp-json\/wp\/v2\/users\/110629"}],"replies":[{"embeddable":true,"href":"https:\/\/www.med.unc.edu\/shac\/wp-json\/wp\/v2\/comments?post=3267"}],"version-history":[{"count":0,"href":"https:\/\/www.med.unc.edu\/shac\/wp-json\/wp\/v2\/pages\/3267\/revisions"}],"up":[{"embeddable":true,"href":"https:\/\/www.med.unc.edu\/shac\/wp-json\/wp\/v2\/pages\/3256"}],"wp:attachment":[{"href":"https:\/\/www.med.unc.edu\/shac\/wp-json\/wp\/v2\/media?parent=3267"}],"curies":[{"name":"wp","href":"https:\/\/api.w.org\/{rel}","templated":true}]}}