{"id":3271,"date":"2021-05-19T21:20:16","date_gmt":"2021-05-20T01:20:16","guid":{"rendered":"https:\/\/www.med.unc.edu\/shac\/?page_id=3271"},"modified":"2021-06-28T22:23:40","modified_gmt":"2021-06-29T02:23:40","slug":"flourish","status":"publish","type":"page","link":"https:\/\/www.med.unc.edu\/shac\/home-page-espanol\/programs-2\/flourish\/","title":{"rendered":"Programa de nutrici\u00f3n"},"content":{"rendered":"<p>&nbsp;<\/p>\n<div class=\"panel panel-warning  oscitas-bootstrap-container\">\n<div class=\"panel-heading oscitas-bootstrap-container\">\n<h3><img loading=\"lazy\" decoding=\"async\" class=\"size-medium wp-image-3440 alignleft\" src=\"https:\/\/www.med.unc.edu\/shac\/wp-content\/uploads\/sites\/1231\/2021\/06\/Screen-Shot-2021-06-28-at-10.21.20-PM-300x300.png\" alt=\"\" width=\"300\" height=\"300\" srcset=\"https:\/\/www.med.unc.edu\/shac\/wp-content\/uploads\/sites\/1231\/2021\/06\/Screen-Shot-2021-06-28-at-10.21.20-PM-300x300.png 300w, https:\/\/www.med.unc.edu\/shac\/wp-content\/uploads\/sites\/1231\/2021\/06\/Screen-Shot-2021-06-28-at-10.21.20-PM-150x150.png 150w, https:\/\/www.med.unc.edu\/shac\/wp-content\/uploads\/sites\/1231\/2021\/06\/Screen-Shot-2021-06-28-at-10.21.20-PM-768x770.png 768w, https:\/\/www.med.unc.edu\/shac\/wp-content\/uploads\/sites\/1231\/2021\/06\/Screen-Shot-2021-06-28-at-10.21.20-PM-600x602.png 600w, https:\/\/www.med.unc.edu\/shac\/wp-content\/uploads\/sites\/1231\/2021\/06\/Screen-Shot-2021-06-28-at-10.21.20-PM.png 786w\" sizes=\"auto, (max-width: 300px) 100vw, 300px\" \/>Nuestra Misi\u00f3n<\/h3>\n<\/div>\n<div class=\"panel-body oscitas-bootstrap-container\">\nPrograma de nutrici\u00f3n (Flourish) se esfuerza por equipar a individuos y familias de bajos ingresos con el conocimiento, las habilidades y el apoyo que necesitan para comer bien. Nuestra esperanza es que a trav\u00e9s de clases de cocina y nutrici\u00f3n, as\u00ed como entrenamiento individualizado de bienestar, los participantes florecen aprenden a incorporar la alimentaci\u00f3n saludable en sus vidas. Al servir a su comunidad, los estudiantes voluntarios ver\u00e1n de primera mano los desaf\u00edos que muchos individuos enfrentan al tomar decisiones saludables y desarrollar\u00e1n un mayor nivel de comprensi\u00f3n y conocimiento que pueden usar para ayudar a otros como futuros m\u00e9dicos, nutricionistas, enfermeras, y m\u00e1s<\/div>\n<\/div>\n<p>&nbsp;<\/p>\n<p>&nbsp;<\/p>\n<p class=\"p1\"><h2 class=\"section-som\"><span>About Us<\/span><\/h2>\n<p><a href=\"https:\/\/www.med.unc.edu\/shac\/wp-content\/uploads\/sites\/1231\/2021\/04\/Flourish1.png\"><img loading=\"lazy\" decoding=\"async\" class=\"size-medium wp-image-2858 alignleft\" src=\"https:\/\/www.med.unc.edu\/shac\/wp-content\/uploads\/sites\/1231\/2021\/04\/Flourish1-224x300.png\" alt=\"\" width=\"224\" height=\"300\" srcset=\"https:\/\/www.med.unc.edu\/shac\/wp-content\/uploads\/sites\/1231\/2021\/04\/Flourish1-224x300.png 224w, https:\/\/www.med.unc.edu\/shac\/wp-content\/uploads\/sites\/1231\/2021\/04\/Flourish1-765x1024.png 765w, https:\/\/www.med.unc.edu\/shac\/wp-content\/uploads\/sites\/1231\/2021\/04\/Flourish1-768x1029.png 768w, https:\/\/www.med.unc.edu\/shac\/wp-content\/uploads\/sites\/1231\/2021\/04\/Flourish1-600x804.png 600w, https:\/\/www.med.unc.edu\/shac\/wp-content\/uploads\/sites\/1231\/2021\/04\/Flourish1.png 790w\" sizes=\"auto, (max-width: 224px) 100vw, 224px\" \/><\/a>Student Health Action Coalition SHAC es nuestra organizaci\u00f3n de padres, y estamos trabajando juntos para proporcionar unos cuantos servicios de educaci\u00f3n, incluyendo una unidad de suministros de alimentos y limpieza, una mesa de educaci\u00f3n nutricional en la sala de espera de SHAC los mi\u00e9rcoles por la noche, asesoramiento nutricional individual, y mensajes de texto motivacionales e informativos centrados en los alimentos para los pacientes.<\/p>\n<p>\u00a1Con la ayuda de muchas organizaciones locales, lanzamos nuestra primera unidad de suministros de alimentos y limpieza el a\u00f1o pasado! Se recogieron donaciones de alimentos saludables y diversos suministros de salud (mascarillas, desinfectante para manos, jabones, etc.), que han ayudado a numerosos pacientes durante la pandemia, espec\u00edficamente entre julio y diciembre de 2020. Se distribuyeron aproximadamente 1.950 libras de alimentos no perecederos y 1.500 libras de productos, junto con 80 cajas de las cajas combinadas del Programa de Asistencia Alimentaria para Coronavirus. Adem\u00e1s, mientras nos adherimos a las pautas de salud p\u00fablica, preparamos y empaquetamos comidas para llevar para m\u00e1s de 80 personas y servimos a varios hu\u00e9spedes en la Casa familiar de SECU durante el oto\u00f1o de 2020.<\/p>\n<p>&nbsp;<\/p>\n<p>&nbsp;<\/p>\n<p>&nbsp;<\/p>\n<p class=\"p1\"><h2 class=\"section-som\"><span>Contact Us<\/span><\/h2>\n<p>Para preguntas relacionas con Flourish, por favor contactar a <a href=\"mailto:shac_flourish@med.unc.edu\">shac_flourish@med.unc.edu<\/a><\/p>\n<div class=\"row  oscitas-bootstrap-container\">\n<div class=\"col-lg-6 col-md-12 col-xs-12 col-sm-12 oscitas-bootstrap-container\">\n<a href=\"https:\/\/www.med.unc.edu\/shac\/wp-content\/uploads\/sites\/1231\/2021\/04\/Flourish3.png\"><img loading=\"lazy\" decoding=\"async\" class=\"alignleft wp-image-2860 size-full\" src=\"https:\/\/www.med.unc.edu\/shac\/wp-content\/uploads\/sites\/1231\/2021\/04\/Flourish3.png\" alt=\"\" width=\"320\" height=\"236\" srcset=\"https:\/\/www.med.unc.edu\/shac\/wp-content\/uploads\/sites\/1231\/2021\/04\/Flourish3.png 320w, https:\/\/www.med.unc.edu\/shac\/wp-content\/uploads\/sites\/1231\/2021\/04\/Flourish3-300x221.png 300w\" sizes=\"auto, (max-width: 320px) 100vw, 320px\" \/><\/a><\/p>\n<p>&nbsp;<\/p>\n<p>&nbsp;<\/p>\n<p>&nbsp;<\/p>\n<p>&nbsp;<\/p>\n<p>&nbsp;<\/p>\n<p>&nbsp;<\/p>\n<p>&nbsp;<\/p>\n<p>&nbsp;<\/p>\n<\/div>\n<div class=\"col-lg-6 col-md-12 col-xs-12 col-sm-12 oscitas-bootstrap-container\">\n<a href=\"https:\/\/www.med.unc.edu\/shac\/wp-content\/uploads\/sites\/1231\/2021\/04\/Flourish2.png\"><img loading=\"lazy\" decoding=\"async\" class=\"alignleft wp-image-2859 size-medium\" src=\"https:\/\/www.med.unc.edu\/shac\/wp-content\/uploads\/sites\/1231\/2021\/04\/Flourish2-300x227.png\" alt=\"\" width=\"300\" height=\"227\" srcset=\"https:\/\/www.med.unc.edu\/shac\/wp-content\/uploads\/sites\/1231\/2021\/04\/Flourish2-300x227.png 300w, https:\/\/www.med.unc.edu\/shac\/wp-content\/uploads\/sites\/1231\/2021\/04\/Flourish2-768x581.png 768w, https:\/\/www.med.unc.edu\/shac\/wp-content\/uploads\/sites\/1231\/2021\/04\/Flourish2-600x454.png 600w, https:\/\/www.med.unc.edu\/shac\/wp-content\/uploads\/sites\/1231\/2021\/04\/Flourish2.png 936w\" sizes=\"auto, (max-width: 300px) 100vw, 300px\" \/><\/a><\/p>\n<p>&nbsp;<\/p>\n<p>&nbsp;<\/p>\n<p>&nbsp;<\/p>\n<p>&nbsp;<\/p>\n<p>&nbsp;<\/p>\n<p>&nbsp;<\/p>\n<\/div>\n<\/div>\n","protected":false},"excerpt":{"rendered":"<p>&nbsp; &nbsp; &nbsp; Student Health Action Coalition SHAC es nuestra organizaci\u00f3n de padres, y estamos trabajando juntos para proporcionar unos cuantos servicios de educaci\u00f3n, incluyendo una unidad de suministros de alimentos y limpieza, una mesa de educaci\u00f3n nutricional en la sala de espera de SHAC los mi\u00e9rcoles por la noche, asesoramiento nutricional individual, y mensajes &hellip; <a href=\"https:\/\/www.med.unc.edu\/shac\/home-page-espanol\/programs-2\/flourish\/\" aria-label=\"Read more about Programa de nutrici\u00f3n\">Read more<\/a><\/p>\n","protected":false},"author":110629,"featured_media":0,"parent":3256,"menu_order":33,"comment_status":"closed","ping_status":"closed","template":"","meta":{"_acf_changed":false,"layout":"","cellInformation":"","apiCallInformation":"","footnotes":"","_links_to":"","_links_to_target":""},"class_list":["post-3271","page","type-page","status-publish","hentry","odd"],"acf":[],"_links_to":[],"_links_to_target":[],"_links":{"self":[{"href":"https:\/\/www.med.unc.edu\/shac\/wp-json\/wp\/v2\/pages\/3271","targetHints":{"allow":["GET"]}}],"collection":[{"href":"https:\/\/www.med.unc.edu\/shac\/wp-json\/wp\/v2\/pages"}],"about":[{"href":"https:\/\/www.med.unc.edu\/shac\/wp-json\/wp\/v2\/types\/page"}],"author":[{"embeddable":true,"href":"https:\/\/www.med.unc.edu\/shac\/wp-json\/wp\/v2\/users\/110629"}],"replies":[{"embeddable":true,"href":"https:\/\/www.med.unc.edu\/shac\/wp-json\/wp\/v2\/comments?post=3271"}],"version-history":[{"count":0,"href":"https:\/\/www.med.unc.edu\/shac\/wp-json\/wp\/v2\/pages\/3271\/revisions"}],"up":[{"embeddable":true,"href":"https:\/\/www.med.unc.edu\/shac\/wp-json\/wp\/v2\/pages\/3256"}],"wp:attachment":[{"href":"https:\/\/www.med.unc.edu\/shac\/wp-json\/wp\/v2\/media?parent=3271"}],"curies":[{"name":"wp","href":"https:\/\/api.w.org\/{rel}","templated":true}]}}