{"id":3273,"date":"2021-05-19T21:20:30","date_gmt":"2021-05-20T01:20:30","guid":{"rendered":"https:\/\/www.med.unc.edu\/shac\/?page_id=3273"},"modified":"2021-06-07T14:46:58","modified_gmt":"2021-06-07T18:46:58","slug":"medication-assistance-program","status":"publish","type":"page","link":"https:\/\/www.med.unc.edu\/shac\/home-page-espanol\/programs-2\/medication-assistance-program\/","title":{"rendered":"Asistencia para medicamentos"},"content":{"rendered":"<p>&nbsp;<\/p>\n<div class=\"panel panel-warning  oscitas-bootstrap-container\">\n<div class=\"panel-heading oscitas-bootstrap-container\">\n<h3 style=\"text-align: center\">Nuestra Misi\u00f3n<\/h3>\n<\/div>\n<div class=\"panel-body oscitas-bootstrap-container\">\nLa misi\u00f3n del SHAC MAP (Programa de Asistencia para Medicamentos) es servir a la poblaci\u00f3n de pacientes socioecon\u00f3micamente vulnerables de la comunidad, proporcion\u00e1ndoles acceso gratuito a medicamentos de marca a trav\u00e9s de programas de asistencia al paciente del fabricante y del estado. Los esfuerzos se centran en los medicamentos para tratar enfermedades cr\u00f3nicas, como la diabetes, la hiperlipidemia, la hipertensi\u00f3n, el abandono del h\u00e1bito de fumar, anticoncepci\u00f3n y asma.<\/div>\n<\/div>\n<p>&nbsp;<\/p>\n<p style=\"text-align: left\"><h2 class=\"section-som\"><span>About Us<\/span><\/h2>\n<p>\u00a1Ayudamos a los pacientes de SHAC a solicitar programas de asistencia para obtener sus medicamentos gratis!<\/p>\n<p>Existen dos tipos de programas que utilizamos:<\/p>\n<p>1. <strong>Programas de fabricantes:<\/strong> Medicamentos de marca (p. ej Chantix, DIU, inhaladores)<\/p>\n<p>2. <strong>NC MedAssist:<\/strong> Medicamentos gen\u00e9ricos (por ejemplo, estatinas, inhibidores de la ECA, metformina y mucho m\u00e1s)<\/p>\n<p>&nbsp;<\/p>\n<p>Criterios de elegibilidad:<\/p>\n<ul>\n<li>Sin seguro m\u00e9dico, residente de Carolina del Norte o sin documentar, con bajos ingresos y estable en medicamentos cr\u00f3nicos<\/li>\n<\/ul>\n<p>&nbsp;<\/p>\n<p class=\"p1\"><h2 class=\"section-som\"><span>Contact Us<\/span><\/h2>\n<p>Para preguntas relatadas a MAP, por favor contacte: <a href=\"mailto:shac_map@med.unc.edu\">shac_map@med.unc.edu<\/a>.<\/p>\n","protected":false},"excerpt":{"rendered":"<p>&nbsp; &nbsp; \u00a1Ayudamos a los pacientes de SHAC a solicitar programas de asistencia para obtener sus medicamentos gratis! Existen dos tipos de programas que utilizamos: 1. Programas de fabricantes: Medicamentos de marca (p. ej Chantix, DIU, inhaladores) 2. NC MedAssist: Medicamentos gen\u00e9ricos (por ejemplo, estatinas, inhibidores de la ECA, metformina y mucho m\u00e1s) &nbsp; Criterios &hellip; <a href=\"https:\/\/www.med.unc.edu\/shac\/home-page-espanol\/programs-2\/medication-assistance-program\/\" aria-label=\"Read more about Asistencia para medicamentos\">Read more<\/a><\/p>\n","protected":false},"author":110629,"featured_media":0,"parent":3256,"menu_order":34,"comment_status":"closed","ping_status":"closed","template":"","meta":{"_acf_changed":false,"layout":"","cellInformation":"","apiCallInformation":"","footnotes":"","_links_to":"","_links_to_target":""},"class_list":["post-3273","page","type-page","status-publish","hentry","odd"],"acf":[],"_links_to":[],"_links_to_target":[],"_links":{"self":[{"href":"https:\/\/www.med.unc.edu\/shac\/wp-json\/wp\/v2\/pages\/3273","targetHints":{"allow":["GET"]}}],"collection":[{"href":"https:\/\/www.med.unc.edu\/shac\/wp-json\/wp\/v2\/pages"}],"about":[{"href":"https:\/\/www.med.unc.edu\/shac\/wp-json\/wp\/v2\/types\/page"}],"author":[{"embeddable":true,"href":"https:\/\/www.med.unc.edu\/shac\/wp-json\/wp\/v2\/users\/110629"}],"replies":[{"embeddable":true,"href":"https:\/\/www.med.unc.edu\/shac\/wp-json\/wp\/v2\/comments?post=3273"}],"version-history":[{"count":0,"href":"https:\/\/www.med.unc.edu\/shac\/wp-json\/wp\/v2\/pages\/3273\/revisions"}],"up":[{"embeddable":true,"href":"https:\/\/www.med.unc.edu\/shac\/wp-json\/wp\/v2\/pages\/3256"}],"wp:attachment":[{"href":"https:\/\/www.med.unc.edu\/shac\/wp-json\/wp\/v2\/media?parent=3273"}],"curies":[{"name":"wp","href":"https:\/\/api.w.org\/{rel}","templated":true}]}}