{"id":3294,"date":"2021-05-19T21:22:13","date_gmt":"2021-05-20T01:22:13","guid":{"rendered":"https:\/\/www.med.unc.edu\/shac\/?page_id=3294"},"modified":"2022-08-13T18:38:29","modified_gmt":"2022-08-13T22:38:29","slug":"contact-us-2","status":"publish","type":"page","link":"https:\/\/www.med.unc.edu\/shac\/home-page-espanol\/contact-us-2\/","title":{"rendered":"Contactarnos"},"content":{"rendered":"<h2>Preguntas de la cl\u00ednica?<\/h2>\n<table style=\"border-collapse: collapse;width: 100%;height: 499px\">\n<tbody>\n<tr style=\"height: 23px\">\n<td style=\"width: 34.3407%;height: 23px\"><span class=\"email-link\"><strong>La cl\u00ednica m\u00e9dica<\/strong><\/span><\/td>\n<td style=\"width: 65.6593%;height: 23px\"><span class=\"email-link\"><a href=\"mailto:shac_medicalclinic@med.unc.edu\">shac_medicalclinic@med.unc.edu<\/a><\/span><\/td>\n<\/tr>\n<tr style=\"height: 23px\">\n<td style=\"width: 34.3407%;height: 23px\"><strong>Puente al cuidado<\/strong><\/td>\n<td style=\"width: 65.6593%;height: 23px\"><a href=\"mailto:shac_bridgetocare@med.unc.edu\">shac_bridgetocare@med.unc.edu<\/a><\/td>\n<\/tr>\n<tr style=\"height: 23px\">\n<td style=\"width: 34.3407%;height: 23px\"><b>La sala de clase a la comunidad<\/b><\/td>\n<td style=\"width: 65.6593%;height: 23px\"><a href=\"mailto:shac_c2c@med.unc.edu\">shac_c2c@med.unc.edu<\/a><\/td>\n<\/tr>\n<tr style=\"height: 23px\">\n<td style=\"width: 34.3407%;height: 23px\"><span class=\"email-link\"><strong>Cl\u00ednica dental<\/strong><\/span><\/td>\n<td style=\"width: 65.6593%;height: 23px\"><span class=\"email-link\"><a href=\"mailto:shac_dentalclinic@dentistry.unc.edu\">shac_dentalclinic@dentistry.unc.edu<\/a><\/span><\/td>\n<\/tr>\n<tr style=\"height: 23px\">\n<td style=\"width: 34.3407%;height: 23px\"><strong>Programa de nutrici\u00f3n (Flourish)<\/strong><\/td>\n<td style=\"width: 65.6593%;height: 23px\"><a href=\"mailto:shac_flourish@med.unc.edu\">shac_flourish@med.unc.edu<\/a><\/td>\n<\/tr>\n<tr style=\"height: 23px\">\n<td style=\"width: 34.3407%;height: 23px\"><strong>Cuidado de Afirmaci\u00f3n de G\u00e9nero<\/strong><\/td>\n<td style=\"width: 65.6593%;height: 23px\"><a href=\"mailto:shac_gac@med.unc.edu\">shac_gac@med.unc.edu<\/a><\/td>\n<\/tr>\n<tr style=\"height: 23px\">\n<td style=\"width: 34.3407%;height: 23px\"><strong>Consiga Cobertura con Carolina<\/strong><\/td>\n<td style=\"width: 65.6593%;height: 23px\"><a href=\"mailto:shac_gcc@med.unc.edu\">shac_gcc@med.unc.edu<\/a><\/td>\n<\/tr>\n<tr style=\"height: 23px\">\n<td style=\"width: 34.3407%;height: 23px\"><strong>Interpretaci\u00f3n<\/strong><\/td>\n<td style=\"width: 65.6593%;height: 23px\"><a href=\"mailto:shac_interpreting@med.unc.edu\">shac_interpreting@med.unc.edu<\/a><\/td>\n<\/tr>\n<tr style=\"height: 23px\">\n<td style=\"width: 34.3407%;height: 23px\"><strong>Asistencia para medicamentos<\/strong><\/td>\n<td style=\"width: 65.6593%;height: 23px\"><a href=\"mailto:shac_map@med.unc.edu\">shac_map@med.unc.edu<\/a><\/td>\n<\/tr>\n<tr style=\"height: 33px\">\n<td style=\"width: 34.3407%;height: 33px\"><strong>Salud mental<\/strong><\/td>\n<td style=\"width: 65.6593%;height: 33px\"><a href=\"mailto:shac_mentalhealth@med.unc.edu\">shac_mentalhealth@med.unc.edu<\/a><\/td>\n<\/tr>\n<tr style=\"height: 10px\">\n<td style=\"width: 34.3407%;height: 10px\"><strong>Enfermer\u00eda<\/strong><\/td>\n<td style=\"width: 65.6593%;height: 10px\"><a href=\"mailto:shacnursing@unc.edu\">shacnursing@unc.edu<\/a><\/td>\n<\/tr>\n<tr style=\"height: 23px\">\n<td style=\"width: 34.3407%;height: 23px\"><strong>Cuidado de los ojos\/Oftalmolog\u00eda<\/strong><\/td>\n<td style=\"width: 65.6593%;height: 23px\"><a href=\"mailto:shac_ophtho@med.unc.edu\">shac_ophtho@med.unc.edu<\/a><\/td>\n<\/tr>\n<tr style=\"height: 33px\">\n<td style=\"width: 34.3407%;height: 33px\"><strong>Farmacia<\/strong><\/td>\n<td style=\"width: 65.6593%;height: 33px\"><a href=\"mailto:shac_pharmacy@med.unc.edu\">shac_pharmacy@med.unc.edu<\/a><\/td>\n<\/tr>\n<tr style=\"height: 33px\">\n<td style=\"width: 34.3407%;height: 33px\"><strong>Terapia f\u00edsica<\/strong><\/td>\n<td style=\"width: 65.6593%;height: 33px\"><a href=\"mailto:shac_physicaltherapy@med.unc.edu\">shac_physicaltherapy@med.unc.edu<\/a><\/td>\n<\/tr>\n<tr style=\"height: 20px\">\n<td style=\"width: 34.3407%;height: 20px\"><strong>La Iniciativa para la salud de los refugiados\u00a0<\/strong><\/td>\n<td style=\"width: 65.6593%;height: 20px\"><a href=\"mailto:shac_RHI@med.unc.edu\">shac_RHI@med.unc.edu<\/a><\/td>\n<\/tr>\n<tr style=\"height: 20px\">\n<td style=\"width: 34.3407%;height: 20px\"><strong>El VIH y las ETS<\/strong><\/td>\n<td style=\"width: 65.6593%;height: 20px\"><a href=\"mailto:shac_HIV@med.unc.edu\">shac_HIV@med.unc.edu<\/a><\/td>\n<\/tr>\n<tr style=\"height: 20px\">\n<td style=\"width: 34.3407%;height: 20px\"><strong>Extensi\u00f3n de la Comunidad<\/strong><\/td>\n<td style=\"width: 65.6593%;height: 20px\"><a href=\"mailto:shac_outreach@med.unc.edu\">shac_outreach@med.unc.edu<\/a><\/td>\n<\/tr>\n<tr style=\"height: 20px\">\n<td style=\"width: 34.3407%;height: 20px\"><strong>El trabajo social<\/strong><\/td>\n<td style=\"width: 65.6593%;height: 20px\"><a href=\"mailto:shac_socialwork@med.unc.edu\">shac_socialwork@med.unc.edu<\/a><\/td>\n<\/tr>\n<tr style=\"height: 20px\">\n<td style=\"width: 34.3407%;height: 20px\"><strong>Los estudiantes\u00a0<\/strong><\/td>\n<td style=\"width: 65.6593%;height: 20px\"><a href=\"mailto:shac_undergraduate@med.unc.edu\">shac_undergraduate@med.unc.edu<\/a><\/td>\n<\/tr>\n<tr style=\"height: 20px\">\n<td style=\"width: 34.3407%;height: 20px\"><strong>Cl\u00ednica de Salud de la Mujer<\/strong><\/td>\n<td style=\"width: 65.6593%;height: 20px\"><a href=\"mailto:shac_wellwoman@med.unc.edu\">shac_wellwoman@med.unc.edu<\/a><\/td>\n<\/tr>\n<tr>\n<td style=\"width: 34.3407%\"><strong><strong>Asesoramiento Nutricional<\/strong><\/strong><\/td>\n<td style=\"width: 65.6593%\"><a href=\"mailto:shac_nutritioncounseling@med.unc.edu\">shac_nutritioncounseling@med.unc.edu<\/a><\/td>\n<\/tr>\n<tr style=\"height: 20px\">\n<td style=\"width: 34.3407%;height: 20px\"><strong>Visitas de rutina para ni\u00f1os sano<\/strong><\/td>\n<td style=\"width: 65.6593%;height: 20px\"><a href=\"mailto:shac_wellchild@med.unc.edu\">shac_wellchild@med.unc.edu<\/a><\/td>\n<\/tr>\n<\/tbody>\n<\/table>\n<p>&nbsp;<\/p>\n<hr \/>\n<h2>Preguntas administrativas?<\/h2>\n<p><a class=\"email-link\" title=\"\" href=\"mailto:shac_ceo@med.unc.edu?subject=SHAC%20Administrative%20Questions\" target=\"_blank\" rel=\"noopener noreferrer\">shac_ceo@med.unc.edu<\/a><\/p>\n<p class=\"email-link\">Administrative Office:<\/p>\n<p>UNC-Chapel Hill<br \/>\n037 MacNider Hall, CB #9537<br \/>\nChapel Hill, North Carolina 27599<\/p>\n<h2>Preguntas sobre citas?<\/h2>\n<p><a href=\"mailto:shac_appointments@med.unc.edu\">shac_appointments@med.unc.edu\u00a0<\/a><\/p>\n<h2>Preguntas de la cl\u00ednica m\u00e9dica? Email:<\/h2>\n<p><a href=\"mailto:shac_medicalclinic@med.unc.edu\">shac_medicalclinic@med.unc.edu<\/a><\/p>\n","protected":false},"excerpt":{"rendered":"<p>Preguntas de la cl\u00ednica? La cl\u00ednica m\u00e9dica shac_medicalclinic@med.unc.edu Puente al cuidado shac_bridgetocare@med.unc.edu La sala de clase a la comunidad shac_c2c@med.unc.edu Cl\u00ednica dental shac_dentalclinic@dentistry.unc.edu Programa de nutrici\u00f3n (Flourish) shac_flourish@med.unc.edu Cuidado de Afirmaci\u00f3n de G\u00e9nero shac_gac@med.unc.edu Consiga Cobertura con Carolina shac_gcc@med.unc.edu Interpretaci\u00f3n shac_interpreting@med.unc.edu Asistencia para medicamentos shac_map@med.unc.edu Salud mental shac_mentalhealth@med.unc.edu Enfermer\u00eda shacnursing@unc.edu Cuidado de los ojos\/Oftalmolog\u00eda shac_ophtho@med.unc.edu &hellip; <a href=\"https:\/\/www.med.unc.edu\/shac\/home-page-espanol\/contact-us-2\/\" aria-label=\"Read more about Contactarnos\">Read more<\/a><\/p>\n","protected":false},"author":110629,"featured_media":0,"parent":3218,"menu_order":23,"comment_status":"closed","ping_status":"closed","template":"","meta":{"_acf_changed":false,"layout":"","cellInformation":"","apiCallInformation":"","footnotes":"","_links_to":"","_links_to_target":""},"class_list":["post-3294","page","type-page","status-publish","hentry","odd"],"acf":[],"_links_to":[],"_links_to_target":[],"_links":{"self":[{"href":"https:\/\/www.med.unc.edu\/shac\/wp-json\/wp\/v2\/pages\/3294","targetHints":{"allow":["GET"]}}],"collection":[{"href":"https:\/\/www.med.unc.edu\/shac\/wp-json\/wp\/v2\/pages"}],"about":[{"href":"https:\/\/www.med.unc.edu\/shac\/wp-json\/wp\/v2\/types\/page"}],"author":[{"embeddable":true,"href":"https:\/\/www.med.unc.edu\/shac\/wp-json\/wp\/v2\/users\/110629"}],"replies":[{"embeddable":true,"href":"https:\/\/www.med.unc.edu\/shac\/wp-json\/wp\/v2\/comments?post=3294"}],"version-history":[{"count":0,"href":"https:\/\/www.med.unc.edu\/shac\/wp-json\/wp\/v2\/pages\/3294\/revisions"}],"up":[{"embeddable":true,"href":"https:\/\/www.med.unc.edu\/shac\/wp-json\/wp\/v2\/pages\/3218"}],"wp:attachment":[{"href":"https:\/\/www.med.unc.edu\/shac\/wp-json\/wp\/v2\/media?parent=3294"}],"curies":[{"name":"wp","href":"https:\/\/api.w.org\/{rel}","templated":true}]}}