{"id":3517,"date":"2022-07-12T12:29:20","date_gmt":"2022-07-12T16:29:20","guid":{"rendered":"https:\/\/www.med.unc.edu\/shac\/?page_id=3517"},"modified":"2024-06-13T15:57:45","modified_gmt":"2024-06-13T19:57:45","slug":"nutritioncounseling","status":"publish","type":"page","link":"https:\/\/www.med.unc.edu\/shac\/home-page-espanol\/programs-2\/nutritioncounseling\/","title":{"rendered":"Asesoramiento Nutricional"},"content":{"rendered":"<div class=\"row  oscitas-bootstrap-container\">\n<div class=\"col-lg-6 col-md-12 col-xs-12 col-sm-12 oscitas-bootstrap-container\">\n<\/div>\n<div class=\"col-lg-6 col-md-12 col-xs-12 col-sm-12 oscitas-bootstrap-container\">\n<\/div>\n<\/div>\n<p>&nbsp;<\/p>\n<div class=\"panel panel-warning  oscitas-bootstrap-container\">\n<div class=\"panel-heading oscitas-bootstrap-container\">\n<h3 style=\"text-align: center\">Nuestra misi\u00f3n<\/h3>\n<\/div>\n<div class=\"panel-body oscitas-bootstrap-container\">\nSHAC Asesoramiento Nutricional es un servicio gratuito que conecta a los pacientes con un dietista registrado para hablar sobre la nutrici\u00f3n. El estilo de vida y la enfermedad est\u00e1n entrelazados, y esperamos brindar a nuestros pacientes el apoyo y la motivaci\u00f3n que necesitan para realizar cambios en su estilo de vida. Nuestro equipo est\u00e1 disponible para analizar los objetivos de la dieta, brindar educaci\u00f3n nutricional y mucho m\u00e1s. Siga leyendo para obtener m\u00e1s informaci\u00f3n sobre citas.<\/div>\n<\/div>\n<p style=\"text-align: center\"><div class=\"panel panel-primary  oscitas-bootstrap-container\">\n<div class=\"panel-heading oscitas-bootstrap-container\">\n<h3 style=\"text-align: center\"><span style=\"color: #ffffff\">Location &amp; Hours<\/span><\/h3>\n<p style=\"text-align: center\"><\/div>\n<p style=\"text-align: center\"><div class=\"panel-body oscitas-bootstrap-container\">\n<p style=\"text-align: center\"><a class=\"external-link\" title=\"\" href=\"http:\/\/maps.google.com\/maps?q=301+Lloyd+St,+Carrboro,+NC+27510,+USA&amp;amp;ie=UTF8&amp;amp;z=16&amp;amp;iwloc=addr&amp;amp;om=1\" target=\"_blank\" rel=\"noopener noreferrer\">La cl\u00ednica est\u00e1 en:<br \/>\nCarrboro Community Health Center<br \/>\n301 Lloyd St<br \/>\nCarrboro, NC 27510<\/a><\/p>\n<p style=\"text-align: center\"><\/div>\n<\/div>\n<p>&nbsp;<\/p>\n<p class=\"p1\"><h2 class=\"section-som\"><span>About Us<\/span><\/h2>\n<p>El asesoramiento nutricional de SHAC est\u00e1 disponible para abordar<\/p>\n<ul>\n<li>C\u00f3mo manejar las enfermedades cr\u00f3nicas con la nutrici\u00f3n<\/li>\n<li>Educaci\u00f3n sobre la lectura de las etiquetas de nutrici\u00f3n<\/li>\n<li>Planificaci\u00f3n de comidas<\/li>\n<li>Merienda saludable y consciente<\/li>\n<li>\u00a1Mucho m\u00e1s!<\/li>\n<\/ul>\n<h2 class=\"section-som\"><span>Haga una cita<\/span><\/h2>\n<p style=\"font-weight: 400\">Nuestro dietista registrado se reune con los pacientes una vez al mes.<\/p>\n<p>Tiene dos opciones para <strong>hacer una cita<\/strong>.<\/p>\n<ol>\n<li><strong><a href=\"tel:9193910338\">Llame a 919-391-0338<\/a>,\u00a0<\/strong>espere por la l\u00ednea hasta terminaci\u00f3n a la sonada, y deje un mensaje con su nombre completo, numero de tel\u00e9fono y el motivo de su visita. En seguida lo llamaremos.<\/li>\n<li>Env\u00ede un correo electr\u00f3nico a <a href=\"mailto:shac_nutritioncounseling@med.unc.edu\">shac_nutritioncounseling@med.unc.edu<\/a> con su nombre completo y el motivo de su visita.<\/li>\n<\/ol>\n<p class=\"p1\"><h2 class=\"section-som\"><span>Contacta con Nosotros<\/span><\/h2>\n<p>Si tiene preguntas, favor de contactarse con: <a href=\"mailto:shac_nutritioncounseling@med.unc.edu\">shac_nutritioncounseling@med.unc.edu<\/a><\/p>\n","protected":false},"excerpt":{"rendered":"<p>&nbsp; &nbsp; El asesoramiento nutricional de SHAC est\u00e1 disponible para abordar C\u00f3mo manejar las enfermedades cr\u00f3nicas con la nutrici\u00f3n Educaci\u00f3n sobre la lectura de las etiquetas de nutrici\u00f3n Planificaci\u00f3n de comidas Merienda saludable y consciente \u00a1Mucho m\u00e1s! Nuestro dietista registrado se reune con los pacientes una vez al mes. Tiene dos opciones para hacer una &hellip; <a href=\"https:\/\/www.med.unc.edu\/shac\/home-page-espanol\/programs-2\/nutritioncounseling\/\" aria-label=\"Read more about Asesoramiento Nutricional\">Read more<\/a><\/p>\n","protected":false},"author":110629,"featured_media":0,"parent":3256,"menu_order":19,"comment_status":"closed","ping_status":"closed","template":"","meta":{"_acf_changed":false,"layout":"","cellInformation":"","apiCallInformation":"","footnotes":"","_links_to":"","_links_to_target":""},"class_list":["post-3517","page","type-page","status-publish","hentry","odd"],"acf":[],"_links_to":[],"_links_to_target":[],"_links":{"self":[{"href":"https:\/\/www.med.unc.edu\/shac\/wp-json\/wp\/v2\/pages\/3517","targetHints":{"allow":["GET"]}}],"collection":[{"href":"https:\/\/www.med.unc.edu\/shac\/wp-json\/wp\/v2\/pages"}],"about":[{"href":"https:\/\/www.med.unc.edu\/shac\/wp-json\/wp\/v2\/types\/page"}],"author":[{"embeddable":true,"href":"https:\/\/www.med.unc.edu\/shac\/wp-json\/wp\/v2\/users\/110629"}],"replies":[{"embeddable":true,"href":"https:\/\/www.med.unc.edu\/shac\/wp-json\/wp\/v2\/comments?post=3517"}],"version-history":[{"count":0,"href":"https:\/\/www.med.unc.edu\/shac\/wp-json\/wp\/v2\/pages\/3517\/revisions"}],"up":[{"embeddable":true,"href":"https:\/\/www.med.unc.edu\/shac\/wp-json\/wp\/v2\/pages\/3256"}],"wp:attachment":[{"href":"https:\/\/www.med.unc.edu\/shac\/wp-json\/wp\/v2\/media?parent=3517"}],"curies":[{"name":"wp","href":"https:\/\/api.w.org\/{rel}","templated":true}]}}