{"id":3575,"date":"2022-09-28T15:19:40","date_gmt":"2022-09-28T19:19:40","guid":{"rendered":"https:\/\/www.med.unc.edu\/shac\/?page_id=3575"},"modified":"2024-06-13T16:01:44","modified_gmt":"2024-06-13T20:01:44","slug":"necesidadsocial","status":"publish","type":"page","link":"https:\/\/www.med.unc.edu\/shac\/home-page-espanol\/programs-2\/necesidadsocial\/","title":{"rendered":"Navegadores de necesidad social"},"content":{"rendered":"<div class=\"panel panel-warning  oscitas-bootstrap-container\">\n<div class=\"panel-heading oscitas-bootstrap-container\">\n<h3 style=\"text-align: center\">Nuestra Misi\u00f3n<\/h3>\n<\/div>\n<div class=\"panel-body oscitas-bootstrap-container\">\n<p>SHAC Necesidad Social es un servicio gratuito que brindamos a la comunidad para guiar a los pacientes a trav\u00e9s del sistema m\u00e9dico y reducir las barreras a la atenci\u00f3n m\u00e9dica. Nuestro objectivo es proporcionar recursos, navegaci\u00f3n y apoyo en los dominos de comunicaci\u00f3n, transporte, vivienda y servicios p\u00fablicos, asistencia financiera, seguridad alimentaria y bienestar emocional y f\u00edsico.<\/p>\n<\/div>\n<\/div>\n<p style=\"text-align: center\"><div class=\"panel panel-primary  oscitas-bootstrap-container\">\n<div class=\"panel-heading oscitas-bootstrap-container\">\n<h3 style=\"text-align: center\"><span style=\"color: #ffffff\">Ubicaci\u00f3n &amp; Horario<\/span><\/h3>\n<p style=\"text-align: center\"><\/div>\n<p style=\"text-align: center\"><div class=\"panel-body oscitas-bootstrap-container\">\n<p style=\"text-align: center\">Operamos junto con las cl\u00ednicas m\u00e9dicas los mi\u00e9rcoles de 6:00 pm a 10:00pm en la Cl\u00ednica SHAC. Est\u00e1 localizado en:<\/p>\n<p style=\"text-align: center\"><a class=\"external-link\" title=\"\" href=\"http:\/\/maps.google.com\/maps?q=301+Lloyd+St,+Carrboro,+NC+27510,+USA&amp;amp;ie=UTF8&amp;amp;z=16&amp;amp;iwloc=addr&amp;amp;om=1\" target=\"_blank\" rel=\"noopener noreferrer\"><br \/>\nCarrboro Community Health Center<br \/>\n301 Lloyd St<br \/>\nCarrboro, NC 27510<\/a><\/p>\n<p style=\"text-align: center\"><\/div>\n<\/div>\n<p>&nbsp;<\/p>\n<p class=\"p1\"><h2 class=\"section-som\"><span>Sobre nosotros<\/span><\/h2>\n<p id=\"tw-target-text\" class=\"tw-data-text tw-text-large tw-ta\" dir=\"ltr\" data-placeholder=\"Translation\"><span class=\"Y2IQFc\" lang=\"es\">Somos una cl\u00ednica integrada en muchos de los servicios m\u00e9dicos y cl\u00ednicas especializadas de SHAC, y servimos como recurso para los aspectos no cl\u00ednicos de la salud. Nuestros navegadores brindan evaluaciones de angustia y ofrecen una amplia variedad de recursos para todas las necesidades socioecon\u00f3micas y de apoyo. Los navegadores reciben capacitaci\u00f3n sobre recursos locales y digitales y, por lo general, ayudan con necesidades como: <\/span><\/p>\n<ul>\n<li class=\"tw-data-text tw-text-large tw-ta\" dir=\"ltr\" data-placeholder=\"Translation\"><span class=\"Y2IQFc\" lang=\"es\">Asistencia financiera<\/span><\/li>\n<li class=\"tw-data-text tw-text-large tw-ta\" dir=\"ltr\" data-placeholder=\"Translation\"><span class=\"Y2IQFc\" lang=\"es\">Alojamiento<\/span><\/li>\n<li class=\"tw-data-text tw-text-large tw-ta\" dir=\"ltr\" data-placeholder=\"Translation\"><span class=\"Y2IQFc\" lang=\"es\">Transporte<\/span><\/li>\n<li class=\"tw-data-text tw-text-large tw-ta\" dir=\"ltr\" data-placeholder=\"Translation\"><span class=\"Y2IQFc\" lang=\"es\">Empleo<\/span><\/li>\n<li class=\"tw-data-text tw-text-large tw-ta\" dir=\"ltr\" data-placeholder=\"Translation\"><span class=\"Y2IQFc\" lang=\"es\">Seguridad f\u00edsica<\/span><\/li>\n<li class=\"tw-data-text tw-text-large tw-ta\" dir=\"ltr\" data-placeholder=\"Translation\"><span class=\"Y2IQFc\" lang=\"es\">Seguridad alimentaria<\/span><\/li>\n<li class=\"tw-data-text tw-text-large tw-ta\" dir=\"ltr\" data-placeholder=\"Translation\"><span class=\"Y2IQFc\" lang=\"es\">Bienestar emocional y mental<\/span><\/li>\n<li class=\"tw-data-text tw-text-large tw-ta\" dir=\"ltr\" data-placeholder=\"Translation\"><span class=\"Y2IQFc\" lang=\"es\">\u00a1Y m\u00e1s!<\/span><\/li>\n<\/ul>\n<h2 class=\"section-som\"><span>Haga una cita<\/span><\/h2>\n<p id=\"tw-target-text\" class=\"tw-data-text tw-text-large tw-ta\" dir=\"ltr\" data-placeholder=\"Translation\"><span class=\"Y2IQFc\" lang=\"es\">Puede solicitar hablar con un Navegador de necesidades sociales en su pr\u00f3xima cita o envi\u00e1ndonos un correo electr\u00f3nico.<\/span><\/p>\n<p id=\"tw-target-text\" class=\"tw-data-text tw-text-large tw-ta\" dir=\"ltr\" data-placeholder=\"Translation\"><span class=\"Y2IQFc\" lang=\"es\">Si necesita asistencia o desea hacer un seguimiento de las necesidades y los recursos, puede comunicarse con nosotros a <a href=\"mailto:shac_socialneeds@med.unc.edu\">shac_socialneeds@med.unc.edu<\/a> o dejar un mensaje de voz al (919) 537-9564.<\/span><\/p>\n","protected":false},"excerpt":{"rendered":"<p>&nbsp; Somos una cl\u00ednica integrada en muchos de los servicios m\u00e9dicos y cl\u00ednicas especializadas de SHAC, y servimos como recurso para los aspectos no cl\u00ednicos de la salud. Nuestros navegadores brindan evaluaciones de angustia y ofrecen una amplia variedad de recursos para todas las necesidades socioecon\u00f3micas y de apoyo. Los navegadores reciben capacitaci\u00f3n sobre recursos &hellip; <a href=\"https:\/\/www.med.unc.edu\/shac\/home-page-espanol\/programs-2\/necesidadsocial\/\" aria-label=\"Read more about Navegadores de necesidad social\">Read more<\/a><\/p>\n","protected":false},"author":110629,"featured_media":0,"parent":3256,"menu_order":26,"comment_status":"closed","ping_status":"closed","template":"","meta":{"_acf_changed":false,"layout":"","cellInformation":"","apiCallInformation":"","footnotes":"","_links_to":"","_links_to_target":""},"class_list":["post-3575","page","type-page","status-publish","hentry","odd"],"acf":[],"_links_to":[],"_links_to_target":[],"_links":{"self":[{"href":"https:\/\/www.med.unc.edu\/shac\/wp-json\/wp\/v2\/pages\/3575","targetHints":{"allow":["GET"]}}],"collection":[{"href":"https:\/\/www.med.unc.edu\/shac\/wp-json\/wp\/v2\/pages"}],"about":[{"href":"https:\/\/www.med.unc.edu\/shac\/wp-json\/wp\/v2\/types\/page"}],"author":[{"embeddable":true,"href":"https:\/\/www.med.unc.edu\/shac\/wp-json\/wp\/v2\/users\/110629"}],"replies":[{"embeddable":true,"href":"https:\/\/www.med.unc.edu\/shac\/wp-json\/wp\/v2\/comments?post=3575"}],"version-history":[{"count":0,"href":"https:\/\/www.med.unc.edu\/shac\/wp-json\/wp\/v2\/pages\/3575\/revisions"}],"up":[{"embeddable":true,"href":"https:\/\/www.med.unc.edu\/shac\/wp-json\/wp\/v2\/pages\/3256"}],"wp:attachment":[{"href":"https:\/\/www.med.unc.edu\/shac\/wp-json\/wp\/v2\/media?parent=3575"}],"curies":[{"name":"wp","href":"https:\/\/api.w.org\/{rel}","templated":true}]}}