{"id":11448,"date":"2024-08-16T10:44:29","date_gmt":"2024-08-16T14:44:29","guid":{"rendered":"https:\/\/www.med.unc.edu\/surgery\/surgonc\/?page_id=11448"},"modified":"2024-12-16T07:55:02","modified_gmt":"2024-12-16T12:55:02","slug":"pelear","status":"publish","type":"page","link":"https:\/\/www.med.unc.edu\/surgery\/surgonc\/research\/pelear\/","title":{"rendered":"PeLear"},"content":{"rendered":"<p><img loading=\"lazy\" decoding=\"async\" class=\" wp-image-11455 aligncenter\" src=\"https:\/\/www.med.unc.edu\/surgery\/surgonc\/wp-content\/uploads\/sites\/800\/2024\/08\/PeLearCCC_logo_primary_1@2x-300x71.png\" alt=\"\" width=\"515\" height=\"122\" srcset=\"https:\/\/www.med.unc.edu\/surgery\/surgonc\/wp-content\/uploads\/sites\/800\/2024\/08\/PeLearCCC_logo_primary_1@2x-300x71.png 300w, https:\/\/www.med.unc.edu\/surgery\/surgonc\/wp-content\/uploads\/sites\/800\/2024\/08\/PeLearCCC_logo_primary_1@2x-1024x242.png 1024w, https:\/\/www.med.unc.edu\/surgery\/surgonc\/wp-content\/uploads\/sites\/800\/2024\/08\/PeLearCCC_logo_primary_1@2x-768x181.png 768w, https:\/\/www.med.unc.edu\/surgery\/surgonc\/wp-content\/uploads\/sites\/800\/2024\/08\/PeLearCCC_logo_primary_1@2x-600x142.png 600w, https:\/\/www.med.unc.edu\/surgery\/surgonc\/wp-content\/uploads\/sites\/800\/2024\/08\/PeLearCCC_logo_primary_1@2x.png 1364w\" sizes=\"auto, (max-width: 515px) 100vw, 515px\" \/><\/p>\n<h4><\/h4>\n<h4>Gracias por su inter\u00e9s en participar en nuestro estudio: <span style=\"color: #4b9cd3\">\u201cPeLear CCC: Proyecto Latino Contra C\u00e1ncer Colorrectal\u201d<\/span><\/h4>\n<h4><span style=\"color: #4b9cd3\">Por favor complete el formulario de consentimiento para registrarse:<\/span><\/h4>\n<p><a href=\"https:\/\/rc2.redcap.unc.edu\/surveys\/?s=JHNKXHACRFTEEPPN\"><a class=\"btn btn-default btn-lg  oscitas-bootstrap-container\" target=\"_self\" href=\"https:\/\/rc2.redcap.unc.edu\/surveys\/?s=JHNKXHACRFTEEPPN\">Reg\u00edstrate Hoy<\/a><\/a><\/p>\n<p><span style=\"color: #4b9cd3\">Por su tiempo y esfuerzo, que pueden requerir hasta 4 horas, puede recibir una camiseta y hasta $150.<\/span><\/p>\n<p>Estamos haciendo un estudio de investigaci\u00f3n para descubrir qu\u00e9 saben los latinos sobre el c\u00e1ncer colorrectal y c\u00f3mo se sienten al participar en ensayos cl\u00ednicos sobre el c\u00e1ncer.<\/p>\n<p class=\"contentpasted0\" style=\"margin: 0in\">Si decide participar, se le pedir\u00e1 que visite <a href=\"https:\/\/maps.app.goo.gl\/vy6Ucz1TzpyT44qi9\">la Iglesia St. Thomas More<\/a> dos veces. Durante la primera visita, responder\u00e1 preguntas sobre el c\u00e1ncer colorrectal y los ensayos cl\u00ednicos antes y despu\u00e9s de ver un video educativo. Durante la segunda visita, responder\u00e1 algunas preguntas otra vez.<\/p>\n<p>Tambi\u00e9n es posible que lo inviten a participar en una entrevista con un miembro del equipo del estudio para compartir sus opiniones sobre la participaci\u00f3n latina en ensayos cl\u00ednicos.<\/p>\n<p>Los eventos que durar\u00e1n 1-2 horas se har\u00e1n en los\u00a0siguientes <strong><span style=\"color: #4b9cd3\">Martes a las 7 de la noche<\/span>:<\/p>\n<p><\/strong><\/p>\n<ul>\n<li>1\/7 <strong>\u2013 <\/strong>St. Anthony Salon<\/li>\n<li>1\/14 \u2013 St. Martin Salon<\/li>\n<li>1\/21 \u2013 St. Martin Salon<\/li>\n<li>1\/28 \u2013 St. Martin Salon<\/li>\n<li>2\/4 <strong>\u2013 <\/strong>St. Anthony Salon<\/li>\n<li>2\/11 \u2013 St. Martin Salon<\/li>\n<li>2\/18 \u2013 St. Martin Salon<\/li>\n<li>2\/25 \u2013 St. Martin Salon\n<p><img loading=\"lazy\" decoding=\"async\" class=\" wp-image-11469 alignright\" src=\"https:\/\/www.med.unc.edu\/surgery\/surgonc\/wp-content\/uploads\/sites\/800\/2024\/10\/Pelear-White-Flyer-Photo-300x201.jpg\" alt=\"\" width=\"318\" height=\"213\" srcset=\"https:\/\/www.med.unc.edu\/surgery\/surgonc\/wp-content\/uploads\/sites\/800\/2024\/10\/Pelear-White-Flyer-Photo-300x201.jpg 300w, https:\/\/www.med.unc.edu\/surgery\/surgonc\/wp-content\/uploads\/sites\/800\/2024\/10\/Pelear-White-Flyer-Photo.jpg 359w\" sizes=\"auto, (max-width: 318px) 100vw, 318px\" \/><\/li>\n<\/ul>\n<p>&nbsp;<\/p>\n<p>&nbsp;<\/p>\n<p>&nbsp;<\/p>\n","protected":false},"excerpt":{"rendered":"<p>Gracias por su inter\u00e9s en participar en nuestro estudio: \u201cPeLear CCC: Proyecto Latino Contra C\u00e1ncer Colorrectal\u201d Por favor complete el formulario de consentimiento para registrarse: Por su tiempo y esfuerzo, que pueden requerir hasta 4 horas, puede recibir una camiseta y hasta $150. Estamos haciendo un estudio de investigaci\u00f3n para descubrir qu\u00e9 saben los latinos &hellip; <a href=\"https:\/\/www.med.unc.edu\/surgery\/surgonc\/research\/pelear\/\" aria-label=\"Read more about PeLear\">Read more<\/a><\/p>\n","protected":false},"author":112629,"featured_media":0,"parent":2242,"menu_order":1,"comment_status":"closed","ping_status":"closed","template":"","meta":{"_acf_changed":false,"layout":"","cellInformation":"","apiCallInformation":"","footnotes":"","_links_to":"","_links_to_target":""},"class_list":["post-11448","page","type-page","status-publish","hentry","odd"],"acf":[],"yoast_head":"<!-- This site is optimized with the Yoast SEO plugin v26.8 - https:\/\/yoast.com\/product\/yoast-seo-wordpress\/ -->\n<title>PeLear - Division of Surgical Oncology<\/title>\n<meta name=\"robots\" content=\"index, follow, max-snippet:-1, max-image-preview:large, max-video-preview:-1\" \/>\n<link rel=\"canonical\" href=\"https:\/\/www.med.unc.edu\/surgery\/surgonc\/research\/pelear\/\" \/>\n<meta property=\"og:locale\" content=\"en_US\" \/>\n<meta property=\"og:type\" content=\"article\" \/>\n<meta property=\"og:title\" content=\"PeLear - Division of Surgical Oncology\" \/>\n<meta property=\"og:description\" content=\"Gracias por su inter\u00e9s en participar en nuestro estudio: \u201cPeLear CCC: Proyecto Latino Contra C\u00e1ncer Colorrectal\u201d Por favor complete el formulario de consentimiento para registrarse: Por su tiempo y esfuerzo, que pueden requerir hasta 4 horas, puede recibir una camiseta y hasta $150. Estamos haciendo un estudio de investigaci\u00f3n para descubrir qu\u00e9 saben los latinos &hellip; Read more\" \/>\n<meta property=\"og:url\" content=\"https:\/\/www.med.unc.edu\/surgery\/surgonc\/research\/pelear\/\" \/>\n<meta property=\"og:site_name\" content=\"Division of Surgical Oncology\" \/>\n<meta property=\"article:modified_time\" content=\"2024-12-16T12:55:02+00:00\" \/>\n<meta property=\"og:image\" content=\"https:\/\/www.med.unc.edu\/surgery\/surgonc\/wp-content\/uploads\/sites\/800\/2024\/08\/PeLearCCC_logo_primary_1@2x.png\" \/>\n\t<meta property=\"og:image:width\" content=\"1364\" \/>\n\t<meta property=\"og:image:height\" content=\"322\" \/>\n\t<meta property=\"og:image:type\" content=\"image\/png\" \/>\n<meta name=\"twitter:card\" content=\"summary_large_image\" \/>\n<meta name=\"twitter:label1\" content=\"Est. reading time\" \/>\n\t<meta name=\"twitter:data1\" content=\"2 minutes\" \/>\n<script type=\"application\/ld+json\" class=\"yoast-schema-graph\">{\"@context\":\"https:\/\/schema.org\",\"@graph\":[{\"@type\":\"WebPage\",\"@id\":\"https:\/\/www.med.unc.edu\/surgery\/surgonc\/research\/pelear\/\",\"url\":\"https:\/\/www.med.unc.edu\/surgery\/surgonc\/research\/pelear\/\",\"name\":\"PeLear - Division of Surgical Oncology\",\"isPartOf\":{\"@id\":\"https:\/\/www.med.unc.edu\/surgery\/surgonc\/#website\"},\"primaryImageOfPage\":{\"@id\":\"https:\/\/www.med.unc.edu\/surgery\/surgonc\/research\/pelear\/#primaryimage\"},\"image\":{\"@id\":\"https:\/\/www.med.unc.edu\/surgery\/surgonc\/research\/pelear\/#primaryimage\"},\"thumbnailUrl\":\"https:\/\/www.med.unc.edu\/surgery\/surgonc\/wp-content\/uploads\/sites\/800\/2024\/08\/PeLearCCC_logo_primary_1@2x-300x71.png\",\"datePublished\":\"2024-08-16T14:44:29+00:00\",\"dateModified\":\"2024-12-16T12:55:02+00:00\",\"breadcrumb\":{\"@id\":\"https:\/\/www.med.unc.edu\/surgery\/surgonc\/research\/pelear\/#breadcrumb\"},\"inLanguage\":\"en-US\",\"potentialAction\":[{\"@type\":\"ReadAction\",\"target\":[\"https:\/\/www.med.unc.edu\/surgery\/surgonc\/research\/pelear\/\"]}]},{\"@type\":\"ImageObject\",\"inLanguage\":\"en-US\",\"@id\":\"https:\/\/www.med.unc.edu\/surgery\/surgonc\/research\/pelear\/#primaryimage\",\"url\":\"https:\/\/www.med.unc.edu\/surgery\/surgonc\/wp-content\/uploads\/sites\/800\/2024\/08\/PeLearCCC_logo_primary_1@2x.png\",\"contentUrl\":\"https:\/\/www.med.unc.edu\/surgery\/surgonc\/wp-content\/uploads\/sites\/800\/2024\/08\/PeLearCCC_logo_primary_1@2x.png\",\"width\":1364,\"height\":322},{\"@type\":\"BreadcrumbList\",\"@id\":\"https:\/\/www.med.unc.edu\/surgery\/surgonc\/research\/pelear\/#breadcrumb\",\"itemListElement\":[{\"@type\":\"ListItem\",\"position\":1,\"name\":\"Home\",\"item\":\"https:\/\/www.med.unc.edu\/surgery\/surgonc\/\"},{\"@type\":\"ListItem\",\"position\":2,\"name\":\"Research\",\"item\":\"https:\/\/www.med.unc.edu\/surgery\/surgonc\/research\/\"},{\"@type\":\"ListItem\",\"position\":3,\"name\":\"PeLear\"}]},{\"@type\":\"WebSite\",\"@id\":\"https:\/\/www.med.unc.edu\/surgery\/surgonc\/#website\",\"url\":\"https:\/\/www.med.unc.edu\/surgery\/surgonc\/\",\"name\":\"Division of Surgical Oncology\",\"description\":\"\",\"potentialAction\":[{\"@type\":\"SearchAction\",\"target\":{\"@type\":\"EntryPoint\",\"urlTemplate\":\"https:\/\/www.med.unc.edu\/surgery\/surgonc\/?s={search_term_string}\"},\"query-input\":{\"@type\":\"PropertyValueSpecification\",\"valueRequired\":true,\"valueName\":\"search_term_string\"}}],\"inLanguage\":\"en-US\"}]}<\/script>\n<!-- \/ Yoast SEO plugin. -->","yoast_head_json":{"title":"PeLear - Division of Surgical Oncology","robots":{"index":"index","follow":"follow","max-snippet":"max-snippet:-1","max-image-preview":"max-image-preview:large","max-video-preview":"max-video-preview:-1"},"canonical":"https:\/\/www.med.unc.edu\/surgery\/surgonc\/research\/pelear\/","og_locale":"en_US","og_type":"article","og_title":"PeLear - Division of Surgical Oncology","og_description":"Gracias por su inter\u00e9s en participar en nuestro estudio: \u201cPeLear CCC: Proyecto Latino Contra C\u00e1ncer Colorrectal\u201d Por favor complete el formulario de consentimiento para registrarse: Por su tiempo y esfuerzo, que pueden requerir hasta 4 horas, puede recibir una camiseta y hasta $150. Estamos haciendo un estudio de investigaci\u00f3n para descubrir qu\u00e9 saben los latinos &hellip; Read more","og_url":"https:\/\/www.med.unc.edu\/surgery\/surgonc\/research\/pelear\/","og_site_name":"Division of Surgical Oncology","article_modified_time":"2024-12-16T12:55:02+00:00","og_image":[{"width":1364,"height":322,"url":"https:\/\/www.med.unc.edu\/surgery\/surgonc\/wp-content\/uploads\/sites\/800\/2024\/08\/PeLearCCC_logo_primary_1@2x.png","type":"image\/png"}],"twitter_card":"summary_large_image","twitter_misc":{"Est. reading time":"2 minutes"},"schema":{"@context":"https:\/\/schema.org","@graph":[{"@type":"WebPage","@id":"https:\/\/www.med.unc.edu\/surgery\/surgonc\/research\/pelear\/","url":"https:\/\/www.med.unc.edu\/surgery\/surgonc\/research\/pelear\/","name":"PeLear - Division of Surgical Oncology","isPartOf":{"@id":"https:\/\/www.med.unc.edu\/surgery\/surgonc\/#website"},"primaryImageOfPage":{"@id":"https:\/\/www.med.unc.edu\/surgery\/surgonc\/research\/pelear\/#primaryimage"},"image":{"@id":"https:\/\/www.med.unc.edu\/surgery\/surgonc\/research\/pelear\/#primaryimage"},"thumbnailUrl":"https:\/\/www.med.unc.edu\/surgery\/surgonc\/wp-content\/uploads\/sites\/800\/2024\/08\/PeLearCCC_logo_primary_1@2x-300x71.png","datePublished":"2024-08-16T14:44:29+00:00","dateModified":"2024-12-16T12:55:02+00:00","breadcrumb":{"@id":"https:\/\/www.med.unc.edu\/surgery\/surgonc\/research\/pelear\/#breadcrumb"},"inLanguage":"en-US","potentialAction":[{"@type":"ReadAction","target":["https:\/\/www.med.unc.edu\/surgery\/surgonc\/research\/pelear\/"]}]},{"@type":"ImageObject","inLanguage":"en-US","@id":"https:\/\/www.med.unc.edu\/surgery\/surgonc\/research\/pelear\/#primaryimage","url":"https:\/\/www.med.unc.edu\/surgery\/surgonc\/wp-content\/uploads\/sites\/800\/2024\/08\/PeLearCCC_logo_primary_1@2x.png","contentUrl":"https:\/\/www.med.unc.edu\/surgery\/surgonc\/wp-content\/uploads\/sites\/800\/2024\/08\/PeLearCCC_logo_primary_1@2x.png","width":1364,"height":322},{"@type":"BreadcrumbList","@id":"https:\/\/www.med.unc.edu\/surgery\/surgonc\/research\/pelear\/#breadcrumb","itemListElement":[{"@type":"ListItem","position":1,"name":"Home","item":"https:\/\/www.med.unc.edu\/surgery\/surgonc\/"},{"@type":"ListItem","position":2,"name":"Research","item":"https:\/\/www.med.unc.edu\/surgery\/surgonc\/research\/"},{"@type":"ListItem","position":3,"name":"PeLear"}]},{"@type":"WebSite","@id":"https:\/\/www.med.unc.edu\/surgery\/surgonc\/#website","url":"https:\/\/www.med.unc.edu\/surgery\/surgonc\/","name":"Division of Surgical Oncology","description":"","potentialAction":[{"@type":"SearchAction","target":{"@type":"EntryPoint","urlTemplate":"https:\/\/www.med.unc.edu\/surgery\/surgonc\/?s={search_term_string}"},"query-input":{"@type":"PropertyValueSpecification","valueRequired":true,"valueName":"search_term_string"}}],"inLanguage":"en-US"}]}},"_links_to":[],"_links_to_target":[],"_links":{"self":[{"href":"https:\/\/www.med.unc.edu\/surgery\/surgonc\/wp-json\/wp\/v2\/pages\/11448","targetHints":{"allow":["GET"]}}],"collection":[{"href":"https:\/\/www.med.unc.edu\/surgery\/surgonc\/wp-json\/wp\/v2\/pages"}],"about":[{"href":"https:\/\/www.med.unc.edu\/surgery\/surgonc\/wp-json\/wp\/v2\/types\/page"}],"author":[{"embeddable":true,"href":"https:\/\/www.med.unc.edu\/surgery\/surgonc\/wp-json\/wp\/v2\/users\/112629"}],"replies":[{"embeddable":true,"href":"https:\/\/www.med.unc.edu\/surgery\/surgonc\/wp-json\/wp\/v2\/comments?post=11448"}],"version-history":[{"count":0,"href":"https:\/\/www.med.unc.edu\/surgery\/surgonc\/wp-json\/wp\/v2\/pages\/11448\/revisions"}],"up":[{"embeddable":true,"href":"https:\/\/www.med.unc.edu\/surgery\/surgonc\/wp-json\/wp\/v2\/pages\/2242"}],"wp:attachment":[{"href":"https:\/\/www.med.unc.edu\/surgery\/surgonc\/wp-json\/wp\/v2\/media?parent=11448"}],"curies":[{"name":"wp","href":"https:\/\/api.w.org\/{rel}","templated":true}]}}