{"id":176,"date":"2017-12-13T12:51:00","date_gmt":"2017-12-13T17:51:00","guid":{"rendered":"https:\/\/med.sites.unc.edu\/transition\/about-us-1\/starx-team-members-and-collaborators\/"},"modified":"2024-07-17T16:57:31","modified_gmt":"2024-07-17T20:57:31","slug":"lab-members-and-collaborators","status":"publish","type":"page","link":"https:\/\/www.med.unc.edu\/transition\/about-us-1\/lab-members-and-collaborators\/","title":{"rendered":"STARx Team Members and Collaborators"},"content":{"rendered":"<p><em>Current team members<\/em><\/p>\n<div id=\"content-area\">\n<div id=\"parent-fieldname-text-a84c790ffe964dcf80c9842b06910974\" class=\"\">\n<h2><strong>UNC Chapel Hill<\/strong><\/h2>\n<p><a class=\"email-link\" title=\"\" href=\"mailto:maria_ferris@med.unc.edu?subject=STARx Program\" target=\"_self\" rel=\"noopener\">Maria Ferris<\/a>, MD, MPH, PhD<\/p>\n<p><a class=\"email-link\" title=\"\" href=\"mailto:miranda_van_tilburg@med.unc.edu?subject=STARx Program\" target=\"_self\" rel=\"noopener\">Miranda van Tilburg<\/a>, PhD<\/p>\n<p>Diana Cejas, MD<\/p>\n<p><a class=\"email-link\" title=\"\" href=\"mailto:donna_gilleskie@unc.edu?subject=STARx Program\" target=\"_self\" rel=\"noopener\">Donna Gilleskie<\/a>, PhD<\/p>\n<p><a class=\"email-link\" title=\"\" href=\"mailto:stephen_hooper@med.unc.edu?subject=STARx Program\" target=\"_self\" rel=\"noopener\">Stephen Hooper<\/a>, PhD<\/p>\n<p><a class=\"email-link\" title=\"\" href=\"mailto:nina_jain@med.unc.edu?subject=STARx Program\" target=\"_self\" rel=\"noopener\">Nina Jain<\/a>, MD<\/p>\n<p><a class=\"email-link\" title=\"\" href=\"mailto:brian.Pitts@unchealth.unc.edu?subject=STARx Program\" target=\"_self\" rel=\"noopener\">Brian Pitts<\/a>, MD<\/p>\n<h3><strong>Graduate Research Assistants<\/strong><\/h3>\n<p>Melissa Luna de la Garza, MD<\/p>\n<p>Pierina Parraga<\/p>\n<p>&nbsp;<\/p>\n<h2>Collaborators within U.S.<\/h2>\n<h3><strong>Connecticut Children\u2019s Medical Center Hartford, CT\u00a0<\/strong><\/h3>\n<p>Cynthia Silva, MD<\/p>\n<p>Sherene Mason, MD, MBA<\/p>\n<p><strong>Carolinas HealthCare System, <\/strong><strong>Charlotte, NC\u00a0<\/strong><\/p>\n<p>Lynn Puma, SW, LCSW<\/p>\n<p>Susan Massengill, MD<\/p>\n<p><b>East Carolina University, <\/b><b>Greenville, NC\u00a0<\/b><\/p>\n<p>Guillermo Hidalgo, MD<\/p>\n<p><b>Nationwide Children\u2019s Hospital<\/b><b>, Columbus, OH<\/b><\/p>\n<p><a class=\"email-link\" title=\"\" href=\"mailto:MaryAnn.Abrams@nationwidechildrens.org?subject=STARx Program\" target=\"_self\" rel=\"noopener\">Mary Ann Abrams, MD, MPH<\/a><\/p>\n<p>Marcia Dyas, RN<\/p>\n<p>Amy Kogon, MD, MPH<\/p>\n<p>John Mahan, MD<\/p>\n<h3><b>University of Michigan, Ann Arbor, MI\u00a0<\/b><\/h3>\n<p>Chrysta Meadowbrook, MA MSI<\/p>\n<p>Larysa Wickman, MD<\/p>\n<p>&nbsp;<\/p>\n<h3><strong>University of Texas at San Antonio, San Antonio, TX\u00a0<\/strong><\/h3>\n<p>Irma Ayroso-Guardiola, RN<\/p>\n<p>Daniel Ranch, MD<\/p>\n<p><b>\u00a0<\/b><\/p>\n<h3><strong>Georgia Regents University<\/strong><\/h3>\n<p>Leila Clay, MD<br \/>\nGeorgia Regents University<\/p>\n<p><strong>Elon University<\/strong><\/p>\n<p>Cynthia Fair, MPH, DrPH<\/p>\n<p><strong>University of Maryland<\/strong><\/p>\n<p>Tamra Hill, NP<\/p>\n<p>&nbsp;<\/p>\n<h2><strong>International Collaborators<\/strong><\/h2>\n<h3><strong>Colombia, <\/strong>Hospital Infantil Fundaci\u00f3n Valle del Lili<\/h3>\n<p><a class=\"email-link\" title=\"\" href=\"mailto:restrepojaime@hotmail.com?subject=STARx Program\" target=\"_self\" rel=\"noopener\">Dr. Jaime Restrepo<\/a><\/p>\n<p><a class=\"email-link\" title=\"\" href=\"mailto:mappy2007@hotmail.com?subject=STARx Program\" target=\"_self\" rel=\"noopener\">Enf. Mar\u00eda del Pilar Santamar\u00eda Suarez<\/a><\/p>\n<p><a class=\"email-link\" title=\"\" href=\"mailto:linavd29@gmail.com?subject=STARx Program\" target=\"_self\" rel=\"noopener\">Dra.\u00a0Lina Mar\u00eda Vi\u00e1fara Duarte<\/a><\/p>\n<p><a class=\"email-link\" title=\"\" href=\"mailto:van8a@hotmail.com?subject=STARx Program\" target=\"_self\" rel=\"noopener\">Dra. Vanesa Ochoa<\/a><\/p>\n<p><span style=\"line-height: 1.43em\"><a class=\"email-link\" title=\"\" href=\"mailto:aleja14114@hotmail.com?subject=STARx Program\" target=\"_self\" rel=\"noopener\">Maria Alejandra Agredo Lucio<\/a>\u00a0\u00a0<\/span><\/p>\n<p><span style=\"line-height: 1.43em\">\u00a0<\/span><\/p>\n<h3><strong style=\"line-height: 1.43em\">The Philippines,<\/strong><span style=\"color: #000000\"> Hospital Infantil de Manila<\/span><\/h3>\n<p><span style=\"color: #000000\"><a class=\"email-link\" title=\"\" href=\"mailto:teendoc99@yahoo.com?subject=STARx Program\" target=\"_self\" rel=\"noopener\">Dra. Ema Llanto<\/a>\u00a0<\/span><\/p>\n<p><span style=\"color: #000000\"><span style=\"color: #000000\">\u00a0<\/span><\/span><\/p>\n<h3><span style=\"color: #000000\"><strong><span style=\"line-height: 1.3em\">Mexico<\/span><\/strong><\/span><\/h3>\n<h4><span style=\"color: #000000\"><span style=\"line-height: 1.43em\">Centro M\u00e9dico Nacional Siglo XXI. Hospital de Pediatr\u00eda<\/span><\/span><\/h4>\n<p class=\" \"><span style=\"color: #000000\"><a class=\"email-link\" title=\"\" href=\"mailto:aleagkit@prodigy.net.mx?subject=STARx Program\" target=\"_self\" rel=\"noopener\">Dra. Alejandra Aguilar Kitsu<\/a>\u00a0<\/span><\/p>\n<p><span style=\"color: #000000\"><span style=\"line-height: 1.3em\">Hospital Infantil de Mexico Federico G\u00f3mez<\/span><\/span><\/p>\n<p><span style=\"color: #000000\"><span style=\"line-height: 1.43em\"><a class=\"email-link\" title=\"\" href=\"mailto:medeiro.mara@gmail.com?subject=STARx Program\" target=\"_self\" rel=\"noopener\">Dra. Mara Medeiros<\/a><\/span><\/span><\/p>\n<p><span style=\"color: #000000\"><a class=\"email-link\" title=\"\" href=\"mailto:acatalinaae_med@yahoo.com.mx?subject=STARx Program\" target=\"_self\" rel=\"noopener\">Dra. Ana Catalina Alvarez<\/a>\u00a0<\/span><\/p>\n<h4><span style=\"color: #000000\">Instituto Nacional de Ciencias M\u00e9dicas y Servicios de Nutrici\u00f3n Salvador Zubir\u00e1<span style=\"line-height: 1.43em\">\u00a0<\/span><\/span><\/h4>\n<p><span style=\"color: #000000\"><a class=\"email-link\" title=\"\" href=\"mailto:luis_buenrostro@yahoo.com?subject=STARx Program\" target=\"_self\" rel=\"noopener\">Dr. Luis Morales Buenrostro<\/a>\u00a0\u00a0<\/span><\/p>\n<h4><span style=\"color: #000000\">Universidad Panamericana de Mexico \u00a0 \u00a0<\/span><\/h4>\n<p><span style=\"color: #000000\"><span style=\"line-height: 1.43em\"><a class=\"email-link\" title=\"\" href=\"mailto:gcantu@up.edu.mx?subject=STARx Program\" target=\"_self\" rel=\"noopener\">Dr. Guillermo<\/a><\/span><span style=\"line-height: 1.43em\"><a class=\"email-link\" title=\"\" href=\"mailto:gcantu@up.edu.mx?subject=STARx Program\" target=\"_self\" rel=\"noopener\">\u00a0Rafael Cant\u00fa Quintanilla<\/a>\u00a0<\/span><\/span><\/p>\n<h4><span style=\"color: #000000\">Universidad Nacional Autonoma de Mexico<br \/>\n<\/span><\/h4>\n<p class=\" \"><span style=\"color: #000000\"><span style=\"line-height: 1.3em\"><a class=\"email-link\" title=\"\" href=\"mailto:0165038@up.edu.mx?subject=STARx Program\" target=\"_self\" rel=\"noopener\">Alexandre de Pomposo, MD, PhD<br \/>\n<\/a><\/span><\/span><\/p>\n<\/div>\n<\/div>\n","protected":false},"excerpt":{"rendered":"<p>Current team members UNC Chapel Hill Maria Ferris, MD, MPH, PhD Miranda van Tilburg, PhD Diana Cejas, MD Donna Gilleskie, PhD Stephen Hooper, PhD Nina Jain, MD Brian Pitts, MD Graduate Research Assistants Melissa Luna de la Garza, MD Pierina Parraga &nbsp; Collaborators within U.S. Connecticut Children\u2019s Medical Center Hartford, CT\u00a0 Cynthia Silva, MD Sherene &hellip; <a href=\"https:\/\/www.med.unc.edu\/transition\/about-us-1\/lab-members-and-collaborators\/\" aria-label=\"Read more about STARx Team Members and Collaborators\">Read more<\/a><\/p>\n","protected":false},"author":76119,"featured_media":0,"parent":4,"menu_order":3,"comment_status":"closed","ping_status":"closed","template":"","meta":{"_acf_changed":false,"layout":"","cellInformation":"","apiCallInformation":"","footnotes":"","_links_to":"","_links_to_target":""},"class_list":["post-176","page","type-page","status-publish","hentry","odd"],"acf":[],"_links_to":[],"_links_to_target":[],"_links":{"self":[{"href":"https:\/\/www.med.unc.edu\/transition\/wp-json\/wp\/v2\/pages\/176","targetHints":{"allow":["GET"]}}],"collection":[{"href":"https:\/\/www.med.unc.edu\/transition\/wp-json\/wp\/v2\/pages"}],"about":[{"href":"https:\/\/www.med.unc.edu\/transition\/wp-json\/wp\/v2\/types\/page"}],"author":[{"embeddable":true,"href":"https:\/\/www.med.unc.edu\/transition\/wp-json\/wp\/v2\/users\/76119"}],"replies":[{"embeddable":true,"href":"https:\/\/www.med.unc.edu\/transition\/wp-json\/wp\/v2\/comments?post=176"}],"version-history":[{"count":0,"href":"https:\/\/www.med.unc.edu\/transition\/wp-json\/wp\/v2\/pages\/176\/revisions"}],"up":[{"embeddable":true,"href":"https:\/\/www.med.unc.edu\/transition\/wp-json\/wp\/v2\/pages\/4"}],"wp:attachment":[{"href":"https:\/\/www.med.unc.edu\/transition\/wp-json\/wp\/v2\/media?parent=176"}],"curies":[{"name":"wp","href":"https:\/\/api.w.org\/{rel}","templated":true}]}}