{"id":2,"date":"2013-01-07T18:55:00","date_gmt":"2013-01-07T23:55:00","guid":{"rendered":"https:\/\/med.sites.unc.edu\/transition\/transition\/"},"modified":"2022-12-05T07:55:33","modified_gmt":"2022-12-05T12:55:33","slug":"transition","status":"publish","type":"page","link":"https:\/\/www.med.unc.edu\/transition\/","title":{"rendered":"STARx (Self-management, Transition and Adherence to Rx=treatment) Program since 2006"},"content":{"rendered":"<p><strong>Message from our founder, Maria E. D\u00edaz-Gonz\u00e1lez de Ferris, MD, MPH, PhD (English <\/strong><em><strong>y <\/strong><\/em><em>Espa\u00f1ol<\/em><strong>)<\/strong><\/p>\n<p><strong>Dear families we serve,<\/strong><\/p>\n<p>As part of the terrific Diagnostic and Complex Care Clinic team, and since 2006, our mission is to serve children, adolescents and young adults with chronic conditions and their families. Our interdisciplinary team at the <strong><u>S<\/u><\/strong>elf-management and <strong>T<\/strong>ransition to <u>A<\/u>dulthood with <strong><u>R<sub>x<\/sub><\/u><\/strong>=treatment (<strong>STAR<sub>x<\/sub><\/strong>) Program has continued to provide new evidence in the field of healthcare transition from pediatric- to adult-focused health services. The STARx team has published over 80 scientific manuscripts in this field with new collaborators from around the country and the world. Our tools (STAR<sub>x<\/sub> Questionnaire, TR<sub>x<\/sub>ANSITION Index and STAR<sub>x \u00a0<\/sub>Passport) have been translated into 8 languages and are being used in 10 countries.<\/p>\n<p>We are grateful to Dr. Carl Seashore as his persistence made it possible for the self-administered STAR<sub>x<\/sub> Questionnaire to be now in EPIC, our electronic health record. Our collaborators at the Children\u2019s Hospital of Orange County have our tools in the electronic health record called CERNER. Our patient education tool \u201cALL YOU NEED IS LOVE Syllabus\u201d is being validated and evidence of its effectiveness among USA and Mexico patients has been published in peer-reviewed journals. In collaboration with the 3C Institute, the Kidney Guide App has been created and will be deployed in several institutions across the USA.<\/p>\n<p>I am also grateful for the accomplishments the International and Interdisciplinary Healthcare Transition Research Consortium has made since I co-founded it in 2007. And last, but not least, I am grateful for the work we have accomplished with Dr. Peter Kotanko and his team at the Renal Research Institute by hosting the annual International Pediatric Nephrology Fellows Conference and the PICCOLO MONDO Initiative. \u00a0 <strong>\u00a0<\/strong><\/p>\n<p><strong>For appointments, please call 984-974-1401\u00a0<\/strong><\/p>\n<p>&#8212;&#8212;&#8212;&#8212;&#8212;&#8212;&#8212;&#8212;&#8212;&#8212;&#8212;&#8212;&#8212;&#8212;&#8212;&#8212;&#8212;&#8212;&#8212;&#8212;&#8212;&#8212;&#8212;&#8212;&#8212;&#8212;&#8212;&#8212;&#8212;&#8212;&#8212;&#8212;&#8212;&#8212;&#8212;&#8212;&#8212;&#8212;&#8212;&#8212;&#8212;&#8212;&#8212;&#8212;&#8212;&#8212;-<\/p>\n<p>Mensaje de nuestra fundadora, Maria E. D\u00edaz-Gonz\u00e1lez de Ferris, MD, MPH, PhD<\/p>\n<p>Estimadas familias a las que servimos,<\/p>\n<p>Como parte del excelente equipo de la Cl\u00ednica de Diagn\u00f3stico y Atenci\u00f3n a Pacientes con Condiciones Complejas, y desde 2006, nuestra misi\u00f3n es atender a ni\u00f1os, adolescentes y adultos j\u00f3venes con enfermedades cr\u00f3nicas y sus familias. Nuestro equipo interdisciplinario del Programa de Automanejo y Transici\u00f3n con Rx=tratamiento (STARx) ha seguido brindando nueva evidencia en el campo de servicios de salud pedi\u00e1tricos a servicios de salud enfocados en adultos. El equipo STARx ha publicado m\u00e1s de 80 manuscritos cient\u00edficos en esta \u00e1rea con nuevos colaboradores en EE. UU. y el mundo. Nuestras herramientas (Cuestionario STARx, \u00cdndice TRxANSITION y Pasaporte STARx) se han traducido a 8 idiomas y se utilizan en 10 pa\u00edses.Agradecemos al Dr. Carl Seashore ya que su persistencia hizo posible que el Cuestionario STARx autoadministrado est\u00e9 ahora en EPIC, nuestro registro de salud electr\u00f3nico. Nuestros colaboradores del Children\u2019s Hospital of Orange County cuentan con nuestras herramientas en la historia cl\u00ednica electr\u00f3nica denominada CERNER. Nuestra herramienta de educaci\u00f3n para pacientes &#8220;TODO LO QUE NECESITA ES AMOR Plan de estudios&#8221; est\u00e1 siendo validada y la evidencia de su efectividad entre los pacientes de EE. UU. y M\u00e9xico se ha publicado en revistas cient\u00edficas arbitradas. En colaboraci\u00f3n con el Instituto 3C, se cre\u00f3 la aplicaci\u00f3n Kidney Guide que se implementar\u00e1 en varias instituciones en los EE. UU.<\/p>\n<p>Tambi\u00e9n estoy agradecida por los logros que ha logrado el Consorcio Internacional e Interdisciplinario de Investigaci\u00f3n de la Transici\u00f3n de la Atenci\u00f3n M\u00e9dica desde que lo cofund\u00e9 en 2007. Por \u00faltimo, pero no menos importante, estoy agradecido por el trabajo que hemos realizado con el Dr. Peter Kotanko y su equipo en el Instituto de Investigaci\u00f3n Renal al albergar la anual Conferencia Internacional de Fellows en Nefrolog\u00eda Pedi\u00e1trica y la Iniciativa PICCOLO MONDO.<\/p>\n<p>&nbsp;<\/p>\n<p><strong>Para citas llamar al 984-974-1401 <\/strong><\/p>\n<h2><span style=\"line-height: 1.3em\">Purpose<\/span><\/h2>\n<p>Founded in 2006, the main focus of the STARx Program is to develop and improve self-management skills and disease knowledge among adolescents and young adults with chronic health conditions. We have created the TRxANSITION Passport, TRxANSITION Index (provider verified), and the self-administered STARx Questionnaire, <a class=\"internal-link\" href=\"http:\/\/www.med.unc.edu\/transition\/transition-tools\">self-management and transition readiness assessment tools <\/a>to identify areas of knowledge and skill deficits among patients ages 12 and older. Based on identified areas of need, education and interventions are then provided in \u00a0an individualized, culturally, linguistically and age-appropriate fashion.<\/p>\n<p><em><strong>Prop\u00f3sito<\/strong><\/em><\/p>\n<p><em>Fundado en 2006, el enfoque principal del Programa STARx es desarrollar y mejorar las habilidades de auto-manejo de la salud y el conocimiento sobre las enfermedades cr\u00f3nicas que padecen adolescents y adultos j\u00f3venes. Hemos creado herramientas de evaluaci\u00f3n del auto-manejo y la preparaci\u00f3n para la transici\u00f3n que identifican \u00e1reas de conocimiento y d\u00e9ficit de habilidades entre pacientes mayores de12 a\u00f1os. Basados en las \u00e1reas de necesidad identificadas, la educaci\u00f3n y la intervenci\u00f3n se proporcionan de manera individualizada, cultural, lingu\u00edstica y apropiada para la edad.<\/em><\/p>\n<p>&nbsp;<\/p>\n<h2><span style=\"line-height: 1.3em\">Productivity<\/span><\/h2>\n<p><span style=\"line-height: 1.3em\">Since 2006, our lab has produced &gt; 80 publications to advance the field of health care transition and evidence continues to grow. We thank our patients, their parents, funding agencies, and our local\/national\/international collaborators for their dedication to our mission.<br \/>\n<\/span><\/p>\n<p><strong><em>Productividad<\/em><\/strong><\/p>\n<p><em>Desde 2006, nuestro laboratorio ha producido &gt; 80 publicaciones para avanzar en el campo de la transici\u00f3n y la evidencia sigue creciendo. Agradecemos a nuestros pacientes, sus padres, agencias de fondos y a nuestros colaboradores locales\/nacionales\/internacionales por su dedicaci\u00f3n a nuestra misi\u00f3n<\/em><\/p>\n","protected":false},"excerpt":{"rendered":"<p>Message from our founder, Maria E. D\u00edaz-Gonz\u00e1lez de Ferris, MD, MPH, PhD (English y Espa\u00f1ol) Dear families we serve, As part of the terrific Diagnostic and Complex Care Clinic team, and since 2006, our mission is to serve children, adolescents and young adults with chronic conditions and their families. Our interdisciplinary team at the Self-management &hellip; <a href=\"https:\/\/www.med.unc.edu\/transition\/\" aria-label=\"Read more about STARx (Self-management, Transition and Adherence to Rx=treatment) Program since 2006\">Read more<\/a><\/p>\n","protected":false},"author":1369,"featured_media":0,"parent":0,"menu_order":33,"comment_status":"closed","ping_status":"closed","template":"","meta":{"_acf_changed":false,"layout":"","cellInformation":"","apiCallInformation":"","footnotes":"","_links_to":"","_links_to_target":""},"class_list":["post-2","page","type-page","status-publish","hentry","odd"],"acf":[],"yoast_head":"<!-- This site is optimized with the Yoast SEO plugin v26.8 - https:\/\/yoast.com\/product\/yoast-seo-wordpress\/ -->\n<title>STARx (Self-management, Transition and Adherence to Rx=treatment) Program since 2006 - UNC STARx Program<\/title>\n<meta name=\"robots\" content=\"index, follow, max-snippet:-1, max-image-preview:large, max-video-preview:-1\" \/>\n<link rel=\"canonical\" href=\"https:\/\/www.med.unc.edu\/transition\/\" \/>\n<meta property=\"og:locale\" content=\"en_US\" \/>\n<meta property=\"og:type\" content=\"article\" \/>\n<meta property=\"og:title\" content=\"STARx (Self-management, Transition and Adherence to Rx=treatment) Program since 2006 - UNC STARx Program\" \/>\n<meta property=\"og:description\" content=\"Message from our founder, Maria E. D\u00edaz-Gonz\u00e1lez de Ferris, MD, MPH, PhD (English y Espa\u00f1ol) Dear families we serve, As part of the terrific Diagnostic and Complex Care Clinic team, and since 2006, our mission is to serve children, adolescents and young adults with chronic conditions and their families. Our interdisciplinary team at the Self-management &hellip; Read more\" \/>\n<meta property=\"og:url\" content=\"https:\/\/www.med.unc.edu\/transition\/\" \/>\n<meta property=\"og:site_name\" content=\"UNC STARx Program\" \/>\n<meta property=\"article:modified_time\" content=\"2022-12-05T12:55:33+00:00\" \/>\n<meta name=\"twitter:card\" content=\"summary_large_image\" \/>\n<meta name=\"twitter:label1\" content=\"Est. reading time\" \/>\n\t<meta name=\"twitter:data1\" content=\"5 minutes\" \/>\n<script type=\"application\/ld+json\" class=\"yoast-schema-graph\">{\"@context\":\"https:\/\/schema.org\",\"@graph\":[{\"@type\":\"WebPage\",\"@id\":\"https:\/\/www.med.unc.edu\/transition\/\",\"url\":\"https:\/\/www.med.unc.edu\/transition\/\",\"name\":\"STARx (Self-management, Transition and Adherence to Rx=treatment) Program since 2006 - UNC STARx Program\",\"isPartOf\":{\"@id\":\"https:\/\/www.med.unc.edu\/transition\/#website\"},\"datePublished\":\"2013-01-07T23:55:00+00:00\",\"dateModified\":\"2022-12-05T12:55:33+00:00\",\"breadcrumb\":{\"@id\":\"https:\/\/www.med.unc.edu\/transition\/#breadcrumb\"},\"inLanguage\":\"en-US\",\"potentialAction\":[{\"@type\":\"ReadAction\",\"target\":[\"https:\/\/www.med.unc.edu\/transition\/\"]}]},{\"@type\":\"BreadcrumbList\",\"@id\":\"https:\/\/www.med.unc.edu\/transition\/#breadcrumb\",\"itemListElement\":[{\"@type\":\"ListItem\",\"position\":1,\"name\":\"Home\",\"item\":\"https:\/\/www.med.unc.edu\/transition\/\"},{\"@type\":\"ListItem\",\"position\":2,\"name\":\"STARx (Self-management, Transition and Adherence to Rx=treatment) Program since 2006\"}]},{\"@type\":\"WebSite\",\"@id\":\"https:\/\/www.med.unc.edu\/transition\/#website\",\"url\":\"https:\/\/www.med.unc.edu\/transition\/\",\"name\":\"UNC STARx Program\",\"description\":\" \",\"potentialAction\":[{\"@type\":\"SearchAction\",\"target\":{\"@type\":\"EntryPoint\",\"urlTemplate\":\"https:\/\/www.med.unc.edu\/transition\/?s={search_term_string}\"},\"query-input\":{\"@type\":\"PropertyValueSpecification\",\"valueRequired\":true,\"valueName\":\"search_term_string\"}}],\"inLanguage\":\"en-US\"}]}<\/script>\n<!-- \/ Yoast SEO plugin. -->","yoast_head_json":{"title":"STARx (Self-management, Transition and Adherence to Rx=treatment) Program since 2006 - UNC STARx Program","robots":{"index":"index","follow":"follow","max-snippet":"max-snippet:-1","max-image-preview":"max-image-preview:large","max-video-preview":"max-video-preview:-1"},"canonical":"https:\/\/www.med.unc.edu\/transition\/","og_locale":"en_US","og_type":"article","og_title":"STARx (Self-management, Transition and Adherence to Rx=treatment) Program since 2006 - UNC STARx Program","og_description":"Message from our founder, Maria E. D\u00edaz-Gonz\u00e1lez de Ferris, MD, MPH, PhD (English y Espa\u00f1ol) Dear families we serve, As part of the terrific Diagnostic and Complex Care Clinic team, and since 2006, our mission is to serve children, adolescents and young adults with chronic conditions and their families. Our interdisciplinary team at the Self-management &hellip; Read more","og_url":"https:\/\/www.med.unc.edu\/transition\/","og_site_name":"UNC STARx Program","article_modified_time":"2022-12-05T12:55:33+00:00","twitter_card":"summary_large_image","twitter_misc":{"Est. reading time":"5 minutes"},"schema":{"@context":"https:\/\/schema.org","@graph":[{"@type":"WebPage","@id":"https:\/\/www.med.unc.edu\/transition\/","url":"https:\/\/www.med.unc.edu\/transition\/","name":"STARx (Self-management, Transition and Adherence to Rx=treatment) Program since 2006 - UNC STARx Program","isPartOf":{"@id":"https:\/\/www.med.unc.edu\/transition\/#website"},"datePublished":"2013-01-07T23:55:00+00:00","dateModified":"2022-12-05T12:55:33+00:00","breadcrumb":{"@id":"https:\/\/www.med.unc.edu\/transition\/#breadcrumb"},"inLanguage":"en-US","potentialAction":[{"@type":"ReadAction","target":["https:\/\/www.med.unc.edu\/transition\/"]}]},{"@type":"BreadcrumbList","@id":"https:\/\/www.med.unc.edu\/transition\/#breadcrumb","itemListElement":[{"@type":"ListItem","position":1,"name":"Home","item":"https:\/\/www.med.unc.edu\/transition\/"},{"@type":"ListItem","position":2,"name":"STARx (Self-management, Transition and Adherence to Rx=treatment) Program since 2006"}]},{"@type":"WebSite","@id":"https:\/\/www.med.unc.edu\/transition\/#website","url":"https:\/\/www.med.unc.edu\/transition\/","name":"UNC STARx Program","description":" ","potentialAction":[{"@type":"SearchAction","target":{"@type":"EntryPoint","urlTemplate":"https:\/\/www.med.unc.edu\/transition\/?s={search_term_string}"},"query-input":{"@type":"PropertyValueSpecification","valueRequired":true,"valueName":"search_term_string"}}],"inLanguage":"en-US"}]}},"_links_to":[],"_links_to_target":[],"_links":{"self":[{"href":"https:\/\/www.med.unc.edu\/transition\/wp-json\/wp\/v2\/pages\/2","targetHints":{"allow":["GET"]}}],"collection":[{"href":"https:\/\/www.med.unc.edu\/transition\/wp-json\/wp\/v2\/pages"}],"about":[{"href":"https:\/\/www.med.unc.edu\/transition\/wp-json\/wp\/v2\/types\/page"}],"author":[{"embeddable":true,"href":"https:\/\/www.med.unc.edu\/transition\/wp-json\/wp\/v2\/users\/1369"}],"replies":[{"embeddable":true,"href":"https:\/\/www.med.unc.edu\/transition\/wp-json\/wp\/v2\/comments?post=2"}],"version-history":[{"count":0,"href":"https:\/\/www.med.unc.edu\/transition\/wp-json\/wp\/v2\/pages\/2\/revisions"}],"wp:attachment":[{"href":"https:\/\/www.med.unc.edu\/transition\/wp-json\/wp\/v2\/media?parent=2"}],"curies":[{"name":"wp","href":"https:\/\/api.w.org\/{rel}","templated":true}]}}